{"id":11473,"date":"2024-07-26T20:49:17","date_gmt":"2024-07-26T20:49:17","guid":{"rendered":"https:\/\/www.roplast.hr\/angebot\/"},"modified":"2025-01-16T10:30:54","modified_gmt":"2025-01-16T10:30:54","slug":"angebot","status":"publish","type":"page","link":"https:\/\/www.roplast.hr\/de\/angebot\/","title":{"rendered":"Angebot"},"content":{"rendered":"\t\t<div data-elementor-type=\"wp-page\" data-elementor-id=\"11473\" class=\"elementor elementor-11473 elementor-2451\">\n\t\t\t\t<div class=\"elementor-element elementor-element-db0e158 e-flex e-con-boxed e-con e-parent\" data-id=\"db0e158\" data-element_type=\"container\">\n\t\t\t\t\t<div class=\"e-con-inner\">\n\t\t<div class=\"elementor-element elementor-element-bb843dc e-con-full e-flex e-con e-child\" data-id=\"bb843dc\" data-element_type=\"container\">\n\t\t\t\t<div class=\"elementor-element elementor-element-890e8d1 banner_content_hover2 elementor-widget elementor-widget-lastudio-banner\" data-id=\"890e8d1\" data-element_type=\"widget\" data-widget_type=\"lastudio-banner.default\">\n\t\t\t\t<div class=\"elementor-widget-container\">\n\t\t\t\t\t<figure class=\"lastudio-banner la-lazyload-image lastudio-effect-none image-custom-height\" data-background-image=\"https:\/\/www.roplast.hr\/wp-content\/uploads\/2024\/07\/ROPLAST-alu-stolarija-scaled.jpg\"><div class=\"lastudio-banner__overlay\"><\/div><img loading=\"lazy\" decoding=\"async\" src=\"data:image\/gif;base64,R0lGODlhAQABAIAAAP\/\/\/wAAACH5BAEAAAAALAAAAAABAAEAAAICRAEAOw==\" data-src=\"https:\/\/www.roplast.hr\/wp-content\/uploads\/2024\/07\/ROPLAST-alu-stolarija-scaled.jpg\" alt=\"\" loading=\"lazy\" class=\"la-lazyload-image lastudio-banner__img\" width=\"2560\" height=\"1707\" srcset=\"data:image\/gif;base64,R0lGODlhAQABAIAAAP\/\/\/wAAACH5BAEAAAAALAAAAAABAAEAAAICRAEAOw==\"><figcaption class=\"lastudio-banner__content\"><div class=\"lastudio-banner__content-wrap\"><h5 class=\"lastudio-banner__title\">ALUMINIUMSCHREINEREI<\/h5><div class=\"lastudio-banner__text\">Entdecken Sie das erstklassige Angebot an Aluminium-Tischlerei renommierter weltweiter Marken.<\/div><\/div><a href=\"https:\/\/www.roplast.hr\/de\/angebot\/aluminiumschreinerei\/\" class=\"lastudio-banner__link\"><span class=\"hidden\">ALUMINIUMSCHREINEREI<\/span><\/a><\/figcaption><\/figure>\t\t\t\t<\/div>\n\t\t\t\t<\/div>\n\t\t\t\t<\/div>\n\t\t<div class=\"elementor-element elementor-element-2dfb6c9 e-con-full e-flex e-con e-child\" data-id=\"2dfb6c9\" data-element_type=\"container\">\n\t\t\t\t<div class=\"elementor-element elementor-element-e0e611f banner_content_hover2 elementor-widget elementor-widget-lastudio-banner\" data-id=\"e0e611f\" data-element_type=\"widget\" data-widget_type=\"lastudio-banner.default\">\n\t\t\t\t<div class=\"elementor-widget-container\">\n\t\t\t\t\t<figure class=\"lastudio-banner la-lazyload-image lastudio-effect-none image-custom-height\" data-background-image=\"https:\/\/www.roplast.hr\/wp-content\/uploads\/2024\/07\/ROPLAST-pvc-stolarija-scaled.jpg\"><div class=\"lastudio-banner__overlay\"><\/div><img loading=\"lazy\" decoding=\"async\" src=\"data:image\/gif;base64,R0lGODlhAQABAIAAAP\/\/\/wAAACH5BAEAAAAALAAAAAABAAEAAAICRAEAOw==\" data-src=\"https:\/\/www.roplast.hr\/wp-content\/uploads\/2024\/07\/ROPLAST-pvc-stolarija-scaled.jpg\" alt=\"\" loading=\"lazy\" class=\"la-lazyload-image lastudio-banner__img\" width=\"2560\" height=\"1805\" srcset=\"data:image\/gif;base64,R0lGODlhAQABAIAAAP\/\/\/wAAACH5BAEAAAAALAAAAAABAAEAAAICRAEAOw==\"><figcaption class=\"lastudio-banner__content\"><div class=\"lastudio-banner__content-wrap\"><h5 class=\"lastudio-banner__title\">PVC FENSTER UND T\u00dcRSYSTEME<\/h5><div class=\"lastudio-banner__text\">Entdecken Sie das erstklassige Angebot an PVC-Tischlerei renommierter weltweiter Marken.<\/div><\/div><a href=\"https:\/\/www.roplast.hr\/de\/angebot\/pvc-fenster-und-tuersysteme\/\" class=\"lastudio-banner__link\"><span class=\"hidden\">PVC FENSTER UND T\u00dcRSYSTEME<\/span><\/a><\/figcaption><\/figure>\t\t\t\t<\/div>\n\t\t\t\t<\/div>\n\t\t\t\t<\/div>\n\t\t\t\t\t<\/div>\n\t\t\t\t<\/div>\n\t\t<div class=\"elementor-element elementor-element-749ae72 e-flex e-con-boxed e-con e-parent\" data-id=\"749ae72\" data-element_type=\"container\">\n\t\t\t\t\t<div class=\"e-con-inner\">\n\t\t<div class=\"elementor-element elementor-element-42f134c e-con-full e-flex e-con e-child\" data-id=\"42f134c\" data-element_type=\"container\">\n\t\t\t\t<div class=\"elementor-element elementor-element-359feaa banner_content_hover2 elementor-widget elementor-widget-lastudio-banner\" data-id=\"359feaa\" data-element_type=\"widget\" data-widget_type=\"lastudio-banner.default\">\n\t\t\t\t<div class=\"elementor-widget-container\">\n\t\t\t\t\t<figure class=\"lastudio-banner la-lazyload-image lastudio-effect-none image-custom-height\" data-background-image=\"https:\/\/www.roplast.hr\/wp-content\/uploads\/2024\/07\/ROPLAST-fasadni-sistemi-scaled.jpg\"><div class=\"lastudio-banner__overlay\"><\/div><img loading=\"lazy\" decoding=\"async\" src=\"data:image\/gif;base64,R0lGODlhAQABAIAAAP\/\/\/wAAACH5BAEAAAAALAAAAAABAAEAAAICRAEAOw==\" data-src=\"https:\/\/www.roplast.hr\/wp-content\/uploads\/2024\/07\/ROPLAST-fasadni-sistemi-scaled.jpg\" alt=\"\" loading=\"lazy\" class=\"la-lazyload-image lastudio-banner__img\" width=\"2560\" height=\"1707\" srcset=\"data:image\/gif;base64,R0lGODlhAQABAIAAAP\/\/\/wAAACH5BAEAAAAALAAAAAABAAEAAAICRAEAOw==\"><figcaption class=\"lastudio-banner__content\"><div class=\"lastudio-banner__content-wrap\"><h5 class=\"lastudio-banner__title\">FASADENSYSTEME<\/h5><div class=\"lastudio-banner__text\">Entdecken Sie das erstklassige Angebot an ROPLAST Fassadensystemen.<\/div><\/div><a href=\"https:\/\/www.roplast.hr\/de\/angebot\/fassadensysteme\/\" class=\"lastudio-banner__link\"><span class=\"hidden\">FASADENSYSTEME<\/span><\/a><\/figcaption><\/figure>\t\t\t\t<\/div>\n\t\t\t\t<\/div>\n\t\t\t\t<div class=\"elementor-element elementor-element-270812e banner_content_hover2 elementor-widget elementor-widget-lastudio-banner\" data-id=\"270812e\" data-element_type=\"widget\" data-widget_type=\"lastudio-banner.default\">\n\t\t\t\t<div class=\"elementor-widget-container\">\n\t\t\t\t\t<figure class=\"lastudio-banner la-lazyload-image lastudio-effect-none image-custom-height\" data-background-image=\"https:\/\/www.roplast.hr\/wp-content\/uploads\/2024\/07\/ROPLAST-sistemi-zatamnjivanja-scaled.jpg\"><div class=\"lastudio-banner__overlay\"><\/div><img loading=\"lazy\" decoding=\"async\" src=\"data:image\/gif;base64,R0lGODlhAQABAIAAAP\/\/\/wAAACH5BAEAAAAALAAAAAABAAEAAAICRAEAOw==\" data-src=\"https:\/\/www.roplast.hr\/wp-content\/uploads\/2024\/07\/ROPLAST-sistemi-zatamnjivanja-scaled.jpg\" alt=\"\" loading=\"lazy\" class=\"la-lazyload-image lastudio-banner__img\" width=\"1600\" height=\"696\" srcset=\"data:image\/gif;base64,R0lGODlhAQABAIAAAP\/\/\/wAAACH5BAEAAAAALAAAAAABAAEAAAICRAEAOw==\"><figcaption class=\"lastudio-banner__content\"><div class=\"lastudio-banner__content-wrap\"><h5 class=\"lastudio-banner__title\">DIMMSYSTEME<\/h5><div class=\"lastudio-banner__text\">Entdecken Sie das erstklassige Angebot an ROPLAST-Systemen f\u00fcr Beschattung.<\/div><\/div><a href=\"https:\/\/www.roplast.hr\/de\/angebot\/dimmsysteme\/\" class=\"lastudio-banner__link\"><span class=\"hidden\">DIMMSYSTEME<\/span><\/a><\/figcaption><\/figure>\t\t\t\t<\/div>\n\t\t\t\t<\/div>\n\t\t\t\t<\/div>\n\t\t<div class=\"elementor-element elementor-element-2d1f3a8 e-con-full e-flex e-con e-child\" data-id=\"2d1f3a8\" data-element_type=\"container\">\n\t\t\t\t<div class=\"elementor-element elementor-element-89008da banner_content_hover2 elementor-widget elementor-widget-lastudio-banner\" data-id=\"89008da\" data-element_type=\"widget\" data-widget_type=\"lastudio-banner.default\">\n\t\t\t\t<div class=\"elementor-widget-container\">\n\t\t\t\t\t<figure class=\"lastudio-banner la-lazyload-image lastudio-effect-none image-custom-height\" data-background-image=\"https:\/\/www.roplast.hr\/wp-content\/uploads\/2024\/07\/ROPLAST-bioklimatske-pergole-scaled.jpg\"><div class=\"lastudio-banner__overlay\"><\/div><img loading=\"lazy\" decoding=\"async\" src=\"data:image\/gif;base64,R0lGODlhAQABAIAAAP\/\/\/wAAACH5BAEAAAAALAAAAAABAAEAAAICRAEAOw==\" data-src=\"https:\/\/www.roplast.hr\/wp-content\/uploads\/2024\/07\/ROPLAST-bioklimatske-pergole-scaled.jpg\" alt=\"\" loading=\"lazy\" class=\"la-lazyload-image lastudio-banner__img\" width=\"2560\" height=\"1280\" srcset=\"data:image\/gif;base64,R0lGODlhAQABAIAAAP\/\/\/wAAACH5BAEAAAAALAAAAAABAAEAAAICRAEAOw==\"><figcaption class=\"lastudio-banner__content\"><div class=\"lastudio-banner__content-wrap\"><h5 class=\"lastudio-banner__title\">BIOKLIMATISCHE PERGOLEN<\/h5><div class=\"lastudio-banner__text\">Entdecken Sie das erstklassige Angebot an ROPLAST bioklimatischen Pergolen.<\/div><\/div><a href=\"https:\/\/www.roplast.hr\/ponuda\/bioklimatske-pergole\/\" class=\"lastudio-banner__link\"><span class=\"hidden\">BIOKLIMATISCHE PERGOLEN<\/span><\/a><\/figcaption><\/figure>\t\t\t\t<\/div>\n\t\t\t\t<\/div>\n\t\t\t\t<\/div>\n\t\t\t\t\t<\/div>\n\t\t\t\t<\/div>\n\t\t<div class=\"elementor-element elementor-element-3e22b64 e-flex e-con-boxed e-con e-parent\" data-id=\"3e22b64\" data-element_type=\"container\">\n\t\t\t\t\t<div class=\"e-con-inner\">\n\t\t<div class=\"elementor-element elementor-element-26e6f13 e-con-full e-flex e-con e-child\" data-id=\"26e6f13\" data-element_type=\"container\">\n\t\t\t\t<div class=\"elementor-element elementor-element-92b8746 banner_content_hover2 elementor-widget elementor-widget-lastudio-banner\" data-id=\"92b8746\" data-element_type=\"widget\" data-widget_type=\"lastudio-banner.default\">\n\t\t\t\t<div class=\"elementor-widget-container\">\n\t\t\t\t\t<figure class=\"lastudio-banner la-lazyload-image lastudio-effect-none image-custom-height\" data-background-image=\"https:\/\/www.roplast.hr\/wp-content\/uploads\/2024\/07\/ROPLAST-komarnici-scaled.jpg\"><div class=\"lastudio-banner__overlay\"><\/div><img loading=\"lazy\" decoding=\"async\" src=\"data:image\/gif;base64,R0lGODlhAQABAIAAAP\/\/\/wAAACH5BAEAAAAALAAAAAABAAEAAAICRAEAOw==\" data-src=\"https:\/\/www.roplast.hr\/wp-content\/uploads\/2024\/07\/ROPLAST-komarnici-scaled.jpg\" alt=\"\" loading=\"lazy\" class=\"la-lazyload-image lastudio-banner__img\" width=\"2560\" height=\"1707\" srcset=\"data:image\/gif;base64,R0lGODlhAQABAIAAAP\/\/\/wAAACH5BAEAAAAALAAAAAABAAEAAAICRAEAOw==\"><figcaption class=\"lastudio-banner__content\"><div class=\"lastudio-banner__content-wrap\"><h5 class=\"lastudio-banner__title\">MOSKITONETZE<\/h5><div class=\"lastudio-banner__text\">Entdecken Sie das erstklassige Angebot an ROPLAST Insektenschutzgittern.<\/div><\/div><a href=\"https:\/\/www.roplast.hr\/de\/angebot\/moskitonetze\/\" class=\"lastudio-banner__link\"><span class=\"hidden\">MOSKITONETZE<\/span><\/a><\/figcaption><\/figure>\t\t\t\t<\/div>\n\t\t\t\t<\/div>\n\t\t\t\t<div class=\"elementor-element elementor-element-f436ee1 banner_content_hover2 elementor-widget elementor-widget-lastudio-banner\" data-id=\"f436ee1\" data-element_type=\"widget\" data-widget_type=\"lastudio-banner.default\">\n\t\t\t\t<div class=\"elementor-widget-container\">\n\t\t\t\t\t<figure class=\"lastudio-banner la-lazyload-image lastudio-effect-none image-custom-height\" data-background-image=\"https:\/\/www.roplast.hr\/wp-content\/uploads\/2024\/07\/ROPLAST-staklene-ograde-scaled.jpg\"><div class=\"lastudio-banner__overlay\"><\/div><img loading=\"lazy\" decoding=\"async\" src=\"data:image\/gif;base64,R0lGODlhAQABAIAAAP\/\/\/wAAACH5BAEAAAAALAAAAAABAAEAAAICRAEAOw==\" data-src=\"https:\/\/www.roplast.hr\/wp-content\/uploads\/2024\/07\/ROPLAST-staklene-ograde-scaled.jpg\" alt=\"\" loading=\"lazy\" class=\"la-lazyload-image lastudio-banner__img\" width=\"2560\" height=\"1707\" srcset=\"data:image\/gif;base64,R0lGODlhAQABAIAAAP\/\/\/wAAACH5BAEAAAAALAAAAAABAAEAAAICRAEAOw==\"><figcaption class=\"lastudio-banner__content\"><div class=\"lastudio-banner__content-wrap\"><h5 class=\"lastudio-banner__title\">GLASL\u00c4NDER UND TRENNW\u00c4NDE<\/h5><div class=\"lastudio-banner__text\">Entdecken Sie das erstklassige Angebot an ROPLAST Au\u00dfen- und Innen-Glasgel\u00e4ndern und -Trennw\u00e4nden.<\/div><\/div><a href=\"https:\/\/www.roplast.hr\/de\/angebot\/glasgelaender-und-trennwaende\/\" class=\"lastudio-banner__link\"><span class=\"hidden\">GLASL\u00c4NDER UND TRENNW\u00c4NDE<\/span><\/a><\/figcaption><\/figure>\t\t\t\t<\/div>\n\t\t\t\t<\/div>\n\t\t\t\t<\/div>\n\t\t<div class=\"elementor-element elementor-element-48a70dd e-con-full e-flex e-con e-child\" data-id=\"48a70dd\" data-element_type=\"container\">\n\t\t\t\t<div class=\"elementor-element elementor-element-25d5085 banner_content_hover2 elementor-widget elementor-widget-lastudio-banner\" data-id=\"25d5085\" data-element_type=\"widget\" data-widget_type=\"lastudio-banner.default\">\n\t\t\t\t<div class=\"elementor-widget-container\">\n\t\t\t\t\t<figure class=\"lastudio-banner la-lazyload-image lastudio-effect-none image-custom-height\" data-background-image=\"https:\/\/www.roplast.hr\/wp-content\/uploads\/2024\/07\/ROPLAST-art-facade-scaled.jpg\"><div class=\"lastudio-banner__overlay\"><\/div><img loading=\"lazy\" decoding=\"async\" src=\"data:image\/gif;base64,R0lGODlhAQABAIAAAP\/\/\/wAAACH5BAEAAAAALAAAAAABAAEAAAICRAEAOw==\" data-src=\"https:\/\/www.roplast.hr\/wp-content\/uploads\/2024\/07\/ROPLAST-art-facade-scaled.jpg\" alt=\"\" loading=\"lazy\" class=\"la-lazyload-image lastudio-banner__img\" width=\"2560\" height=\"1918\" srcset=\"data:image\/gif;base64,R0lGODlhAQABAIAAAP\/\/\/wAAACH5BAEAAAAALAAAAAABAAEAAAICRAEAOw==\"><figcaption class=\"lastudio-banner__content\"><div class=\"lastudio-banner__content-wrap\"><h5 class=\"lastudio-banner__title\">SKIN FASSADE<\/h5><div class=\"lastudio-banner__text\">Durchst\u00f6bern und entdecken Sie das umfangreiche Angebot unserer erstklassigen SKIN-Fassaden.<\/div><\/div><a href=\"https:\/\/www.roplast.hr\/de\/angebot\/skin-fassade\/\" class=\"lastudio-banner__link\"><span class=\"hidden\">SKIN FASSADE<\/span><\/a><\/figcaption><\/figure>\t\t\t\t<\/div>\n\t\t\t\t<\/div>\n\t\t\t\t<\/div>\n\t\t\t\t\t<\/div>\n\t\t\t\t<\/div>\n\t\t<div class=\"elementor-element elementor-element-d424ec7 e-flex e-con-boxed e-con e-parent\" data-id=\"d424ec7\" data-element_type=\"container\">\n\t\t\t\t\t<div class=\"e-con-inner\">\n\t\t<div class=\"elementor-element elementor-element-664c027 e-con-full e-flex e-con e-child\" data-id=\"664c027\" data-element_type=\"container\">\n\t\t\t\t<div class=\"elementor-element elementor-element-1a6dc24 banner_content_hover2 elementor-widget elementor-widget-lastudio-banner\" data-id=\"1a6dc24\" data-element_type=\"widget\" data-widget_type=\"lastudio-banner.default\">\n\t\t\t\t<div class=\"elementor-widget-container\">\n\t\t\t\t\t<figure class=\"lastudio-banner la-lazyload-image lastudio-effect-none image-custom-height\" data-background-image=\"https:\/\/www.roplast.hr\/wp-content\/uploads\/2024\/09\/living-room-with-couch-tv-with-tree-corner.jpg\"><div class=\"lastudio-banner__overlay\"><\/div><img loading=\"lazy\" decoding=\"async\" src=\"data:image\/gif;base64,R0lGODlhAQABAIAAAP\/\/\/wAAACH5BAEAAAAALAAAAAABAAEAAAICRAEAOw==\" data-src=\"https:\/\/www.roplast.hr\/wp-content\/uploads\/2024\/09\/living-room-with-couch-tv-with-tree-corner.jpg\" alt=\"\" loading=\"lazy\" class=\"la-lazyload-image lastudio-banner__img\" width=\"1500\" height=\"1050\" srcset=\"data:image\/gif;base64,R0lGODlhAQABAIAAAP\/\/\/wAAACH5BAEAAAAALAAAAAABAAEAAAICRAEAOw==\"><figcaption class=\"lastudio-banner__content\"><div class=\"lastudio-banner__content-wrap\"><h5 class=\"lastudio-banner__title\">ZIMMERT\u00dcR<\/h5><div class=\"lastudio-banner__text\">Entdecken Sie das erstklassige Angebot an Innent\u00fcren mit passenden T\u00fcrgriffen.<\/div><\/div><a href=\"https:\/\/www.roplast.hr\/de\/angebot\/zimmertuer\/\" class=\"lastudio-banner__link\"><span class=\"hidden\">ZIMMERT\u00dcR<\/span><\/a><\/figcaption><\/figure>\t\t\t\t<\/div>\n\t\t\t\t<\/div>\n\t\t\t\t<div class=\"elementor-element elementor-element-b79af27 banner_content_hover2 elementor-widget elementor-widget-lastudio-banner\" data-id=\"b79af27\" data-element_type=\"widget\" data-widget_type=\"lastudio-banner.default\">\n\t\t\t\t<div class=\"elementor-widget-container\">\n\t\t\t\t\t<figure class=\"lastudio-banner la-lazyload-image lastudio-effect-none image-custom-height\" data-background-image=\"https:\/\/www.roplast.hr\/wp-content\/uploads\/2024\/07\/ROPLAST-kvake-i-rukohvati-kao-dodatna-oprema-scaled.jpg\"><div class=\"lastudio-banner__overlay\"><\/div><img loading=\"lazy\" decoding=\"async\" src=\"data:image\/gif;base64,R0lGODlhAQABAIAAAP\/\/\/wAAACH5BAEAAAAALAAAAAABAAEAAAICRAEAOw==\" data-src=\"https:\/\/www.roplast.hr\/wp-content\/uploads\/2024\/07\/ROPLAST-kvake-i-rukohvati-kao-dodatna-oprema-scaled.jpg\" alt=\"\" loading=\"lazy\" class=\"la-lazyload-image lastudio-banner__img\" width=\"2560\" height=\"1707\" srcset=\"data:image\/gif;base64,R0lGODlhAQABAIAAAP\/\/\/wAAACH5BAEAAAAALAAAAAABAAEAAAICRAEAOw==\"><figcaption class=\"lastudio-banner__content\"><div class=\"lastudio-banner__content-wrap\"><h5 class=\"lastudio-banner__title\">T\u00dcRGRIFFE UND HANDL\u00c4UFE ALS ZUBEH\u00d6R<\/h5><div class=\"lastudio-banner__text\">Entdecken Sie das erstklassige Angebot an ROPLAST T\u00fcrgriffen und Handl\u00e4ufen als zus\u00e4tzliches Zubeh\u00f6r.<\/div><\/div><a href=\"https:\/\/www.roplast.hr\/de\/angebot\/griffe-und-griffe-als-zubehoer\/\" class=\"lastudio-banner__link\"><span class=\"hidden\">T\u00dcRGRIFFE UND HANDL\u00c4UFE ALS ZUBEH\u00d6R<\/span><\/a><\/figcaption><\/figure>\t\t\t\t<\/div>\n\t\t\t\t<\/div>\n\t\t\t\t<\/div>\n\t\t<div class=\"elementor-element elementor-element-61bf8cb e-con-full e-flex e-con e-child\" data-id=\"61bf8cb\" data-element_type=\"container\">\n\t\t\t\t<div class=\"elementor-element elementor-element-3fcc8fe banner_content_hover2 elementor-widget elementor-widget-lastudio-banner\" data-id=\"3fcc8fe\" data-element_type=\"widget\" data-widget_type=\"lastudio-banner.default\">\n\t\t\t\t<div class=\"elementor-widget-container\">\n\t\t\t\t\t<figure class=\"lastudio-banner la-lazyload-image lastudio-effect-none image-custom-height\" data-background-image=\"https:\/\/www.roplast.hr\/wp-content\/uploads\/2024\/07\/ROPLAST-garazna-vrata-scaled.jpg\"><div class=\"lastudio-banner__overlay\"><\/div><img loading=\"lazy\" decoding=\"async\" src=\"data:image\/gif;base64,R0lGODlhAQABAIAAAP\/\/\/wAAACH5BAEAAAAALAAAAAABAAEAAAICRAEAOw==\" data-src=\"https:\/\/www.roplast.hr\/wp-content\/uploads\/2024\/07\/ROPLAST-garazna-vrata-scaled.jpg\" alt=\"\" loading=\"lazy\" class=\"la-lazyload-image lastudio-banner__img\" width=\"2015\" height=\"2560\" srcset=\"data:image\/gif;base64,R0lGODlhAQABAIAAAP\/\/\/wAAACH5BAEAAAAALAAAAAABAAEAAAICRAEAOw==\"><figcaption class=\"lastudio-banner__content\"><div class=\"lastudio-banner__content-wrap\"><h5 class=\"lastudio-banner__title\">GARAGENT\u00dcR<\/h5><div class=\"lastudio-banner__text\">Entdecken Sie das erstklassige Angebot an ROPLAST Garagentoren.<\/div><\/div><a href=\"https:\/\/www.roplast.hr\/de\/angebot\/garagentor\/\" class=\"lastudio-banner__link\"><span class=\"hidden\">GARAGENT\u00dcR<\/span><\/a><\/figcaption><\/figure>\t\t\t\t<\/div>\n\t\t\t\t<\/div>\n\t\t\t\t<\/div>\n\t\t\t\t\t<\/div>\n\t\t\t\t<\/div>\n\t\t\t\t<\/div>\n\t\t","protected":false},"excerpt":{"rendered":"<p>ALUMINIUMSCHREINEREI Entdecken Sie das erstklassige Angebot an Aluminium-Tischlerei renommierter weltweiter Marken.ALUMINIUMSCHREINEREI PVC FENSTER UND T\u00dcRSYSTEME Entdecken Sie das erstklassige Angebot an PVC-Tischlerei renommierter weltweiter Marken.PVC FENSTER UND T\u00dcRSYSTEME FASADENSYSTEME Entdecken Sie das erstklassige Angebot an ROPLAST Fassadensystemen.FASADENSYSTEME [&hellip;]<\/p>\n","protected":false},"author":1,"featured_media":0,"parent":0,"menu_order":0,"comment_status":"closed","ping_status":"closed","template":"","meta":{"footnotes":""},"class_list":["post-11473","page","type-page","status-publish","hentry"],"yoast_head":"<!-- This site is optimized with the Yoast SEO plugin v25.4 - https:\/\/yoast.com\/wordpress\/plugins\/seo\/ -->\n<title>Angebot - Roplast<\/title>\n<meta name=\"robots\" content=\"index, follow, max-snippet:-1, max-image-preview:large, max-video-preview:-1\" \/>\n<link rel=\"canonical\" href=\"https:\/\/www.roplast.hr\/de\/angebot\/\" \/>\n<meta property=\"og:locale\" content=\"de_DE\" \/>\n<meta property=\"og:type\" content=\"article\" \/>\n<meta property=\"og:title\" content=\"Angebot - Roplast\" \/>\n<meta property=\"og:description\" content=\"ALUMINIUMSCHREINEREI Entdecken Sie das erstklassige Angebot an Aluminium-Tischlerei renommierter weltweiter Marken.ALUMINIUMSCHREINEREI PVC FENSTER UND T\u00dcRSYSTEME Entdecken Sie das erstklassige Angebot an PVC-Tischlerei renommierter weltweiter Marken.PVC FENSTER UND T\u00dcRSYSTEME FASADENSYSTEME Entdecken Sie das erstklassige Angebot an ROPLAST Fassadensystemen.FASADENSYSTEME [&hellip;]\" \/>\n<meta property=\"og:url\" content=\"https:\/\/www.roplast.hr\/de\/angebot\/\" \/>\n<meta property=\"og:site_name\" content=\"Roplast\" \/>\n<meta property=\"article:modified_time\" content=\"2025-01-16T10:30:54+00:00\" \/>\n<meta name=\"twitter:card\" content=\"summary_large_image\" \/>\n<meta name=\"twitter:label1\" content=\"Gesch\u00e4tzte Lesezeit\" \/>\n\t<meta name=\"twitter:data1\" content=\"4\u00a0Minuten\" \/>\n<script type=\"application\/ld+json\" class=\"yoast-schema-graph\">{\"@context\":\"https:\/\/schema.org\",\"@graph\":[{\"@type\":\"WebPage\",\"@id\":\"https:\/\/www.roplast.hr\/de\/angebot\/\",\"url\":\"https:\/\/www.roplast.hr\/de\/angebot\/\",\"name\":\"Angebot - Roplast\",\"isPartOf\":{\"@id\":\"https:\/\/www.roplast.hr\/de\/#website\"},\"datePublished\":\"2024-07-26T20:49:17+00:00\",\"dateModified\":\"2025-01-16T10:30:54+00:00\",\"breadcrumb\":{\"@id\":\"https:\/\/www.roplast.hr\/de\/angebot\/#breadcrumb\"},\"inLanguage\":\"de\",\"potentialAction\":[{\"@type\":\"ReadAction\",\"target\":[\"https:\/\/www.roplast.hr\/de\/angebot\/\"]}]},{\"@type\":\"BreadcrumbList\",\"@id\":\"https:\/\/www.roplast.hr\/de\/angebot\/#breadcrumb\",\"itemListElement\":[{\"@type\":\"ListItem\",\"position\":1,\"name\":\"Po\u010detna stranica\",\"item\":\"https:\/\/www.roplast.hr\/de\/\"},{\"@type\":\"ListItem\",\"position\":2,\"name\":\"Angebot\"}]},{\"@type\":\"WebSite\",\"@id\":\"https:\/\/www.roplast.hr\/de\/#website\",\"url\":\"https:\/\/www.roplast.hr\/de\/\",\"name\":\"Roplast\",\"description\":\"Izra\u0111eni za stil, stvoreni za trajnost!\",\"potentialAction\":[{\"@type\":\"SearchAction\",\"target\":{\"@type\":\"EntryPoint\",\"urlTemplate\":\"https:\/\/www.roplast.hr\/de\/?s={search_term_string}\"},\"query-input\":{\"@type\":\"PropertyValueSpecification\",\"valueRequired\":true,\"valueName\":\"search_term_string\"}}],\"inLanguage\":\"de\"}]}<\/script>\n<!-- \/ Yoast SEO plugin. -->","yoast_head_json":{"title":"Angebot - Roplast","robots":{"index":"index","follow":"follow","max-snippet":"max-snippet:-1","max-image-preview":"max-image-preview:large","max-video-preview":"max-video-preview:-1"},"canonical":"https:\/\/www.roplast.hr\/de\/angebot\/","og_locale":"de_DE","og_type":"article","og_title":"Angebot - Roplast","og_description":"ALUMINIUMSCHREINEREI Entdecken Sie das erstklassige Angebot an Aluminium-Tischlerei renommierter weltweiter Marken.ALUMINIUMSCHREINEREI PVC FENSTER UND T\u00dcRSYSTEME Entdecken Sie das erstklassige Angebot an PVC-Tischlerei renommierter weltweiter Marken.PVC FENSTER UND T\u00dcRSYSTEME FASADENSYSTEME Entdecken Sie das erstklassige Angebot an ROPLAST Fassadensystemen.FASADENSYSTEME [&hellip;]","og_url":"https:\/\/www.roplast.hr\/de\/angebot\/","og_site_name":"Roplast","article_modified_time":"2025-01-16T10:30:54+00:00","twitter_card":"summary_large_image","twitter_misc":{"Gesch\u00e4tzte Lesezeit":"4\u00a0Minuten"},"schema":{"@context":"https:\/\/schema.org","@graph":[{"@type":"WebPage","@id":"https:\/\/www.roplast.hr\/de\/angebot\/","url":"https:\/\/www.roplast.hr\/de\/angebot\/","name":"Angebot - Roplast","isPartOf":{"@id":"https:\/\/www.roplast.hr\/de\/#website"},"datePublished":"2024-07-26T20:49:17+00:00","dateModified":"2025-01-16T10:30:54+00:00","breadcrumb":{"@id":"https:\/\/www.roplast.hr\/de\/angebot\/#breadcrumb"},"inLanguage":"de","potentialAction":[{"@type":"ReadAction","target":["https:\/\/www.roplast.hr\/de\/angebot\/"]}]},{"@type":"BreadcrumbList","@id":"https:\/\/www.roplast.hr\/de\/angebot\/#breadcrumb","itemListElement":[{"@type":"ListItem","position":1,"name":"Po\u010detna stranica","item":"https:\/\/www.roplast.hr\/de\/"},{"@type":"ListItem","position":2,"name":"Angebot"}]},{"@type":"WebSite","@id":"https:\/\/www.roplast.hr\/de\/#website","url":"https:\/\/www.roplast.hr\/de\/","name":"Roplast","description":"Izra\u0111eni za stil, stvoreni za trajnost!","potentialAction":[{"@type":"SearchAction","target":{"@type":"EntryPoint","urlTemplate":"https:\/\/www.roplast.hr\/de\/?s={search_term_string}"},"query-input":{"@type":"PropertyValueSpecification","valueRequired":true,"valueName":"search_term_string"}}],"inLanguage":"de"}]}},"_links":{"self":[{"href":"https:\/\/www.roplast.hr\/de\/wp-json\/wp\/v2\/pages\/11473","targetHints":{"allow":["GET"]}}],"collection":[{"href":"https:\/\/www.roplast.hr\/de\/wp-json\/wp\/v2\/pages"}],"about":[{"href":"https:\/\/www.roplast.hr\/de\/wp-json\/wp\/v2\/types\/page"}],"author":[{"embeddable":true,"href":"https:\/\/www.roplast.hr\/de\/wp-json\/wp\/v2\/users\/1"}],"replies":[{"embeddable":true,"href":"https:\/\/www.roplast.hr\/de\/wp-json\/wp\/v2\/comments?post=11473"}],"version-history":[{"count":31,"href":"https:\/\/www.roplast.hr\/de\/wp-json\/wp\/v2\/pages\/11473\/revisions"}],"predecessor-version":[{"id":12366,"href":"https:\/\/www.roplast.hr\/de\/wp-json\/wp\/v2\/pages\/11473\/revisions\/12366"}],"wp:attachment":[{"href":"https:\/\/www.roplast.hr\/de\/wp-json\/wp\/v2\/media?parent=11473"}],"curies":[{"name":"wp","href":"https:\/\/api.w.org\/{rel}","templated":true}]}}