{"id":11479,"date":"2024-10-15T18:57:06","date_gmt":"2024-10-15T18:57:06","guid":{"rendered":"https:\/\/www.roplast.hr\/alu-fassadenlaeden\/"},"modified":"2024-12-27T06:53:23","modified_gmt":"2024-12-27T06:53:23","slug":"alu-fassadenlaeden","status":"publish","type":"page","link":"https:\/\/www.roplast.hr\/de\/angebot\/dimmsysteme\/fensterlaeden\/alu-fassadenlaeden\/","title":{"rendered":"ALU FASSADENL\u00c4DEN"},"content":{"rendered":"\t\t<div data-elementor-type=\"wp-post\" data-elementor-id=\"11479\" class=\"elementor elementor-11479 elementor-8660\">\n\t\t\t\t<div class=\"elementor-element elementor-element-00a6ef8 e-flex e-con-boxed e-con e-parent\" data-id=\"00a6ef8\" data-element_type=\"container\">\n\t\t\t\t\t<div class=\"e-con-inner\">\n\t\t\t\t<div class=\"elementor-element elementor-element-9c9c54d elementor-widget elementor-widget-text-editor\" data-id=\"9c9c54d\" data-element_type=\"widget\" data-widget_type=\"text-editor.default\">\n\t\t\t\t<div class=\"elementor-widget-container\">\n\t\t\t\t\t\t\t\t\t<p>Fassadenl\u00e4den, als eines der Verdunklungssysteme, bieten zahlreiche Vorteile. Sie sind wetterbest\u00e4ndig, modern im Design, stabil und einfach zu handhaben. Neben der Verdunklung spielen sie eine wichtige \u00e4sthetische Rolle und bieten zus\u00e4tzlichen Einbruchschutz f\u00fcr Ihr Zuhause. Als \u00e4u\u00dferer Bestandteil der Fensterkonstruktion sind sie verschiedenen Witterungseinfl\u00fcssen ausgesetzt. Sie sch\u00fctzen Ihr Zuhause vor Schnee, Sonne, Eis, Wind, K\u00e4lte und Regen. Daher ist die Ausf\u00fchrung der L\u00e4den von entscheidender Bedeutung, um ihre Funktionen vollst\u00e4ndig zu erf\u00fcllen.   <\/p>\n\t\t\t\t\t\t\t\t<\/div>\n\t\t\t\t<\/div>\n\t\t\t\t\t<\/div>\n\t\t\t\t<\/div>\n\t\t<div class=\"elementor-element elementor-element-7b7d02e e-flex e-con-boxed e-con e-parent\" data-id=\"7b7d02e\" data-element_type=\"container\">\n\t\t\t\t\t<div class=\"e-con-inner\">\n\t\t<div class=\"elementor-element elementor-element-224fc19 e-con-full e-flex e-con e-child\" data-id=\"224fc19\" data-element_type=\"container\">\n\t\t\t\t<div class=\"elementor-element elementor-element-8fdcb77 elementor-widget elementor-widget-image\" data-id=\"8fdcb77\" data-element_type=\"widget\" data-widget_type=\"image.default\">\n\t\t\t\t<div class=\"elementor-widget-container\">\n\t\t\t\t\t\t\t\t\t\t\t\t\t\t\t<img fetchpriority=\"high\" decoding=\"async\" width=\"800\" height=\"964\" src=\"https:\/\/www.roplast.hr\/wp-content\/uploads\/2024\/10\/ALU-GRILJE-1.jpg\" class=\"attachment-large size-large wp-image-8664\" alt=\"\" srcset=\"https:\/\/www.roplast.hr\/wp-content\/uploads\/2024\/10\/ALU-GRILJE-1.jpg 800w, https:\/\/www.roplast.hr\/wp-content\/uploads\/2024\/10\/ALU-GRILJE-1-249x300.jpg 249w, https:\/\/www.roplast.hr\/wp-content\/uploads\/2024\/10\/ALU-GRILJE-1-768x925.jpg 768w\" sizes=\"(max-width: 800px) 100vw, 800px\" \/>\t\t\t\t\t\t\t\t\t\t\t\t\t\t\t<\/div>\n\t\t\t\t<\/div>\n\t\t\t\t<div class=\"elementor-element elementor-element-481ef3e elementor-widget elementor-widget-image\" data-id=\"481ef3e\" data-element_type=\"widget\" data-widget_type=\"image.default\">\n\t\t\t\t<div class=\"elementor-widget-container\">\n\t\t\t\t\t\t\t\t\t\t\t\t\t\t\t<img decoding=\"async\" width=\"1024\" height=\"768\" src=\"https:\/\/www.roplast.hr\/wp-content\/uploads\/2024\/10\/ALU-GRILJE-22.jpg\" class=\"attachment-large size-large wp-image-8676\" alt=\"\" srcset=\"https:\/\/www.roplast.hr\/wp-content\/uploads\/2024\/10\/ALU-GRILJE-22.jpg 1024w, https:\/\/www.roplast.hr\/wp-content\/uploads\/2024\/10\/ALU-GRILJE-22-300x225.jpg 300w, https:\/\/www.roplast.hr\/wp-content\/uploads\/2024\/10\/ALU-GRILJE-22-768x576.jpg 768w\" sizes=\"(max-width: 1024px) 100vw, 1024px\" \/>\t\t\t\t\t\t\t\t\t\t\t\t\t\t\t<\/div>\n\t\t\t\t<\/div>\n\t\t\t\t<div class=\"elementor-element elementor-element-d6a27f2 elementor-widget elementor-widget-image\" data-id=\"d6a27f2\" data-element_type=\"widget\" data-widget_type=\"image.default\">\n\t\t\t\t<div class=\"elementor-widget-container\">\n\t\t\t\t\t\t\t\t\t\t\t\t\t\t\t<img decoding=\"async\" width=\"1024\" height=\"576\" src=\"https:\/\/www.roplast.hr\/wp-content\/uploads\/2024\/10\/PREKLOPNE-GRILJE-1024x576.jpg\" class=\"attachment-large size-large wp-image-8684\" alt=\"\" srcset=\"https:\/\/www.roplast.hr\/wp-content\/uploads\/2024\/10\/PREKLOPNE-GRILJE-1024x576.jpg 1024w, https:\/\/www.roplast.hr\/wp-content\/uploads\/2024\/10\/PREKLOPNE-GRILJE-300x169.jpg 300w, https:\/\/www.roplast.hr\/wp-content\/uploads\/2024\/10\/PREKLOPNE-GRILJE-768x432.jpg 768w, https:\/\/www.roplast.hr\/wp-content\/uploads\/2024\/10\/PREKLOPNE-GRILJE-1536x864.jpg 1536w, https:\/\/www.roplast.hr\/wp-content\/uploads\/2024\/10\/PREKLOPNE-GRILJE.jpg 2048w\" sizes=\"(max-width: 1024px) 100vw, 1024px\" \/>\t\t\t\t\t\t\t\t\t\t\t\t\t\t\t<\/div>\n\t\t\t\t<\/div>\n\t\t\t\t<\/div>\n\t\t<div class=\"elementor-element elementor-element-6ad4b86 e-con-full e-flex e-con e-child\" data-id=\"6ad4b86\" data-element_type=\"container\">\n\t\t\t\t<div class=\"elementor-element elementor-element-424b1e0 elementor-widget elementor-widget-heading\" data-id=\"424b1e0\" data-element_type=\"widget\" data-widget_type=\"heading.default\">\n\t\t\t\t<div class=\"elementor-widget-container\">\n\t\t\t\t\t<h2 class=\"elementor-heading-title elementor-size-default\">ALU FASSADENL\u00c4DEN<\/h2>\t\t\t\t<\/div>\n\t\t\t\t<\/div>\n\t\t\t\t<div class=\"elementor-element elementor-element-f51bdaa elementor-widget elementor-widget-text-editor\" data-id=\"f51bdaa\" data-element_type=\"widget\" data-widget_type=\"text-editor.default\">\n\t\t\t\t<div class=\"elementor-widget-container\">\n\t\t\t\t\t\t\t\t\t<p>Unsere ROPLAST Alu-Fassadenl\u00e4den wurden entwickelt, um sowohl \u00e4sthetischen als auch funktionalen Anforderungen gerecht zu werden, wobei sie sich an traditionellen Konstruktionen orientieren, die in bestimmten Regionen \u00fcblich sind. Die L\u00e4den k\u00f6nnen einfl\u00fcgelig, zweifl\u00fcgelig oder mit mehreren Fl\u00fcgeln hergestellt werden und eignen sich sowohl f\u00fcr die Renovierung \u00e4lterer Geb\u00e4ude als auch f\u00fcr Neubauten.<br \/>Die Alu-Fassadenl\u00e4den zeichnen sich durch ein Design mit klaren Linien aus, das perfekt zu verschiedenen architektonischen Stilen passt. <span style=\"color: var( --e-global-color-secondary ); text-align: var(--text-align); background-color: var( --e-global-color-4e190ba );\"><strong>Dieses Modell wird mit einem Fassadenrahmen am Rand der Fassade montiert.<\/strong><\/span> <\/p>\n\t\t\t\t\t\t\t\t<\/div>\n\t\t\t\t<\/div>\n\t\t\t\t<div class=\"elementor-element elementor-element-03970e2 elementor-tabs-view-horizontal elementor-widget elementor-widget-tabs\" data-id=\"03970e2\" data-element_type=\"widget\" data-widget_type=\"tabs.default\">\n\t\t\t\t<div class=\"elementor-widget-container\">\n\t\t\t\t\t\t\t<div class=\"elementor-tabs\">\n\t\t\t<div class=\"elementor-tabs-wrapper\" role=\"tablist\" >\n\t\t\t\t\t\t\t\t\t<div id=\"elementor-tab-title-3761\" class=\"elementor-tab-title elementor-tab-desktop-title\" aria-selected=\"true\" data-tab=\"1\" role=\"tab\" tabindex=\"0\" aria-controls=\"elementor-tab-content-3761\" aria-expanded=\"false\">Beschreibung<\/div>\n\t\t\t\t\t\t\t\t\t<div id=\"elementor-tab-title-3762\" class=\"elementor-tab-title elementor-tab-desktop-title\" aria-selected=\"false\" data-tab=\"2\" role=\"tab\" tabindex=\"-1\" aria-controls=\"elementor-tab-content-3762\" aria-expanded=\"false\">VORTEILE<\/div>\n\t\t\t\t\t\t\t\t\t<div id=\"elementor-tab-title-3763\" class=\"elementor-tab-title elementor-tab-desktop-title\" aria-selected=\"false\" data-tab=\"3\" role=\"tab\" tabindex=\"-1\" aria-controls=\"elementor-tab-content-3763\" aria-expanded=\"false\">Foto<\/div>\n\t\t\t\t\t\t\t<\/div>\n\t\t\t<div class=\"elementor-tabs-content-wrapper\" role=\"tablist\" aria-orientation=\"vertical\">\n\t\t\t\t\t\t\t\t\t<div class=\"elementor-tab-title elementor-tab-mobile-title\" aria-selected=\"true\" data-tab=\"1\" role=\"tab\" tabindex=\"0\" aria-controls=\"elementor-tab-content-3761\" aria-expanded=\"false\">Beschreibung<\/div>\n\t\t\t\t\t<div id=\"elementor-tab-content-3761\" class=\"elementor-tab-content elementor-clearfix\" data-tab=\"1\" role=\"tabpanel\" aria-labelledby=\"elementor-tab-title-3761\" tabindex=\"0\" hidden=\"false\"><p>Wir unterscheiden zwei Arten von L\u00e4den:<\/p>\n<ul>\n<li>Mit beweglichen Lamellen \u2013 erm\u00f6glichen durch \u00d6ffnen und Schlie\u00dfen der Lamellen die Regulierung des Lichteinfalls in den Raum.<\/li>\n<li>Mit festen Lamellen\n<\/li>\n<\/ul>\n<p>In unserem Angebot finden Sie ALU-L\u00e4den in folgenden Ausf\u00fchrungen:<\/p>\n<ul>\n<li>Drehbare L\u00e4den<\/li>\n<li>Klappl\u00e4den<\/li>\n<\/ul>\n<\/div>\n\t\t\t\t\t\t\t\t\t<div class=\"elementor-tab-title elementor-tab-mobile-title\" aria-selected=\"false\" data-tab=\"2\" role=\"tab\" tabindex=\"-1\" aria-controls=\"elementor-tab-content-3762\" aria-expanded=\"false\">VORTEILE<\/div>\n\t\t\t\t\t<div id=\"elementor-tab-content-3762\" class=\"elementor-tab-content elementor-clearfix\" data-tab=\"2\" role=\"tabpanel\" aria-labelledby=\"elementor-tab-title-3762\" tabindex=\"0\" hidden=\"hidden\"><p>Fassadenl\u00e4den, als eines der Verdunklungssysteme, bieten zahlreiche Vorteile:<\/p>\n<ul>\n<li>Sie sind wetterbest\u00e4ndig.<\/li>\n<li>Sie haben ein modernes Design.<\/li>\n<li>Sie sind stabil und benutzerfreundlich.<\/li>\n<li>Neben der Verdunklung erf\u00fcllen sie eine wichtige \u00e4sthetische Funktion und bieten Einbruchschutz f\u00fcr Ihr Zuhause.<\/li>\n<\/ul>\n<\/div>\n\t\t\t\t\t\t\t\t\t<div class=\"elementor-tab-title elementor-tab-mobile-title\" aria-selected=\"false\" data-tab=\"3\" role=\"tab\" tabindex=\"-1\" aria-controls=\"elementor-tab-content-3763\" aria-expanded=\"false\">Foto<\/div>\n\t\t\t\t\t<div id=\"elementor-tab-content-3763\" class=\"elementor-tab-content elementor-clearfix\" data-tab=\"3\" role=\"tabpanel\" aria-labelledby=\"elementor-tab-title-3763\" tabindex=\"0\" hidden=\"hidden\">\n\t\t<style type=\"text\/css\">\n\t\t\t#gallery-1 {\n\t\t\t\tmargin: auto;\n\t\t\t}\n\t\t\t#gallery-1 .gallery-item {\n\t\t\t\tfloat: left;\n\t\t\t\tmargin-top: 10px;\n\t\t\t\ttext-align: center;\n\t\t\t\twidth: 33%;\n\t\t\t}\n\t\t\t#gallery-1 img {\n\t\t\t\tborder: 2px solid #cfcfcf;\n\t\t\t}\n\t\t\t#gallery-1 .gallery-caption {\n\t\t\t\tmargin-left: 0;\n\t\t\t}\n\t\t\t\/* see gallery_shortcode() in wp-includes\/media.php *\/\n\t\t<\/style>\n\t\t<div id='gallery-1' class='gallery galleryid-11479 gallery-columns-3 gallery-size-medium'><dl class='gallery-item'>\n\t\t\t<dt class='gallery-icon portrait'>\n\t\t\t\t<a href='https:\/\/www.roplast.hr\/wp-content\/uploads\/2024\/10\/ALU-GRILJE-1.jpg'><img loading=\"lazy\" decoding=\"async\" width=\"249\" height=\"300\" src=\"https:\/\/www.roplast.hr\/wp-content\/uploads\/2024\/10\/ALU-GRILJE-1-249x300.jpg\" class=\"attachment-medium size-medium\" alt=\"\" srcset=\"https:\/\/www.roplast.hr\/wp-content\/uploads\/2024\/10\/ALU-GRILJE-1-249x300.jpg 249w, https:\/\/www.roplast.hr\/wp-content\/uploads\/2024\/10\/ALU-GRILJE-1-768x925.jpg 768w, https:\/\/www.roplast.hr\/wp-content\/uploads\/2024\/10\/ALU-GRILJE-1.jpg 800w\" sizes=\"(max-width: 249px) 100vw, 249px\" \/><\/a>\n\t\t\t<\/dt><\/dl><dl class='gallery-item'>\n\t\t\t<dt class='gallery-icon landscape'>\n\t\t\t\t<a href='https:\/\/www.roplast.hr\/wp-content\/uploads\/2024\/10\/ALU-GRILJE-18.jpg'><img loading=\"lazy\" decoding=\"async\" width=\"300\" height=\"169\" src=\"https:\/\/www.roplast.hr\/wp-content\/uploads\/2024\/10\/ALU-GRILJE-18-300x169.jpg\" class=\"attachment-medium size-medium\" alt=\"\" srcset=\"https:\/\/www.roplast.hr\/wp-content\/uploads\/2024\/10\/ALU-GRILJE-18-300x169.jpg 300w, https:\/\/www.roplast.hr\/wp-content\/uploads\/2024\/10\/ALU-GRILJE-18-768x432.jpg 768w, https:\/\/www.roplast.hr\/wp-content\/uploads\/2024\/10\/ALU-GRILJE-18.jpg 1024w\" sizes=\"(max-width: 300px) 100vw, 300px\" \/><\/a>\n\t\t\t<\/dt><\/dl><dl class='gallery-item'>\n\t\t\t<dt class='gallery-icon portrait'>\n\t\t\t\t<a href='https:\/\/www.roplast.hr\/wp-content\/uploads\/2024\/10\/ALU-GRILJE-21.jpg'><img loading=\"lazy\" decoding=\"async\" width=\"225\" height=\"300\" src=\"https:\/\/www.roplast.hr\/wp-content\/uploads\/2024\/10\/ALU-GRILJE-21-225x300.jpg\" class=\"attachment-medium size-medium\" alt=\"\" srcset=\"https:\/\/www.roplast.hr\/wp-content\/uploads\/2024\/10\/ALU-GRILJE-21-225x300.jpg 225w, https:\/\/www.roplast.hr\/wp-content\/uploads\/2024\/10\/ALU-GRILJE-21-768x1024.jpg 768w, https:\/\/www.roplast.hr\/wp-content\/uploads\/2024\/10\/ALU-GRILJE-21.jpg 1024w\" sizes=\"(max-width: 225px) 100vw, 225px\" \/><\/a>\n\t\t\t<\/dt><\/dl><br style=\"clear: both\" \/><dl class='gallery-item'>\n\t\t\t<dt class='gallery-icon landscape'>\n\t\t\t\t<a href='https:\/\/www.roplast.hr\/wp-content\/uploads\/2024\/10\/ALU-GRILJE-22.jpg'><img loading=\"lazy\" decoding=\"async\" width=\"300\" height=\"225\" src=\"https:\/\/www.roplast.hr\/wp-content\/uploads\/2024\/10\/ALU-GRILJE-22-300x225.jpg\" class=\"attachment-medium size-medium\" alt=\"\" srcset=\"https:\/\/www.roplast.hr\/wp-content\/uploads\/2024\/10\/ALU-GRILJE-22-300x225.jpg 300w, https:\/\/www.roplast.hr\/wp-content\/uploads\/2024\/10\/ALU-GRILJE-22-768x576.jpg 768w, https:\/\/www.roplast.hr\/wp-content\/uploads\/2024\/10\/ALU-GRILJE-22.jpg 1024w\" sizes=\"(max-width: 300px) 100vw, 300px\" \/><\/a>\n\t\t\t<\/dt><\/dl><dl class='gallery-item'>\n\t\t\t<dt class='gallery-icon landscape'>\n\t\t\t\t<a href='https:\/\/www.roplast.hr\/wp-content\/uploads\/2024\/10\/PREKLOPNE-GRILJE-2.jpg'><img loading=\"lazy\" decoding=\"async\" width=\"300\" height=\"169\" src=\"https:\/\/www.roplast.hr\/wp-content\/uploads\/2024\/10\/PREKLOPNE-GRILJE-2-300x169.jpg\" class=\"attachment-medium size-medium\" alt=\"\" srcset=\"https:\/\/www.roplast.hr\/wp-content\/uploads\/2024\/10\/PREKLOPNE-GRILJE-2-300x169.jpg 300w, https:\/\/www.roplast.hr\/wp-content\/uploads\/2024\/10\/PREKLOPNE-GRILJE-2-1024x576.jpg 1024w, https:\/\/www.roplast.hr\/wp-content\/uploads\/2024\/10\/PREKLOPNE-GRILJE-2-768x432.jpg 768w, https:\/\/www.roplast.hr\/wp-content\/uploads\/2024\/10\/PREKLOPNE-GRILJE-2-1536x864.jpg 1536w, https:\/\/www.roplast.hr\/wp-content\/uploads\/2024\/10\/PREKLOPNE-GRILJE-2.jpg 2048w\" sizes=\"(max-width: 300px) 100vw, 300px\" \/><\/a>\n\t\t\t<\/dt><\/dl><dl class='gallery-item'>\n\t\t\t<dt class='gallery-icon landscape'>\n\t\t\t\t<a href='https:\/\/www.roplast.hr\/wp-content\/uploads\/2024\/10\/PREKLOPNE-GRILJE.jpg'><img loading=\"lazy\" decoding=\"async\" width=\"300\" height=\"169\" src=\"https:\/\/www.roplast.hr\/wp-content\/uploads\/2024\/10\/PREKLOPNE-GRILJE-300x169.jpg\" class=\"attachment-medium size-medium\" alt=\"\" srcset=\"https:\/\/www.roplast.hr\/wp-content\/uploads\/2024\/10\/PREKLOPNE-GRILJE-300x169.jpg 300w, https:\/\/www.roplast.hr\/wp-content\/uploads\/2024\/10\/PREKLOPNE-GRILJE-1024x576.jpg 1024w, https:\/\/www.roplast.hr\/wp-content\/uploads\/2024\/10\/PREKLOPNE-GRILJE-768x432.jpg 768w, https:\/\/www.roplast.hr\/wp-content\/uploads\/2024\/10\/PREKLOPNE-GRILJE-1536x864.jpg 1536w, https:\/\/www.roplast.hr\/wp-content\/uploads\/2024\/10\/PREKLOPNE-GRILJE.jpg 2048w\" sizes=\"(max-width: 300px) 100vw, 300px\" \/><\/a>\n\t\t\t<\/dt><\/dl><br style=\"clear: both\" \/><dl class='gallery-item'>\n\t\t\t<dt class='gallery-icon landscape'>\n\t\t\t\t<a href='https:\/\/www.roplast.hr\/wp-content\/uploads\/2024\/10\/ZAOKRETNE-GRILJE.jpg'><img loading=\"lazy\" decoding=\"async\" width=\"300\" height=\"225\" src=\"https:\/\/www.roplast.hr\/wp-content\/uploads\/2024\/10\/ZAOKRETNE-GRILJE-300x225.jpg\" class=\"attachment-medium size-medium\" alt=\"\" srcset=\"https:\/\/www.roplast.hr\/wp-content\/uploads\/2024\/10\/ZAOKRETNE-GRILJE-300x225.jpg 300w, https:\/\/www.roplast.hr\/wp-content\/uploads\/2024\/10\/ZAOKRETNE-GRILJE-768x576.jpg 768w, https:\/\/www.roplast.hr\/wp-content\/uploads\/2024\/10\/ZAOKRETNE-GRILJE.jpg 1024w\" sizes=\"(max-width: 300px) 100vw, 300px\" \/><\/a>\n\t\t\t<\/dt><\/dl>\n\t\t\t<br style='clear: both' \/>\n\t\t<\/div>\n\n<\/div>\n\t\t\t\t\t\t\t<\/div>\n\t\t<\/div>\n\t\t\t\t\t\t<\/div>\n\t\t\t\t<\/div>\n\t\t\t\t<div class=\"elementor-element elementor-element-6776e61 elementor-widget elementor-widget-heading\" data-id=\"6776e61\" data-element_type=\"widget\" data-widget_type=\"heading.default\">\n\t\t\t\t<div class=\"elementor-widget-container\">\n\t\t\t\t\t<h6 class=\"elementor-heading-title elementor-size-default\">Interessieren Sie sich f\u00fcr weitere Informationen \u00fcber dieses Produkt?<\/h6>\t\t\t\t<\/div>\n\t\t\t\t<\/div>\n\t\t\t\t<div class=\"elementor-element elementor-element-2ea8dba elementor-align-left elementor-widget elementor-widget-button\" data-id=\"2ea8dba\" data-element_type=\"widget\" data-widget_type=\"button.default\">\n\t\t\t\t<div class=\"elementor-widget-container\">\n\t\t\t\t\t\t\t\t\t<div class=\"elementor-button-wrapper\">\n\t\t\t\t\t<a class=\"elementor-button elementor-button-link elementor-size-sm\" href=\"https:\/\/www.roplast.hr\/kontakt\/\">\n\t\t\t\t\t\t<span class=\"elementor-button-content-wrapper\">\n\t\t\t\t\t\t\t\t\t<span class=\"elementor-button-text\">SENDEN SIE EINE ANFRAGE<\/span>\n\t\t\t\t\t<\/span>\n\t\t\t\t\t<\/a>\n\t\t\t\t<\/div>\n\t\t\t\t\t\t\t\t<\/div>\n\t\t\t\t<\/div>\n\t\t\t\t<\/div>\n\t\t\t\t\t<\/div>\n\t\t\t\t<\/div>\n\t\t\t\t<\/div>\n\t\t","protected":false},"excerpt":{"rendered":"<p>Fassadenl\u00e4den, als eines der Verdunklungssysteme, bieten zahlreiche Vorteile. Sie sind wetterbest\u00e4ndig, modern im Design, stabil und einfach zu handhaben. Neben der Verdunklung spielen sie eine wichtige \u00e4sthetische Rolle und bieten zus\u00e4tzlichen Einbruchschutz f\u00fcr Ihr Zuhause. Als \u00e4u\u00dferer [&hellip;]<\/p>\n","protected":false},"author":1,"featured_media":6533,"parent":11491,"menu_order":0,"comment_status":"closed","ping_status":"closed","template":"","meta":{"footnotes":""},"class_list":["post-11479","page","type-page","status-publish","has-post-thumbnail","hentry"],"yoast_head":"<!-- This site is optimized with the Yoast SEO plugin v25.4 - https:\/\/yoast.com\/wordpress\/plugins\/seo\/ -->\n<title>ALU FASSADENL\u00c4DEN - Roplast<\/title>\n<meta name=\"robots\" content=\"index, follow, max-snippet:-1, max-image-preview:large, max-video-preview:-1\" \/>\n<link rel=\"canonical\" href=\"https:\/\/www.roplast.hr\/de\/angebot\/dimmsysteme\/fensterlaeden\/alu-fassadenlaeden\/\" \/>\n<meta property=\"og:locale\" content=\"de_DE\" \/>\n<meta property=\"og:type\" content=\"article\" \/>\n<meta property=\"og:title\" content=\"ALU FASSADENL\u00c4DEN - Roplast\" \/>\n<meta property=\"og:description\" content=\"Fassadenl\u00e4den, als eines der Verdunklungssysteme, bieten zahlreiche Vorteile. Sie sind wetterbest\u00e4ndig, modern im Design, stabil und einfach zu handhaben. Neben der Verdunklung spielen sie eine wichtige \u00e4sthetische Rolle und bieten zus\u00e4tzlichen Einbruchschutz f\u00fcr Ihr Zuhause. Als \u00e4u\u00dferer [&hellip;]\" \/>\n<meta property=\"og:url\" content=\"https:\/\/www.roplast.hr\/de\/angebot\/dimmsysteme\/fensterlaeden\/alu-fassadenlaeden\/\" \/>\n<meta property=\"og:site_name\" content=\"Roplast\" \/>\n<meta property=\"article:modified_time\" content=\"2024-12-27T06:53:23+00:00\" \/>\n<meta property=\"og:image\" content=\"https:\/\/www.roplast.hr\/wp-content\/uploads\/2024\/09\/26_91-1.png\" \/>\n\t<meta property=\"og:image:width\" content=\"766\" \/>\n\t<meta property=\"og:image:height\" content=\"875\" \/>\n\t<meta property=\"og:image:type\" content=\"image\/png\" \/>\n<meta name=\"twitter:card\" content=\"summary_large_image\" \/>\n<meta name=\"twitter:label1\" content=\"Gesch\u00e4tzte Lesezeit\" \/>\n\t<meta name=\"twitter:data1\" content=\"1\u00a0Minute\" \/>\n<script type=\"application\/ld+json\" class=\"yoast-schema-graph\">{\"@context\":\"https:\/\/schema.org\",\"@graph\":[{\"@type\":\"WebPage\",\"@id\":\"https:\/\/www.roplast.hr\/de\/angebot\/dimmsysteme\/fensterlaeden\/alu-fassadenlaeden\/\",\"url\":\"https:\/\/www.roplast.hr\/de\/angebot\/dimmsysteme\/fensterlaeden\/alu-fassadenlaeden\/\",\"name\":\"ALU FASSADENL\u00c4DEN - Roplast\",\"isPartOf\":{\"@id\":\"https:\/\/www.roplast.hr\/de\/#website\"},\"primaryImageOfPage\":{\"@id\":\"https:\/\/www.roplast.hr\/de\/angebot\/dimmsysteme\/fensterlaeden\/alu-fassadenlaeden\/#primaryimage\"},\"image\":{\"@id\":\"https:\/\/www.roplast.hr\/de\/angebot\/dimmsysteme\/fensterlaeden\/alu-fassadenlaeden\/#primaryimage\"},\"thumbnailUrl\":\"https:\/\/www.roplast.hr\/wp-content\/uploads\/2024\/09\/26_91-1.png\",\"datePublished\":\"2024-10-15T18:57:06+00:00\",\"dateModified\":\"2024-12-27T06:53:23+00:00\",\"breadcrumb\":{\"@id\":\"https:\/\/www.roplast.hr\/de\/angebot\/dimmsysteme\/fensterlaeden\/alu-fassadenlaeden\/#breadcrumb\"},\"inLanguage\":\"de\",\"potentialAction\":[{\"@type\":\"ReadAction\",\"target\":[\"https:\/\/www.roplast.hr\/de\/angebot\/dimmsysteme\/fensterlaeden\/alu-fassadenlaeden\/\"]}]},{\"@type\":\"ImageObject\",\"inLanguage\":\"de\",\"@id\":\"https:\/\/www.roplast.hr\/de\/angebot\/dimmsysteme\/fensterlaeden\/alu-fassadenlaeden\/#primaryimage\",\"url\":\"https:\/\/www.roplast.hr\/wp-content\/uploads\/2024\/09\/26_91-1.png\",\"contentUrl\":\"https:\/\/www.roplast.hr\/wp-content\/uploads\/2024\/09\/26_91-1.png\",\"width\":766,\"height\":875},{\"@type\":\"BreadcrumbList\",\"@id\":\"https:\/\/www.roplast.hr\/de\/angebot\/dimmsysteme\/fensterlaeden\/alu-fassadenlaeden\/#breadcrumb\",\"itemListElement\":[{\"@type\":\"ListItem\",\"position\":1,\"name\":\"Po\u010detna stranica\",\"item\":\"https:\/\/www.roplast.hr\/de\/\"},{\"@type\":\"ListItem\",\"position\":2,\"name\":\"Angebot\",\"item\":\"https:\/\/www.roplast.hr\/de\/ponuda\/\"},{\"@type\":\"ListItem\",\"position\":3,\"name\":\"Dimmsysteme\",\"item\":\"https:\/\/www.roplast.hr\/de\/ponuda\/sistemi-zatamnjivanja\/\"},{\"@type\":\"ListItem\",\"position\":4,\"name\":\"Fensterl\u00e4den\",\"item\":\"https:\/\/www.roplast.hr\/de\/ponuda\/sistemi-zatamnjivanja\/grilje\/\"},{\"@type\":\"ListItem\",\"position\":5,\"name\":\"ALU FASSADENL\u00c4DEN\"}]},{\"@type\":\"WebSite\",\"@id\":\"https:\/\/www.roplast.hr\/de\/#website\",\"url\":\"https:\/\/www.roplast.hr\/de\/\",\"name\":\"Roplast\",\"description\":\"Izra\u0111eni za stil, stvoreni za trajnost!\",\"potentialAction\":[{\"@type\":\"SearchAction\",\"target\":{\"@type\":\"EntryPoint\",\"urlTemplate\":\"https:\/\/www.roplast.hr\/de\/?s={search_term_string}\"},\"query-input\":{\"@type\":\"PropertyValueSpecification\",\"valueRequired\":true,\"valueName\":\"search_term_string\"}}],\"inLanguage\":\"de\"}]}<\/script>\n<!-- \/ Yoast SEO plugin. -->","yoast_head_json":{"title":"ALU FASSADENL\u00c4DEN - Roplast","robots":{"index":"index","follow":"follow","max-snippet":"max-snippet:-1","max-image-preview":"max-image-preview:large","max-video-preview":"max-video-preview:-1"},"canonical":"https:\/\/www.roplast.hr\/de\/angebot\/dimmsysteme\/fensterlaeden\/alu-fassadenlaeden\/","og_locale":"de_DE","og_type":"article","og_title":"ALU FASSADENL\u00c4DEN - Roplast","og_description":"Fassadenl\u00e4den, als eines der Verdunklungssysteme, bieten zahlreiche Vorteile. Sie sind wetterbest\u00e4ndig, modern im Design, stabil und einfach zu handhaben. Neben der Verdunklung spielen sie eine wichtige \u00e4sthetische Rolle und bieten zus\u00e4tzlichen Einbruchschutz f\u00fcr Ihr Zuhause. Als \u00e4u\u00dferer [&hellip;]","og_url":"https:\/\/www.roplast.hr\/de\/angebot\/dimmsysteme\/fensterlaeden\/alu-fassadenlaeden\/","og_site_name":"Roplast","article_modified_time":"2024-12-27T06:53:23+00:00","og_image":[{"width":766,"height":875,"url":"https:\/\/www.roplast.hr\/wp-content\/uploads\/2024\/09\/26_91-1.png","type":"image\/png"}],"twitter_card":"summary_large_image","twitter_misc":{"Gesch\u00e4tzte Lesezeit":"1\u00a0Minute"},"schema":{"@context":"https:\/\/schema.org","@graph":[{"@type":"WebPage","@id":"https:\/\/www.roplast.hr\/de\/angebot\/dimmsysteme\/fensterlaeden\/alu-fassadenlaeden\/","url":"https:\/\/www.roplast.hr\/de\/angebot\/dimmsysteme\/fensterlaeden\/alu-fassadenlaeden\/","name":"ALU FASSADENL\u00c4DEN - Roplast","isPartOf":{"@id":"https:\/\/www.roplast.hr\/de\/#website"},"primaryImageOfPage":{"@id":"https:\/\/www.roplast.hr\/de\/angebot\/dimmsysteme\/fensterlaeden\/alu-fassadenlaeden\/#primaryimage"},"image":{"@id":"https:\/\/www.roplast.hr\/de\/angebot\/dimmsysteme\/fensterlaeden\/alu-fassadenlaeden\/#primaryimage"},"thumbnailUrl":"https:\/\/www.roplast.hr\/wp-content\/uploads\/2024\/09\/26_91-1.png","datePublished":"2024-10-15T18:57:06+00:00","dateModified":"2024-12-27T06:53:23+00:00","breadcrumb":{"@id":"https:\/\/www.roplast.hr\/de\/angebot\/dimmsysteme\/fensterlaeden\/alu-fassadenlaeden\/#breadcrumb"},"inLanguage":"de","potentialAction":[{"@type":"ReadAction","target":["https:\/\/www.roplast.hr\/de\/angebot\/dimmsysteme\/fensterlaeden\/alu-fassadenlaeden\/"]}]},{"@type":"ImageObject","inLanguage":"de","@id":"https:\/\/www.roplast.hr\/de\/angebot\/dimmsysteme\/fensterlaeden\/alu-fassadenlaeden\/#primaryimage","url":"https:\/\/www.roplast.hr\/wp-content\/uploads\/2024\/09\/26_91-1.png","contentUrl":"https:\/\/www.roplast.hr\/wp-content\/uploads\/2024\/09\/26_91-1.png","width":766,"height":875},{"@type":"BreadcrumbList","@id":"https:\/\/www.roplast.hr\/de\/angebot\/dimmsysteme\/fensterlaeden\/alu-fassadenlaeden\/#breadcrumb","itemListElement":[{"@type":"ListItem","position":1,"name":"Po\u010detna stranica","item":"https:\/\/www.roplast.hr\/de\/"},{"@type":"ListItem","position":2,"name":"Angebot","item":"https:\/\/www.roplast.hr\/de\/ponuda\/"},{"@type":"ListItem","position":3,"name":"Dimmsysteme","item":"https:\/\/www.roplast.hr\/de\/ponuda\/sistemi-zatamnjivanja\/"},{"@type":"ListItem","position":4,"name":"Fensterl\u00e4den","item":"https:\/\/www.roplast.hr\/de\/ponuda\/sistemi-zatamnjivanja\/grilje\/"},{"@type":"ListItem","position":5,"name":"ALU FASSADENL\u00c4DEN"}]},{"@type":"WebSite","@id":"https:\/\/www.roplast.hr\/de\/#website","url":"https:\/\/www.roplast.hr\/de\/","name":"Roplast","description":"Izra\u0111eni za stil, stvoreni za trajnost!","potentialAction":[{"@type":"SearchAction","target":{"@type":"EntryPoint","urlTemplate":"https:\/\/www.roplast.hr\/de\/?s={search_term_string}"},"query-input":{"@type":"PropertyValueSpecification","valueRequired":true,"valueName":"search_term_string"}}],"inLanguage":"de"}]}},"_links":{"self":[{"href":"https:\/\/www.roplast.hr\/de\/wp-json\/wp\/v2\/pages\/11479","targetHints":{"allow":["GET"]}}],"collection":[{"href":"https:\/\/www.roplast.hr\/de\/wp-json\/wp\/v2\/pages"}],"about":[{"href":"https:\/\/www.roplast.hr\/de\/wp-json\/wp\/v2\/types\/page"}],"author":[{"embeddable":true,"href":"https:\/\/www.roplast.hr\/de\/wp-json\/wp\/v2\/users\/1"}],"replies":[{"embeddable":true,"href":"https:\/\/www.roplast.hr\/de\/wp-json\/wp\/v2\/comments?post=11479"}],"version-history":[{"count":2,"href":"https:\/\/www.roplast.hr\/de\/wp-json\/wp\/v2\/pages\/11479\/revisions"}],"predecessor-version":[{"id":11493,"href":"https:\/\/www.roplast.hr\/de\/wp-json\/wp\/v2\/pages\/11479\/revisions\/11493"}],"up":[{"embeddable":true,"href":"https:\/\/www.roplast.hr\/de\/wp-json\/wp\/v2\/pages\/11491"}],"wp:featuredmedia":[{"embeddable":true,"href":"https:\/\/www.roplast.hr\/de\/wp-json\/wp\/v2\/media\/6533"}],"wp:attachment":[{"href":"https:\/\/www.roplast.hr\/de\/wp-json\/wp\/v2\/media?parent=11479"}],"curies":[{"name":"wp","href":"https:\/\/api.w.org\/{rel}","templated":true}]}}