{"id":11481,"date":"2024-10-28T18:52:43","date_gmt":"2024-10-28T18:52:43","guid":{"rendered":"https:\/\/www.roplast.hr\/alu-laeden-auf-steinbeschlag\/"},"modified":"2024-12-27T06:53:24","modified_gmt":"2024-12-27T06:53:24","slug":"alu-laeden-auf-steinbeschlag","status":"publish","type":"page","link":"https:\/\/www.roplast.hr\/de\/angebot\/dimmsysteme\/fensterlaeden\/alu-laeden-auf-steinbeschlag\/","title":{"rendered":"ALU-L\u00c4DEN AUF STEINBESCHLAG"},"content":{"rendered":"\t\t<div data-elementor-type=\"wp-post\" data-elementor-id=\"11481\" class=\"elementor elementor-11481 elementor-10176\">\n\t\t\t\t<div class=\"elementor-element elementor-element-00a6ef8 e-flex e-con-boxed e-con e-parent\" data-id=\"00a6ef8\" data-element_type=\"container\">\n\t\t\t\t\t<div class=\"e-con-inner\">\n\t\t\t\t<div class=\"elementor-element elementor-element-9c9c54d elementor-widget elementor-widget-text-editor\" data-id=\"9c9c54d\" data-element_type=\"widget\" data-widget_type=\"text-editor.default\">\n\t\t\t\t<div class=\"elementor-widget-container\">\n\t\t\t\t\t\t\t\t\t<p>Fassadenl\u00e4den, als eines der Verdunklungssysteme, bieten zahlreiche Vorteile. Sie sind wetterbest\u00e4ndig, modern im Design, stabil und einfach zu handhaben. Neben der Verdunklung erf\u00fcllen sie eine wichtige \u00e4sthetische Funktion und bieten zus\u00e4tzlichen Einbruchschutz f\u00fcr Ihr Zuhause. L\u00e4den sind der \u00e4u\u00dfere Teil der Fensterkonstruktion und daher verschiedenen Witterungseinfl\u00fcssen ausgesetzt. Sie sch\u00fctzen Ihr Zuhause vor Schnee, Sonne, Eis, Wind, K\u00e4lte und Regen. Daher ist die Ausf\u00fchrung der L\u00e4den von entscheidender Bedeutung, um ihre Funktionen vollst\u00e4ndig zu erf\u00fcllen.<\/p>\n\t\t\t\t\t\t\t\t<\/div>\n\t\t\t\t<\/div>\n\t\t\t\t\t<\/div>\n\t\t\t\t<\/div>\n\t\t<div class=\"elementor-element elementor-element-7b7d02e e-flex e-con-boxed e-con e-parent\" data-id=\"7b7d02e\" data-element_type=\"container\">\n\t\t\t\t\t<div class=\"e-con-inner\">\n\t\t<div class=\"elementor-element elementor-element-224fc19 e-con-full e-flex e-con e-child\" data-id=\"224fc19\" data-element_type=\"container\">\n\t\t\t\t<div class=\"elementor-element elementor-element-8fdcb77 elementor-widget elementor-widget-image\" data-id=\"8fdcb77\" data-element_type=\"widget\" data-widget_type=\"image.default\">\n\t\t\t\t<div class=\"elementor-widget-container\">\n\t\t\t\t\t\t\t\t\t\t\t\t\t\t\t<img fetchpriority=\"high\" decoding=\"async\" width=\"576\" height=\"1024\" src=\"https:\/\/www.roplast.hr\/wp-content\/uploads\/2024\/10\/ALU-GRILJE-17-576x1024.jpg\" class=\"attachment-large size-large wp-image-10188\" alt=\"\" srcset=\"https:\/\/www.roplast.hr\/wp-content\/uploads\/2024\/10\/ALU-GRILJE-17-576x1024.jpg 576w, https:\/\/www.roplast.hr\/wp-content\/uploads\/2024\/10\/ALU-GRILJE-17-169x300.jpg 169w, https:\/\/www.roplast.hr\/wp-content\/uploads\/2024\/10\/ALU-GRILJE-17-768x1365.jpg 768w, https:\/\/www.roplast.hr\/wp-content\/uploads\/2024\/10\/ALU-GRILJE-17-864x1536.jpg 864w, https:\/\/www.roplast.hr\/wp-content\/uploads\/2024\/10\/ALU-GRILJE-17.jpg 1024w\" sizes=\"(max-width: 576px) 100vw, 576px\" \/>\t\t\t\t\t\t\t\t\t\t\t\t\t\t\t<\/div>\n\t\t\t\t<\/div>\n\t\t\t\t<div class=\"elementor-element elementor-element-481ef3e elementor-widget elementor-widget-image\" data-id=\"481ef3e\" data-element_type=\"widget\" data-widget_type=\"image.default\">\n\t\t\t\t<div class=\"elementor-widget-container\">\n\t\t\t\t\t\t\t\t\t\t\t\t\t\t\t<img decoding=\"async\" width=\"1024\" height=\"576\" src=\"https:\/\/www.roplast.hr\/wp-content\/uploads\/2024\/10\/ALU-GRILJE-16.jpg\" class=\"attachment-large size-large wp-image-10192\" alt=\"\" srcset=\"https:\/\/www.roplast.hr\/wp-content\/uploads\/2024\/10\/ALU-GRILJE-16.jpg 1024w, https:\/\/www.roplast.hr\/wp-content\/uploads\/2024\/10\/ALU-GRILJE-16-300x169.jpg 300w, https:\/\/www.roplast.hr\/wp-content\/uploads\/2024\/10\/ALU-GRILJE-16-768x432.jpg 768w\" sizes=\"(max-width: 1024px) 100vw, 1024px\" \/>\t\t\t\t\t\t\t\t\t\t\t\t\t\t\t<\/div>\n\t\t\t\t<\/div>\n\t\t\t\t<\/div>\n\t\t<div class=\"elementor-element elementor-element-6ad4b86 e-con-full e-flex e-con e-child\" data-id=\"6ad4b86\" data-element_type=\"container\">\n\t\t\t\t<div class=\"elementor-element elementor-element-424b1e0 elementor-widget elementor-widget-heading\" data-id=\"424b1e0\" data-element_type=\"widget\" data-widget_type=\"heading.default\">\n\t\t\t\t<div class=\"elementor-widget-container\">\n\t\t\t\t\t<h2 class=\"elementor-heading-title elementor-size-default\">ALU-L\u00c4DEN AUF STEINBESCHLAG<\/h2>\t\t\t\t<\/div>\n\t\t\t\t<\/div>\n\t\t\t\t<div class=\"elementor-element elementor-element-f51bdaa elementor-widget elementor-widget-text-editor\" data-id=\"f51bdaa\" data-element_type=\"widget\" data-widget_type=\"text-editor.default\">\n\t\t\t\t<div class=\"elementor-widget-container\">\n\t\t\t\t\t\t\t\t\t<p>Aluminiuml\u00e4den sind die ideale Erg\u00e4nzung zur Fensterkonstruktion, die Schutz vor Sonne, Wind und Einbruch bietet. Da Aluminiuml\u00e4den verschiedenen Witterungseinfl\u00fcssen ausgesetzt sind, erfordern sie hohe Qualit\u00e4tsstandards sowohl beim Material als auch bei der Verarbeitung.<\/p>\n\t\t\t\t\t\t\t\t<\/div>\n\t\t\t\t<\/div>\n\t\t\t\t<div class=\"elementor-element elementor-element-03970e2 elementor-tabs-view-horizontal elementor-widget elementor-widget-tabs\" data-id=\"03970e2\" data-element_type=\"widget\" data-widget_type=\"tabs.default\">\n\t\t\t\t<div class=\"elementor-widget-container\">\n\t\t\t\t\t\t\t<div class=\"elementor-tabs\">\n\t\t\t<div class=\"elementor-tabs-wrapper\" role=\"tablist\" >\n\t\t\t\t\t\t\t\t\t<div id=\"elementor-tab-title-3761\" class=\"elementor-tab-title elementor-tab-desktop-title\" aria-selected=\"true\" data-tab=\"1\" role=\"tab\" tabindex=\"0\" aria-controls=\"elementor-tab-content-3761\" aria-expanded=\"false\">Beschreibung<\/div>\n\t\t\t\t\t\t\t\t\t<div id=\"elementor-tab-title-3762\" class=\"elementor-tab-title elementor-tab-desktop-title\" aria-selected=\"false\" data-tab=\"2\" role=\"tab\" tabindex=\"-1\" aria-controls=\"elementor-tab-content-3762\" aria-expanded=\"false\">Foto<\/div>\n\t\t\t\t\t\t\t<\/div>\n\t\t\t<div class=\"elementor-tabs-content-wrapper\" role=\"tablist\" aria-orientation=\"vertical\">\n\t\t\t\t\t\t\t\t\t<div class=\"elementor-tab-title elementor-tab-mobile-title\" aria-selected=\"true\" data-tab=\"1\" role=\"tab\" tabindex=\"0\" aria-controls=\"elementor-tab-content-3761\" aria-expanded=\"false\">Beschreibung<\/div>\n\t\t\t\t\t<div id=\"elementor-tab-content-3761\" class=\"elementor-tab-content elementor-clearfix\" data-tab=\"1\" role=\"tabpanel\" aria-labelledby=\"elementor-tab-title-3761\" tabindex=\"0\" hidden=\"false\"><p style=\"font-weight: 400;\">Aluminiuml\u00e4den, die auf einem Steinbeschlag montiert sind, <strong>sind rahmenlose L\u00e4den.<\/strong> Mit dem hochwertigen Beschlag des renommierten Weltunternehmens MACO werden die rahmenlosen Aluminiuml\u00e4den sicher auf dem Steinuntergrund befestigt. Durch ihr Design k\u00f6nnen sie allen rustikalen Architekturformen gerecht werden.<\/p>\n<\/p>\n<p style=\"font-weight: 400;\">Wir unterscheiden zwei Arten von L\u00e4den:<\/p>\n<ul style=\"font-weight: 400;\">\n<li>Mit beweglichen Lamellen \u2013 erm\u00f6glichen es, den Lichteinfall in den Raum durch \u00d6ffnen und Schlie\u00dfen der Lamellen zu regulieren.<\/li>\n<li>Mit festen Lamellen <\/li>\n<li>Mit Lamellen \u2013 stoppen den Lichteinfall vollst\u00e4ndig in den Raum.<\/li>\n<\/ul>\n<p style=\"font-weight: 400;\">\n<p style=\"font-weight: 400;\">In unserem Angebot finden Sie ALU-L\u00e4den, die auf einem Steinbeschlag montiert sind, in folgenden Ausf\u00fchrungen:<\/p>\n<ul style=\"font-weight: 400;\">\n<li>Drehbare L\u00e4den<\/li>\n<li>Klappbare L\u00e4den<\/li>\n<\/ul>\n<\/div>\n\t\t\t\t\t\t\t\t\t<div class=\"elementor-tab-title elementor-tab-mobile-title\" aria-selected=\"false\" data-tab=\"2\" role=\"tab\" tabindex=\"-1\" aria-controls=\"elementor-tab-content-3762\" aria-expanded=\"false\">Foto<\/div>\n\t\t\t\t\t<div id=\"elementor-tab-content-3762\" class=\"elementor-tab-content elementor-clearfix\" data-tab=\"2\" role=\"tabpanel\" aria-labelledby=\"elementor-tab-title-3762\" tabindex=\"0\" hidden=\"hidden\">\n\t\t<style type=\"text\/css\">\n\t\t\t#gallery-1 {\n\t\t\t\tmargin: auto;\n\t\t\t}\n\t\t\t#gallery-1 .gallery-item {\n\t\t\t\tfloat: left;\n\t\t\t\tmargin-top: 10px;\n\t\t\t\ttext-align: center;\n\t\t\t\twidth: 33%;\n\t\t\t}\n\t\t\t#gallery-1 img {\n\t\t\t\tborder: 2px solid #cfcfcf;\n\t\t\t}\n\t\t\t#gallery-1 .gallery-caption {\n\t\t\t\tmargin-left: 0;\n\t\t\t}\n\t\t\t\/* see gallery_shortcode() in wp-includes\/media.php *\/\n\t\t<\/style>\n\t\t<div id='gallery-1' class='gallery galleryid-11481 gallery-columns-3 gallery-size-medium'><dl class='gallery-item'>\n\t\t\t<dt class='gallery-icon portrait'>\n\t\t\t\t<a href='https:\/\/www.roplast.hr\/wp-content\/uploads\/2024\/10\/ALU-GRILJE-17.jpg'><img decoding=\"async\" width=\"169\" height=\"300\" src=\"https:\/\/www.roplast.hr\/wp-content\/uploads\/2024\/10\/ALU-GRILJE-17-169x300.jpg\" class=\"attachment-medium size-medium\" alt=\"\" srcset=\"https:\/\/www.roplast.hr\/wp-content\/uploads\/2024\/10\/ALU-GRILJE-17-169x300.jpg 169w, https:\/\/www.roplast.hr\/wp-content\/uploads\/2024\/10\/ALU-GRILJE-17-576x1024.jpg 576w, https:\/\/www.roplast.hr\/wp-content\/uploads\/2024\/10\/ALU-GRILJE-17-768x1365.jpg 768w, https:\/\/www.roplast.hr\/wp-content\/uploads\/2024\/10\/ALU-GRILJE-17-864x1536.jpg 864w, https:\/\/www.roplast.hr\/wp-content\/uploads\/2024\/10\/ALU-GRILJE-17.jpg 1024w\" sizes=\"(max-width: 169px) 100vw, 169px\" \/><\/a>\n\t\t\t<\/dt><\/dl><dl class='gallery-item'>\n\t\t\t<dt class='gallery-icon landscape'>\n\t\t\t\t<a href='https:\/\/www.roplast.hr\/wp-content\/uploads\/2024\/10\/ALU-GRILJE-16.jpg'><img loading=\"lazy\" decoding=\"async\" width=\"300\" height=\"169\" src=\"https:\/\/www.roplast.hr\/wp-content\/uploads\/2024\/10\/ALU-GRILJE-16-300x169.jpg\" class=\"attachment-medium size-medium\" alt=\"\" srcset=\"https:\/\/www.roplast.hr\/wp-content\/uploads\/2024\/10\/ALU-GRILJE-16-300x169.jpg 300w, https:\/\/www.roplast.hr\/wp-content\/uploads\/2024\/10\/ALU-GRILJE-16-768x432.jpg 768w, https:\/\/www.roplast.hr\/wp-content\/uploads\/2024\/10\/ALU-GRILJE-16.jpg 1024w\" sizes=\"(max-width: 300px) 100vw, 300px\" \/><\/a>\n\t\t\t<\/dt><\/dl><dl class='gallery-item'>\n\t\t\t<dt class='gallery-icon portrait'>\n\t\t\t\t<a href='https:\/\/www.roplast.hr\/wp-content\/uploads\/2024\/10\/ALU-GRILJE-15.jpg'><img loading=\"lazy\" decoding=\"async\" width=\"169\" height=\"300\" src=\"https:\/\/www.roplast.hr\/wp-content\/uploads\/2024\/10\/ALU-GRILJE-15-169x300.jpg\" class=\"attachment-medium size-medium\" alt=\"\" srcset=\"https:\/\/www.roplast.hr\/wp-content\/uploads\/2024\/10\/ALU-GRILJE-15-169x300.jpg 169w, https:\/\/www.roplast.hr\/wp-content\/uploads\/2024\/10\/ALU-GRILJE-15-576x1024.jpg 576w, https:\/\/www.roplast.hr\/wp-content\/uploads\/2024\/10\/ALU-GRILJE-15-768x1365.jpg 768w, https:\/\/www.roplast.hr\/wp-content\/uploads\/2024\/10\/ALU-GRILJE-15-864x1536.jpg 864w, https:\/\/www.roplast.hr\/wp-content\/uploads\/2024\/10\/ALU-GRILJE-15.jpg 1024w\" sizes=\"(max-width: 169px) 100vw, 169px\" \/><\/a>\n\t\t\t<\/dt><\/dl><br style=\"clear: both\" \/>\n\t\t<\/div>\n\n<\/div>\n\t\t\t\t\t\t\t<\/div>\n\t\t<\/div>\n\t\t\t\t\t\t<\/div>\n\t\t\t\t<\/div>\n\t\t\t\t<div class=\"elementor-element elementor-element-6776e61 elementor-widget elementor-widget-heading\" data-id=\"6776e61\" data-element_type=\"widget\" data-widget_type=\"heading.default\">\n\t\t\t\t<div class=\"elementor-widget-container\">\n\t\t\t\t\t<h6 class=\"elementor-heading-title elementor-size-default\">Interessieren Sie sich f\u00fcr weitere Informationen \u00fcber dieses Produkt?<\/h6>\t\t\t\t<\/div>\n\t\t\t\t<\/div>\n\t\t\t\t<div class=\"elementor-element elementor-element-2ea8dba elementor-align-left elementor-widget elementor-widget-button\" data-id=\"2ea8dba\" data-element_type=\"widget\" data-widget_type=\"button.default\">\n\t\t\t\t<div class=\"elementor-widget-container\">\n\t\t\t\t\t\t\t\t\t<div class=\"elementor-button-wrapper\">\n\t\t\t\t\t<a class=\"elementor-button elementor-button-link elementor-size-sm\" href=\"https:\/\/www.roplast.hr\/kontakt\/\">\n\t\t\t\t\t\t<span class=\"elementor-button-content-wrapper\">\n\t\t\t\t\t\t\t\t\t<span class=\"elementor-button-text\">SENDEN SIE EINE ANFRAGE<\/span>\n\t\t\t\t\t<\/span>\n\t\t\t\t\t<\/a>\n\t\t\t\t<\/div>\n\t\t\t\t\t\t\t\t<\/div>\n\t\t\t\t<\/div>\n\t\t\t\t<\/div>\n\t\t\t\t\t<\/div>\n\t\t\t\t<\/div>\n\t\t\t\t<\/div>\n\t\t","protected":false},"excerpt":{"rendered":"<p>Fassadenl\u00e4den, als eines der Verdunklungssysteme, bieten zahlreiche Vorteile. Sie sind wetterbest\u00e4ndig, modern im Design, stabil und einfach zu handhaben. Neben der Verdunklung erf\u00fcllen sie eine wichtige \u00e4sthetische Funktion und bieten zus\u00e4tzlichen Einbruchschutz f\u00fcr Ihr Zuhause. L\u00e4den sind [&hellip;]<\/p>\n","protected":false},"author":1,"featured_media":6533,"parent":11491,"menu_order":0,"comment_status":"closed","ping_status":"closed","template":"","meta":{"footnotes":""},"class_list":["post-11481","page","type-page","status-publish","has-post-thumbnail","hentry"],"yoast_head":"<!-- This site is optimized with the Yoast SEO plugin v25.4 - https:\/\/yoast.com\/wordpress\/plugins\/seo\/ -->\n<title>ALU-L\u00c4DEN AUF STEINBESCHLAG - Roplast<\/title>\n<meta name=\"robots\" content=\"index, follow, max-snippet:-1, max-image-preview:large, max-video-preview:-1\" \/>\n<link rel=\"canonical\" href=\"https:\/\/www.roplast.hr\/de\/angebot\/dimmsysteme\/fensterlaeden\/alu-laeden-auf-steinbeschlag\/\" \/>\n<meta property=\"og:locale\" content=\"de_DE\" \/>\n<meta property=\"og:type\" content=\"article\" \/>\n<meta property=\"og:title\" content=\"ALU-L\u00c4DEN AUF STEINBESCHLAG - Roplast\" \/>\n<meta property=\"og:description\" content=\"Fassadenl\u00e4den, als eines der Verdunklungssysteme, bieten zahlreiche Vorteile. Sie sind wetterbest\u00e4ndig, modern im Design, stabil und einfach zu handhaben. Neben der Verdunklung erf\u00fcllen sie eine wichtige \u00e4sthetische Funktion und bieten zus\u00e4tzlichen Einbruchschutz f\u00fcr Ihr Zuhause. L\u00e4den sind [&hellip;]\" \/>\n<meta property=\"og:url\" content=\"https:\/\/www.roplast.hr\/de\/angebot\/dimmsysteme\/fensterlaeden\/alu-laeden-auf-steinbeschlag\/\" \/>\n<meta property=\"og:site_name\" content=\"Roplast\" \/>\n<meta property=\"article:modified_time\" content=\"2024-12-27T06:53:24+00:00\" \/>\n<meta property=\"og:image\" content=\"https:\/\/www.roplast.hr\/wp-content\/uploads\/2024\/09\/26_91-1.png\" \/>\n\t<meta property=\"og:image:width\" content=\"766\" \/>\n\t<meta property=\"og:image:height\" content=\"875\" \/>\n\t<meta property=\"og:image:type\" content=\"image\/png\" \/>\n<meta name=\"twitter:card\" content=\"summary_large_image\" \/>\n<meta name=\"twitter:label1\" content=\"Gesch\u00e4tzte Lesezeit\" \/>\n\t<meta name=\"twitter:data1\" content=\"1\u00a0Minute\" \/>\n<script type=\"application\/ld+json\" class=\"yoast-schema-graph\">{\"@context\":\"https:\/\/schema.org\",\"@graph\":[{\"@type\":\"WebPage\",\"@id\":\"https:\/\/www.roplast.hr\/de\/angebot\/dimmsysteme\/fensterlaeden\/alu-laeden-auf-steinbeschlag\/\",\"url\":\"https:\/\/www.roplast.hr\/de\/angebot\/dimmsysteme\/fensterlaeden\/alu-laeden-auf-steinbeschlag\/\",\"name\":\"ALU-L\u00c4DEN AUF STEINBESCHLAG - Roplast\",\"isPartOf\":{\"@id\":\"https:\/\/www.roplast.hr\/de\/#website\"},\"primaryImageOfPage\":{\"@id\":\"https:\/\/www.roplast.hr\/de\/angebot\/dimmsysteme\/fensterlaeden\/alu-laeden-auf-steinbeschlag\/#primaryimage\"},\"image\":{\"@id\":\"https:\/\/www.roplast.hr\/de\/angebot\/dimmsysteme\/fensterlaeden\/alu-laeden-auf-steinbeschlag\/#primaryimage\"},\"thumbnailUrl\":\"https:\/\/www.roplast.hr\/wp-content\/uploads\/2024\/09\/26_91-1.png\",\"datePublished\":\"2024-10-28T18:52:43+00:00\",\"dateModified\":\"2024-12-27T06:53:24+00:00\",\"breadcrumb\":{\"@id\":\"https:\/\/www.roplast.hr\/de\/angebot\/dimmsysteme\/fensterlaeden\/alu-laeden-auf-steinbeschlag\/#breadcrumb\"},\"inLanguage\":\"de\",\"potentialAction\":[{\"@type\":\"ReadAction\",\"target\":[\"https:\/\/www.roplast.hr\/de\/angebot\/dimmsysteme\/fensterlaeden\/alu-laeden-auf-steinbeschlag\/\"]}]},{\"@type\":\"ImageObject\",\"inLanguage\":\"de\",\"@id\":\"https:\/\/www.roplast.hr\/de\/angebot\/dimmsysteme\/fensterlaeden\/alu-laeden-auf-steinbeschlag\/#primaryimage\",\"url\":\"https:\/\/www.roplast.hr\/wp-content\/uploads\/2024\/09\/26_91-1.png\",\"contentUrl\":\"https:\/\/www.roplast.hr\/wp-content\/uploads\/2024\/09\/26_91-1.png\",\"width\":766,\"height\":875},{\"@type\":\"BreadcrumbList\",\"@id\":\"https:\/\/www.roplast.hr\/de\/angebot\/dimmsysteme\/fensterlaeden\/alu-laeden-auf-steinbeschlag\/#breadcrumb\",\"itemListElement\":[{\"@type\":\"ListItem\",\"position\":1,\"name\":\"Po\u010detna stranica\",\"item\":\"https:\/\/www.roplast.hr\/de\/\"},{\"@type\":\"ListItem\",\"position\":2,\"name\":\"Angebot\",\"item\":\"https:\/\/www.roplast.hr\/de\/ponuda\/\"},{\"@type\":\"ListItem\",\"position\":3,\"name\":\"Dimmsysteme\",\"item\":\"https:\/\/www.roplast.hr\/de\/ponuda\/sistemi-zatamnjivanja\/\"},{\"@type\":\"ListItem\",\"position\":4,\"name\":\"Fensterl\u00e4den\",\"item\":\"https:\/\/www.roplast.hr\/de\/ponuda\/sistemi-zatamnjivanja\/grilje\/\"},{\"@type\":\"ListItem\",\"position\":5,\"name\":\"ALU-L\u00c4DEN AUF STEINBESCHLAG\"}]},{\"@type\":\"WebSite\",\"@id\":\"https:\/\/www.roplast.hr\/de\/#website\",\"url\":\"https:\/\/www.roplast.hr\/de\/\",\"name\":\"Roplast\",\"description\":\"Izra\u0111eni za stil, stvoreni za trajnost!\",\"potentialAction\":[{\"@type\":\"SearchAction\",\"target\":{\"@type\":\"EntryPoint\",\"urlTemplate\":\"https:\/\/www.roplast.hr\/de\/?s={search_term_string}\"},\"query-input\":{\"@type\":\"PropertyValueSpecification\",\"valueRequired\":true,\"valueName\":\"search_term_string\"}}],\"inLanguage\":\"de\"}]}<\/script>\n<!-- \/ Yoast SEO plugin. -->","yoast_head_json":{"title":"ALU-L\u00c4DEN AUF STEINBESCHLAG - Roplast","robots":{"index":"index","follow":"follow","max-snippet":"max-snippet:-1","max-image-preview":"max-image-preview:large","max-video-preview":"max-video-preview:-1"},"canonical":"https:\/\/www.roplast.hr\/de\/angebot\/dimmsysteme\/fensterlaeden\/alu-laeden-auf-steinbeschlag\/","og_locale":"de_DE","og_type":"article","og_title":"ALU-L\u00c4DEN AUF STEINBESCHLAG - Roplast","og_description":"Fassadenl\u00e4den, als eines der Verdunklungssysteme, bieten zahlreiche Vorteile. Sie sind wetterbest\u00e4ndig, modern im Design, stabil und einfach zu handhaben. Neben der Verdunklung erf\u00fcllen sie eine wichtige \u00e4sthetische Funktion und bieten zus\u00e4tzlichen Einbruchschutz f\u00fcr Ihr Zuhause. L\u00e4den sind [&hellip;]","og_url":"https:\/\/www.roplast.hr\/de\/angebot\/dimmsysteme\/fensterlaeden\/alu-laeden-auf-steinbeschlag\/","og_site_name":"Roplast","article_modified_time":"2024-12-27T06:53:24+00:00","og_image":[{"width":766,"height":875,"url":"https:\/\/www.roplast.hr\/wp-content\/uploads\/2024\/09\/26_91-1.png","type":"image\/png"}],"twitter_card":"summary_large_image","twitter_misc":{"Gesch\u00e4tzte Lesezeit":"1\u00a0Minute"},"schema":{"@context":"https:\/\/schema.org","@graph":[{"@type":"WebPage","@id":"https:\/\/www.roplast.hr\/de\/angebot\/dimmsysteme\/fensterlaeden\/alu-laeden-auf-steinbeschlag\/","url":"https:\/\/www.roplast.hr\/de\/angebot\/dimmsysteme\/fensterlaeden\/alu-laeden-auf-steinbeschlag\/","name":"ALU-L\u00c4DEN AUF STEINBESCHLAG - Roplast","isPartOf":{"@id":"https:\/\/www.roplast.hr\/de\/#website"},"primaryImageOfPage":{"@id":"https:\/\/www.roplast.hr\/de\/angebot\/dimmsysteme\/fensterlaeden\/alu-laeden-auf-steinbeschlag\/#primaryimage"},"image":{"@id":"https:\/\/www.roplast.hr\/de\/angebot\/dimmsysteme\/fensterlaeden\/alu-laeden-auf-steinbeschlag\/#primaryimage"},"thumbnailUrl":"https:\/\/www.roplast.hr\/wp-content\/uploads\/2024\/09\/26_91-1.png","datePublished":"2024-10-28T18:52:43+00:00","dateModified":"2024-12-27T06:53:24+00:00","breadcrumb":{"@id":"https:\/\/www.roplast.hr\/de\/angebot\/dimmsysteme\/fensterlaeden\/alu-laeden-auf-steinbeschlag\/#breadcrumb"},"inLanguage":"de","potentialAction":[{"@type":"ReadAction","target":["https:\/\/www.roplast.hr\/de\/angebot\/dimmsysteme\/fensterlaeden\/alu-laeden-auf-steinbeschlag\/"]}]},{"@type":"ImageObject","inLanguage":"de","@id":"https:\/\/www.roplast.hr\/de\/angebot\/dimmsysteme\/fensterlaeden\/alu-laeden-auf-steinbeschlag\/#primaryimage","url":"https:\/\/www.roplast.hr\/wp-content\/uploads\/2024\/09\/26_91-1.png","contentUrl":"https:\/\/www.roplast.hr\/wp-content\/uploads\/2024\/09\/26_91-1.png","width":766,"height":875},{"@type":"BreadcrumbList","@id":"https:\/\/www.roplast.hr\/de\/angebot\/dimmsysteme\/fensterlaeden\/alu-laeden-auf-steinbeschlag\/#breadcrumb","itemListElement":[{"@type":"ListItem","position":1,"name":"Po\u010detna stranica","item":"https:\/\/www.roplast.hr\/de\/"},{"@type":"ListItem","position":2,"name":"Angebot","item":"https:\/\/www.roplast.hr\/de\/ponuda\/"},{"@type":"ListItem","position":3,"name":"Dimmsysteme","item":"https:\/\/www.roplast.hr\/de\/ponuda\/sistemi-zatamnjivanja\/"},{"@type":"ListItem","position":4,"name":"Fensterl\u00e4den","item":"https:\/\/www.roplast.hr\/de\/ponuda\/sistemi-zatamnjivanja\/grilje\/"},{"@type":"ListItem","position":5,"name":"ALU-L\u00c4DEN AUF STEINBESCHLAG"}]},{"@type":"WebSite","@id":"https:\/\/www.roplast.hr\/de\/#website","url":"https:\/\/www.roplast.hr\/de\/","name":"Roplast","description":"Izra\u0111eni za stil, stvoreni za trajnost!","potentialAction":[{"@type":"SearchAction","target":{"@type":"EntryPoint","urlTemplate":"https:\/\/www.roplast.hr\/de\/?s={search_term_string}"},"query-input":{"@type":"PropertyValueSpecification","valueRequired":true,"valueName":"search_term_string"}}],"inLanguage":"de"}]}},"_links":{"self":[{"href":"https:\/\/www.roplast.hr\/de\/wp-json\/wp\/v2\/pages\/11481","targetHints":{"allow":["GET"]}}],"collection":[{"href":"https:\/\/www.roplast.hr\/de\/wp-json\/wp\/v2\/pages"}],"about":[{"href":"https:\/\/www.roplast.hr\/de\/wp-json\/wp\/v2\/types\/page"}],"author":[{"embeddable":true,"href":"https:\/\/www.roplast.hr\/de\/wp-json\/wp\/v2\/users\/1"}],"replies":[{"embeddable":true,"href":"https:\/\/www.roplast.hr\/de\/wp-json\/wp\/v2\/comments?post=11481"}],"version-history":[{"count":2,"href":"https:\/\/www.roplast.hr\/de\/wp-json\/wp\/v2\/pages\/11481\/revisions"}],"predecessor-version":[{"id":11496,"href":"https:\/\/www.roplast.hr\/de\/wp-json\/wp\/v2\/pages\/11481\/revisions\/11496"}],"up":[{"embeddable":true,"href":"https:\/\/www.roplast.hr\/de\/wp-json\/wp\/v2\/pages\/11491"}],"wp:featuredmedia":[{"embeddable":true,"href":"https:\/\/www.roplast.hr\/de\/wp-json\/wp\/v2\/media\/6533"}],"wp:attachment":[{"href":"https:\/\/www.roplast.hr\/de\/wp-json\/wp\/v2\/media?parent=11481"}],"curies":[{"name":"wp","href":"https:\/\/api.w.org\/{rel}","templated":true}]}}