{"id":11483,"date":"2024-10-15T19:12:16","date_gmt":"2024-10-15T19:12:16","guid":{"rendered":"https:\/\/www.roplast.hr\/alu-harmo-laeden\/"},"modified":"2024-12-27T06:53:24","modified_gmt":"2024-12-27T06:53:24","slug":"alu-harmo-laeden","status":"publish","type":"page","link":"https:\/\/www.roplast.hr\/de\/angebot\/dimmsysteme\/fensterlaeden\/alu-harmo-laeden\/","title":{"rendered":"ALU HARMO L\u00c4DEN"},"content":{"rendered":"\t\t<div data-elementor-type=\"wp-post\" data-elementor-id=\"11483\" class=\"elementor elementor-11483 elementor-8710\">\n\t\t\t\t<div class=\"elementor-element elementor-element-00a6ef8 e-flex e-con-boxed e-con e-parent\" data-id=\"00a6ef8\" data-element_type=\"container\">\n\t\t\t\t\t<div class=\"e-con-inner\">\n\t\t\t\t<div class=\"elementor-element elementor-element-9c9c54d elementor-widget elementor-widget-text-editor\" data-id=\"9c9c54d\" data-element_type=\"widget\" data-widget_type=\"text-editor.default\">\n\t\t\t\t<div class=\"elementor-widget-container\">\n\t\t\t\t\t\t\t\t\t<p>Fassadenl\u00e4den, als eines der Verdunklungssysteme, bieten zahlreiche Vorteile. Sie sind widerstandsf\u00e4hig gegen alle Wetterbedingungen, modern im Design, stabil und einfach zu handhaben. Neben der Verdunklung erf\u00fcllen sie auch eine wichtige \u00e4sthetische Funktion und bieten zus\u00e4tzlichen Einbruchschutz f\u00fcr Ihr Zuhause. Fassadenl\u00e4den sind ein \u00e4u\u00dferer Bestandteil der Fensterkonstruktion und somit verschiedenen \u00e4u\u00dferen Einfl\u00fcssen ausgesetzt. Sie sch\u00fctzen Ihr Zuhause vor Schnee, Sonne, Eis, Wind, K\u00e4lte und Regen. Daher ist die Ausf\u00fchrung der L\u00e4den besonders wichtig, um ihre Funktionen vollst\u00e4ndig zu erf\u00fcllen.   <\/p>\n\t\t\t\t\t\t\t\t<\/div>\n\t\t\t\t<\/div>\n\t\t\t\t\t<\/div>\n\t\t\t\t<\/div>\n\t\t<div class=\"elementor-element elementor-element-7b7d02e e-flex e-con-boxed e-con e-parent\" data-id=\"7b7d02e\" data-element_type=\"container\">\n\t\t\t\t\t<div class=\"e-con-inner\">\n\t\t<div class=\"elementor-element elementor-element-224fc19 e-con-full e-flex e-con e-child\" data-id=\"224fc19\" data-element_type=\"container\">\n\t\t\t\t<div class=\"elementor-element elementor-element-8fdcb77 elementor-widget elementor-widget-image\" data-id=\"8fdcb77\" data-element_type=\"widget\" data-widget_type=\"image.default\">\n\t\t\t\t<div class=\"elementor-widget-container\">\n\t\t\t\t\t\t\t\t\t\t\t\t\t\t\t<img fetchpriority=\"high\" decoding=\"async\" width=\"630\" height=\"630\" src=\"https:\/\/www.roplast.hr\/wp-content\/uploads\/2024\/10\/45v_630x630.jpg\" class=\"attachment-large size-large wp-image-8714\" alt=\"\" srcset=\"https:\/\/www.roplast.hr\/wp-content\/uploads\/2024\/10\/45v_630x630.jpg 630w, https:\/\/www.roplast.hr\/wp-content\/uploads\/2024\/10\/45v_630x630-300x300.jpg 300w, https:\/\/www.roplast.hr\/wp-content\/uploads\/2024\/10\/45v_630x630-150x150.jpg 150w\" sizes=\"(max-width: 630px) 100vw, 630px\" \/>\t\t\t\t\t\t\t\t\t\t\t\t\t\t\t<\/div>\n\t\t\t\t<\/div>\n\t\t\t\t<\/div>\n\t\t<div class=\"elementor-element elementor-element-6ad4b86 e-con-full e-flex e-con e-child\" data-id=\"6ad4b86\" data-element_type=\"container\">\n\t\t\t\t<div class=\"elementor-element elementor-element-424b1e0 elementor-widget elementor-widget-heading\" data-id=\"424b1e0\" data-element_type=\"widget\" data-widget_type=\"heading.default\">\n\t\t\t\t<div class=\"elementor-widget-container\">\n\t\t\t\t\t<h2 class=\"elementor-heading-title elementor-size-default\">ALU HARMO L\u00c4DEN<\/h2>\t\t\t\t<\/div>\n\t\t\t\t<\/div>\n\t\t\t\t<div class=\"elementor-element elementor-element-f51bdaa elementor-widget elementor-widget-text-editor\" data-id=\"f51bdaa\" data-element_type=\"widget\" data-widget_type=\"text-editor.default\">\n\t\t\t\t<div class=\"elementor-widget-container\">\n\t\t\t\t\t\t\t\t\t<p>Die Profilserie ohne unterbrochene W\u00e4rmed\u00e4mmung f\u00fcr die Herstellung von Harmo\/Klappw\u00e4nden. Die Kompatibilit\u00e4t mit dem Profilsystem der Serien 45N und 45P macht dieses System sehr praktisch und vielseitig einsetzbar: Verglasung von Winterg\u00e4rten, Terrassen und Balkonen, Herstellung von Harmo-L\u00e4den und Rolll\u00e4den usw. <\/p>\n\t\t\t\t\t\t\t\t<\/div>\n\t\t\t\t<\/div>\n\t\t\t\t<div class=\"elementor-element elementor-element-03970e2 elementor-tabs-view-horizontal elementor-widget elementor-widget-tabs\" data-id=\"03970e2\" data-element_type=\"widget\" data-widget_type=\"tabs.default\">\n\t\t\t\t<div class=\"elementor-widget-container\">\n\t\t\t\t\t\t\t<div class=\"elementor-tabs\">\n\t\t\t<div class=\"elementor-tabs-wrapper\" role=\"tablist\" >\n\t\t\t\t\t\t\t\t\t<div id=\"elementor-tab-title-3761\" class=\"elementor-tab-title elementor-tab-desktop-title\" aria-selected=\"true\" data-tab=\"1\" role=\"tab\" tabindex=\"0\" aria-controls=\"elementor-tab-content-3761\" aria-expanded=\"false\">Beschreibung<\/div>\n\t\t\t\t\t\t\t\t\t<div id=\"elementor-tab-title-3762\" class=\"elementor-tab-title elementor-tab-desktop-title\" aria-selected=\"false\" data-tab=\"2\" role=\"tab\" tabindex=\"-1\" aria-controls=\"elementor-tab-content-3762\" aria-expanded=\"false\">Vorteile<\/div>\n\t\t\t\t\t\t\t\t\t<div id=\"elementor-tab-title-3763\" class=\"elementor-tab-title elementor-tab-desktop-title\" aria-selected=\"false\" data-tab=\"3\" role=\"tab\" tabindex=\"-1\" aria-controls=\"elementor-tab-content-3763\" aria-expanded=\"false\">Foto<\/div>\n\t\t\t\t\t\t\t<\/div>\n\t\t\t<div class=\"elementor-tabs-content-wrapper\" role=\"tablist\" aria-orientation=\"vertical\">\n\t\t\t\t\t\t\t\t\t<div class=\"elementor-tab-title elementor-tab-mobile-title\" aria-selected=\"true\" data-tab=\"1\" role=\"tab\" tabindex=\"0\" aria-controls=\"elementor-tab-content-3761\" aria-expanded=\"false\">Beschreibung<\/div>\n\t\t\t\t\t<div id=\"elementor-tab-content-3761\" class=\"elementor-tab-content elementor-clearfix\" data-tab=\"1\" role=\"tabpanel\" aria-labelledby=\"elementor-tab-title-3761\" tabindex=\"0\" hidden=\"false\"><p>Dank der Festigkeit und Stabilit\u00e4t, die die Herstellung von Harmo-W\u00e4nden in gro\u00dfen Dimensionen erm\u00f6glicht, sowie der hochwertigen Systembeschl\u00e4ge, die eine langanhaltende Funktionalit\u00e4t garantieren, erf\u00fcllt dieses System anspruchsvolle technische und architektonische Standards. Das System eignet sich sowohl f\u00fcr den Neubau als auch f\u00fcr die Renovierung von privaten, gewerblichen und \u00f6ffentlichen Geb\u00e4uden. <\/p>\n<p>Spezifikationen<\/p>\n<ul>\n<li>Rahmen 54 mm<\/li>\n<li>Fl\u00fcgel 45 mm<\/li>\n<li>Glas\/Panel 4 \u2013 28 mm<\/li>\n<li>Max. Breite 1200 mm <\/li>\n<li>Max. H\u00f6he 3000 mm <\/li>\n<li>Max. Gewicht (Tragf\u00e4higkeit der Beschl\u00e4ge) bis zu 80 kg <\/li>\n<\/ul>\n<\/div>\n\t\t\t\t\t\t\t\t\t<div class=\"elementor-tab-title elementor-tab-mobile-title\" aria-selected=\"false\" data-tab=\"2\" role=\"tab\" tabindex=\"-1\" aria-controls=\"elementor-tab-content-3762\" aria-expanded=\"false\">Vorteile<\/div>\n\t\t\t\t\t<div id=\"elementor-tab-content-3762\" class=\"elementor-tab-content elementor-clearfix\" data-tab=\"2\" role=\"tabpanel\" aria-labelledby=\"elementor-tab-title-3762\" tabindex=\"0\" hidden=\"hidden\"><p>Fassadenl\u00e4den, als eines der Verdunklungssysteme, bieten zahlreiche Vorteile:<\/p>\n<ul>\n<li>Sie sind widerstandsf\u00e4hig gegen\u00fcber allen Wetterbedingungen.<\/li>\n<li>Sie haben ein modernes Design.<\/li>\n<li>Sie sind robust und stabil.<\/li>\n<li>Sie garantieren eine langanhaltende Funktionalit\u00e4t.<\/li>\n<\/ul>\n<\/div>\n\t\t\t\t\t\t\t\t\t<div class=\"elementor-tab-title elementor-tab-mobile-title\" aria-selected=\"false\" data-tab=\"3\" role=\"tab\" tabindex=\"-1\" aria-controls=\"elementor-tab-content-3763\" aria-expanded=\"false\">Foto<\/div>\n\t\t\t\t\t<div id=\"elementor-tab-content-3763\" class=\"elementor-tab-content elementor-clearfix\" data-tab=\"3\" role=\"tabpanel\" aria-labelledby=\"elementor-tab-title-3763\" tabindex=\"0\" hidden=\"hidden\">\n\t\t<style type=\"text\/css\">\n\t\t\t#gallery-1 {\n\t\t\t\tmargin: auto;\n\t\t\t}\n\t\t\t#gallery-1 .gallery-item {\n\t\t\t\tfloat: left;\n\t\t\t\tmargin-top: 10px;\n\t\t\t\ttext-align: center;\n\t\t\t\twidth: 33%;\n\t\t\t}\n\t\t\t#gallery-1 img {\n\t\t\t\tborder: 2px solid #cfcfcf;\n\t\t\t}\n\t\t\t#gallery-1 .gallery-caption {\n\t\t\t\tmargin-left: 0;\n\t\t\t}\n\t\t\t\/* see gallery_shortcode() in wp-includes\/media.php *\/\n\t\t<\/style>\n\t\t<div id='gallery-1' class='gallery galleryid-11483 gallery-columns-3 gallery-size-medium'><dl class='gallery-item'>\n\t\t\t<dt class='gallery-icon landscape'>\n\t\t\t\t<a href='https:\/\/www.roplast.hr\/wp-content\/uploads\/2024\/10\/45v_630x630.jpg'><img decoding=\"async\" width=\"300\" height=\"300\" src=\"https:\/\/www.roplast.hr\/wp-content\/uploads\/2024\/10\/45v_630x630-300x300.jpg\" class=\"attachment-medium size-medium\" alt=\"\" srcset=\"https:\/\/www.roplast.hr\/wp-content\/uploads\/2024\/10\/45v_630x630-300x300.jpg 300w, https:\/\/www.roplast.hr\/wp-content\/uploads\/2024\/10\/45v_630x630-150x150.jpg 150w, https:\/\/www.roplast.hr\/wp-content\/uploads\/2024\/10\/45v_630x630.jpg 630w\" sizes=\"(max-width: 300px) 100vw, 300px\" \/><\/a>\n\t\t\t<\/dt><\/dl>\n\t\t\t<br style='clear: both' \/>\n\t\t<\/div>\n\n<\/div>\n\t\t\t\t\t\t\t<\/div>\n\t\t<\/div>\n\t\t\t\t\t\t<\/div>\n\t\t\t\t<\/div>\n\t\t\t\t<div class=\"elementor-element elementor-element-6776e61 elementor-widget elementor-widget-heading\" data-id=\"6776e61\" data-element_type=\"widget\" data-widget_type=\"heading.default\">\n\t\t\t\t<div class=\"elementor-widget-container\">\n\t\t\t\t\t<h6 class=\"elementor-heading-title elementor-size-default\">Interessieren Sie sich f\u00fcr weitere Informationen \u00fcber dieses Produkt?<\/h6>\t\t\t\t<\/div>\n\t\t\t\t<\/div>\n\t\t\t\t<div class=\"elementor-element elementor-element-2ea8dba elementor-align-left elementor-widget elementor-widget-button\" data-id=\"2ea8dba\" data-element_type=\"widget\" data-widget_type=\"button.default\">\n\t\t\t\t<div class=\"elementor-widget-container\">\n\t\t\t\t\t\t\t\t\t<div class=\"elementor-button-wrapper\">\n\t\t\t\t\t<a class=\"elementor-button elementor-button-link elementor-size-sm\" href=\"https:\/\/www.roplast.hr\/kontakt\/\">\n\t\t\t\t\t\t<span class=\"elementor-button-content-wrapper\">\n\t\t\t\t\t\t\t\t\t<span class=\"elementor-button-text\">SENDEN SIE EINE ANFRAGE<\/span>\n\t\t\t\t\t<\/span>\n\t\t\t\t\t<\/a>\n\t\t\t\t<\/div>\n\t\t\t\t\t\t\t\t<\/div>\n\t\t\t\t<\/div>\n\t\t\t\t<\/div>\n\t\t\t\t\t<\/div>\n\t\t\t\t<\/div>\n\t\t\t\t<\/div>\n\t\t","protected":false},"excerpt":{"rendered":"<p>Fassadenl\u00e4den, als eines der Verdunklungssysteme, bieten zahlreiche Vorteile. Sie sind widerstandsf\u00e4hig gegen alle Wetterbedingungen, modern im Design, stabil und einfach zu handhaben. Neben der Verdunklung erf\u00fcllen sie auch eine wichtige \u00e4sthetische Funktion und bieten zus\u00e4tzlichen Einbruchschutz f\u00fcr [&hellip;]<\/p>\n","protected":false},"author":1,"featured_media":6533,"parent":11491,"menu_order":0,"comment_status":"closed","ping_status":"closed","template":"","meta":{"footnotes":""},"class_list":["post-11483","page","type-page","status-publish","has-post-thumbnail","hentry"],"yoast_head":"<!-- This site is optimized with the Yoast SEO plugin v25.4 - https:\/\/yoast.com\/wordpress\/plugins\/seo\/ -->\n<title>ALU HARMO L\u00c4DEN - Roplast<\/title>\n<meta name=\"robots\" content=\"index, follow, max-snippet:-1, max-image-preview:large, max-video-preview:-1\" \/>\n<link rel=\"canonical\" href=\"https:\/\/www.roplast.hr\/de\/angebot\/dimmsysteme\/fensterlaeden\/alu-harmo-laeden\/\" \/>\n<meta property=\"og:locale\" content=\"de_DE\" \/>\n<meta property=\"og:type\" content=\"article\" \/>\n<meta property=\"og:title\" content=\"ALU HARMO L\u00c4DEN - Roplast\" \/>\n<meta property=\"og:description\" content=\"Fassadenl\u00e4den, als eines der Verdunklungssysteme, bieten zahlreiche Vorteile. Sie sind widerstandsf\u00e4hig gegen alle Wetterbedingungen, modern im Design, stabil und einfach zu handhaben. Neben der Verdunklung erf\u00fcllen sie auch eine wichtige \u00e4sthetische Funktion und bieten zus\u00e4tzlichen Einbruchschutz f\u00fcr [&hellip;]\" \/>\n<meta property=\"og:url\" content=\"https:\/\/www.roplast.hr\/de\/angebot\/dimmsysteme\/fensterlaeden\/alu-harmo-laeden\/\" \/>\n<meta property=\"og:site_name\" content=\"Roplast\" \/>\n<meta property=\"article:modified_time\" content=\"2024-12-27T06:53:24+00:00\" \/>\n<meta property=\"og:image\" content=\"https:\/\/www.roplast.hr\/wp-content\/uploads\/2024\/09\/26_91-1.png\" \/>\n\t<meta property=\"og:image:width\" content=\"766\" \/>\n\t<meta property=\"og:image:height\" content=\"875\" \/>\n\t<meta property=\"og:image:type\" content=\"image\/png\" \/>\n<meta name=\"twitter:card\" content=\"summary_large_image\" \/>\n<meta name=\"twitter:label1\" content=\"Gesch\u00e4tzte Lesezeit\" \/>\n\t<meta name=\"twitter:data1\" content=\"1\u00a0Minute\" \/>\n<script type=\"application\/ld+json\" class=\"yoast-schema-graph\">{\"@context\":\"https:\/\/schema.org\",\"@graph\":[{\"@type\":\"WebPage\",\"@id\":\"https:\/\/www.roplast.hr\/de\/angebot\/dimmsysteme\/fensterlaeden\/alu-harmo-laeden\/\",\"url\":\"https:\/\/www.roplast.hr\/de\/angebot\/dimmsysteme\/fensterlaeden\/alu-harmo-laeden\/\",\"name\":\"ALU HARMO L\u00c4DEN - Roplast\",\"isPartOf\":{\"@id\":\"https:\/\/www.roplast.hr\/de\/#website\"},\"primaryImageOfPage\":{\"@id\":\"https:\/\/www.roplast.hr\/de\/angebot\/dimmsysteme\/fensterlaeden\/alu-harmo-laeden\/#primaryimage\"},\"image\":{\"@id\":\"https:\/\/www.roplast.hr\/de\/angebot\/dimmsysteme\/fensterlaeden\/alu-harmo-laeden\/#primaryimage\"},\"thumbnailUrl\":\"https:\/\/www.roplast.hr\/wp-content\/uploads\/2024\/09\/26_91-1.png\",\"datePublished\":\"2024-10-15T19:12:16+00:00\",\"dateModified\":\"2024-12-27T06:53:24+00:00\",\"breadcrumb\":{\"@id\":\"https:\/\/www.roplast.hr\/de\/angebot\/dimmsysteme\/fensterlaeden\/alu-harmo-laeden\/#breadcrumb\"},\"inLanguage\":\"de\",\"potentialAction\":[{\"@type\":\"ReadAction\",\"target\":[\"https:\/\/www.roplast.hr\/de\/angebot\/dimmsysteme\/fensterlaeden\/alu-harmo-laeden\/\"]}]},{\"@type\":\"ImageObject\",\"inLanguage\":\"de\",\"@id\":\"https:\/\/www.roplast.hr\/de\/angebot\/dimmsysteme\/fensterlaeden\/alu-harmo-laeden\/#primaryimage\",\"url\":\"https:\/\/www.roplast.hr\/wp-content\/uploads\/2024\/09\/26_91-1.png\",\"contentUrl\":\"https:\/\/www.roplast.hr\/wp-content\/uploads\/2024\/09\/26_91-1.png\",\"width\":766,\"height\":875},{\"@type\":\"BreadcrumbList\",\"@id\":\"https:\/\/www.roplast.hr\/de\/angebot\/dimmsysteme\/fensterlaeden\/alu-harmo-laeden\/#breadcrumb\",\"itemListElement\":[{\"@type\":\"ListItem\",\"position\":1,\"name\":\"Po\u010detna stranica\",\"item\":\"https:\/\/www.roplast.hr\/de\/\"},{\"@type\":\"ListItem\",\"position\":2,\"name\":\"Angebot\",\"item\":\"https:\/\/www.roplast.hr\/de\/ponuda\/\"},{\"@type\":\"ListItem\",\"position\":3,\"name\":\"Dimmsysteme\",\"item\":\"https:\/\/www.roplast.hr\/de\/ponuda\/sistemi-zatamnjivanja\/\"},{\"@type\":\"ListItem\",\"position\":4,\"name\":\"Fensterl\u00e4den\",\"item\":\"https:\/\/www.roplast.hr\/de\/ponuda\/sistemi-zatamnjivanja\/grilje\/\"},{\"@type\":\"ListItem\",\"position\":5,\"name\":\"ALU HARMO L\u00c4DEN\"}]},{\"@type\":\"WebSite\",\"@id\":\"https:\/\/www.roplast.hr\/de\/#website\",\"url\":\"https:\/\/www.roplast.hr\/de\/\",\"name\":\"Roplast\",\"description\":\"Izra\u0111eni za stil, stvoreni za trajnost!\",\"potentialAction\":[{\"@type\":\"SearchAction\",\"target\":{\"@type\":\"EntryPoint\",\"urlTemplate\":\"https:\/\/www.roplast.hr\/de\/?s={search_term_string}\"},\"query-input\":{\"@type\":\"PropertyValueSpecification\",\"valueRequired\":true,\"valueName\":\"search_term_string\"}}],\"inLanguage\":\"de\"}]}<\/script>\n<!-- \/ Yoast SEO plugin. -->","yoast_head_json":{"title":"ALU HARMO L\u00c4DEN - Roplast","robots":{"index":"index","follow":"follow","max-snippet":"max-snippet:-1","max-image-preview":"max-image-preview:large","max-video-preview":"max-video-preview:-1"},"canonical":"https:\/\/www.roplast.hr\/de\/angebot\/dimmsysteme\/fensterlaeden\/alu-harmo-laeden\/","og_locale":"de_DE","og_type":"article","og_title":"ALU HARMO L\u00c4DEN - Roplast","og_description":"Fassadenl\u00e4den, als eines der Verdunklungssysteme, bieten zahlreiche Vorteile. Sie sind widerstandsf\u00e4hig gegen alle Wetterbedingungen, modern im Design, stabil und einfach zu handhaben. Neben der Verdunklung erf\u00fcllen sie auch eine wichtige \u00e4sthetische Funktion und bieten zus\u00e4tzlichen Einbruchschutz f\u00fcr [&hellip;]","og_url":"https:\/\/www.roplast.hr\/de\/angebot\/dimmsysteme\/fensterlaeden\/alu-harmo-laeden\/","og_site_name":"Roplast","article_modified_time":"2024-12-27T06:53:24+00:00","og_image":[{"width":766,"height":875,"url":"https:\/\/www.roplast.hr\/wp-content\/uploads\/2024\/09\/26_91-1.png","type":"image\/png"}],"twitter_card":"summary_large_image","twitter_misc":{"Gesch\u00e4tzte Lesezeit":"1\u00a0Minute"},"schema":{"@context":"https:\/\/schema.org","@graph":[{"@type":"WebPage","@id":"https:\/\/www.roplast.hr\/de\/angebot\/dimmsysteme\/fensterlaeden\/alu-harmo-laeden\/","url":"https:\/\/www.roplast.hr\/de\/angebot\/dimmsysteme\/fensterlaeden\/alu-harmo-laeden\/","name":"ALU HARMO L\u00c4DEN - Roplast","isPartOf":{"@id":"https:\/\/www.roplast.hr\/de\/#website"},"primaryImageOfPage":{"@id":"https:\/\/www.roplast.hr\/de\/angebot\/dimmsysteme\/fensterlaeden\/alu-harmo-laeden\/#primaryimage"},"image":{"@id":"https:\/\/www.roplast.hr\/de\/angebot\/dimmsysteme\/fensterlaeden\/alu-harmo-laeden\/#primaryimage"},"thumbnailUrl":"https:\/\/www.roplast.hr\/wp-content\/uploads\/2024\/09\/26_91-1.png","datePublished":"2024-10-15T19:12:16+00:00","dateModified":"2024-12-27T06:53:24+00:00","breadcrumb":{"@id":"https:\/\/www.roplast.hr\/de\/angebot\/dimmsysteme\/fensterlaeden\/alu-harmo-laeden\/#breadcrumb"},"inLanguage":"de","potentialAction":[{"@type":"ReadAction","target":["https:\/\/www.roplast.hr\/de\/angebot\/dimmsysteme\/fensterlaeden\/alu-harmo-laeden\/"]}]},{"@type":"ImageObject","inLanguage":"de","@id":"https:\/\/www.roplast.hr\/de\/angebot\/dimmsysteme\/fensterlaeden\/alu-harmo-laeden\/#primaryimage","url":"https:\/\/www.roplast.hr\/wp-content\/uploads\/2024\/09\/26_91-1.png","contentUrl":"https:\/\/www.roplast.hr\/wp-content\/uploads\/2024\/09\/26_91-1.png","width":766,"height":875},{"@type":"BreadcrumbList","@id":"https:\/\/www.roplast.hr\/de\/angebot\/dimmsysteme\/fensterlaeden\/alu-harmo-laeden\/#breadcrumb","itemListElement":[{"@type":"ListItem","position":1,"name":"Po\u010detna stranica","item":"https:\/\/www.roplast.hr\/de\/"},{"@type":"ListItem","position":2,"name":"Angebot","item":"https:\/\/www.roplast.hr\/de\/ponuda\/"},{"@type":"ListItem","position":3,"name":"Dimmsysteme","item":"https:\/\/www.roplast.hr\/de\/ponuda\/sistemi-zatamnjivanja\/"},{"@type":"ListItem","position":4,"name":"Fensterl\u00e4den","item":"https:\/\/www.roplast.hr\/de\/ponuda\/sistemi-zatamnjivanja\/grilje\/"},{"@type":"ListItem","position":5,"name":"ALU HARMO L\u00c4DEN"}]},{"@type":"WebSite","@id":"https:\/\/www.roplast.hr\/de\/#website","url":"https:\/\/www.roplast.hr\/de\/","name":"Roplast","description":"Izra\u0111eni za stil, stvoreni za trajnost!","potentialAction":[{"@type":"SearchAction","target":{"@type":"EntryPoint","urlTemplate":"https:\/\/www.roplast.hr\/de\/?s={search_term_string}"},"query-input":{"@type":"PropertyValueSpecification","valueRequired":true,"valueName":"search_term_string"}}],"inLanguage":"de"}]}},"_links":{"self":[{"href":"https:\/\/www.roplast.hr\/de\/wp-json\/wp\/v2\/pages\/11483","targetHints":{"allow":["GET"]}}],"collection":[{"href":"https:\/\/www.roplast.hr\/de\/wp-json\/wp\/v2\/pages"}],"about":[{"href":"https:\/\/www.roplast.hr\/de\/wp-json\/wp\/v2\/types\/page"}],"author":[{"embeddable":true,"href":"https:\/\/www.roplast.hr\/de\/wp-json\/wp\/v2\/users\/1"}],"replies":[{"embeddable":true,"href":"https:\/\/www.roplast.hr\/de\/wp-json\/wp\/v2\/comments?post=11483"}],"version-history":[{"count":2,"href":"https:\/\/www.roplast.hr\/de\/wp-json\/wp\/v2\/pages\/11483\/revisions"}],"predecessor-version":[{"id":11494,"href":"https:\/\/www.roplast.hr\/de\/wp-json\/wp\/v2\/pages\/11483\/revisions\/11494"}],"up":[{"embeddable":true,"href":"https:\/\/www.roplast.hr\/de\/wp-json\/wp\/v2\/pages\/11491"}],"wp:featuredmedia":[{"embeddable":true,"href":"https:\/\/www.roplast.hr\/de\/wp-json\/wp\/v2\/media\/6533"}],"wp:attachment":[{"href":"https:\/\/www.roplast.hr\/de\/wp-json\/wp\/v2\/media?parent=11483"}],"curies":[{"name":"wp","href":"https:\/\/api.w.org\/{rel}","templated":true}]}}