{"id":11491,"date":"2024-10-15T17:23:22","date_gmt":"2024-10-15T17:23:22","guid":{"rendered":"https:\/\/www.roplast.hr\/fensterlaeden\/"},"modified":"2025-01-16T10:03:15","modified_gmt":"2025-01-16T10:03:15","slug":"fensterlaeden","status":"publish","type":"page","link":"https:\/\/www.roplast.hr\/de\/angebot\/dimmsysteme\/fensterlaeden\/","title":{"rendered":"Fensterl\u00e4den"},"content":{"rendered":"\t\t<div data-elementor-type=\"wp-post\" data-elementor-id=\"11491\" class=\"elementor elementor-11491 elementor-8546\">\n\t\t\t\t<div class=\"elementor-element elementor-element-00a6ef8 e-flex e-con-boxed e-con e-parent\" data-id=\"00a6ef8\" data-element_type=\"container\">\n\t\t\t\t\t<div class=\"e-con-inner\">\n\t\t\t\t<div class=\"elementor-element elementor-element-9c9c54d elementor-widget elementor-widget-text-editor\" data-id=\"9c9c54d\" data-element_type=\"widget\" data-widget_type=\"text-editor.default\">\n\t\t\t\t<div class=\"elementor-widget-container\">\n\t\t\t\t\t\t\t\t\t<p><span style=\"font-family: 'Work Sans'; font-size: 13px; font-style: normal; font-variant-ligatures: normal; font-variant-caps: normal; font-weight: 400;\">ROPLAST bietet eine breite Palette an Verdunklungssystemen, die ideal f\u00fcr alle Arten von Geb\u00e4uden sind, von Wohnh\u00e4usern bis hin zu Gesch\u00e4ftsgeb\u00e4uden. Im Angebot befinden sich Produkte von h\u00f6chster Qualit\u00e4t, darunter Rolll\u00e4den, Jalousien, Lamellen und andere innovative Systeme, die perfekten Sonnenschutz und Privatsph\u00e4re bieten. Vielseitige Modelle erm\u00f6glichen die Anpassung an unterschiedliche Bed\u00fcrfnisse und \u00e4sthetische Vorlieben, w\u00e4hrend das moderne Design Langlebigkeit und Funktionalit\u00e4t gew\u00e4hrleistet. Unabh\u00e4ngig von der Art des Geb\u00e4udes garantiert ROPLAST L\u00f6sungen, die h\u00f6chsten Qualit\u00e4ts- und \u00e4sthetischen Standards entsprechen.<\/span><\/p>\n\t\t\t\t\t\t\t\t<\/div>\n\t\t\t\t<\/div>\n\t\t\t\t\t<\/div>\n\t\t\t\t<\/div>\n\t\t<div class=\"elementor-element elementor-element-e8ed6fd e-flex e-con-boxed e-con e-parent\" data-id=\"e8ed6fd\" data-element_type=\"container\">\n\t\t\t\t\t<div class=\"e-con-inner\">\n\t\t<div class=\"elementor-element elementor-element-a1a2a7b e-con-full e-flex e-con e-child\" data-id=\"a1a2a7b\" data-element_type=\"container\" data-settings=\"{&quot;background_background&quot;:&quot;classic&quot;}\">\n\t\t\t\t<div class=\"elementor-element elementor-element-4084061 banner_content_hover2 elementor-widget elementor-widget-lastudio-banner\" data-id=\"4084061\" data-element_type=\"widget\" data-widget_type=\"lastudio-banner.default\">\n\t\t\t\t<div class=\"elementor-widget-container\">\n\t\t\t\t\t<figure class=\"lastudio-banner la-lazyload-image lastudio-effect-none image-custom-height\" data-background-image=\"https:\/\/www.roplast.hr\/wp-content\/uploads\/2024\/10\/JPG.jpg\"><div class=\"lastudio-banner__overlay\"><\/div><img loading=\"lazy\" decoding=\"async\" src=\"data:image\/gif;base64,R0lGODlhAQABAIAAAP\/\/\/wAAACH5BAEAAAAALAAAAAABAAEAAAICRAEAOw==\" data-src=\"https:\/\/www.roplast.hr\/wp-content\/uploads\/2024\/10\/JPG.jpg\" alt=\"\" loading=\"lazy\" class=\"la-lazyload-image lastudio-banner__img\" width=\"918\" height=\"1224\" srcset=\"data:image\/gif;base64,R0lGODlhAQABAIAAAP\/\/\/wAAACH5BAEAAAAALAAAAAABAAEAAAICRAEAOw==\"><figcaption class=\"lastudio-banner__content\"><div class=\"lastudio-banner__content-wrap\"><h5 class=\"lastudio-banner__title\">ALU ROPLAST L\u00c4DEN<\/h5><\/div><a href=\"https:\/\/www.roplast.hr\/de\/angebot\/dimmsysteme\/fensterlaeden\/alu-roplast-laeden\/\" class=\"lastudio-banner__link\"><span class=\"hidden\">ALU ROPLAST L\u00c4DEN<\/span><\/a><\/figcaption><\/figure>\t\t\t\t<\/div>\n\t\t\t\t<\/div>\n\t\t\t\t<\/div>\n\t\t\t\t<div class=\"elementor-element elementor-element-a319470 banner_content_hover2 elementor-widget elementor-widget-lastudio-banner\" data-id=\"a319470\" data-element_type=\"widget\" data-widget_type=\"lastudio-banner.default\">\n\t\t\t\t<div class=\"elementor-widget-container\">\n\t\t\t\t\t<figure class=\"lastudio-banner la-lazyload-image lastudio-effect-none image-custom-height\" data-background-image=\"https:\/\/www.roplast.hr\/wp-content\/uploads\/2024\/10\/3-1.jpg\"><div class=\"lastudio-banner__overlay\"><\/div><img loading=\"lazy\" decoding=\"async\" src=\"data:image\/gif;base64,R0lGODlhAQABAIAAAP\/\/\/wAAACH5BAEAAAAALAAAAAABAAEAAAICRAEAOw==\" data-src=\"https:\/\/www.roplast.hr\/wp-content\/uploads\/2024\/10\/3-1.jpg\" alt=\"\" loading=\"lazy\" class=\"la-lazyload-image lastudio-banner__img\" width=\"720\" height=\"960\" srcset=\"data:image\/gif;base64,R0lGODlhAQABAIAAAP\/\/\/wAAACH5BAEAAAAALAAAAAABAAEAAAICRAEAOw==\"><figcaption class=\"lastudio-banner__content\"><div class=\"lastudio-banner__content-wrap\"><h5 class=\"lastudio-banner__title\">PVC GRILJA<\/h5><\/div><a href=\"https:\/\/www.roplast.hr\/ponuda\/sistemi-zatamnjivanja\/grilje\/pvc-grilja\/\" class=\"lastudio-banner__link\"><span class=\"hidden\">PVC GRILJA<\/span><\/a><\/figcaption><\/figure>\t\t\t\t<\/div>\n\t\t\t\t<\/div>\n\t\t<div class=\"elementor-element elementor-element-9d6e3ef e-con-full e-flex e-con e-child\" data-id=\"9d6e3ef\" data-element_type=\"container\">\n\t\t\t\t<div class=\"elementor-element elementor-element-bc15076 banner_content_hover2 elementor-widget elementor-widget-lastudio-banner\" data-id=\"bc15076\" data-element_type=\"widget\" data-widget_type=\"lastudio-banner.default\">\n\t\t\t\t<div class=\"elementor-widget-container\">\n\t\t\t\t\t<figure class=\"lastudio-banner la-lazyload-image lastudio-effect-none image-custom-height\" data-background-image=\"https:\/\/www.roplast.hr\/wp-content\/uploads\/2024\/10\/45v_630x630.jpg\"><div class=\"lastudio-banner__overlay\"><\/div><img loading=\"lazy\" decoding=\"async\" src=\"data:image\/gif;base64,R0lGODlhAQABAIAAAP\/\/\/wAAACH5BAEAAAAALAAAAAABAAEAAAICRAEAOw==\" data-src=\"https:\/\/www.roplast.hr\/wp-content\/uploads\/2024\/10\/45v_630x630.jpg\" alt=\"\" loading=\"lazy\" class=\"la-lazyload-image lastudio-banner__img\" width=\"630\" height=\"630\" srcset=\"data:image\/gif;base64,R0lGODlhAQABAIAAAP\/\/\/wAAACH5BAEAAAAALAAAAAABAAEAAAICRAEAOw==\"><figcaption class=\"lastudio-banner__content\"><div class=\"lastudio-banner__content-wrap\"><h5 class=\"lastudio-banner__title\">ALU HARMO L\u00c4DEN<\/h5><\/div><a href=\"https:\/\/www.roplast.hr\/de\/angebot\/dimmsysteme\/fensterlaeden\/alu-harmo-laeden\/\" class=\"lastudio-banner__link\"><span class=\"hidden\">ALU HARMO L\u00c4DEN<\/span><\/a><\/figcaption><\/figure>\t\t\t\t<\/div>\n\t\t\t\t<\/div>\n\t\t\t\t<\/div>\n\t\t<div class=\"elementor-element elementor-element-85ff68c e-con-full e-flex e-con e-child\" data-id=\"85ff68c\" data-element_type=\"container\">\n\t\t\t\t<div class=\"elementor-element elementor-element-2ee3c27 banner_content_hover2 elementor-widget elementor-widget-lastudio-banner\" data-id=\"2ee3c27\" data-element_type=\"widget\" data-widget_type=\"lastudio-banner.default\">\n\t\t\t\t<div class=\"elementor-widget-container\">\n\t\t\t\t\t<figure class=\"lastudio-banner la-lazyload-image lastudio-effect-none image-custom-height\" data-background-image=\"https:\/\/www.roplast.hr\/wp-content\/uploads\/2024\/10\/ALU-GRILJE-22.jpg\"><div class=\"lastudio-banner__overlay\"><\/div><img loading=\"lazy\" decoding=\"async\" src=\"data:image\/gif;base64,R0lGODlhAQABAIAAAP\/\/\/wAAACH5BAEAAAAALAAAAAABAAEAAAICRAEAOw==\" data-src=\"https:\/\/www.roplast.hr\/wp-content\/uploads\/2024\/10\/ALU-GRILJE-22.jpg\" alt=\"\" loading=\"lazy\" class=\"la-lazyload-image lastudio-banner__img\" width=\"1024\" height=\"768\" srcset=\"data:image\/gif;base64,R0lGODlhAQABAIAAAP\/\/\/wAAACH5BAEAAAAALAAAAAABAAEAAAICRAEAOw==\"><figcaption class=\"lastudio-banner__content\"><div class=\"lastudio-banner__content-wrap\"><h5 class=\"lastudio-banner__title\">ALU FASSADEN-L\u00c4DEN<\/h5><\/div><a href=\"https:\/\/www.roplast.hr\/de\/angebot\/dimmsysteme\/fensterlaeden\/alu-fassadenlaeden\/\" class=\"lastudio-banner__link\"><span class=\"hidden\">ALU FASSADEN-L\u00c4DEN<\/span><\/a><\/figcaption><\/figure>\t\t\t\t<\/div>\n\t\t\t\t<\/div>\n\t\t\t\t<\/div>\n\t\t<div class=\"elementor-element elementor-element-d9e43d3 e-con-full e-flex e-con e-child\" data-id=\"d9e43d3\" data-element_type=\"container\">\n\t\t\t\t<div class=\"elementor-element elementor-element-9c713c9 banner_content_hover2 elementor-widget elementor-widget-lastudio-banner\" data-id=\"9c713c9\" data-element_type=\"widget\" data-widget_type=\"lastudio-banner.default\">\n\t\t\t\t<div class=\"elementor-widget-container\">\n\t\t\t\t\t<figure class=\"lastudio-banner la-lazyload-image lastudio-effect-none image-custom-height\" data-background-image=\"https:\/\/www.roplast.hr\/wp-content\/uploads\/2024\/10\/ALU-GRILJE-17.jpg\"><div class=\"lastudio-banner__overlay\"><\/div><img loading=\"lazy\" decoding=\"async\" src=\"data:image\/gif;base64,R0lGODlhAQABAIAAAP\/\/\/wAAACH5BAEAAAAALAAAAAABAAEAAAICRAEAOw==\" data-src=\"https:\/\/www.roplast.hr\/wp-content\/uploads\/2024\/10\/ALU-GRILJE-17.jpg\" alt=\"\" loading=\"lazy\" class=\"la-lazyload-image lastudio-banner__img\" width=\"1024\" height=\"1820\" srcset=\"data:image\/gif;base64,R0lGODlhAQABAIAAAP\/\/\/wAAACH5BAEAAAAALAAAAAABAAEAAAICRAEAOw==\"><figcaption class=\"lastudio-banner__content\"><div class=\"lastudio-banner__content-wrap\"><h5 class=\"lastudio-banner__title\">ALU-L\u00c4DEN AUF STEIN-BESCHLAG<\/h5><\/div><a href=\"https:\/\/www.roplast.hr\/de\/angebot\/dimmsysteme\/fensterlaeden\/alu-laeden-auf-steinbeschlag\/\" class=\"lastudio-banner__link\"><span class=\"hidden\">ALU-L\u00c4DEN AUF STEIN-BESCHLAG<\/span><\/a><\/figcaption><\/figure>\t\t\t\t<\/div>\n\t\t\t\t<\/div>\n\t\t\t\t<\/div>\n\t\t<div class=\"elementor-element elementor-element-b891f7f e-con-full e-flex e-con e-child\" data-id=\"b891f7f\" data-element_type=\"container\">\n\t\t\t\t<div class=\"elementor-element elementor-element-79e6edc banner_content_hover2 elementor-widget elementor-widget-lastudio-banner\" data-id=\"79e6edc\" data-element_type=\"widget\" data-widget_type=\"lastudio-banner.default\">\n\t\t\t\t<div class=\"elementor-widget-container\">\n\t\t\t\t\t<figure class=\"lastudio-banner la-lazyload-image lastudio-effect-none image-custom-height\" data-background-image=\"https:\/\/www.roplast.hr\/wp-content\/uploads\/2024\/11\/3-2.jpg\"><div class=\"lastudio-banner__overlay\"><\/div><img loading=\"lazy\" decoding=\"async\" src=\"data:image\/gif;base64,R0lGODlhAQABAIAAAP\/\/\/wAAACH5BAEAAAAALAAAAAABAAEAAAICRAEAOw==\" data-src=\"https:\/\/www.roplast.hr\/wp-content\/uploads\/2024\/11\/3-2.jpg\" alt=\"\" loading=\"lazy\" class=\"la-lazyload-image lastudio-banner__img\" width=\"720\" height=\"960\" srcset=\"data:image\/gif;base64,R0lGODlhAQABAIAAAP\/\/\/wAAACH5BAEAAAAALAAAAAABAAEAAAICRAEAOw==\"><figcaption class=\"lastudio-banner__content\"><div class=\"lastudio-banner__content-wrap\"><h5 class=\"lastudio-banner__title\">PVC L\u00c4DEN<\/h5><\/div><a href=\"https:\/\/www.roplast.hr\/de\/angebot\/dimmsysteme\/fensterlaeden\/pvc-laeden\/\" class=\"lastudio-banner__link\"><span class=\"hidden\">PVC L\u00c4DEN<\/span><\/a><\/figcaption><\/figure>\t\t\t\t<\/div>\n\t\t\t\t<\/div>\n\t\t\t\t<\/div>\n\t\t\t\t\t<\/div>\n\t\t\t\t<\/div>\n\t\t\t\t<\/div>\n\t\t","protected":false},"excerpt":{"rendered":"<p>ROPLAST bietet eine breite Palette an Verdunklungssystemen, die ideal f\u00fcr alle Arten von Geb\u00e4uden sind, von Wohnh\u00e4usern bis hin zu Gesch\u00e4ftsgeb\u00e4uden. Im Angebot befinden sich Produkte von h\u00f6chster Qualit\u00e4t, darunter Rolll\u00e4den, Jalousien, Lamellen und andere innovative Systeme, [&hellip;]<\/p>\n","protected":false},"author":1,"featured_media":0,"parent":11502,"menu_order":0,"comment_status":"closed","ping_status":"closed","template":"","meta":{"footnotes":""},"class_list":["post-11491","page","type-page","status-publish","hentry"],"yoast_head":"<!-- This site is optimized with the Yoast SEO plugin v25.4 - https:\/\/yoast.com\/wordpress\/plugins\/seo\/ -->\n<title>Fensterl\u00e4den - Roplast<\/title>\n<meta name=\"robots\" content=\"index, follow, max-snippet:-1, max-image-preview:large, max-video-preview:-1\" \/>\n<link rel=\"canonical\" href=\"https:\/\/www.roplast.hr\/de\/angebot\/dimmsysteme\/fensterlaeden\/\" \/>\n<meta property=\"og:locale\" content=\"de_DE\" \/>\n<meta property=\"og:type\" content=\"article\" \/>\n<meta property=\"og:title\" content=\"Fensterl\u00e4den - Roplast\" \/>\n<meta property=\"og:description\" content=\"ROPLAST bietet eine breite Palette an Verdunklungssystemen, die ideal f\u00fcr alle Arten von Geb\u00e4uden sind, von Wohnh\u00e4usern bis hin zu Gesch\u00e4ftsgeb\u00e4uden. Im Angebot befinden sich Produkte von h\u00f6chster Qualit\u00e4t, darunter Rolll\u00e4den, Jalousien, Lamellen und andere innovative Systeme, [&hellip;]\" \/>\n<meta property=\"og:url\" content=\"https:\/\/www.roplast.hr\/de\/angebot\/dimmsysteme\/fensterlaeden\/\" \/>\n<meta property=\"og:site_name\" content=\"Roplast\" \/>\n<meta property=\"article:modified_time\" content=\"2025-01-16T10:03:15+00:00\" \/>\n<meta name=\"twitter:card\" content=\"summary_large_image\" \/>\n<meta name=\"twitter:label1\" content=\"Gesch\u00e4tzte Lesezeit\" \/>\n\t<meta name=\"twitter:data1\" content=\"2\u00a0Minuten\" \/>\n<script type=\"application\/ld+json\" class=\"yoast-schema-graph\">{\"@context\":\"https:\/\/schema.org\",\"@graph\":[{\"@type\":\"WebPage\",\"@id\":\"https:\/\/www.roplast.hr\/de\/angebot\/dimmsysteme\/fensterlaeden\/\",\"url\":\"https:\/\/www.roplast.hr\/de\/angebot\/dimmsysteme\/fensterlaeden\/\",\"name\":\"Fensterl\u00e4den - Roplast\",\"isPartOf\":{\"@id\":\"https:\/\/www.roplast.hr\/de\/#website\"},\"datePublished\":\"2024-10-15T17:23:22+00:00\",\"dateModified\":\"2025-01-16T10:03:15+00:00\",\"breadcrumb\":{\"@id\":\"https:\/\/www.roplast.hr\/de\/angebot\/dimmsysteme\/fensterlaeden\/#breadcrumb\"},\"inLanguage\":\"de\",\"potentialAction\":[{\"@type\":\"ReadAction\",\"target\":[\"https:\/\/www.roplast.hr\/de\/angebot\/dimmsysteme\/fensterlaeden\/\"]}]},{\"@type\":\"BreadcrumbList\",\"@id\":\"https:\/\/www.roplast.hr\/de\/angebot\/dimmsysteme\/fensterlaeden\/#breadcrumb\",\"itemListElement\":[{\"@type\":\"ListItem\",\"position\":1,\"name\":\"Po\u010detna stranica\",\"item\":\"https:\/\/www.roplast.hr\/de\/\"},{\"@type\":\"ListItem\",\"position\":2,\"name\":\"Angebot\",\"item\":\"https:\/\/www.roplast.hr\/de\/ponuda\/\"},{\"@type\":\"ListItem\",\"position\":3,\"name\":\"Dimmsysteme\",\"item\":\"https:\/\/www.roplast.hr\/de\/ponuda\/sistemi-zatamnjivanja\/\"},{\"@type\":\"ListItem\",\"position\":4,\"name\":\"Fensterl\u00e4den\"}]},{\"@type\":\"WebSite\",\"@id\":\"https:\/\/www.roplast.hr\/de\/#website\",\"url\":\"https:\/\/www.roplast.hr\/de\/\",\"name\":\"Roplast\",\"description\":\"Izra\u0111eni za stil, stvoreni za trajnost!\",\"potentialAction\":[{\"@type\":\"SearchAction\",\"target\":{\"@type\":\"EntryPoint\",\"urlTemplate\":\"https:\/\/www.roplast.hr\/de\/?s={search_term_string}\"},\"query-input\":{\"@type\":\"PropertyValueSpecification\",\"valueRequired\":true,\"valueName\":\"search_term_string\"}}],\"inLanguage\":\"de\"}]}<\/script>\n<!-- \/ Yoast SEO plugin. -->","yoast_head_json":{"title":"Fensterl\u00e4den - Roplast","robots":{"index":"index","follow":"follow","max-snippet":"max-snippet:-1","max-image-preview":"max-image-preview:large","max-video-preview":"max-video-preview:-1"},"canonical":"https:\/\/www.roplast.hr\/de\/angebot\/dimmsysteme\/fensterlaeden\/","og_locale":"de_DE","og_type":"article","og_title":"Fensterl\u00e4den - Roplast","og_description":"ROPLAST bietet eine breite Palette an Verdunklungssystemen, die ideal f\u00fcr alle Arten von Geb\u00e4uden sind, von Wohnh\u00e4usern bis hin zu Gesch\u00e4ftsgeb\u00e4uden. Im Angebot befinden sich Produkte von h\u00f6chster Qualit\u00e4t, darunter Rolll\u00e4den, Jalousien, Lamellen und andere innovative Systeme, [&hellip;]","og_url":"https:\/\/www.roplast.hr\/de\/angebot\/dimmsysteme\/fensterlaeden\/","og_site_name":"Roplast","article_modified_time":"2025-01-16T10:03:15+00:00","twitter_card":"summary_large_image","twitter_misc":{"Gesch\u00e4tzte Lesezeit":"2\u00a0Minuten"},"schema":{"@context":"https:\/\/schema.org","@graph":[{"@type":"WebPage","@id":"https:\/\/www.roplast.hr\/de\/angebot\/dimmsysteme\/fensterlaeden\/","url":"https:\/\/www.roplast.hr\/de\/angebot\/dimmsysteme\/fensterlaeden\/","name":"Fensterl\u00e4den - Roplast","isPartOf":{"@id":"https:\/\/www.roplast.hr\/de\/#website"},"datePublished":"2024-10-15T17:23:22+00:00","dateModified":"2025-01-16T10:03:15+00:00","breadcrumb":{"@id":"https:\/\/www.roplast.hr\/de\/angebot\/dimmsysteme\/fensterlaeden\/#breadcrumb"},"inLanguage":"de","potentialAction":[{"@type":"ReadAction","target":["https:\/\/www.roplast.hr\/de\/angebot\/dimmsysteme\/fensterlaeden\/"]}]},{"@type":"BreadcrumbList","@id":"https:\/\/www.roplast.hr\/de\/angebot\/dimmsysteme\/fensterlaeden\/#breadcrumb","itemListElement":[{"@type":"ListItem","position":1,"name":"Po\u010detna stranica","item":"https:\/\/www.roplast.hr\/de\/"},{"@type":"ListItem","position":2,"name":"Angebot","item":"https:\/\/www.roplast.hr\/de\/ponuda\/"},{"@type":"ListItem","position":3,"name":"Dimmsysteme","item":"https:\/\/www.roplast.hr\/de\/ponuda\/sistemi-zatamnjivanja\/"},{"@type":"ListItem","position":4,"name":"Fensterl\u00e4den"}]},{"@type":"WebSite","@id":"https:\/\/www.roplast.hr\/de\/#website","url":"https:\/\/www.roplast.hr\/de\/","name":"Roplast","description":"Izra\u0111eni za stil, stvoreni za trajnost!","potentialAction":[{"@type":"SearchAction","target":{"@type":"EntryPoint","urlTemplate":"https:\/\/www.roplast.hr\/de\/?s={search_term_string}"},"query-input":{"@type":"PropertyValueSpecification","valueRequired":true,"valueName":"search_term_string"}}],"inLanguage":"de"}]}},"_links":{"self":[{"href":"https:\/\/www.roplast.hr\/de\/wp-json\/wp\/v2\/pages\/11491","targetHints":{"allow":["GET"]}}],"collection":[{"href":"https:\/\/www.roplast.hr\/de\/wp-json\/wp\/v2\/pages"}],"about":[{"href":"https:\/\/www.roplast.hr\/de\/wp-json\/wp\/v2\/types\/page"}],"author":[{"embeddable":true,"href":"https:\/\/www.roplast.hr\/de\/wp-json\/wp\/v2\/users\/1"}],"replies":[{"embeddable":true,"href":"https:\/\/www.roplast.hr\/de\/wp-json\/wp\/v2\/comments?post=11491"}],"version-history":[{"count":5,"href":"https:\/\/www.roplast.hr\/de\/wp-json\/wp\/v2\/pages\/11491\/revisions"}],"predecessor-version":[{"id":12294,"href":"https:\/\/www.roplast.hr\/de\/wp-json\/wp\/v2\/pages\/11491\/revisions\/12294"}],"up":[{"embeddable":true,"href":"https:\/\/www.roplast.hr\/de\/wp-json\/wp\/v2\/pages\/11502"}],"wp:attachment":[{"href":"https:\/\/www.roplast.hr\/de\/wp-json\/wp\/v2\/media?parent=11491"}],"curies":[{"name":"wp","href":"https:\/\/api.w.org\/{rel}","templated":true}]}}