{"id":11524,"date":"2024-10-11T04:54:13","date_gmt":"2024-10-11T04:54:13","guid":{"rendered":"https:\/\/www.roplast.hr\/angebot\/pvc-fenster-und-tuersysteme\/deceuninck-haustuer\/deceuninck-elegant\/"},"modified":"2024-12-27T08:37:54","modified_gmt":"2024-12-27T08:37:54","slug":"deceuninck-elegant","status":"publish","type":"page","link":"https:\/\/www.roplast.hr\/de\/angebot\/pvc-fenster-und-tuersysteme\/deceuninck-haustuer\/deceuninck-elegant\/","title":{"rendered":"Deceuninck ELEGANT"},"content":{"rendered":"\t\t<div data-elementor-type=\"wp-post\" data-elementor-id=\"11524\" class=\"elementor elementor-11524 elementor-7971\">\n\t\t\t\t<div class=\"elementor-element elementor-element-00a6ef8 e-flex e-con-boxed e-con e-parent\" data-id=\"00a6ef8\" data-element_type=\"container\">\n\t\t\t\t\t<div class=\"e-con-inner\">\n\t\t\t\t<div class=\"elementor-element elementor-element-9c9c54d elementor-widget elementor-widget-text-editor\" data-id=\"9c9c54d\" data-element_type=\"widget\" data-widget_type=\"text-editor.default\">\n\t\t\t\t<div class=\"elementor-widget-container\">\n\t\t\t\t\t\t\t\t\t<p>Unser Angebot an hochwertiger ROPLAST PVC-Tischlerei der renommierten Marke Deceuninck bietet au\u00dfergew\u00f6hnliche Qualit\u00e4t, modernes Design und Langlebigkeit. Wir bieten ein breites Spektrum an Produkten, darunter Fenster, T\u00fcren und Schiebesysteme, die aus hochwertigen Materialien gefertigt sind. PVC-Tischlerei bietet hervorragende Isolierung, Witterungsbest\u00e4ndigkeit und minimalen Wartungsaufwand, was sie zur idealen Wahl f\u00fcr Wohn- und Gesch\u00e4ftsgeb\u00e4ude macht. Jedes unserer Produkte wird an die spezifischen Bed\u00fcrfnisse und W\u00fcnsche unserer Kunden angepasst und bietet eine perfekte Kombination aus \u00c4sthetik und Funktionalit\u00e4t.   <\/p>\n\t\t\t\t\t\t\t\t<\/div>\n\t\t\t\t<\/div>\n\t\t\t\t\t<\/div>\n\t\t\t\t<\/div>\n\t\t<div class=\"elementor-element elementor-element-7b7d02e e-flex e-con-boxed e-con e-parent\" data-id=\"7b7d02e\" data-element_type=\"container\">\n\t\t\t\t\t<div class=\"e-con-inner\">\n\t\t<div class=\"elementor-element elementor-element-224fc19 e-con-full e-flex e-con e-child\" data-id=\"224fc19\" data-element_type=\"container\">\n\t\t\t\t<div class=\"elementor-element elementor-element-8fdcb77 elementor-widget elementor-widget-image\" data-id=\"8fdcb77\" data-element_type=\"widget\" data-widget_type=\"image.default\">\n\t\t\t\t<div class=\"elementor-widget-container\">\n\t\t\t\t\t\t\t\t\t\t\t\t\t\t\t<img fetchpriority=\"high\" decoding=\"async\" width=\"594\" height=\"446\" src=\"https:\/\/www.roplast.hr\/wp-content\/uploads\/2024\/10\/Untitled-1.jpg\" class=\"attachment-large size-large wp-image-8073\" alt=\"\" srcset=\"https:\/\/www.roplast.hr\/wp-content\/uploads\/2024\/10\/Untitled-1.jpg 594w, https:\/\/www.roplast.hr\/wp-content\/uploads\/2024\/10\/Untitled-1-300x225.jpg 300w\" sizes=\"(max-width: 594px) 100vw, 594px\" \/>\t\t\t\t\t\t\t\t\t\t\t\t\t\t\t<\/div>\n\t\t\t\t<\/div>\n\t\t\t\t<\/div>\n\t\t<div class=\"elementor-element elementor-element-6ad4b86 e-con-full e-flex e-con e-child\" data-id=\"6ad4b86\" data-element_type=\"container\">\n\t\t\t\t<div class=\"elementor-element elementor-element-424b1e0 elementor-widget elementor-widget-heading\" data-id=\"424b1e0\" data-element_type=\"widget\" data-widget_type=\"heading.default\">\n\t\t\t\t<div class=\"elementor-widget-container\">\n\t\t\t\t\t<h2 class=\"elementor-heading-title elementor-size-default\">Deceuninck ELEGANT<\/h2>\t\t\t\t<\/div>\n\t\t\t\t<\/div>\n\t\t\t\t<div class=\"elementor-element elementor-element-f51bdaa elementor-widget elementor-widget-text-editor\" data-id=\"f51bdaa\" data-element_type=\"widget\" data-widget_type=\"text-editor.default\">\n\t\t\t\t<div class=\"elementor-widget-container\">\n\t\t\t\t\t\t\t\t\t<p>Die Haust\u00fcr vermittelt den ersten und wichtigsten Eindruck des Hauses. Die Haust\u00fcren von Deceuninck er\u00f6ffnen mit ihren unterschiedlichen Designvarianten und zahlreichen Farben nahezu unbegrenzte M\u00f6glichkeiten, den Hauseingang nach Ihren W\u00fcnschen zu gestalten. Metallverst\u00e4rkte Profilecken erh\u00f6hen die Festigkeit der stabilen Rahmenkonstruktion zus\u00e4tzlich.  <\/p>\n\t\t\t\t\t\t\t\t<\/div>\n\t\t\t\t<\/div>\n\t\t\t\t<div class=\"elementor-element elementor-element-03970e2 elementor-tabs-view-horizontal elementor-widget elementor-widget-tabs\" data-id=\"03970e2\" data-element_type=\"widget\" data-widget_type=\"tabs.default\">\n\t\t\t\t<div class=\"elementor-widget-container\">\n\t\t\t\t\t\t\t<div class=\"elementor-tabs\">\n\t\t\t<div class=\"elementor-tabs-wrapper\" role=\"tablist\" >\n\t\t\t\t\t\t\t\t\t<div id=\"elementor-tab-title-3761\" class=\"elementor-tab-title elementor-tab-desktop-title\" aria-selected=\"true\" data-tab=\"1\" role=\"tab\" tabindex=\"0\" aria-controls=\"elementor-tab-content-3761\" aria-expanded=\"false\">Beschreibung<\/div>\n\t\t\t\t\t\t\t\t\t<div id=\"elementor-tab-title-3762\" class=\"elementor-tab-title elementor-tab-desktop-title\" aria-selected=\"false\" data-tab=\"2\" role=\"tab\" tabindex=\"-1\" aria-controls=\"elementor-tab-content-3762\" aria-expanded=\"false\">Eigenschaften<\/div>\n\t\t\t\t\t\t\t\t\t<div id=\"elementor-tab-title-3763\" class=\"elementor-tab-title elementor-tab-desktop-title\" aria-selected=\"false\" data-tab=\"3\" role=\"tab\" tabindex=\"-1\" aria-controls=\"elementor-tab-content-3763\" aria-expanded=\"false\">Kataloge<\/div>\n\t\t\t\t\t\t\t\t\t<div id=\"elementor-tab-title-3764\" class=\"elementor-tab-title elementor-tab-desktop-title\" aria-selected=\"false\" data-tab=\"4\" role=\"tab\" tabindex=\"-1\" aria-controls=\"elementor-tab-content-3764\" aria-expanded=\"false\">FOTO<\/div>\n\t\t\t\t\t\t\t<\/div>\n\t\t\t<div class=\"elementor-tabs-content-wrapper\" role=\"tablist\" aria-orientation=\"vertical\">\n\t\t\t\t\t\t\t\t\t<div class=\"elementor-tab-title elementor-tab-mobile-title\" aria-selected=\"true\" data-tab=\"1\" role=\"tab\" tabindex=\"0\" aria-controls=\"elementor-tab-content-3761\" aria-expanded=\"false\">Beschreibung<\/div>\n\t\t\t\t\t<div id=\"elementor-tab-content-3761\" class=\"elementor-tab-content elementor-clearfix\" data-tab=\"1\" role=\"tabpanel\" aria-labelledby=\"elementor-tab-title-3761\" tabindex=\"0\" hidden=\"false\"><p>Die Haust\u00fcr ist das kreative Zentrum jedes Eingangsbereichs. Je nach Architektur und individuellen W\u00fcnschen <strong>pr\u00e4gen PVC-Eingangst\u00fcren<\/strong> das Erscheinungsbild des Geb\u00e4udes und sind das Erste, was Mietern und G\u00e4sten ins Auge f\u00e4llt. <\/p>\n<p>Deshalb ist es entscheidend, dass das Haust\u00fcrsystem alle Ihre Erwartungen erf\u00fcllt:<\/p>\n<ul>\n<li>individuelle Gestaltungsm\u00f6glichkeiten<\/li>\n<li>anspruchsvolles Design<\/li>\n<li>optimaler Schutz vor Witterungseinfl\u00fcssen und L\u00e4rm <\/li>\n<li>hohe Stabilit\u00e4t, Langlebigkeit und Einbruchschutz <\/li>\n<li>hervorragende W\u00e4rmed\u00e4mmwerte <\/li>\n<\/ul>\n<p>Ebenso wichtig ist die Qualit\u00e4t der Materialien und der Verarbeitung. Da die Haust\u00fcr ganz besonderen Anforderungen ausgesetzt ist, muss sie einwandfrei funktionieren.<br \/>Das alles bieten <strong>unsere PVC-Haust\u00fcren<\/strong> bei hohem Qualit\u00e4tsanspruch und individuellen Gestaltungsm\u00f6glichkeiten. <\/p>\n<p>Sie sind in verschiedenen Formen, Verarbeitungs- und Farbvarianten erh\u00e4ltlich. Sie k\u00f6nnen mit allen erh\u00e4ltlichen Kunststoff-, Glas- und Aluminiumf\u00fcllungen ausgestattet werden und setzen in allen Neubauten einen eleganten Akzent, gleichzeitig lassen sie sich durch verschiedene Montagem\u00f6glichkeiten problemlos in die Fassaden von Altbauten integrieren. <\/p>\n<\/div>\n\t\t\t\t\t\t\t\t\t<div class=\"elementor-tab-title elementor-tab-mobile-title\" aria-selected=\"false\" data-tab=\"2\" role=\"tab\" tabindex=\"-1\" aria-controls=\"elementor-tab-content-3762\" aria-expanded=\"false\">Eigenschaften<\/div>\n\t\t\t\t\t<div id=\"elementor-tab-content-3762\" class=\"elementor-tab-content elementor-clearfix\" data-tab=\"2\" role=\"tabpanel\" aria-labelledby=\"elementor-tab-title-3762\" tabindex=\"0\" hidden=\"hidden\"><ul>\n<li>Mit Eckverbindungen aus Metall kann die Festigkeit der stabilen Konstruktion noch weiter erh\u00f6ht werden.<\/li>\n<li>Ausgestattet mit Mehrfachverriegelungen und Spezialverbindern erm\u00f6glichen sie einen sehr hohen Einbruchschutz gem\u00e4\u00df DIN-ENV 1627<\/li>\n<li>Alle unsere PVC-Eingangst\u00fcren erf\u00fcllen die Kriterien der aktuellen Energieeinsparverordnung EnEV 2014<\/li>\n<li>Barrierefreies Wohnen: Die universell einsetzbare 20-mm-Aluminiumschwelle verringert die Sturzgefahr und erm\u00f6glicht durch ihre flache Bauweise barrierefreies Wohnen.<\/li>\n<li>Beste W\u00e4rmed\u00e4mmung ist m\u00f6glich<\/li>\n<\/ul>\n<\/div>\n\t\t\t\t\t\t\t\t\t<div class=\"elementor-tab-title elementor-tab-mobile-title\" aria-selected=\"false\" data-tab=\"3\" role=\"tab\" tabindex=\"-1\" aria-controls=\"elementor-tab-content-3763\" aria-expanded=\"false\">Kataloge<\/div>\n\t\t\t\t\t<div id=\"elementor-tab-content-3763\" class=\"elementor-tab-content elementor-clearfix\" data-tab=\"3\" role=\"tabpanel\" aria-labelledby=\"elementor-tab-title-3763\" tabindex=\"0\" hidden=\"hidden\"><ul>\n<li><a href=\"https:\/\/www.roplast.hr\/wp-content\/uploads\/2024\/10\/Elegant-ulazna-vrata.pdf\" target=\"_blank\" rel=\"noopener\">Elegante Haust\u00fcr<\/a><\/li>\n<\/ul>\n<\/div>\n\t\t\t\t\t\t\t\t\t<div class=\"elementor-tab-title elementor-tab-mobile-title\" aria-selected=\"false\" data-tab=\"4\" role=\"tab\" tabindex=\"-1\" aria-controls=\"elementor-tab-content-3764\" aria-expanded=\"false\">FOTO<\/div>\n\t\t\t\t\t<div id=\"elementor-tab-content-3764\" class=\"elementor-tab-content elementor-clearfix\" data-tab=\"4\" role=\"tabpanel\" aria-labelledby=\"elementor-tab-title-3764\" tabindex=\"0\" hidden=\"hidden\">\n\t\t<style type=\"text\/css\">\n\t\t\t#gallery-1 {\n\t\t\t\tmargin: auto;\n\t\t\t}\n\t\t\t#gallery-1 .gallery-item {\n\t\t\t\tfloat: left;\n\t\t\t\tmargin-top: 10px;\n\t\t\t\ttext-align: center;\n\t\t\t\twidth: 33%;\n\t\t\t}\n\t\t\t#gallery-1 img {\n\t\t\t\tborder: 2px solid #cfcfcf;\n\t\t\t}\n\t\t\t#gallery-1 .gallery-caption {\n\t\t\t\tmargin-left: 0;\n\t\t\t}\n\t\t\t\/* see gallery_shortcode() in wp-includes\/media.php *\/\n\t\t<\/style>\n\t\t<div id='gallery-1' class='gallery galleryid-11524 gallery-columns-3 gallery-size-medium'><dl class='gallery-item'>\n\t\t\t<dt class='gallery-icon landscape'>\n\t\t\t\t<a href='https:\/\/www.roplast.hr\/wp-content\/uploads\/2024\/10\/Untitled-1.jpg'><img decoding=\"async\" width=\"300\" height=\"225\" src=\"https:\/\/www.roplast.hr\/wp-content\/uploads\/2024\/10\/Untitled-1-300x225.jpg\" class=\"attachment-medium size-medium\" alt=\"\" srcset=\"https:\/\/www.roplast.hr\/wp-content\/uploads\/2024\/10\/Untitled-1-300x225.jpg 300w, https:\/\/www.roplast.hr\/wp-content\/uploads\/2024\/10\/Untitled-1.jpg 594w\" sizes=\"(max-width: 300px) 100vw, 300px\" \/><\/a>\n\t\t\t<\/dt><\/dl>\n\t\t\t<br style='clear: both' \/>\n\t\t<\/div>\n\n<\/div>\n\t\t\t\t\t\t\t<\/div>\n\t\t<\/div>\n\t\t\t\t\t\t<\/div>\n\t\t\t\t<\/div>\n\t\t\t\t<div class=\"elementor-element elementor-element-6776e61 elementor-widget elementor-widget-heading\" data-id=\"6776e61\" data-element_type=\"widget\" data-widget_type=\"heading.default\">\n\t\t\t\t<div class=\"elementor-widget-container\">\n\t\t\t\t\t<h6 class=\"elementor-heading-title elementor-size-default\">Interessieren Sie sich f\u00fcr weitere Informationen \u00fcber dieses Produkt?<\/h6>\t\t\t\t<\/div>\n\t\t\t\t<\/div>\n\t\t\t\t<div class=\"elementor-element elementor-element-2ea8dba elementor-align-left elementor-widget elementor-widget-button\" data-id=\"2ea8dba\" data-element_type=\"widget\" data-widget_type=\"button.default\">\n\t\t\t\t<div class=\"elementor-widget-container\">\n\t\t\t\t\t\t\t\t\t<div class=\"elementor-button-wrapper\">\n\t\t\t\t\t<a class=\"elementor-button elementor-button-link elementor-size-sm\" href=\"https:\/\/www.roplast.hr\/kontakt\/\">\n\t\t\t\t\t\t<span class=\"elementor-button-content-wrapper\">\n\t\t\t\t\t\t\t\t\t<span class=\"elementor-button-text\">SENDEN SIE EINE ANFRAGE<\/span>\n\t\t\t\t\t<\/span>\n\t\t\t\t\t<\/a>\n\t\t\t\t<\/div>\n\t\t\t\t\t\t\t\t<\/div>\n\t\t\t\t<\/div>\n\t\t\t\t<\/div>\n\t\t\t\t\t<\/div>\n\t\t\t\t<\/div>\n\t\t\t\t<\/div>\n\t\t","protected":false},"excerpt":{"rendered":"<p>Unser Angebot an hochwertiger ROPLAST PVC-Tischlerei der renommierten Marke Deceuninck bietet au\u00dfergew\u00f6hnliche Qualit\u00e4t, modernes Design und Langlebigkeit. Wir bieten ein breites Spektrum an Produkten, darunter Fenster, T\u00fcren und Schiebesysteme, die aus hochwertigen Materialien gefertigt sind. PVC-Tischlerei bietet [&hellip;]<\/p>\n","protected":false},"author":1,"featured_media":7974,"parent":11500,"menu_order":0,"comment_status":"closed","ping_status":"closed","template":"","meta":{"footnotes":""},"class_list":["post-11524","page","type-page","status-publish","has-post-thumbnail","hentry"],"yoast_head":"<!-- This site is optimized with the Yoast SEO plugin v25.4 - https:\/\/yoast.com\/wordpress\/plugins\/seo\/ -->\n<title>Deceuninck ELEGANT - Roplast<\/title>\n<meta name=\"robots\" content=\"index, follow, max-snippet:-1, max-image-preview:large, max-video-preview:-1\" \/>\n<link rel=\"canonical\" href=\"https:\/\/www.roplast.hr\/de\/angebot\/pvc-fenster-und-tuersysteme\/deceuninck-haustuer\/deceuninck-elegant\/\" \/>\n<meta property=\"og:locale\" content=\"de_DE\" \/>\n<meta property=\"og:type\" content=\"article\" \/>\n<meta property=\"og:title\" content=\"Deceuninck ELEGANT - Roplast\" \/>\n<meta property=\"og:description\" content=\"Unser Angebot an hochwertiger ROPLAST PVC-Tischlerei der renommierten Marke Deceuninck bietet au\u00dfergew\u00f6hnliche Qualit\u00e4t, modernes Design und Langlebigkeit. Wir bieten ein breites Spektrum an Produkten, darunter Fenster, T\u00fcren und Schiebesysteme, die aus hochwertigen Materialien gefertigt sind. PVC-Tischlerei bietet [&hellip;]\" \/>\n<meta property=\"og:url\" content=\"https:\/\/www.roplast.hr\/de\/angebot\/pvc-fenster-und-tuersysteme\/deceuninck-haustuer\/deceuninck-elegant\/\" \/>\n<meta property=\"og:site_name\" content=\"Roplast\" \/>\n<meta property=\"article:modified_time\" content=\"2024-12-27T08:37:54+00:00\" \/>\n<meta property=\"og:image\" content=\"https:\/\/www.roplast.hr\/wp-content\/uploads\/2024\/10\/Large-Elegant-Infinity-76-1.jpg\" \/>\n\t<meta property=\"og:image:width\" content=\"1600\" \/>\n\t<meta property=\"og:image:height\" content=\"1200\" \/>\n\t<meta property=\"og:image:type\" content=\"image\/jpeg\" \/>\n<meta name=\"twitter:card\" content=\"summary_large_image\" \/>\n<meta name=\"twitter:label1\" content=\"Gesch\u00e4tzte Lesezeit\" \/>\n\t<meta name=\"twitter:data1\" content=\"2\u00a0Minuten\" \/>\n<script type=\"application\/ld+json\" class=\"yoast-schema-graph\">{\"@context\":\"https:\/\/schema.org\",\"@graph\":[{\"@type\":\"WebPage\",\"@id\":\"https:\/\/www.roplast.hr\/de\/angebot\/pvc-fenster-und-tuersysteme\/deceuninck-haustuer\/deceuninck-elegant\/\",\"url\":\"https:\/\/www.roplast.hr\/de\/angebot\/pvc-fenster-und-tuersysteme\/deceuninck-haustuer\/deceuninck-elegant\/\",\"name\":\"Deceuninck ELEGANT - Roplast\",\"isPartOf\":{\"@id\":\"https:\/\/www.roplast.hr\/de\/#website\"},\"primaryImageOfPage\":{\"@id\":\"https:\/\/www.roplast.hr\/de\/angebot\/pvc-fenster-und-tuersysteme\/deceuninck-haustuer\/deceuninck-elegant\/#primaryimage\"},\"image\":{\"@id\":\"https:\/\/www.roplast.hr\/de\/angebot\/pvc-fenster-und-tuersysteme\/deceuninck-haustuer\/deceuninck-elegant\/#primaryimage\"},\"thumbnailUrl\":\"https:\/\/www.roplast.hr\/wp-content\/uploads\/2024\/10\/Large-Elegant-Infinity-76-1.jpg\",\"datePublished\":\"2024-10-11T04:54:13+00:00\",\"dateModified\":\"2024-12-27T08:37:54+00:00\",\"breadcrumb\":{\"@id\":\"https:\/\/www.roplast.hr\/de\/angebot\/pvc-fenster-und-tuersysteme\/deceuninck-haustuer\/deceuninck-elegant\/#breadcrumb\"},\"inLanguage\":\"de\",\"potentialAction\":[{\"@type\":\"ReadAction\",\"target\":[\"https:\/\/www.roplast.hr\/de\/angebot\/pvc-fenster-und-tuersysteme\/deceuninck-haustuer\/deceuninck-elegant\/\"]}]},{\"@type\":\"ImageObject\",\"inLanguage\":\"de\",\"@id\":\"https:\/\/www.roplast.hr\/de\/angebot\/pvc-fenster-und-tuersysteme\/deceuninck-haustuer\/deceuninck-elegant\/#primaryimage\",\"url\":\"https:\/\/www.roplast.hr\/wp-content\/uploads\/2024\/10\/Large-Elegant-Infinity-76-1.jpg\",\"contentUrl\":\"https:\/\/www.roplast.hr\/wp-content\/uploads\/2024\/10\/Large-Elegant-Infinity-76-1.jpg\",\"width\":1600,\"height\":1200},{\"@type\":\"BreadcrumbList\",\"@id\":\"https:\/\/www.roplast.hr\/de\/angebot\/pvc-fenster-und-tuersysteme\/deceuninck-haustuer\/deceuninck-elegant\/#breadcrumb\",\"itemListElement\":[{\"@type\":\"ListItem\",\"position\":1,\"name\":\"Po\u010detna stranica\",\"item\":\"https:\/\/www.roplast.hr\/de\/\"},{\"@type\":\"ListItem\",\"position\":2,\"name\":\"Angebot\",\"item\":\"https:\/\/www.roplast.hr\/de\/ponuda\/\"},{\"@type\":\"ListItem\",\"position\":3,\"name\":\"PVC-Fenster- und T\u00fcrsysteme\",\"item\":\"https:\/\/www.roplast.hr\/de\/ponuda\/pvc-stolarija\/\"},{\"@type\":\"ListItem\",\"position\":4,\"name\":\"Deceuninck-Haust\u00fcr\",\"item\":\"https:\/\/www.roplast.hr\/de\/ponuda\/pvc-stolarija\/deceuninck-ulazna-vrata\/\"},{\"@type\":\"ListItem\",\"position\":5,\"name\":\"Deceuninck ELEGANT\"}]},{\"@type\":\"WebSite\",\"@id\":\"https:\/\/www.roplast.hr\/de\/#website\",\"url\":\"https:\/\/www.roplast.hr\/de\/\",\"name\":\"Roplast\",\"description\":\"Izra\u0111eni za stil, stvoreni za trajnost!\",\"potentialAction\":[{\"@type\":\"SearchAction\",\"target\":{\"@type\":\"EntryPoint\",\"urlTemplate\":\"https:\/\/www.roplast.hr\/de\/?s={search_term_string}\"},\"query-input\":{\"@type\":\"PropertyValueSpecification\",\"valueRequired\":true,\"valueName\":\"search_term_string\"}}],\"inLanguage\":\"de\"}]}<\/script>\n<!-- \/ Yoast SEO plugin. -->","yoast_head_json":{"title":"Deceuninck ELEGANT - Roplast","robots":{"index":"index","follow":"follow","max-snippet":"max-snippet:-1","max-image-preview":"max-image-preview:large","max-video-preview":"max-video-preview:-1"},"canonical":"https:\/\/www.roplast.hr\/de\/angebot\/pvc-fenster-und-tuersysteme\/deceuninck-haustuer\/deceuninck-elegant\/","og_locale":"de_DE","og_type":"article","og_title":"Deceuninck ELEGANT - Roplast","og_description":"Unser Angebot an hochwertiger ROPLAST PVC-Tischlerei der renommierten Marke Deceuninck bietet au\u00dfergew\u00f6hnliche Qualit\u00e4t, modernes Design und Langlebigkeit. Wir bieten ein breites Spektrum an Produkten, darunter Fenster, T\u00fcren und Schiebesysteme, die aus hochwertigen Materialien gefertigt sind. PVC-Tischlerei bietet [&hellip;]","og_url":"https:\/\/www.roplast.hr\/de\/angebot\/pvc-fenster-und-tuersysteme\/deceuninck-haustuer\/deceuninck-elegant\/","og_site_name":"Roplast","article_modified_time":"2024-12-27T08:37:54+00:00","og_image":[{"width":1600,"height":1200,"url":"https:\/\/www.roplast.hr\/wp-content\/uploads\/2024\/10\/Large-Elegant-Infinity-76-1.jpg","type":"image\/jpeg"}],"twitter_card":"summary_large_image","twitter_misc":{"Gesch\u00e4tzte Lesezeit":"2\u00a0Minuten"},"schema":{"@context":"https:\/\/schema.org","@graph":[{"@type":"WebPage","@id":"https:\/\/www.roplast.hr\/de\/angebot\/pvc-fenster-und-tuersysteme\/deceuninck-haustuer\/deceuninck-elegant\/","url":"https:\/\/www.roplast.hr\/de\/angebot\/pvc-fenster-und-tuersysteme\/deceuninck-haustuer\/deceuninck-elegant\/","name":"Deceuninck ELEGANT - Roplast","isPartOf":{"@id":"https:\/\/www.roplast.hr\/de\/#website"},"primaryImageOfPage":{"@id":"https:\/\/www.roplast.hr\/de\/angebot\/pvc-fenster-und-tuersysteme\/deceuninck-haustuer\/deceuninck-elegant\/#primaryimage"},"image":{"@id":"https:\/\/www.roplast.hr\/de\/angebot\/pvc-fenster-und-tuersysteme\/deceuninck-haustuer\/deceuninck-elegant\/#primaryimage"},"thumbnailUrl":"https:\/\/www.roplast.hr\/wp-content\/uploads\/2024\/10\/Large-Elegant-Infinity-76-1.jpg","datePublished":"2024-10-11T04:54:13+00:00","dateModified":"2024-12-27T08:37:54+00:00","breadcrumb":{"@id":"https:\/\/www.roplast.hr\/de\/angebot\/pvc-fenster-und-tuersysteme\/deceuninck-haustuer\/deceuninck-elegant\/#breadcrumb"},"inLanguage":"de","potentialAction":[{"@type":"ReadAction","target":["https:\/\/www.roplast.hr\/de\/angebot\/pvc-fenster-und-tuersysteme\/deceuninck-haustuer\/deceuninck-elegant\/"]}]},{"@type":"ImageObject","inLanguage":"de","@id":"https:\/\/www.roplast.hr\/de\/angebot\/pvc-fenster-und-tuersysteme\/deceuninck-haustuer\/deceuninck-elegant\/#primaryimage","url":"https:\/\/www.roplast.hr\/wp-content\/uploads\/2024\/10\/Large-Elegant-Infinity-76-1.jpg","contentUrl":"https:\/\/www.roplast.hr\/wp-content\/uploads\/2024\/10\/Large-Elegant-Infinity-76-1.jpg","width":1600,"height":1200},{"@type":"BreadcrumbList","@id":"https:\/\/www.roplast.hr\/de\/angebot\/pvc-fenster-und-tuersysteme\/deceuninck-haustuer\/deceuninck-elegant\/#breadcrumb","itemListElement":[{"@type":"ListItem","position":1,"name":"Po\u010detna stranica","item":"https:\/\/www.roplast.hr\/de\/"},{"@type":"ListItem","position":2,"name":"Angebot","item":"https:\/\/www.roplast.hr\/de\/ponuda\/"},{"@type":"ListItem","position":3,"name":"PVC-Fenster- und T\u00fcrsysteme","item":"https:\/\/www.roplast.hr\/de\/ponuda\/pvc-stolarija\/"},{"@type":"ListItem","position":4,"name":"Deceuninck-Haust\u00fcr","item":"https:\/\/www.roplast.hr\/de\/ponuda\/pvc-stolarija\/deceuninck-ulazna-vrata\/"},{"@type":"ListItem","position":5,"name":"Deceuninck ELEGANT"}]},{"@type":"WebSite","@id":"https:\/\/www.roplast.hr\/de\/#website","url":"https:\/\/www.roplast.hr\/de\/","name":"Roplast","description":"Izra\u0111eni za stil, stvoreni za trajnost!","potentialAction":[{"@type":"SearchAction","target":{"@type":"EntryPoint","urlTemplate":"https:\/\/www.roplast.hr\/de\/?s={search_term_string}"},"query-input":{"@type":"PropertyValueSpecification","valueRequired":true,"valueName":"search_term_string"}}],"inLanguage":"de"}]}},"_links":{"self":[{"href":"https:\/\/www.roplast.hr\/de\/wp-json\/wp\/v2\/pages\/11524","targetHints":{"allow":["GET"]}}],"collection":[{"href":"https:\/\/www.roplast.hr\/de\/wp-json\/wp\/v2\/pages"}],"about":[{"href":"https:\/\/www.roplast.hr\/de\/wp-json\/wp\/v2\/types\/page"}],"author":[{"embeddable":true,"href":"https:\/\/www.roplast.hr\/de\/wp-json\/wp\/v2\/users\/1"}],"replies":[{"embeddable":true,"href":"https:\/\/www.roplast.hr\/de\/wp-json\/wp\/v2\/comments?post=11524"}],"version-history":[{"count":1,"href":"https:\/\/www.roplast.hr\/de\/wp-json\/wp\/v2\/pages\/11524\/revisions"}],"predecessor-version":[{"id":11525,"href":"https:\/\/www.roplast.hr\/de\/wp-json\/wp\/v2\/pages\/11524\/revisions\/11525"}],"up":[{"embeddable":true,"href":"https:\/\/www.roplast.hr\/de\/wp-json\/wp\/v2\/pages\/11500"}],"wp:featuredmedia":[{"embeddable":true,"href":"https:\/\/www.roplast.hr\/de\/wp-json\/wp\/v2\/media\/7974"}],"wp:attachment":[{"href":"https:\/\/www.roplast.hr\/de\/wp-json\/wp\/v2\/media?parent=11524"}],"curies":[{"name":"wp","href":"https:\/\/api.w.org\/{rel}","templated":true}]}}