{"id":11552,"date":"2024-10-23T13:37:57","date_gmt":"2024-10-23T13:37:57","guid":{"rendered":"https:\/\/www.roplast.hr\/angebot\/garagentor\/sektionalgaragentor\/"},"modified":"2024-12-27T09:23:32","modified_gmt":"2024-12-27T09:23:32","slug":"sektionalgaragentor","status":"publish","type":"page","link":"https:\/\/www.roplast.hr\/de\/angebot\/garagentor\/sektionalgaragentor\/","title":{"rendered":"Sektionalgaragentor"},"content":{"rendered":"\t\t<div data-elementor-type=\"wp-post\" data-elementor-id=\"11552\" class=\"elementor elementor-11552 elementor-9573\">\n\t\t\t\t<div class=\"elementor-element elementor-element-00a6ef8 e-flex e-con-boxed e-con e-parent\" data-id=\"00a6ef8\" data-element_type=\"container\">\n\t\t\t\t\t<div class=\"e-con-inner\">\n\t\t\t\t<div class=\"elementor-element elementor-element-9c9c54d elementor-widget elementor-widget-text-editor\" data-id=\"9c9c54d\" data-element_type=\"widget\" data-widget_type=\"text-editor.default\">\n\t\t\t\t<div class=\"elementor-widget-container\">\n\t\t\t\t\t\t\t\t\t<div dir=\"ltr\">\n<div>ROPLAST bietet ein erstklassiges Garagentorsortiment, das Sicherheit, Funktionalit\u00e4t und modernes Design vereint. Unsere Garagentore bestehen aus hochwertigen Materialien, die Langlebigkeit und Witterungsbest\u00e4ndigkeit gew\u00e4hrleisten. Es werden verschiedene Modelle angeboten, darunter Sektional-, Roll- und Seitenschiebetore, angepasst an individuelle Bed\u00fcrfnisse und Abmessungen. Alle Modelle sind mit fortschrittlichen Automatisierungs- und Fernbedienungssystemen ausgestattet, die ein einfaches \u00d6ffnen und Schlie\u00dfen bei maximaler Sicherheit erm\u00f6glichen. ROPLAST-Garagentore bieten eine elegante L\u00f6sung, die sich perfekt in jedes Geb\u00e4ude einf\u00fcgt und Schutz und ein hochwertiges Erscheinungsbild bietet.    <\/div>\n<\/div>\n\t\t\t\t\t\t\t\t<\/div>\n\t\t\t\t<\/div>\n\t\t\t\t\t<\/div>\n\t\t\t\t<\/div>\n\t\t<div class=\"elementor-element elementor-element-7b7d02e e-flex e-con-boxed e-con e-parent\" data-id=\"7b7d02e\" data-element_type=\"container\">\n\t\t\t\t\t<div class=\"e-con-inner\">\n\t\t<div class=\"elementor-element elementor-element-224fc19 e-con-full e-flex e-con e-child\" data-id=\"224fc19\" data-element_type=\"container\">\n\t\t\t\t<div class=\"elementor-element elementor-element-8fdcb77 elementor-widget elementor-widget-image\" data-id=\"8fdcb77\" data-element_type=\"widget\" data-widget_type=\"image.default\">\n\t\t\t\t<div class=\"elementor-widget-container\">\n\t\t\t\t\t\t\t\t\t\t\t\t\t\t\t<img fetchpriority=\"high\" decoding=\"async\" width=\"1024\" height=\"768\" src=\"https:\/\/www.roplast.hr\/wp-content\/uploads\/2024\/10\/Sekcijska-garazna-vrata-1-2-1024x768.jpg\" class=\"attachment-large size-large wp-image-9642\" alt=\"\" srcset=\"https:\/\/www.roplast.hr\/wp-content\/uploads\/2024\/10\/Sekcijska-garazna-vrata-1-2-1024x768.jpg 1024w, https:\/\/www.roplast.hr\/wp-content\/uploads\/2024\/10\/Sekcijska-garazna-vrata-1-2-300x225.jpg 300w, https:\/\/www.roplast.hr\/wp-content\/uploads\/2024\/10\/Sekcijska-garazna-vrata-1-2-768x576.jpg 768w, https:\/\/www.roplast.hr\/wp-content\/uploads\/2024\/10\/Sekcijska-garazna-vrata-1-2-1536x1152.jpg 1536w, https:\/\/www.roplast.hr\/wp-content\/uploads\/2024\/10\/Sekcijska-garazna-vrata-1-2.jpg 1600w\" sizes=\"(max-width: 1024px) 100vw, 1024px\" \/>\t\t\t\t\t\t\t\t\t\t\t\t\t\t\t<\/div>\n\t\t\t\t<\/div>\n\t\t\t\t<div class=\"elementor-element elementor-element-a753648 elementor-widget elementor-widget-image\" data-id=\"a753648\" data-element_type=\"widget\" data-widget_type=\"image.default\">\n\t\t\t\t<div class=\"elementor-widget-container\">\n\t\t\t\t\t\t\t\t\t\t\t\t\t\t\t<img decoding=\"async\" width=\"1024\" height=\"754\" src=\"https:\/\/www.roplast.hr\/wp-content\/uploads\/2024\/10\/Sekcijska-garazna-vrata-2-2-1024x754.jpg\" class=\"attachment-large size-large wp-image-9646\" alt=\"\" srcset=\"https:\/\/www.roplast.hr\/wp-content\/uploads\/2024\/10\/Sekcijska-garazna-vrata-2-2-1024x754.jpg 1024w, https:\/\/www.roplast.hr\/wp-content\/uploads\/2024\/10\/Sekcijska-garazna-vrata-2-2-300x221.jpg 300w, https:\/\/www.roplast.hr\/wp-content\/uploads\/2024\/10\/Sekcijska-garazna-vrata-2-2-768x565.jpg 768w, https:\/\/www.roplast.hr\/wp-content\/uploads\/2024\/10\/Sekcijska-garazna-vrata-2-2.jpg 1345w\" sizes=\"(max-width: 1024px) 100vw, 1024px\" \/>\t\t\t\t\t\t\t\t\t\t\t\t\t\t\t<\/div>\n\t\t\t\t<\/div>\n\t\t\t\t<\/div>\n\t\t<div class=\"elementor-element elementor-element-6ad4b86 e-con-full e-flex e-con e-child\" data-id=\"6ad4b86\" data-element_type=\"container\">\n\t\t\t\t<div class=\"elementor-element elementor-element-424b1e0 elementor-widget elementor-widget-heading\" data-id=\"424b1e0\" data-element_type=\"widget\" data-widget_type=\"heading.default\">\n\t\t\t\t<div class=\"elementor-widget-container\">\n\t\t\t\t\t<h2 class=\"elementor-heading-title elementor-size-default\">Sektionalgaragentor<\/h2>\t\t\t\t<\/div>\n\t\t\t\t<\/div>\n\t\t\t\t<div class=\"elementor-element elementor-element-f51bdaa elementor-widget elementor-widget-text-editor\" data-id=\"f51bdaa\" data-element_type=\"widget\" data-widget_type=\"text-editor.default\">\n\t\t\t\t<div class=\"elementor-widget-container\">\n\t\t\t\t\t\t\t\t\t<p>In unserem reichhaltigen Sortiment finden Sie auch Garagentore, die Sicherheit und Funktionalit\u00e4t bieten und zur modernen \u00c4sthetik Ihres Zuhauses beitragen. Wir bieten Garagen-Sektionaltore und Rolltore aus erstklassigen Materialien mit Designs und Farben ganz nach Ihrem Geschmack. <\/p>\n\t\t\t\t\t\t\t\t<\/div>\n\t\t\t\t<\/div>\n\t\t\t\t<div class=\"elementor-element elementor-element-03970e2 elementor-tabs-view-horizontal elementor-widget elementor-widget-tabs\" data-id=\"03970e2\" data-element_type=\"widget\" data-widget_type=\"tabs.default\">\n\t\t\t\t<div class=\"elementor-widget-container\">\n\t\t\t\t\t\t\t<div class=\"elementor-tabs\">\n\t\t\t<div class=\"elementor-tabs-wrapper\" role=\"tablist\" >\n\t\t\t\t\t\t\t\t\t<div id=\"elementor-tab-title-3761\" class=\"elementor-tab-title elementor-tab-desktop-title\" aria-selected=\"true\" data-tab=\"1\" role=\"tab\" tabindex=\"0\" aria-controls=\"elementor-tab-content-3761\" aria-expanded=\"false\">Beschreibung<\/div>\n\t\t\t\t\t\t\t\t\t<div id=\"elementor-tab-title-3762\" class=\"elementor-tab-title elementor-tab-desktop-title\" aria-selected=\"false\" data-tab=\"2\" role=\"tab\" tabindex=\"-1\" aria-controls=\"elementor-tab-content-3762\" aria-expanded=\"false\">Foto<\/div>\n\t\t\t\t\t\t\t<\/div>\n\t\t\t<div class=\"elementor-tabs-content-wrapper\" role=\"tablist\" aria-orientation=\"vertical\">\n\t\t\t\t\t\t\t\t\t<div class=\"elementor-tab-title elementor-tab-mobile-title\" aria-selected=\"true\" data-tab=\"1\" role=\"tab\" tabindex=\"0\" aria-controls=\"elementor-tab-content-3761\" aria-expanded=\"false\">Beschreibung<\/div>\n\t\t\t\t\t<div id=\"elementor-tab-content-3761\" class=\"elementor-tab-content elementor-clearfix\" data-tab=\"1\" role=\"tabpanel\" aria-labelledby=\"elementor-tab-title-3761\" tabindex=\"0\" hidden=\"false\"><p><strong>Sektionalgaragentore<\/strong> bestehen aus horizontalen Abschnitten, die sich beim \u00d6ffnen vertikal anheben und entlang fester F\u00fchrungen nach oben gleiten. Dadurch bieten sie eine gr\u00f6\u00dfere Nutzbarkeit und Flexibilit\u00e4t im Raum der Garage.<br \/>Praktisch k\u00f6nnen sie auch durch den Einbau eines Motorantriebs modernster Technik sein, der es dem Kunden erm\u00f6glicht, die T\u00fcr per Handy, Fernbedienung oder Funktaster zu steuern. <\/p>\n<p>Alle Sektionaltore in unserem Angebot sind hochwertig w\u00e4rmeged\u00e4mmt, was heutzutage aufgrund der Energieeinsparung einer der wichtigsten Faktoren ist.<\/p>\n<\/div>\n\t\t\t\t\t\t\t\t\t<div class=\"elementor-tab-title elementor-tab-mobile-title\" aria-selected=\"false\" data-tab=\"2\" role=\"tab\" tabindex=\"-1\" aria-controls=\"elementor-tab-content-3762\" aria-expanded=\"false\">Foto<\/div>\n\t\t\t\t\t<div id=\"elementor-tab-content-3762\" class=\"elementor-tab-content elementor-clearfix\" data-tab=\"2\" role=\"tabpanel\" aria-labelledby=\"elementor-tab-title-3762\" tabindex=\"0\" hidden=\"hidden\">\n\t\t<style type=\"text\/css\">\n\t\t\t#gallery-1 {\n\t\t\t\tmargin: auto;\n\t\t\t}\n\t\t\t#gallery-1 .gallery-item {\n\t\t\t\tfloat: left;\n\t\t\t\tmargin-top: 10px;\n\t\t\t\ttext-align: center;\n\t\t\t\twidth: 33%;\n\t\t\t}\n\t\t\t#gallery-1 img {\n\t\t\t\tborder: 2px solid #cfcfcf;\n\t\t\t}\n\t\t\t#gallery-1 .gallery-caption {\n\t\t\t\tmargin-left: 0;\n\t\t\t}\n\t\t\t\/* see gallery_shortcode() in wp-includes\/media.php *\/\n\t\t<\/style>\n\t\t<div id='gallery-1' class='gallery galleryid-11552 gallery-columns-3 gallery-size-thumbnail'><dl class='gallery-item'>\n\t\t\t<dt class='gallery-icon landscape'>\n\t\t\t\t<a href='https:\/\/www.roplast.hr\/wp-content\/uploads\/2024\/10\/Sekcijska-garazna-vrata-2-2.jpg'><img decoding=\"async\" width=\"150\" height=\"150\" src=\"https:\/\/www.roplast.hr\/wp-content\/uploads\/2024\/10\/Sekcijska-garazna-vrata-2-2-150x150.jpg\" class=\"attachment-thumbnail size-thumbnail\" alt=\"\" \/><\/a>\n\t\t\t<\/dt><\/dl><dl class='gallery-item'>\n\t\t\t<dt class='gallery-icon landscape'>\n\t\t\t\t<a href='https:\/\/www.roplast.hr\/wp-content\/uploads\/2024\/10\/Sekcijska-garazna-vrata-1-2.jpg'><img loading=\"lazy\" decoding=\"async\" width=\"150\" height=\"150\" src=\"https:\/\/www.roplast.hr\/wp-content\/uploads\/2024\/10\/Sekcijska-garazna-vrata-1-2-150x150.jpg\" class=\"attachment-thumbnail size-thumbnail\" alt=\"\" \/><\/a>\n\t\t\t<\/dt><\/dl><dl class='gallery-item'>\n\t\t\t<dt class='gallery-icon landscape'>\n\t\t\t\t<a href='https:\/\/www.roplast.hr\/wp-content\/uploads\/2024\/10\/Sekcijska-garazna-6-2.jpg'><img loading=\"lazy\" decoding=\"async\" width=\"150\" height=\"150\" src=\"https:\/\/www.roplast.hr\/wp-content\/uploads\/2024\/10\/Sekcijska-garazna-6-2-150x150.jpg\" class=\"attachment-thumbnail size-thumbnail\" alt=\"\" \/><\/a>\n\t\t\t<\/dt><\/dl><br style=\"clear: both\" \/><dl class='gallery-item'>\n\t\t\t<dt class='gallery-icon landscape'>\n\t\t\t\t<a href='https:\/\/www.roplast.hr\/wp-content\/uploads\/2024\/10\/Sekcijska-garazna-3-2.jpg'><img loading=\"lazy\" decoding=\"async\" width=\"150\" height=\"150\" src=\"https:\/\/www.roplast.hr\/wp-content\/uploads\/2024\/10\/Sekcijska-garazna-3-2-150x150.jpg\" class=\"attachment-thumbnail size-thumbnail\" alt=\"\" \/><\/a>\n\t\t\t<\/dt><\/dl><dl class='gallery-item'>\n\t\t\t<dt class='gallery-icon landscape'>\n\t\t\t\t<a href='https:\/\/www.roplast.hr\/wp-content\/uploads\/2024\/10\/Sekcijska-garazna-4-2.jpg'><img loading=\"lazy\" decoding=\"async\" width=\"150\" height=\"150\" src=\"https:\/\/www.roplast.hr\/wp-content\/uploads\/2024\/10\/Sekcijska-garazna-4-2-150x150.jpg\" class=\"attachment-thumbnail size-thumbnail\" alt=\"\" \/><\/a>\n\t\t\t<\/dt><\/dl><dl class='gallery-item'>\n\t\t\t<dt class='gallery-icon landscape'>\n\t\t\t\t<a href='https:\/\/www.roplast.hr\/wp-content\/uploads\/2024\/10\/Sekcijska-garazna-5-2.jpg'><img loading=\"lazy\" decoding=\"async\" width=\"150\" height=\"150\" src=\"https:\/\/www.roplast.hr\/wp-content\/uploads\/2024\/10\/Sekcijska-garazna-5-2-150x150.jpg\" class=\"attachment-thumbnail size-thumbnail\" alt=\"\" \/><\/a>\n\t\t\t<\/dt><\/dl><br style=\"clear: both\" \/>\n\t\t<\/div>\n\n<\/div>\n\t\t\t\t\t\t\t<\/div>\n\t\t<\/div>\n\t\t\t\t\t\t<\/div>\n\t\t\t\t<\/div>\n\t\t\t\t<div class=\"elementor-element elementor-element-6776e61 elementor-widget elementor-widget-heading\" data-id=\"6776e61\" data-element_type=\"widget\" data-widget_type=\"heading.default\">\n\t\t\t\t<div class=\"elementor-widget-container\">\n\t\t\t\t\t<h6 class=\"elementor-heading-title elementor-size-default\">Interessieren Sie sich f\u00fcr weitere Informationen \u00fcber dieses Produkt?<\/h6>\t\t\t\t<\/div>\n\t\t\t\t<\/div>\n\t\t\t\t<div class=\"elementor-element elementor-element-2ea8dba elementor-align-left elementor-widget elementor-widget-button\" data-id=\"2ea8dba\" data-element_type=\"widget\" data-widget_type=\"button.default\">\n\t\t\t\t<div class=\"elementor-widget-container\">\n\t\t\t\t\t\t\t\t\t<div class=\"elementor-button-wrapper\">\n\t\t\t\t\t<a class=\"elementor-button elementor-button-link elementor-size-sm\" href=\"https:\/\/www.roplast.hr\/kontakt\/\">\n\t\t\t\t\t\t<span class=\"elementor-button-content-wrapper\">\n\t\t\t\t\t\t\t\t\t<span class=\"elementor-button-text\">SENDEN SIE EINE ANFRAGE<\/span>\n\t\t\t\t\t<\/span>\n\t\t\t\t\t<\/a>\n\t\t\t\t<\/div>\n\t\t\t\t\t\t\t\t<\/div>\n\t\t\t\t<\/div>\n\t\t\t\t<\/div>\n\t\t\t\t\t<\/div>\n\t\t\t\t<\/div>\n\t\t\t\t<\/div>\n\t\t","protected":false},"excerpt":{"rendered":"<p>ROPLAST bietet ein erstklassiges Garagentorsortiment, das Sicherheit, Funktionalit\u00e4t und modernes Design vereint. Unsere Garagentore bestehen aus hochwertigen Materialien, die Langlebigkeit und Witterungsbest\u00e4ndigkeit gew\u00e4hrleisten. Es werden verschiedene Modelle angeboten, darunter Sektional-, Roll- und Seitenschiebetore, angepasst an individuelle Bed\u00fcrfnisse [&hellip;]<\/p>\n","protected":false},"author":1,"featured_media":6533,"parent":11546,"menu_order":0,"comment_status":"closed","ping_status":"closed","template":"","meta":{"footnotes":""},"class_list":["post-11552","page","type-page","status-publish","has-post-thumbnail","hentry"],"yoast_head":"<!-- This site is optimized with the Yoast SEO plugin v25.4 - https:\/\/yoast.com\/wordpress\/plugins\/seo\/ -->\n<title>Sektionalgaragentor - Roplast<\/title>\n<meta name=\"robots\" content=\"index, follow, max-snippet:-1, max-image-preview:large, max-video-preview:-1\" \/>\n<link rel=\"canonical\" href=\"https:\/\/www.roplast.hr\/de\/angebot\/garagentor\/sektionalgaragentor\/\" \/>\n<meta property=\"og:locale\" content=\"de_DE\" \/>\n<meta property=\"og:type\" content=\"article\" \/>\n<meta property=\"og:title\" content=\"Sektionalgaragentor - Roplast\" \/>\n<meta property=\"og:description\" content=\"ROPLAST bietet ein erstklassiges Garagentorsortiment, das Sicherheit, Funktionalit\u00e4t und modernes Design vereint. Unsere Garagentore bestehen aus hochwertigen Materialien, die Langlebigkeit und Witterungsbest\u00e4ndigkeit gew\u00e4hrleisten. Es werden verschiedene Modelle angeboten, darunter Sektional-, Roll- und Seitenschiebetore, angepasst an individuelle Bed\u00fcrfnisse [&hellip;]\" \/>\n<meta property=\"og:url\" content=\"https:\/\/www.roplast.hr\/de\/angebot\/garagentor\/sektionalgaragentor\/\" \/>\n<meta property=\"og:site_name\" content=\"Roplast\" \/>\n<meta property=\"article:modified_time\" content=\"2024-12-27T09:23:32+00:00\" \/>\n<meta property=\"og:image\" content=\"https:\/\/www.roplast.hr\/wp-content\/uploads\/2024\/09\/26_91-1.png\" \/>\n\t<meta property=\"og:image:width\" content=\"766\" \/>\n\t<meta property=\"og:image:height\" content=\"875\" \/>\n\t<meta property=\"og:image:type\" content=\"image\/png\" \/>\n<meta name=\"twitter:card\" content=\"summary_large_image\" \/>\n<meta name=\"twitter:label1\" content=\"Gesch\u00e4tzte Lesezeit\" \/>\n\t<meta name=\"twitter:data1\" content=\"1\u00a0Minute\" \/>\n<script type=\"application\/ld+json\" class=\"yoast-schema-graph\">{\"@context\":\"https:\/\/schema.org\",\"@graph\":[{\"@type\":\"WebPage\",\"@id\":\"https:\/\/www.roplast.hr\/de\/angebot\/garagentor\/sektionalgaragentor\/\",\"url\":\"https:\/\/www.roplast.hr\/de\/angebot\/garagentor\/sektionalgaragentor\/\",\"name\":\"Sektionalgaragentor - Roplast\",\"isPartOf\":{\"@id\":\"https:\/\/www.roplast.hr\/de\/#website\"},\"primaryImageOfPage\":{\"@id\":\"https:\/\/www.roplast.hr\/de\/angebot\/garagentor\/sektionalgaragentor\/#primaryimage\"},\"image\":{\"@id\":\"https:\/\/www.roplast.hr\/de\/angebot\/garagentor\/sektionalgaragentor\/#primaryimage\"},\"thumbnailUrl\":\"https:\/\/www.roplast.hr\/wp-content\/uploads\/2024\/09\/26_91-1.png\",\"datePublished\":\"2024-10-23T13:37:57+00:00\",\"dateModified\":\"2024-12-27T09:23:32+00:00\",\"breadcrumb\":{\"@id\":\"https:\/\/www.roplast.hr\/de\/angebot\/garagentor\/sektionalgaragentor\/#breadcrumb\"},\"inLanguage\":\"de\",\"potentialAction\":[{\"@type\":\"ReadAction\",\"target\":[\"https:\/\/www.roplast.hr\/de\/angebot\/garagentor\/sektionalgaragentor\/\"]}]},{\"@type\":\"ImageObject\",\"inLanguage\":\"de\",\"@id\":\"https:\/\/www.roplast.hr\/de\/angebot\/garagentor\/sektionalgaragentor\/#primaryimage\",\"url\":\"https:\/\/www.roplast.hr\/wp-content\/uploads\/2024\/09\/26_91-1.png\",\"contentUrl\":\"https:\/\/www.roplast.hr\/wp-content\/uploads\/2024\/09\/26_91-1.png\",\"width\":766,\"height\":875},{\"@type\":\"BreadcrumbList\",\"@id\":\"https:\/\/www.roplast.hr\/de\/angebot\/garagentor\/sektionalgaragentor\/#breadcrumb\",\"itemListElement\":[{\"@type\":\"ListItem\",\"position\":1,\"name\":\"Po\u010detna stranica\",\"item\":\"https:\/\/www.roplast.hr\/de\/\"},{\"@type\":\"ListItem\",\"position\":2,\"name\":\"Angebot\",\"item\":\"https:\/\/www.roplast.hr\/de\/ponuda\/\"},{\"@type\":\"ListItem\",\"position\":3,\"name\":\"Garagentor\",\"item\":\"https:\/\/www.roplast.hr\/de\/ponuda\/garazna-vrata\/\"},{\"@type\":\"ListItem\",\"position\":4,\"name\":\"Sektionalgaragentor\"}]},{\"@type\":\"WebSite\",\"@id\":\"https:\/\/www.roplast.hr\/de\/#website\",\"url\":\"https:\/\/www.roplast.hr\/de\/\",\"name\":\"Roplast\",\"description\":\"Izra\u0111eni za stil, stvoreni za trajnost!\",\"potentialAction\":[{\"@type\":\"SearchAction\",\"target\":{\"@type\":\"EntryPoint\",\"urlTemplate\":\"https:\/\/www.roplast.hr\/de\/?s={search_term_string}\"},\"query-input\":{\"@type\":\"PropertyValueSpecification\",\"valueRequired\":true,\"valueName\":\"search_term_string\"}}],\"inLanguage\":\"de\"}]}<\/script>\n<!-- \/ Yoast SEO plugin. -->","yoast_head_json":{"title":"Sektionalgaragentor - Roplast","robots":{"index":"index","follow":"follow","max-snippet":"max-snippet:-1","max-image-preview":"max-image-preview:large","max-video-preview":"max-video-preview:-1"},"canonical":"https:\/\/www.roplast.hr\/de\/angebot\/garagentor\/sektionalgaragentor\/","og_locale":"de_DE","og_type":"article","og_title":"Sektionalgaragentor - Roplast","og_description":"ROPLAST bietet ein erstklassiges Garagentorsortiment, das Sicherheit, Funktionalit\u00e4t und modernes Design vereint. Unsere Garagentore bestehen aus hochwertigen Materialien, die Langlebigkeit und Witterungsbest\u00e4ndigkeit gew\u00e4hrleisten. Es werden verschiedene Modelle angeboten, darunter Sektional-, Roll- und Seitenschiebetore, angepasst an individuelle Bed\u00fcrfnisse [&hellip;]","og_url":"https:\/\/www.roplast.hr\/de\/angebot\/garagentor\/sektionalgaragentor\/","og_site_name":"Roplast","article_modified_time":"2024-12-27T09:23:32+00:00","og_image":[{"width":766,"height":875,"url":"https:\/\/www.roplast.hr\/wp-content\/uploads\/2024\/09\/26_91-1.png","type":"image\/png"}],"twitter_card":"summary_large_image","twitter_misc":{"Gesch\u00e4tzte Lesezeit":"1\u00a0Minute"},"schema":{"@context":"https:\/\/schema.org","@graph":[{"@type":"WebPage","@id":"https:\/\/www.roplast.hr\/de\/angebot\/garagentor\/sektionalgaragentor\/","url":"https:\/\/www.roplast.hr\/de\/angebot\/garagentor\/sektionalgaragentor\/","name":"Sektionalgaragentor - Roplast","isPartOf":{"@id":"https:\/\/www.roplast.hr\/de\/#website"},"primaryImageOfPage":{"@id":"https:\/\/www.roplast.hr\/de\/angebot\/garagentor\/sektionalgaragentor\/#primaryimage"},"image":{"@id":"https:\/\/www.roplast.hr\/de\/angebot\/garagentor\/sektionalgaragentor\/#primaryimage"},"thumbnailUrl":"https:\/\/www.roplast.hr\/wp-content\/uploads\/2024\/09\/26_91-1.png","datePublished":"2024-10-23T13:37:57+00:00","dateModified":"2024-12-27T09:23:32+00:00","breadcrumb":{"@id":"https:\/\/www.roplast.hr\/de\/angebot\/garagentor\/sektionalgaragentor\/#breadcrumb"},"inLanguage":"de","potentialAction":[{"@type":"ReadAction","target":["https:\/\/www.roplast.hr\/de\/angebot\/garagentor\/sektionalgaragentor\/"]}]},{"@type":"ImageObject","inLanguage":"de","@id":"https:\/\/www.roplast.hr\/de\/angebot\/garagentor\/sektionalgaragentor\/#primaryimage","url":"https:\/\/www.roplast.hr\/wp-content\/uploads\/2024\/09\/26_91-1.png","contentUrl":"https:\/\/www.roplast.hr\/wp-content\/uploads\/2024\/09\/26_91-1.png","width":766,"height":875},{"@type":"BreadcrumbList","@id":"https:\/\/www.roplast.hr\/de\/angebot\/garagentor\/sektionalgaragentor\/#breadcrumb","itemListElement":[{"@type":"ListItem","position":1,"name":"Po\u010detna stranica","item":"https:\/\/www.roplast.hr\/de\/"},{"@type":"ListItem","position":2,"name":"Angebot","item":"https:\/\/www.roplast.hr\/de\/ponuda\/"},{"@type":"ListItem","position":3,"name":"Garagentor","item":"https:\/\/www.roplast.hr\/de\/ponuda\/garazna-vrata\/"},{"@type":"ListItem","position":4,"name":"Sektionalgaragentor"}]},{"@type":"WebSite","@id":"https:\/\/www.roplast.hr\/de\/#website","url":"https:\/\/www.roplast.hr\/de\/","name":"Roplast","description":"Izra\u0111eni za stil, stvoreni za trajnost!","potentialAction":[{"@type":"SearchAction","target":{"@type":"EntryPoint","urlTemplate":"https:\/\/www.roplast.hr\/de\/?s={search_term_string}"},"query-input":{"@type":"PropertyValueSpecification","valueRequired":true,"valueName":"search_term_string"}}],"inLanguage":"de"}]}},"_links":{"self":[{"href":"https:\/\/www.roplast.hr\/de\/wp-json\/wp\/v2\/pages\/11552","targetHints":{"allow":["GET"]}}],"collection":[{"href":"https:\/\/www.roplast.hr\/de\/wp-json\/wp\/v2\/pages"}],"about":[{"href":"https:\/\/www.roplast.hr\/de\/wp-json\/wp\/v2\/types\/page"}],"author":[{"embeddable":true,"href":"https:\/\/www.roplast.hr\/de\/wp-json\/wp\/v2\/users\/1"}],"replies":[{"embeddable":true,"href":"https:\/\/www.roplast.hr\/de\/wp-json\/wp\/v2\/comments?post=11552"}],"version-history":[{"count":1,"href":"https:\/\/www.roplast.hr\/de\/wp-json\/wp\/v2\/pages\/11552\/revisions"}],"predecessor-version":[{"id":11553,"href":"https:\/\/www.roplast.hr\/de\/wp-json\/wp\/v2\/pages\/11552\/revisions\/11553"}],"up":[{"embeddable":true,"href":"https:\/\/www.roplast.hr\/de\/wp-json\/wp\/v2\/pages\/11546"}],"wp:featuredmedia":[{"embeddable":true,"href":"https:\/\/www.roplast.hr\/de\/wp-json\/wp\/v2\/media\/6533"}],"wp:attachment":[{"href":"https:\/\/www.roplast.hr\/de\/wp-json\/wp\/v2\/media?parent=11552"}],"curies":[{"name":"wp","href":"https:\/\/api.w.org\/{rel}","templated":true}]}}