{"id":11589,"date":"2024-08-26T11:27:14","date_gmt":"2024-08-26T11:27:14","guid":{"rendered":"https:\/\/www.roplast.hr\/angebot\/aluminiumschreinerei\/cortizo-eingangstueren\/"},"modified":"2025-01-16T09:43:50","modified_gmt":"2025-01-16T09:43:50","slug":"cortizo-eingangstueren","status":"publish","type":"page","link":"https:\/\/www.roplast.hr\/de\/angebot\/aluminiumschreinerei\/cortizo-eingangstueren\/","title":{"rendered":"Cortizo Eingangst\u00fcren"},"content":{"rendered":"\t\t<div data-elementor-type=\"wp-post\" data-elementor-id=\"11589\" class=\"elementor elementor-11589 elementor-4379\">\n\t\t\t\t<div class=\"elementor-element elementor-element-00a6ef8 e-flex e-con-boxed e-con e-parent\" data-id=\"00a6ef8\" data-element_type=\"container\">\n\t\t\t\t\t<div class=\"e-con-inner\">\n\t\t\t\t<div class=\"elementor-element elementor-element-9c9c54d elementor-widget elementor-widget-text-editor\" data-id=\"9c9c54d\" data-element_type=\"widget\" data-widget_type=\"text-editor.default\">\n\t\t\t\t<div class=\"elementor-widget-container\">\n\t\t\t\t\t\t\t\t\t<p>Unser Angebot an hochwertigen ROPLAST-Aluminiumverbindungen renommierter Weltmarken bietet au\u00dfergew\u00f6hnliche Qualit\u00e4t, modernes Design und Langlebigkeit. Wir bieten eine breite Produktpalette an, darunter Fenster, T\u00fcren und Systeme f\u00fcr Schiebew\u00e4nde, hergestellt aus Materialien h\u00f6chster Qualit\u00e4t. Unsere Aluminium-Tischlerei bietet hervorragende Isolierung, Witterungsbest\u00e4ndigkeit und minimalen Wartungsaufwand, was sie zur idealen Wahl f\u00fcr Wohn- und Gewerbegeb\u00e4ude macht. Wir passen jedes unserer Produkte an die spezifischen Bed\u00fcrfnisse und W\u00fcnsche unserer Kunden an und sorgen f\u00fcr eine perfekte Kombination aus \u00c4sthetik und Funktionalit\u00e4t.   <\/p>\n\t\t\t\t\t\t\t\t<\/div>\n\t\t\t\t<\/div>\n\t\t\t\t\t<\/div>\n\t\t\t\t<\/div>\n\t\t<div class=\"elementor-element elementor-element-e8ed6fd e-flex e-con-boxed e-con e-parent\" data-id=\"e8ed6fd\" data-element_type=\"container\">\n\t\t\t\t\t<div class=\"e-con-inner\">\n\t\t<div class=\"elementor-element elementor-element-cd3a01a e-con-full e-flex e-con e-child\" data-id=\"cd3a01a\" data-element_type=\"container\">\n\t\t\t\t<div class=\"elementor-element elementor-element-94122f6 elementor-widget elementor-widget-image\" data-id=\"94122f6\" data-element_type=\"widget\" data-widget_type=\"image.default\">\n\t\t\t\t<div class=\"elementor-widget-container\">\n\t\t\t\t\t\t\t\t\t\t\t\t\t\t\t<img fetchpriority=\"high\" decoding=\"async\" width=\"500\" height=\"128\" src=\"https:\/\/www.roplast.hr\/wp-content\/uploads\/2024\/09\/Cortizo-2.jpg\" class=\"attachment-full size-full wp-image-6475\" alt=\"\" srcset=\"https:\/\/www.roplast.hr\/wp-content\/uploads\/2024\/09\/Cortizo-2.jpg 500w, https:\/\/www.roplast.hr\/wp-content\/uploads\/2024\/09\/Cortizo-2-300x77.jpg 300w\" sizes=\"(max-width: 500px) 100vw, 500px\" \/>\t\t\t\t\t\t\t\t\t\t\t\t\t\t\t<\/div>\n\t\t\t\t<\/div>\n\t\t\t\t<div class=\"elementor-element elementor-element-e982dd6 elementor-widget elementor-widget-text-editor\" data-id=\"e982dd6\" data-element_type=\"widget\" data-widget_type=\"text-editor.default\">\n\t\t\t\t<div class=\"elementor-widget-container\">\n\t\t\t\t\t\t\t\t\t<div>CORTIZO ist als f\u00fchrender Hersteller und Distributor von Aluminium- und PVC-Systemen f\u00fcr den architektonischen und industriellen Sektor in Spanien bekannt und geh\u00f6rt zu den f\u00fchrenden Unternehmen in diesem Sektor in Europa.<\/div>\n<div>CORTIZO zeichnet sich dadurch aus, dass es den gesamten Produktionszyklus von Aluminium abschlie\u00dft: Gie\u00dferei, Extrusion, Pulverbeschichtung, Anodisierung, CNC-Bearbeitung, Verpackung, Lagerung und Distribution.<\/div>\n<div> <\/div>\n\t\t\t\t\t\t\t\t<\/div>\n\t\t\t\t<\/div>\n\t\t\t\t<\/div>\n\t\t<div class=\"elementor-element elementor-element-a1a2a7b e-con-full e-flex e-con e-child\" data-id=\"a1a2a7b\" data-element_type=\"container\" data-settings=\"{&quot;background_background&quot;:&quot;classic&quot;}\">\n\t\t\t\t<div class=\"elementor-element elementor-element-4084061 banner_content_hover2 elementor-widget elementor-widget-lastudio-banner\" data-id=\"4084061\" data-element_type=\"widget\" data-widget_type=\"lastudio-banner.default\">\n\t\t\t\t<div class=\"elementor-widget-container\">\n\t\t\t\t\t<figure class=\"lastudio-banner la-lazyload-image lastudio-effect-none image-custom-height\" data-background-image=\"https:\/\/www.roplast.hr\/wp-content\/uploads\/2024\/09\/MILLENNIUM-PLUS-70-VISTA-FUGADA-scaled.jpg\"><div class=\"lastudio-banner__overlay\"><\/div><img loading=\"lazy\" decoding=\"async\" src=\"data:image\/gif;base64,R0lGODlhAQABAIAAAP\/\/\/wAAACH5BAEAAAAALAAAAAABAAEAAAICRAEAOw==\" data-src=\"https:\/\/www.roplast.hr\/wp-content\/uploads\/2024\/09\/MILLENNIUM-PLUS-70-VISTA-FUGADA-scaled.jpg\" alt=\"\" loading=\"lazy\" class=\"la-lazyload-image lastudio-banner__img\" width=\"2560\" height=\"1732\" srcset=\"data:image\/gif;base64,R0lGODlhAQABAIAAAP\/\/\/wAAACH5BAEAAAAALAAAAAABAAEAAAICRAEAOw==\"><figcaption class=\"lastudio-banner__content\"><div class=\"lastudio-banner__content-wrap\"><h5 class=\"lastudio-banner__title\">MILLLENNIUM PLUS 70<\/h5><\/div><a href=\"https:\/\/www.roplast.hr\/de\/angebot\/aluminiumschreinerei\/cortizo-eingangstueren\/millennium-plus-70\/\" class=\"lastudio-banner__link\"><span class=\"hidden\">MILLLENNIUM PLUS 70<\/span><\/a><\/figcaption><\/figure>\t\t\t\t<\/div>\n\t\t\t\t<\/div>\n\t\t\t\t<\/div>\n\t\t<div class=\"elementor-element elementor-element-85ff68c e-con-full e-flex e-con e-child\" data-id=\"85ff68c\" data-element_type=\"container\">\n\t\t\t\t<\/div>\n\t\t<div class=\"elementor-element elementor-element-9d6e3ef e-con-full e-flex e-con e-child\" data-id=\"9d6e3ef\" data-element_type=\"container\">\n\t\t\t\t<\/div>\n\t\t\t\t\t<\/div>\n\t\t\t\t<\/div>\n\t\t\t\t<\/div>\n\t\t","protected":false},"excerpt":{"rendered":"<p>Unser Angebot an hochwertigen ROPLAST-Aluminiumverbindungen renommierter Weltmarken bietet au\u00dfergew\u00f6hnliche Qualit\u00e4t, modernes Design und Langlebigkeit. Wir bieten eine breite Produktpalette an, darunter Fenster, T\u00fcren und Systeme f\u00fcr Schiebew\u00e4nde, hergestellt aus Materialien h\u00f6chster Qualit\u00e4t. Unsere Aluminium-Tischlerei bietet hervorragende Isolierung, [&hellip;]<\/p>\n","protected":false},"author":1,"featured_media":0,"parent":11578,"menu_order":0,"comment_status":"closed","ping_status":"closed","template":"","meta":{"footnotes":""},"class_list":["post-11589","page","type-page","status-publish","hentry"],"yoast_head":"<!-- This site is optimized with the Yoast SEO plugin v25.4 - https:\/\/yoast.com\/wordpress\/plugins\/seo\/ -->\n<title>Cortizo Eingangst\u00fcren - Roplast<\/title>\n<meta name=\"robots\" content=\"index, follow, max-snippet:-1, max-image-preview:large, max-video-preview:-1\" \/>\n<link rel=\"canonical\" href=\"https:\/\/www.roplast.hr\/de\/angebot\/aluminiumschreinerei\/cortizo-eingangstueren\/\" \/>\n<meta property=\"og:locale\" content=\"de_DE\" \/>\n<meta property=\"og:type\" content=\"article\" \/>\n<meta property=\"og:title\" content=\"Cortizo Eingangst\u00fcren - Roplast\" \/>\n<meta property=\"og:description\" content=\"Unser Angebot an hochwertigen ROPLAST-Aluminiumverbindungen renommierter Weltmarken bietet au\u00dfergew\u00f6hnliche Qualit\u00e4t, modernes Design und Langlebigkeit. Wir bieten eine breite Produktpalette an, darunter Fenster, T\u00fcren und Systeme f\u00fcr Schiebew\u00e4nde, hergestellt aus Materialien h\u00f6chster Qualit\u00e4t. Unsere Aluminium-Tischlerei bietet hervorragende Isolierung, [&hellip;]\" \/>\n<meta property=\"og:url\" content=\"https:\/\/www.roplast.hr\/de\/angebot\/aluminiumschreinerei\/cortizo-eingangstueren\/\" \/>\n<meta property=\"og:site_name\" content=\"Roplast\" \/>\n<meta property=\"article:modified_time\" content=\"2025-01-16T09:43:50+00:00\" \/>\n<meta property=\"og:image\" content=\"https:\/\/www.roplast.hr\/wp-content\/uploads\/2024\/09\/Cortizo-2.jpg\" \/>\n\t<meta property=\"og:image:width\" content=\"500\" \/>\n\t<meta property=\"og:image:height\" content=\"128\" \/>\n\t<meta property=\"og:image:type\" content=\"image\/jpeg\" \/>\n<meta name=\"twitter:card\" content=\"summary_large_image\" \/>\n<meta name=\"twitter:label1\" content=\"Gesch\u00e4tzte Lesezeit\" \/>\n\t<meta name=\"twitter:data1\" content=\"2\u00a0Minuten\" \/>\n<script type=\"application\/ld+json\" class=\"yoast-schema-graph\">{\"@context\":\"https:\/\/schema.org\",\"@graph\":[{\"@type\":\"WebPage\",\"@id\":\"https:\/\/www.roplast.hr\/de\/angebot\/aluminiumschreinerei\/cortizo-eingangstueren\/\",\"url\":\"https:\/\/www.roplast.hr\/de\/angebot\/aluminiumschreinerei\/cortizo-eingangstueren\/\",\"name\":\"Cortizo Eingangst\u00fcren - Roplast\",\"isPartOf\":{\"@id\":\"https:\/\/www.roplast.hr\/de\/#website\"},\"primaryImageOfPage\":{\"@id\":\"https:\/\/www.roplast.hr\/de\/angebot\/aluminiumschreinerei\/cortizo-eingangstueren\/#primaryimage\"},\"image\":{\"@id\":\"https:\/\/www.roplast.hr\/de\/angebot\/aluminiumschreinerei\/cortizo-eingangstueren\/#primaryimage\"},\"thumbnailUrl\":\"https:\/\/www.roplast.hr\/wp-content\/uploads\/2024\/09\/Cortizo-2.jpg\",\"datePublished\":\"2024-08-26T11:27:14+00:00\",\"dateModified\":\"2025-01-16T09:43:50+00:00\",\"breadcrumb\":{\"@id\":\"https:\/\/www.roplast.hr\/de\/angebot\/aluminiumschreinerei\/cortizo-eingangstueren\/#breadcrumb\"},\"inLanguage\":\"de\",\"potentialAction\":[{\"@type\":\"ReadAction\",\"target\":[\"https:\/\/www.roplast.hr\/de\/angebot\/aluminiumschreinerei\/cortizo-eingangstueren\/\"]}]},{\"@type\":\"ImageObject\",\"inLanguage\":\"de\",\"@id\":\"https:\/\/www.roplast.hr\/de\/angebot\/aluminiumschreinerei\/cortizo-eingangstueren\/#primaryimage\",\"url\":\"https:\/\/www.roplast.hr\/wp-content\/uploads\/2024\/09\/Cortizo-2.jpg\",\"contentUrl\":\"https:\/\/www.roplast.hr\/wp-content\/uploads\/2024\/09\/Cortizo-2.jpg\"},{\"@type\":\"BreadcrumbList\",\"@id\":\"https:\/\/www.roplast.hr\/de\/angebot\/aluminiumschreinerei\/cortizo-eingangstueren\/#breadcrumb\",\"itemListElement\":[{\"@type\":\"ListItem\",\"position\":1,\"name\":\"Po\u010detna stranica\",\"item\":\"https:\/\/www.roplast.hr\/de\/\"},{\"@type\":\"ListItem\",\"position\":2,\"name\":\"Angebot\",\"item\":\"https:\/\/www.roplast.hr\/de\/ponuda\/\"},{\"@type\":\"ListItem\",\"position\":3,\"name\":\"Aluminiumschreinerei\",\"item\":\"https:\/\/www.roplast.hr\/de\/ponuda\/alu-stolarija\/\"},{\"@type\":\"ListItem\",\"position\":4,\"name\":\"Cortizo Eingangst\u00fcren\"}]},{\"@type\":\"WebSite\",\"@id\":\"https:\/\/www.roplast.hr\/de\/#website\",\"url\":\"https:\/\/www.roplast.hr\/de\/\",\"name\":\"Roplast\",\"description\":\"Izra\u0111eni za stil, stvoreni za trajnost!\",\"potentialAction\":[{\"@type\":\"SearchAction\",\"target\":{\"@type\":\"EntryPoint\",\"urlTemplate\":\"https:\/\/www.roplast.hr\/de\/?s={search_term_string}\"},\"query-input\":{\"@type\":\"PropertyValueSpecification\",\"valueRequired\":true,\"valueName\":\"search_term_string\"}}],\"inLanguage\":\"de\"}]}<\/script>\n<!-- \/ Yoast SEO plugin. -->","yoast_head_json":{"title":"Cortizo Eingangst\u00fcren - Roplast","robots":{"index":"index","follow":"follow","max-snippet":"max-snippet:-1","max-image-preview":"max-image-preview:large","max-video-preview":"max-video-preview:-1"},"canonical":"https:\/\/www.roplast.hr\/de\/angebot\/aluminiumschreinerei\/cortizo-eingangstueren\/","og_locale":"de_DE","og_type":"article","og_title":"Cortizo Eingangst\u00fcren - Roplast","og_description":"Unser Angebot an hochwertigen ROPLAST-Aluminiumverbindungen renommierter Weltmarken bietet au\u00dfergew\u00f6hnliche Qualit\u00e4t, modernes Design und Langlebigkeit. Wir bieten eine breite Produktpalette an, darunter Fenster, T\u00fcren und Systeme f\u00fcr Schiebew\u00e4nde, hergestellt aus Materialien h\u00f6chster Qualit\u00e4t. Unsere Aluminium-Tischlerei bietet hervorragende Isolierung, [&hellip;]","og_url":"https:\/\/www.roplast.hr\/de\/angebot\/aluminiumschreinerei\/cortizo-eingangstueren\/","og_site_name":"Roplast","article_modified_time":"2025-01-16T09:43:50+00:00","og_image":[{"width":500,"height":128,"url":"https:\/\/www.roplast.hr\/wp-content\/uploads\/2024\/09\/Cortizo-2.jpg","type":"image\/jpeg"}],"twitter_card":"summary_large_image","twitter_misc":{"Gesch\u00e4tzte Lesezeit":"2\u00a0Minuten"},"schema":{"@context":"https:\/\/schema.org","@graph":[{"@type":"WebPage","@id":"https:\/\/www.roplast.hr\/de\/angebot\/aluminiumschreinerei\/cortizo-eingangstueren\/","url":"https:\/\/www.roplast.hr\/de\/angebot\/aluminiumschreinerei\/cortizo-eingangstueren\/","name":"Cortizo Eingangst\u00fcren - Roplast","isPartOf":{"@id":"https:\/\/www.roplast.hr\/de\/#website"},"primaryImageOfPage":{"@id":"https:\/\/www.roplast.hr\/de\/angebot\/aluminiumschreinerei\/cortizo-eingangstueren\/#primaryimage"},"image":{"@id":"https:\/\/www.roplast.hr\/de\/angebot\/aluminiumschreinerei\/cortizo-eingangstueren\/#primaryimage"},"thumbnailUrl":"https:\/\/www.roplast.hr\/wp-content\/uploads\/2024\/09\/Cortizo-2.jpg","datePublished":"2024-08-26T11:27:14+00:00","dateModified":"2025-01-16T09:43:50+00:00","breadcrumb":{"@id":"https:\/\/www.roplast.hr\/de\/angebot\/aluminiumschreinerei\/cortizo-eingangstueren\/#breadcrumb"},"inLanguage":"de","potentialAction":[{"@type":"ReadAction","target":["https:\/\/www.roplast.hr\/de\/angebot\/aluminiumschreinerei\/cortizo-eingangstueren\/"]}]},{"@type":"ImageObject","inLanguage":"de","@id":"https:\/\/www.roplast.hr\/de\/angebot\/aluminiumschreinerei\/cortizo-eingangstueren\/#primaryimage","url":"https:\/\/www.roplast.hr\/wp-content\/uploads\/2024\/09\/Cortizo-2.jpg","contentUrl":"https:\/\/www.roplast.hr\/wp-content\/uploads\/2024\/09\/Cortizo-2.jpg"},{"@type":"BreadcrumbList","@id":"https:\/\/www.roplast.hr\/de\/angebot\/aluminiumschreinerei\/cortizo-eingangstueren\/#breadcrumb","itemListElement":[{"@type":"ListItem","position":1,"name":"Po\u010detna stranica","item":"https:\/\/www.roplast.hr\/de\/"},{"@type":"ListItem","position":2,"name":"Angebot","item":"https:\/\/www.roplast.hr\/de\/ponuda\/"},{"@type":"ListItem","position":3,"name":"Aluminiumschreinerei","item":"https:\/\/www.roplast.hr\/de\/ponuda\/alu-stolarija\/"},{"@type":"ListItem","position":4,"name":"Cortizo Eingangst\u00fcren"}]},{"@type":"WebSite","@id":"https:\/\/www.roplast.hr\/de\/#website","url":"https:\/\/www.roplast.hr\/de\/","name":"Roplast","description":"Izra\u0111eni za stil, stvoreni za trajnost!","potentialAction":[{"@type":"SearchAction","target":{"@type":"EntryPoint","urlTemplate":"https:\/\/www.roplast.hr\/de\/?s={search_term_string}"},"query-input":{"@type":"PropertyValueSpecification","valueRequired":true,"valueName":"search_term_string"}}],"inLanguage":"de"}]}},"_links":{"self":[{"href":"https:\/\/www.roplast.hr\/de\/wp-json\/wp\/v2\/pages\/11589","targetHints":{"allow":["GET"]}}],"collection":[{"href":"https:\/\/www.roplast.hr\/de\/wp-json\/wp\/v2\/pages"}],"about":[{"href":"https:\/\/www.roplast.hr\/de\/wp-json\/wp\/v2\/types\/page"}],"author":[{"embeddable":true,"href":"https:\/\/www.roplast.hr\/de\/wp-json\/wp\/v2\/users\/1"}],"replies":[{"embeddable":true,"href":"https:\/\/www.roplast.hr\/de\/wp-json\/wp\/v2\/comments?post=11589"}],"version-history":[{"count":4,"href":"https:\/\/www.roplast.hr\/de\/wp-json\/wp\/v2\/pages\/11589\/revisions"}],"predecessor-version":[{"id":12239,"href":"https:\/\/www.roplast.hr\/de\/wp-json\/wp\/v2\/pages\/11589\/revisions\/12239"}],"up":[{"embeddable":true,"href":"https:\/\/www.roplast.hr\/de\/wp-json\/wp\/v2\/pages\/11578"}],"wp:attachment":[{"href":"https:\/\/www.roplast.hr\/de\/wp-json\/wp\/v2\/media?parent=11589"}],"curies":[{"name":"wp","href":"https:\/\/api.w.org\/{rel}","templated":true}]}}