{"id":11591,"date":"2024-09-12T21:55:53","date_gmt":"2024-09-12T21:55:53","guid":{"rendered":"https:\/\/www.roplast.hr\/angebot\/aluminiumschreinerei\/cortizo-eingangstueren\/millennium-plus-70\/"},"modified":"2024-12-27T18:44:08","modified_gmt":"2024-12-27T18:44:08","slug":"millennium-plus-70","status":"publish","type":"page","link":"https:\/\/www.roplast.hr\/de\/angebot\/aluminiumschreinerei\/cortizo-eingangstueren\/millennium-plus-70\/","title":{"rendered":"MILLENNIUM PLUS 70"},"content":{"rendered":"\t\t<div data-elementor-type=\"wp-post\" data-elementor-id=\"11591\" class=\"elementor elementor-11591 elementor-6377\">\n\t\t\t\t<div class=\"elementor-element elementor-element-00a6ef8 e-flex e-con-boxed e-con e-parent\" data-id=\"00a6ef8\" data-element_type=\"container\">\n\t\t\t\t\t<div class=\"e-con-inner\">\n\t\t\t\t<div class=\"elementor-element elementor-element-9c9c54d elementor-widget elementor-widget-text-editor\" data-id=\"9c9c54d\" data-element_type=\"widget\" data-widget_type=\"text-editor.default\">\n\t\t\t\t<div class=\"elementor-widget-container\">\n\t\t\t\t\t\t\t\t\t<p>Die Marke CORTIZO ist zum Synonym f\u00fcr innovative Fenster-, T\u00fcren- und Fassadensysteme geworden, die h\u00f6chste Anspr\u00fcche an Design, Komfort und Sicherheit erf\u00fcllen und neue Ma\u00dfst\u00e4be im Bereich Energieeffizienz setzen. CORTIZO konzentriert sich auf nachhaltiges Bauen, bei dem der Mensch und seine Bed\u00fcrfnisse im Einklang mit der nat\u00fcrlichen Umwelt und moderner Technologie im Mittelpunkt stehen.  Die Marke bietet ma\u00dfgeschneiderte Produkte f\u00fcr Neubau und Sanierung, die auf die individuellen Bed\u00fcrfnisse der Nutzer in allen Klimazonen zugeschnitten sind.<\/p>\n\t\t\t\t\t\t\t\t<\/div>\n\t\t\t\t<\/div>\n\t\t\t\t\t<\/div>\n\t\t\t\t<\/div>\n\t\t<div class=\"elementor-element elementor-element-7b7d02e e-flex e-con-boxed e-con e-parent\" data-id=\"7b7d02e\" data-element_type=\"container\">\n\t\t\t\t\t<div class=\"e-con-inner\">\n\t\t<div class=\"elementor-element elementor-element-224fc19 e-con-full e-flex e-con e-child\" data-id=\"224fc19\" data-element_type=\"container\">\n\t\t\t\t<div class=\"elementor-element elementor-element-8fdcb77 elementor-widget elementor-widget-image\" data-id=\"8fdcb77\" data-element_type=\"widget\" data-widget_type=\"image.default\">\n\t\t\t\t<div class=\"elementor-widget-container\">\n\t\t\t\t\t\t\t\t\t\t\t\t\t\t\t<img fetchpriority=\"high\" decoding=\"async\" width=\"1024\" height=\"693\" src=\"https:\/\/www.roplast.hr\/wp-content\/uploads\/2024\/09\/MILLENNIUM-PLUS-70-VISTA-FUGADA-1024x693.jpg\" class=\"attachment-large size-large wp-image-6466\" alt=\"\" srcset=\"https:\/\/www.roplast.hr\/wp-content\/uploads\/2024\/09\/MILLENNIUM-PLUS-70-VISTA-FUGADA-1024x693.jpg 1024w, https:\/\/www.roplast.hr\/wp-content\/uploads\/2024\/09\/MILLENNIUM-PLUS-70-VISTA-FUGADA-300x203.jpg 300w, https:\/\/www.roplast.hr\/wp-content\/uploads\/2024\/09\/MILLENNIUM-PLUS-70-VISTA-FUGADA-768x520.jpg 768w, https:\/\/www.roplast.hr\/wp-content\/uploads\/2024\/09\/MILLENNIUM-PLUS-70-VISTA-FUGADA-1536x1039.jpg 1536w, https:\/\/www.roplast.hr\/wp-content\/uploads\/2024\/09\/MILLENNIUM-PLUS-70-VISTA-FUGADA-2048x1385.jpg 2048w\" sizes=\"(max-width: 1024px) 100vw, 1024px\" \/>\t\t\t\t\t\t\t\t\t\t\t\t\t\t\t<\/div>\n\t\t\t\t<\/div>\n\t\t\t\t<div class=\"elementor-element elementor-element-481ef3e elementor-widget elementor-widget-image\" data-id=\"481ef3e\" data-element_type=\"widget\" data-widget_type=\"image.default\">\n\t\t\t\t<div class=\"elementor-widget-container\">\n\t\t\t\t\t\t\t\t\t\t\t\t\t\t\t<img decoding=\"async\" width=\"1024\" height=\"663\" src=\"https:\/\/www.roplast.hr\/wp-content\/uploads\/2024\/09\/MILLENNIUM-PLUS-70-TRIPLE-VIDRIO-CODO-FUGADO-1024x663.jpg\" class=\"attachment-large size-large wp-image-6485\" alt=\"\" srcset=\"https:\/\/www.roplast.hr\/wp-content\/uploads\/2024\/09\/MILLENNIUM-PLUS-70-TRIPLE-VIDRIO-CODO-FUGADO-1024x663.jpg 1024w, https:\/\/www.roplast.hr\/wp-content\/uploads\/2024\/09\/MILLENNIUM-PLUS-70-TRIPLE-VIDRIO-CODO-FUGADO-300x194.jpg 300w, https:\/\/www.roplast.hr\/wp-content\/uploads\/2024\/09\/MILLENNIUM-PLUS-70-TRIPLE-VIDRIO-CODO-FUGADO-768x497.jpg 768w, https:\/\/www.roplast.hr\/wp-content\/uploads\/2024\/09\/MILLENNIUM-PLUS-70-TRIPLE-VIDRIO-CODO-FUGADO-1536x994.jpg 1536w, https:\/\/www.roplast.hr\/wp-content\/uploads\/2024\/09\/MILLENNIUM-PLUS-70-TRIPLE-VIDRIO-CODO-FUGADO-2048x1325.jpg 2048w\" sizes=\"(max-width: 1024px) 100vw, 1024px\" \/>\t\t\t\t\t\t\t\t\t\t\t\t\t\t\t<\/div>\n\t\t\t\t<\/div>\n\t\t\t\t<div class=\"elementor-element elementor-element-29c4980 elementor-widget elementor-widget-image\" data-id=\"29c4980\" data-element_type=\"widget\" data-widget_type=\"image.default\">\n\t\t\t\t<div class=\"elementor-widget-container\">\n\t\t\t\t\t\t\t\t\t\t\t\t\t\t\t<img decoding=\"async\" width=\"1024\" height=\"683\" src=\"https:\/\/www.roplast.hr\/wp-content\/uploads\/2024\/09\/Millenium-plus-70-1024x683.jpg\" class=\"attachment-large size-large wp-image-6489\" alt=\"\" srcset=\"https:\/\/www.roplast.hr\/wp-content\/uploads\/2024\/09\/Millenium-plus-70-1024x683.jpg 1024w, https:\/\/www.roplast.hr\/wp-content\/uploads\/2024\/09\/Millenium-plus-70-300x200.jpg 300w, https:\/\/www.roplast.hr\/wp-content\/uploads\/2024\/09\/Millenium-plus-70-768x512.jpg 768w, https:\/\/www.roplast.hr\/wp-content\/uploads\/2024\/09\/Millenium-plus-70-1536x1024.jpg 1536w, https:\/\/www.roplast.hr\/wp-content\/uploads\/2024\/09\/Millenium-plus-70-2048x1365.jpg 2048w\" sizes=\"(max-width: 1024px) 100vw, 1024px\" \/>\t\t\t\t\t\t\t\t\t\t\t\t\t\t\t<\/div>\n\t\t\t\t<\/div>\n\t\t\t\t<\/div>\n\t\t<div class=\"elementor-element elementor-element-6ad4b86 e-con-full e-flex e-con e-child\" data-id=\"6ad4b86\" data-element_type=\"container\">\n\t\t\t\t<div class=\"elementor-element elementor-element-424b1e0 elementor-widget elementor-widget-heading\" data-id=\"424b1e0\" data-element_type=\"widget\" data-widget_type=\"heading.default\">\n\t\t\t\t<div class=\"elementor-widget-container\">\n\t\t\t\t\t<h2 class=\"elementor-heading-title elementor-size-default\">MILLENNIUM PLUS 70 <\/h2>\t\t\t\t<\/div>\n\t\t\t\t<\/div>\n\t\t\t\t<div class=\"elementor-element elementor-element-f51bdaa elementor-widget elementor-widget-text-editor\" data-id=\"f51bdaa\" data-element_type=\"widget\" data-widget_type=\"text-editor.default\">\n\t\t\t\t<div class=\"elementor-widget-container\">\n\t\t\t\t\t\t\t\t\t<p>Die neuen CORTIZO Eingangst\u00fcren MILLENNIUM PLUS 70 sind ideale, kosteng\u00fcnstige L\u00f6sungen mit hervorragender W\u00e4rmed\u00e4mmung. Sie sind einfach zu installieren und k\u00f6nnen f\u00fcr Geb\u00e4ude unterschiedlicher Nutzung verwendet werden. <\/p>\n\t\t\t\t\t\t\t\t<\/div>\n\t\t\t\t<\/div>\n\t\t\t\t<div class=\"elementor-element elementor-element-03970e2 elementor-tabs-view-horizontal elementor-widget elementor-widget-tabs\" data-id=\"03970e2\" data-element_type=\"widget\" data-widget_type=\"tabs.default\">\n\t\t\t\t<div class=\"elementor-widget-container\">\n\t\t\t\t\t\t\t<div class=\"elementor-tabs\">\n\t\t\t<div class=\"elementor-tabs-wrapper\" role=\"tablist\" >\n\t\t\t\t\t\t\t\t\t<div id=\"elementor-tab-title-3761\" class=\"elementor-tab-title elementor-tab-desktop-title\" aria-selected=\"true\" data-tab=\"1\" role=\"tab\" tabindex=\"0\" aria-controls=\"elementor-tab-content-3761\" aria-expanded=\"false\">Beschreibung<\/div>\n\t\t\t\t\t\t\t\t\t<div id=\"elementor-tab-title-3762\" class=\"elementor-tab-title elementor-tab-desktop-title\" aria-selected=\"false\" data-tab=\"2\" role=\"tab\" tabindex=\"-1\" aria-controls=\"elementor-tab-content-3762\" aria-expanded=\"false\">Eigenschaften<\/div>\n\t\t\t\t\t\t\t\t\t<div id=\"elementor-tab-title-3763\" class=\"elementor-tab-title elementor-tab-desktop-title\" aria-selected=\"false\" data-tab=\"3\" role=\"tab\" tabindex=\"-1\" aria-controls=\"elementor-tab-content-3763\" aria-expanded=\"false\">Kataloge<\/div>\n\t\t\t\t\t\t\t\t\t<div id=\"elementor-tab-title-3764\" class=\"elementor-tab-title elementor-tab-desktop-title\" aria-selected=\"false\" data-tab=\"4\" role=\"tab\" tabindex=\"-1\" aria-controls=\"elementor-tab-content-3764\" aria-expanded=\"false\">Foto<\/div>\n\t\t\t\t\t\t\t<\/div>\n\t\t\t<div class=\"elementor-tabs-content-wrapper\" role=\"tablist\" aria-orientation=\"vertical\">\n\t\t\t\t\t\t\t\t\t<div class=\"elementor-tab-title elementor-tab-mobile-title\" aria-selected=\"true\" data-tab=\"1\" role=\"tab\" tabindex=\"0\" aria-controls=\"elementor-tab-content-3761\" aria-expanded=\"false\">Beschreibung<\/div>\n\t\t\t\t\t<div id=\"elementor-tab-content-3761\" class=\"elementor-tab-content elementor-clearfix\" data-tab=\"1\" role=\"tabpanel\" aria-labelledby=\"elementor-tab-title-3761\" tabindex=\"0\" hidden=\"false\"><ul>\n<li>Koplanar-T\u00fcrsystem mit geraden Linien und einem Rahmentief von 70 mm.<\/li>\n<li>Erm\u00f6glicht die Installation eines Notausgangs mit Panikschl\u00f6ssern gem\u00e4\u00df den Vorschriften EN 179 und EN 1125.<\/li>\n<li>Widerstand gegen wiederholtes \u00d6ffnen und Schlie\u00dfen (EN 1191:2000): 1.000.000 Zyklen.<\/li>\n<li>Maximale Glasdicke: 54 mm.<\/li>\n<li>M\u00f6glichkeit versteckter Scharniere.<\/li>\n<\/ul>\n<\/div>\n\t\t\t\t\t\t\t\t\t<div class=\"elementor-tab-title elementor-tab-mobile-title\" aria-selected=\"false\" data-tab=\"2\" role=\"tab\" tabindex=\"-1\" aria-controls=\"elementor-tab-content-3762\" aria-expanded=\"false\">Eigenschaften<\/div>\n\t\t\t\t\t<div id=\"elementor-tab-content-3762\" class=\"elementor-tab-content elementor-clearfix\" data-tab=\"2\" role=\"tabpanel\" aria-labelledby=\"elementor-tab-title-3762\" tabindex=\"0\" hidden=\"hidden\"><ul>\n<li>Maximale Glasdicke 54 mm.<\/li>\n<li>\u00d6ffnungsm\u00f6glichkeiten: <br \/>\u00d6ffnung nach innen: <br \/>Seitliche \u00d6ffnung, 1 oder 2 Fl\u00fcgel <br \/>\u00d6ffnung nach au\u00dfen: <br \/>Seitliche \u00d6ffnung, 1 oder 2 Fl\u00fcgel <br \/><strong>Automatische \u00d6ffnung: <\/strong><br \/>Innere und \u00e4u\u00dfere T\u00fcren mit einem Fl\u00fcgel<\/li>\n<li>Querschnitte <br \/>Rahmen \u2013 70 mm \/ Fl\u00fcgel \u2013 70 mm<\/li>\n<li>Dicke des Profils <br \/>T\u00fcr 2,0 mm<\/li>\n<li>L\u00e4nge des Polyamidbandes <br \/>24 mm<\/li>\n<li>Maximale Abmessungen pro Fl\u00fcgel <br \/>Breite (L) = 1.800 mm <br \/>H\u00f6he (H) = 3.000 mm <br \/>T\u00fcr<\/li>\n<\/ul>\n<p>Breite (L) = 1.500 mm <br \/>H\u00f6he (H) = 3.000 mm <br \/>T\u00fcr mit verdeckten Scharnieren<\/p>\n<ul>\n<li>Maximales Gewicht pro Fl\u00fcgel: 220 kg <br \/>Bitte konsultieren Sie sich bez\u00fcglich des maximalen Gewichts und der Abmessungen je nach Typ.<\/li>\n<li>Oberfl\u00e4chenbehandlungen:<br \/>M\u00f6glichkeit des Systems mit Doppelbeschichtung<br \/>Pulverbeschichtung (RAL, marmoriert und rau)<br \/>Pulverbeschichtung mit Holz-Effekt<br \/>Antibakterielle Pulverbeschichtung<br \/>Eloxiert<\/li>\n<\/ul>\n<\/div>\n\t\t\t\t\t\t\t\t\t<div class=\"elementor-tab-title elementor-tab-mobile-title\" aria-selected=\"false\" data-tab=\"3\" role=\"tab\" tabindex=\"-1\" aria-controls=\"elementor-tab-content-3763\" aria-expanded=\"false\">Kataloge<\/div>\n\t\t\t\t\t<div id=\"elementor-tab-content-3763\" class=\"elementor-tab-content elementor-clearfix\" data-tab=\"3\" role=\"tabpanel\" aria-labelledby=\"elementor-tab-title-3763\" tabindex=\"0\" hidden=\"hidden\"><ul>\n<li><a href=\"https:\/\/www.roplast.hr\/wp-content\/uploads\/2024\/09\/Millenium-plus-70_en.pdf\" target=\"_blank\" rel=\"noopener\">Millenium Plus 70<\/a><\/li>\n<\/ul>\n<\/div>\n\t\t\t\t\t\t\t\t\t<div class=\"elementor-tab-title elementor-tab-mobile-title\" aria-selected=\"false\" data-tab=\"4\" role=\"tab\" tabindex=\"-1\" aria-controls=\"elementor-tab-content-3764\" aria-expanded=\"false\">Foto<\/div>\n\t\t\t\t\t<div id=\"elementor-tab-content-3764\" class=\"elementor-tab-content elementor-clearfix\" data-tab=\"4\" role=\"tabpanel\" aria-labelledby=\"elementor-tab-title-3764\" tabindex=\"0\" hidden=\"hidden\">\n\t\t<style type=\"text\/css\">\n\t\t\t#gallery-1 {\n\t\t\t\tmargin: auto;\n\t\t\t}\n\t\t\t#gallery-1 .gallery-item {\n\t\t\t\tfloat: left;\n\t\t\t\tmargin-top: 10px;\n\t\t\t\ttext-align: center;\n\t\t\t\twidth: 33%;\n\t\t\t}\n\t\t\t#gallery-1 img {\n\t\t\t\tborder: 2px solid #cfcfcf;\n\t\t\t}\n\t\t\t#gallery-1 .gallery-caption {\n\t\t\t\tmargin-left: 0;\n\t\t\t}\n\t\t\t\/* see gallery_shortcode() in wp-includes\/media.php *\/\n\t\t<\/style>\n\t\t<div id='gallery-1' class='gallery galleryid-11591 gallery-columns-3 gallery-size-medium'><dl class='gallery-item'>\n\t\t\t<dt class='gallery-icon landscape'>\n\t\t\t\t<a href='https:\/\/www.roplast.hr\/wp-content\/uploads\/2024\/09\/MILLENNIUM-PLUS-70-TRIPLE-VIDRIO-CODO-FUGADO-1-scaled.jpg'><img loading=\"lazy\" decoding=\"async\" width=\"300\" height=\"194\" src=\"https:\/\/www.roplast.hr\/wp-content\/uploads\/2024\/09\/MILLENNIUM-PLUS-70-TRIPLE-VIDRIO-CODO-FUGADO-1-300x194.jpg\" class=\"attachment-medium size-medium\" alt=\"\" srcset=\"https:\/\/www.roplast.hr\/wp-content\/uploads\/2024\/09\/MILLENNIUM-PLUS-70-TRIPLE-VIDRIO-CODO-FUGADO-1-300x194.jpg 300w, https:\/\/www.roplast.hr\/wp-content\/uploads\/2024\/09\/MILLENNIUM-PLUS-70-TRIPLE-VIDRIO-CODO-FUGADO-1-1024x663.jpg 1024w, https:\/\/www.roplast.hr\/wp-content\/uploads\/2024\/09\/MILLENNIUM-PLUS-70-TRIPLE-VIDRIO-CODO-FUGADO-1-768x497.jpg 768w, https:\/\/www.roplast.hr\/wp-content\/uploads\/2024\/09\/MILLENNIUM-PLUS-70-TRIPLE-VIDRIO-CODO-FUGADO-1-1536x994.jpg 1536w, https:\/\/www.roplast.hr\/wp-content\/uploads\/2024\/09\/MILLENNIUM-PLUS-70-TRIPLE-VIDRIO-CODO-FUGADO-1-2048x1325.jpg 2048w\" sizes=\"(max-width: 300px) 100vw, 300px\" \/><\/a>\n\t\t\t<\/dt><\/dl><dl class='gallery-item'>\n\t\t\t<dt class='gallery-icon landscape'>\n\t\t\t\t<a href='https:\/\/www.roplast.hr\/wp-content\/uploads\/2024\/09\/Millenium-plus-70-1-scaled.jpg'><img loading=\"lazy\" decoding=\"async\" width=\"300\" height=\"200\" src=\"https:\/\/www.roplast.hr\/wp-content\/uploads\/2024\/09\/Millenium-plus-70-1-300x200.jpg\" class=\"attachment-medium size-medium\" alt=\"\" srcset=\"https:\/\/www.roplast.hr\/wp-content\/uploads\/2024\/09\/Millenium-plus-70-1-300x200.jpg 300w, https:\/\/www.roplast.hr\/wp-content\/uploads\/2024\/09\/Millenium-plus-70-1-1024x683.jpg 1024w, https:\/\/www.roplast.hr\/wp-content\/uploads\/2024\/09\/Millenium-plus-70-1-768x512.jpg 768w, https:\/\/www.roplast.hr\/wp-content\/uploads\/2024\/09\/Millenium-plus-70-1-1536x1024.jpg 1536w, https:\/\/www.roplast.hr\/wp-content\/uploads\/2024\/09\/Millenium-plus-70-1-2048x1365.jpg 2048w\" sizes=\"(max-width: 300px) 100vw, 300px\" \/><\/a>\n\t\t\t<\/dt><\/dl><dl class='gallery-item'>\n\t\t\t<dt class='gallery-icon landscape'>\n\t\t\t\t<a href='https:\/\/www.roplast.hr\/wp-content\/uploads\/2024\/09\/MILLENNIUM-PLUS-70-VISTA-FUGADA-1-scaled.jpg'><img loading=\"lazy\" decoding=\"async\" width=\"300\" height=\"203\" src=\"https:\/\/www.roplast.hr\/wp-content\/uploads\/2024\/09\/MILLENNIUM-PLUS-70-VISTA-FUGADA-1-300x203.jpg\" class=\"attachment-medium size-medium\" alt=\"\" srcset=\"https:\/\/www.roplast.hr\/wp-content\/uploads\/2024\/09\/MILLENNIUM-PLUS-70-VISTA-FUGADA-1-300x203.jpg 300w, https:\/\/www.roplast.hr\/wp-content\/uploads\/2024\/09\/MILLENNIUM-PLUS-70-VISTA-FUGADA-1-1024x693.jpg 1024w, https:\/\/www.roplast.hr\/wp-content\/uploads\/2024\/09\/MILLENNIUM-PLUS-70-VISTA-FUGADA-1-768x520.jpg 768w, https:\/\/www.roplast.hr\/wp-content\/uploads\/2024\/09\/MILLENNIUM-PLUS-70-VISTA-FUGADA-1-1536x1039.jpg 1536w, https:\/\/www.roplast.hr\/wp-content\/uploads\/2024\/09\/MILLENNIUM-PLUS-70-VISTA-FUGADA-1-2048x1385.jpg 2048w\" sizes=\"(max-width: 300px) 100vw, 300px\" \/><\/a>\n\t\t\t<\/dt><\/dl><br style=\"clear: both\" \/>\n\t\t<\/div>\n\n<\/div>\n\t\t\t\t\t\t\t<\/div>\n\t\t<\/div>\n\t\t\t\t\t\t<\/div>\n\t\t\t\t<\/div>\n\t\t\t\t<div class=\"elementor-element elementor-element-6776e61 elementor-widget elementor-widget-heading\" data-id=\"6776e61\" data-element_type=\"widget\" data-widget_type=\"heading.default\">\n\t\t\t\t<div class=\"elementor-widget-container\">\n\t\t\t\t\t<h6 class=\"elementor-heading-title elementor-size-default\">Interessieren Sie sich f\u00fcr weitere Informationen \u00fcber dieses Produkt?<\/h6>\t\t\t\t<\/div>\n\t\t\t\t<\/div>\n\t\t\t\t<div class=\"elementor-element elementor-element-2ea8dba elementor-align-left elementor-widget elementor-widget-button\" data-id=\"2ea8dba\" data-element_type=\"widget\" data-widget_type=\"button.default\">\n\t\t\t\t<div class=\"elementor-widget-container\">\n\t\t\t\t\t\t\t\t\t<div class=\"elementor-button-wrapper\">\n\t\t\t\t\t<a class=\"elementor-button elementor-button-link elementor-size-sm\" href=\"https:\/\/www.roplast.hr\/kontakt\/\">\n\t\t\t\t\t\t<span class=\"elementor-button-content-wrapper\">\n\t\t\t\t\t\t\t\t\t<span class=\"elementor-button-text\">SENDEN SIE EINE ANFRAGE<\/span>\n\t\t\t\t\t<\/span>\n\t\t\t\t\t<\/a>\n\t\t\t\t<\/div>\n\t\t\t\t\t\t\t\t<\/div>\n\t\t\t\t<\/div>\n\t\t\t\t<\/div>\n\t\t\t\t\t<\/div>\n\t\t\t\t<\/div>\n\t\t\t\t<\/div>\n\t\t","protected":false},"excerpt":{"rendered":"<p>Die Marke CORTIZO ist zum Synonym f\u00fcr innovative Fenster-, T\u00fcren- und Fassadensysteme geworden, die h\u00f6chste Anspr\u00fcche an Design, Komfort und Sicherheit erf\u00fcllen und neue Ma\u00dfst\u00e4be im Bereich Energieeffizienz setzen. CORTIZO konzentriert sich auf nachhaltiges Bauen, bei dem [&hellip;]<\/p>\n","protected":false},"author":1,"featured_media":6466,"parent":11589,"menu_order":0,"comment_status":"closed","ping_status":"closed","template":"","meta":{"footnotes":""},"class_list":["post-11591","page","type-page","status-publish","has-post-thumbnail","hentry"],"yoast_head":"<!-- This site is optimized with the Yoast SEO plugin v25.4 - https:\/\/yoast.com\/wordpress\/plugins\/seo\/ -->\n<title>MILLENNIUM PLUS 70 - Roplast<\/title>\n<meta name=\"robots\" content=\"index, follow, max-snippet:-1, max-image-preview:large, max-video-preview:-1\" \/>\n<link rel=\"canonical\" href=\"https:\/\/www.roplast.hr\/de\/angebot\/aluminiumschreinerei\/cortizo-eingangstueren\/millennium-plus-70\/\" \/>\n<meta property=\"og:locale\" content=\"de_DE\" \/>\n<meta property=\"og:type\" content=\"article\" \/>\n<meta property=\"og:title\" content=\"MILLENNIUM PLUS 70 - Roplast\" \/>\n<meta property=\"og:description\" content=\"Die Marke CORTIZO ist zum Synonym f\u00fcr innovative Fenster-, T\u00fcren- und Fassadensysteme geworden, die h\u00f6chste Anspr\u00fcche an Design, Komfort und Sicherheit erf\u00fcllen und neue Ma\u00dfst\u00e4be im Bereich Energieeffizienz setzen. CORTIZO konzentriert sich auf nachhaltiges Bauen, bei dem [&hellip;]\" \/>\n<meta property=\"og:url\" content=\"https:\/\/www.roplast.hr\/de\/angebot\/aluminiumschreinerei\/cortizo-eingangstueren\/millennium-plus-70\/\" \/>\n<meta property=\"og:site_name\" content=\"Roplast\" \/>\n<meta property=\"article:modified_time\" content=\"2024-12-27T18:44:08+00:00\" \/>\n<meta property=\"og:image\" content=\"https:\/\/www.roplast.hr\/wp-content\/uploads\/2024\/09\/MILLENNIUM-PLUS-70-VISTA-FUGADA-scaled.jpg\" \/>\n\t<meta property=\"og:image:width\" content=\"2560\" \/>\n\t<meta property=\"og:image:height\" content=\"1732\" \/>\n\t<meta property=\"og:image:type\" content=\"image\/jpeg\" \/>\n<meta name=\"twitter:card\" content=\"summary_large_image\" \/>\n<meta name=\"twitter:label1\" content=\"Gesch\u00e4tzte Lesezeit\" \/>\n\t<meta name=\"twitter:data1\" content=\"2\u00a0Minuten\" \/>\n<script type=\"application\/ld+json\" class=\"yoast-schema-graph\">{\"@context\":\"https:\/\/schema.org\",\"@graph\":[{\"@type\":\"WebPage\",\"@id\":\"https:\/\/www.roplast.hr\/de\/angebot\/aluminiumschreinerei\/cortizo-eingangstueren\/millennium-plus-70\/\",\"url\":\"https:\/\/www.roplast.hr\/de\/angebot\/aluminiumschreinerei\/cortizo-eingangstueren\/millennium-plus-70\/\",\"name\":\"MILLENNIUM PLUS 70 - Roplast\",\"isPartOf\":{\"@id\":\"https:\/\/www.roplast.hr\/de\/#website\"},\"primaryImageOfPage\":{\"@id\":\"https:\/\/www.roplast.hr\/de\/angebot\/aluminiumschreinerei\/cortizo-eingangstueren\/millennium-plus-70\/#primaryimage\"},\"image\":{\"@id\":\"https:\/\/www.roplast.hr\/de\/angebot\/aluminiumschreinerei\/cortizo-eingangstueren\/millennium-plus-70\/#primaryimage\"},\"thumbnailUrl\":\"https:\/\/www.roplast.hr\/wp-content\/uploads\/2024\/09\/MILLENNIUM-PLUS-70-VISTA-FUGADA-scaled.jpg\",\"datePublished\":\"2024-09-12T21:55:53+00:00\",\"dateModified\":\"2024-12-27T18:44:08+00:00\",\"breadcrumb\":{\"@id\":\"https:\/\/www.roplast.hr\/de\/angebot\/aluminiumschreinerei\/cortizo-eingangstueren\/millennium-plus-70\/#breadcrumb\"},\"inLanguage\":\"de\",\"potentialAction\":[{\"@type\":\"ReadAction\",\"target\":[\"https:\/\/www.roplast.hr\/de\/angebot\/aluminiumschreinerei\/cortizo-eingangstueren\/millennium-plus-70\/\"]}]},{\"@type\":\"ImageObject\",\"inLanguage\":\"de\",\"@id\":\"https:\/\/www.roplast.hr\/de\/angebot\/aluminiumschreinerei\/cortizo-eingangstueren\/millennium-plus-70\/#primaryimage\",\"url\":\"https:\/\/www.roplast.hr\/wp-content\/uploads\/2024\/09\/MILLENNIUM-PLUS-70-VISTA-FUGADA-scaled.jpg\",\"contentUrl\":\"https:\/\/www.roplast.hr\/wp-content\/uploads\/2024\/09\/MILLENNIUM-PLUS-70-VISTA-FUGADA-scaled.jpg\",\"width\":2560,\"height\":1732},{\"@type\":\"BreadcrumbList\",\"@id\":\"https:\/\/www.roplast.hr\/de\/angebot\/aluminiumschreinerei\/cortizo-eingangstueren\/millennium-plus-70\/#breadcrumb\",\"itemListElement\":[{\"@type\":\"ListItem\",\"position\":1,\"name\":\"Po\u010detna stranica\",\"item\":\"https:\/\/www.roplast.hr\/de\/\"},{\"@type\":\"ListItem\",\"position\":2,\"name\":\"Angebot\",\"item\":\"https:\/\/www.roplast.hr\/de\/ponuda\/\"},{\"@type\":\"ListItem\",\"position\":3,\"name\":\"Aluminiumschreinerei\",\"item\":\"https:\/\/www.roplast.hr\/de\/ponuda\/alu-stolarija\/\"},{\"@type\":\"ListItem\",\"position\":4,\"name\":\"Cortizo Eingangst\u00fcren\",\"item\":\"https:\/\/www.roplast.hr\/de\/ponuda\/alu-stolarija\/cortizo-ulazna-vrata\/\"},{\"@type\":\"ListItem\",\"position\":5,\"name\":\"MILLENNIUM PLUS 70\"}]},{\"@type\":\"WebSite\",\"@id\":\"https:\/\/www.roplast.hr\/de\/#website\",\"url\":\"https:\/\/www.roplast.hr\/de\/\",\"name\":\"Roplast\",\"description\":\"Izra\u0111eni za stil, stvoreni za trajnost!\",\"potentialAction\":[{\"@type\":\"SearchAction\",\"target\":{\"@type\":\"EntryPoint\",\"urlTemplate\":\"https:\/\/www.roplast.hr\/de\/?s={search_term_string}\"},\"query-input\":{\"@type\":\"PropertyValueSpecification\",\"valueRequired\":true,\"valueName\":\"search_term_string\"}}],\"inLanguage\":\"de\"}]}<\/script>\n<!-- \/ Yoast SEO plugin. -->","yoast_head_json":{"title":"MILLENNIUM PLUS 70 - Roplast","robots":{"index":"index","follow":"follow","max-snippet":"max-snippet:-1","max-image-preview":"max-image-preview:large","max-video-preview":"max-video-preview:-1"},"canonical":"https:\/\/www.roplast.hr\/de\/angebot\/aluminiumschreinerei\/cortizo-eingangstueren\/millennium-plus-70\/","og_locale":"de_DE","og_type":"article","og_title":"MILLENNIUM PLUS 70 - Roplast","og_description":"Die Marke CORTIZO ist zum Synonym f\u00fcr innovative Fenster-, T\u00fcren- und Fassadensysteme geworden, die h\u00f6chste Anspr\u00fcche an Design, Komfort und Sicherheit erf\u00fcllen und neue Ma\u00dfst\u00e4be im Bereich Energieeffizienz setzen. CORTIZO konzentriert sich auf nachhaltiges Bauen, bei dem [&hellip;]","og_url":"https:\/\/www.roplast.hr\/de\/angebot\/aluminiumschreinerei\/cortizo-eingangstueren\/millennium-plus-70\/","og_site_name":"Roplast","article_modified_time":"2024-12-27T18:44:08+00:00","og_image":[{"width":2560,"height":1732,"url":"https:\/\/www.roplast.hr\/wp-content\/uploads\/2024\/09\/MILLENNIUM-PLUS-70-VISTA-FUGADA-scaled.jpg","type":"image\/jpeg"}],"twitter_card":"summary_large_image","twitter_misc":{"Gesch\u00e4tzte Lesezeit":"2\u00a0Minuten"},"schema":{"@context":"https:\/\/schema.org","@graph":[{"@type":"WebPage","@id":"https:\/\/www.roplast.hr\/de\/angebot\/aluminiumschreinerei\/cortizo-eingangstueren\/millennium-plus-70\/","url":"https:\/\/www.roplast.hr\/de\/angebot\/aluminiumschreinerei\/cortizo-eingangstueren\/millennium-plus-70\/","name":"MILLENNIUM PLUS 70 - Roplast","isPartOf":{"@id":"https:\/\/www.roplast.hr\/de\/#website"},"primaryImageOfPage":{"@id":"https:\/\/www.roplast.hr\/de\/angebot\/aluminiumschreinerei\/cortizo-eingangstueren\/millennium-plus-70\/#primaryimage"},"image":{"@id":"https:\/\/www.roplast.hr\/de\/angebot\/aluminiumschreinerei\/cortizo-eingangstueren\/millennium-plus-70\/#primaryimage"},"thumbnailUrl":"https:\/\/www.roplast.hr\/wp-content\/uploads\/2024\/09\/MILLENNIUM-PLUS-70-VISTA-FUGADA-scaled.jpg","datePublished":"2024-09-12T21:55:53+00:00","dateModified":"2024-12-27T18:44:08+00:00","breadcrumb":{"@id":"https:\/\/www.roplast.hr\/de\/angebot\/aluminiumschreinerei\/cortizo-eingangstueren\/millennium-plus-70\/#breadcrumb"},"inLanguage":"de","potentialAction":[{"@type":"ReadAction","target":["https:\/\/www.roplast.hr\/de\/angebot\/aluminiumschreinerei\/cortizo-eingangstueren\/millennium-plus-70\/"]}]},{"@type":"ImageObject","inLanguage":"de","@id":"https:\/\/www.roplast.hr\/de\/angebot\/aluminiumschreinerei\/cortizo-eingangstueren\/millennium-plus-70\/#primaryimage","url":"https:\/\/www.roplast.hr\/wp-content\/uploads\/2024\/09\/MILLENNIUM-PLUS-70-VISTA-FUGADA-scaled.jpg","contentUrl":"https:\/\/www.roplast.hr\/wp-content\/uploads\/2024\/09\/MILLENNIUM-PLUS-70-VISTA-FUGADA-scaled.jpg","width":2560,"height":1732},{"@type":"BreadcrumbList","@id":"https:\/\/www.roplast.hr\/de\/angebot\/aluminiumschreinerei\/cortizo-eingangstueren\/millennium-plus-70\/#breadcrumb","itemListElement":[{"@type":"ListItem","position":1,"name":"Po\u010detna stranica","item":"https:\/\/www.roplast.hr\/de\/"},{"@type":"ListItem","position":2,"name":"Angebot","item":"https:\/\/www.roplast.hr\/de\/ponuda\/"},{"@type":"ListItem","position":3,"name":"Aluminiumschreinerei","item":"https:\/\/www.roplast.hr\/de\/ponuda\/alu-stolarija\/"},{"@type":"ListItem","position":4,"name":"Cortizo Eingangst\u00fcren","item":"https:\/\/www.roplast.hr\/de\/ponuda\/alu-stolarija\/cortizo-ulazna-vrata\/"},{"@type":"ListItem","position":5,"name":"MILLENNIUM PLUS 70"}]},{"@type":"WebSite","@id":"https:\/\/www.roplast.hr\/de\/#website","url":"https:\/\/www.roplast.hr\/de\/","name":"Roplast","description":"Izra\u0111eni za stil, stvoreni za trajnost!","potentialAction":[{"@type":"SearchAction","target":{"@type":"EntryPoint","urlTemplate":"https:\/\/www.roplast.hr\/de\/?s={search_term_string}"},"query-input":{"@type":"PropertyValueSpecification","valueRequired":true,"valueName":"search_term_string"}}],"inLanguage":"de"}]}},"_links":{"self":[{"href":"https:\/\/www.roplast.hr\/de\/wp-json\/wp\/v2\/pages\/11591","targetHints":{"allow":["GET"]}}],"collection":[{"href":"https:\/\/www.roplast.hr\/de\/wp-json\/wp\/v2\/pages"}],"about":[{"href":"https:\/\/www.roplast.hr\/de\/wp-json\/wp\/v2\/types\/page"}],"author":[{"embeddable":true,"href":"https:\/\/www.roplast.hr\/de\/wp-json\/wp\/v2\/users\/1"}],"replies":[{"embeddable":true,"href":"https:\/\/www.roplast.hr\/de\/wp-json\/wp\/v2\/comments?post=11591"}],"version-history":[{"count":1,"href":"https:\/\/www.roplast.hr\/de\/wp-json\/wp\/v2\/pages\/11591\/revisions"}],"predecessor-version":[{"id":11592,"href":"https:\/\/www.roplast.hr\/de\/wp-json\/wp\/v2\/pages\/11591\/revisions\/11592"}],"up":[{"embeddable":true,"href":"https:\/\/www.roplast.hr\/de\/wp-json\/wp\/v2\/pages\/11589"}],"wp:featuredmedia":[{"embeddable":true,"href":"https:\/\/www.roplast.hr\/de\/wp-json\/wp\/v2\/media\/6466"}],"wp:attachment":[{"href":"https:\/\/www.roplast.hr\/de\/wp-json\/wp\/v2\/media?parent=11591"}],"curies":[{"name":"wp","href":"https:\/\/api.w.org\/{rel}","templated":true}]}}