{"id":11626,"date":"2024-07-22T15:09:50","date_gmt":"2024-07-22T15:09:50","guid":{"rendered":"https:\/\/www.roplast.hr\/kontakt\/"},"modified":"2025-03-25T18:49:35","modified_gmt":"2025-03-25T18:49:35","slug":"kontakt","status":"publish","type":"page","link":"https:\/\/www.roplast.hr\/de\/kontakt\/","title":{"rendered":"Kontakt"},"content":{"rendered":"\t\t<div data-elementor-type=\"wp-page\" data-elementor-id=\"11626\" class=\"elementor elementor-11626 elementor-2345\">\n\t\t\t\t<div class=\"elementor-element elementor-element-782eb74 e-flex e-con-boxed e-con e-parent\" data-id=\"782eb74\" data-element_type=\"container\">\n\t\t\t\t\t<div class=\"e-con-inner\">\n\t\t<div class=\"elementor-element elementor-element-75da97f e-con-full e-flex e-con e-child\" data-id=\"75da97f\" data-element_type=\"container\">\n\t\t\t\t<div class=\"elementor-element elementor-element-366df7f elementor-widget elementor-widget-heading\" data-id=\"366df7f\" data-element_type=\"widget\" data-widget_type=\"heading.default\">\n\t\t\t\t<div class=\"elementor-widget-container\">\n\t\t\t\t\t<h2 class=\"elementor-heading-title elementor-size-default\">KONTAKT INFO:<\/h2>\t\t\t\t<\/div>\n\t\t\t\t<\/div>\n\t\t\t\t<div class=\"elementor-element elementor-element-65552c4 elementor-widget elementor-widget-text-editor\" data-id=\"65552c4\" data-element_type=\"widget\" data-widget_type=\"text-editor.default\">\n\t\t\t\t<div class=\"elementor-widget-container\">\n\t\t\t\t\t\t\t\t\t<p>Sehr geehrte Kunden, f\u00fcr weitere Fragen und Informationen stehen wir Ihnen gerne zur Verf\u00fcgung. Wir werden Ihnen so schnell wie m\u00f6glich antworten. Wir freuen uns auf die Zusammenarbeit mit Ihnen!  <\/p>\n\t\t\t\t\t\t\t\t<\/div>\n\t\t\t\t<\/div>\n\t\t\t\t<div class=\"elementor-element elementor-element-4f1d583 elementor-widget elementor-widget-heading\" data-id=\"4f1d583\" data-element_type=\"widget\" data-widget_type=\"heading.default\">\n\t\t\t\t<div class=\"elementor-widget-container\">\n\t\t\t\t\t<h2 class=\"elementor-heading-title elementor-size-default\">Produktionswerk und Ausstellungssalon<\/h2>\t\t\t\t<\/div>\n\t\t\t\t<\/div>\n\t\t\t\t<div class=\"elementor-element elementor-element-db891ac elementor-widget elementor-widget-text-editor\" data-id=\"db891ac\" data-element_type=\"widget\" data-widget_type=\"text-editor.default\">\n\t\t\t\t<div class=\"elementor-widget-container\">\n\t\t\t\t\t\t\t\t\t<p><strong>Adresa:<\/strong> Vre\u0107ari 107, 52231 Nede\u0161\u0107ina, HR<br \/><strong>Telefon:<\/strong> +385(0)52 885 405<br \/><strong>Email:<\/strong> roplast@roplast.hr<\/p>\n\t\t\t\t\t\t\t\t<\/div>\n\t\t\t\t<\/div>\n\t\t\t\t<div class=\"elementor-element elementor-element-21fb0a1 elementor-widget-divider--view-line elementor-widget elementor-widget-divider\" data-id=\"21fb0a1\" data-element_type=\"widget\" data-widget_type=\"divider.default\">\n\t\t\t\t<div class=\"elementor-widget-container\">\n\t\t\t\t\t\t\t<div class=\"elementor-divider\">\n\t\t\t<span class=\"elementor-divider-separator\">\n\t\t\t\t\t\t<\/span>\n\t\t<\/div>\n\t\t\t\t\t\t<\/div>\n\t\t\t\t<\/div>\n\t\t\t\t<div class=\"elementor-element elementor-element-220860b elementor-widget elementor-widget-text-editor\" data-id=\"220860b\" data-element_type=\"widget\" data-widget_type=\"text-editor.default\">\n\t\t\t\t<div class=\"elementor-widget-container\">\n\t\t\t\t\t\t\t\t\t<p><strong>DIREKTOR<\/strong><br \/><strong>Direktor:<\/strong> Roland Runko<br \/><strong>Email:<\/strong> runkoroland@gmail.com<\/p>\n<p><strong>Kommerzieller:<\/strong> Igor \u0160umberac<br \/><strong>Telefon:<\/strong> +385 (0)99 226 3000<br \/><strong>Email:<\/strong> igor@roplast.hr<\/p>\n<p><strong>Kommerzieller:<\/strong> Toni Broni\u0107<br \/><strong>Telefon:<\/strong> +385 (0)99 216 2260<br \/><strong>Email:<\/strong> toni@roplast.hr<\/p>\n\t\t\t\t\t\t\t\t<\/div>\n\t\t\t\t<\/div>\n\t\t\t\t<\/div>\n\t\t<div class=\"elementor-element elementor-element-2c9cf64 e-con-full e-flex e-con e-child\" data-id=\"2c9cf64\" data-element_type=\"container\">\n\t\t\t\t<div class=\"elementor-element elementor-element-ea7875d elementor-widget elementor-widget-heading\" data-id=\"ea7875d\" data-element_type=\"widget\" data-widget_type=\"heading.default\">\n\t\t\t\t<div class=\"elementor-widget-container\">\n\t\t\t\t\t<h2 class=\"elementor-heading-title elementor-size-default\">KONTAKT FORM:<\/h2>\t\t\t\t<\/div>\n\t\t\t\t<\/div>\n\t\t\t\t<div class=\"elementor-element elementor-element-cd8227b elementor-widget elementor-widget-html\" data-id=\"cd8227b\" data-element_type=\"widget\" data-widget_type=\"html.default\">\n\t\t\t\t<div class=\"elementor-widget-container\">\n\t\t\t\t\t<p class=\"wpcf7-contact-form-not-found\"><strong>Fehler:<\/strong> Kontaktformular wurde nicht gefunden.<\/p>\t\t\t\t<\/div>\n\t\t\t\t<\/div>\n\t\t\t\t<\/div>\n\t\t\t\t\t<\/div>\n\t\t\t\t<\/div>\n\t\t<div class=\"elementor-element elementor-element-f91b4c4 e-flex e-con-boxed e-con e-parent\" data-id=\"f91b4c4\" data-element_type=\"container\">\n\t\t\t\t\t<div class=\"e-con-inner\">\n\t\t\t\t<div class=\"elementor-element elementor-element-a042332 elementor-widget-divider--view-line elementor-widget elementor-widget-divider\" data-id=\"a042332\" data-element_type=\"widget\" data-widget_type=\"divider.default\">\n\t\t\t\t<div class=\"elementor-widget-container\">\n\t\t\t\t\t\t\t<div class=\"elementor-divider\">\n\t\t\t<span class=\"elementor-divider-separator\">\n\t\t\t\t\t\t<\/span>\n\t\t<\/div>\n\t\t\t\t\t\t<\/div>\n\t\t\t\t<\/div>\n\t\t\t\t\t<\/div>\n\t\t\t\t<\/div>\n\t\t<div class=\"elementor-element elementor-element-fe8a117 e-flex e-con-boxed e-con e-parent\" data-id=\"fe8a117\" data-element_type=\"container\">\n\t\t\t\t\t<div class=\"e-con-inner\">\n\t\t<div class=\"elementor-element elementor-element-e335fcc e-con-full e-flex e-con e-child\" data-id=\"e335fcc\" data-element_type=\"container\">\n\t\t\t\t<div class=\"elementor-element elementor-element-99a99a3 elementor-widget elementor-widget-heading\" data-id=\"99a99a3\" data-element_type=\"widget\" data-widget_type=\"heading.default\">\n\t\t\t\t<div class=\"elementor-widget-container\">\n\t\t\t\t\t<h2 class=\"elementor-heading-title elementor-size-default\">GESCH\u00c4FTSB\u00dcRO PORE\u010c (AUSSTELLUNGSRAUM) <\/h2>\t\t\t\t<\/div>\n\t\t\t\t<\/div>\n\t\t\t\t<div class=\"elementor-element elementor-element-4aeda8c elementor-widget elementor-widget-text-editor\" data-id=\"4aeda8c\" data-element_type=\"widget\" data-widget_type=\"text-editor.default\">\n\t\t\t\t<div class=\"elementor-widget-container\">\n\t\t\t\t\t\t\t\t\t<p><strong>Adresse:<\/strong> ul. Mate Vla\u0161i\u0107a 26\/50,<br \/>52440 Pore\u010d, HR <br \/><strong>Telefon:<\/strong> +385(0)52 433 234<br \/><strong>Email:<\/strong> porec@roplast.hr<\/p>\n<p><strong>Kommerzieller:<\/strong> Daniel Budak<br \/><strong>Telefon:<\/strong> +385 (0)91 6178 732<br \/><strong>Email:<\/strong> daniel@roplast.hr<\/p>\n<p><strong>Komercijalist:<\/strong> Aleks Juri\u010di\u0107<br \/><strong>Telefon:<\/strong> +385 (0)91 216 2266<br \/><strong>Email:<\/strong> aleks@roplast.hr<\/p>\n<p><strong>Kommerzieller:<\/strong> Paolo Pavli\u0107<br \/><strong>Telefon:<\/strong> +385 (0)91 624 9160<br \/><strong>Email:<\/strong> paolo@roplast.hr<\/p>\n\t\t\t\t\t\t\t\t<\/div>\n\t\t\t\t<\/div>\n\t\t\t\t<\/div>\n\t\t<div class=\"elementor-element elementor-element-65716eb e-con-full e-flex e-con e-child\" data-id=\"65716eb\" data-element_type=\"container\">\n\t\t\t\t<div class=\"elementor-element elementor-element-6b09cb5 elementor-widget elementor-widget-heading\" data-id=\"6b09cb5\" data-element_type=\"widget\" data-widget_type=\"heading.default\">\n\t\t\t\t<div class=\"elementor-widget-container\">\n\t\t\t\t\t<h2 class=\"elementor-heading-title elementor-size-default\">PULA-B\u00dcRO (AUSSTELLUNGSRAUM)<\/h2>\t\t\t\t<\/div>\n\t\t\t\t<\/div>\n\t\t\t\t<div class=\"elementor-element elementor-element-bc3ff1b elementor-widget elementor-widget-text-editor\" data-id=\"bc3ff1b\" data-element_type=\"widget\" data-widget_type=\"text-editor.default\">\n\t\t\t\t<div class=\"elementor-widget-container\">\n\t\t\t\t\t\t\t\t\t<p><strong>Adresse:<\/strong> Ul. Ante Duki\u0107a 5,<br \/>52100 Pula, HR<\/p><p><strong>Kommerzieller:<\/strong> Dolores Kal\u010di\u0107<br \/><strong>Telefon:<\/strong> +385 (0)91 216 2267<br \/><strong>Email:<\/strong> dolores@roplast.hr<\/p><p><strong>Kommerzieller:<\/strong> Elvis Fioretti<br \/><strong>Telefon:<\/strong> +385 (0)91 216 2264<br \/><strong>Email:<\/strong> elvis@roplast.hr<\/p>\t\t\t\t\t\t\t\t<\/div>\n\t\t\t\t<\/div>\n\t\t\t\t<\/div>\n\t\t<div class=\"elementor-element elementor-element-9310fb1 e-con-full e-flex e-con e-child\" data-id=\"9310fb1\" data-element_type=\"container\">\n\t\t\t\t<div class=\"elementor-element elementor-element-36d8335 elementor-widget elementor-widget-heading\" data-id=\"36d8335\" data-element_type=\"widget\" data-widget_type=\"heading.default\">\n\t\t\t\t<div class=\"elementor-widget-container\">\n\t\t\t\t\t<h2 class=\"elementor-heading-title elementor-size-default\">REPR\u00c4SENTATIONSB\u00dcRO DER RIJEKA<\/h2>\t\t\t\t<\/div>\n\t\t\t\t<\/div>\n\t\t\t\t<div class=\"elementor-element elementor-element-bae44c5 elementor-widget elementor-widget-text-editor\" data-id=\"bae44c5\" data-element_type=\"widget\" data-widget_type=\"text-editor.default\">\n\t\t\t\t<div class=\"elementor-widget-container\">\n\t\t\t\t\t\t\t\t\t<p><strong>Kommerzieller:<\/strong> Veljko Tiblja\u0161<br \/><strong>Telefon:<\/strong> +385 (0)91 216 2260<br \/><strong>Email:<\/strong> roplast.ri@gmail.com<\/p>\t\t\t\t\t\t\t\t<\/div>\n\t\t\t\t<\/div>\n\t\t\t\t<div class=\"elementor-element elementor-element-9676994 elementor-widget elementor-widget-heading\" data-id=\"9676994\" data-element_type=\"widget\" data-widget_type=\"heading.default\">\n\t\t\t\t<div class=\"elementor-widget-container\">\n\t\t\t\t\t<h2 class=\"elementor-heading-title elementor-size-default\">REPR\u00c4SENTATIONSB\u00dcRO DER ZAGREB<\/h2>\t\t\t\t<\/div>\n\t\t\t\t<\/div>\n\t\t\t\t<div class=\"elementor-element elementor-element-81a189a elementor-widget elementor-widget-text-editor\" data-id=\"81a189a\" data-element_type=\"widget\" data-widget_type=\"text-editor.default\">\n\t\t\t\t<div class=\"elementor-widget-container\">\n\t\t\t\t\t\t\t\t\t<p><strong>Kommerzieller:<\/strong> Goran Mati\u0107<br \/><strong>Telefon:<\/strong> +385 (0)91 6062 657<br \/><strong>Email:<\/strong> goran@roplast.hr<\/p>\t\t\t\t\t\t\t\t<\/div>\n\t\t\t\t<\/div>\n\t\t\t\t<\/div>\n\t\t\t\t\t<\/div>\n\t\t\t\t<\/div>\n\t\t<div class=\"elementor-element elementor-element-04cbe09 e-flex e-con-boxed e-con e-parent\" data-id=\"04cbe09\" data-element_type=\"container\">\n\t\t\t\t\t<div class=\"e-con-inner\">\n\t\t\t\t<div class=\"elementor-element elementor-element-18a4f28 elementor-widget elementor-widget-text-editor\" data-id=\"18a4f28\" data-element_type=\"widget\" data-widget_type=\"text-editor.default\">\n\t\t\t\t<div class=\"elementor-widget-container\">\n\t\t\t\t\t\t\t\t\t\n            <div \n                class=\"elfsight-widget-google-maps elfsight-widget\" \n                data-elfsight-google-maps-options=\"%7B%22categoriesEnabled%22%3Atrue%2C%22categories%22%3A%5B%5D%2C%22icons%22%3A%5B%5D%2C%22lang%22%3A%22en%22%2C%22distanceUnits%22%3A%22mi%22%2C%22markers%22%3A%5B%7B%22position%22%3A%2245.1268013627867%2C%2014.107087700489727%22%2C%22coordinates%22%3A%2245.1268013627867%2C%2014.107087700489727%22%2C%22icon%22%3A%22%22%2C%22iconUrl%22%3A%22%22%2C%22infoWindow%22%3Atrue%2C%22infoTitle%22%3A%22PROIZVODNI%20POGON%20I%20IZLO%5Cu017dBENI%20SALON%22%2C%22infoDescription%22%3A%22%22%2C%22infoImage%22%3Anull%2C%22infoAddress%22%3A%22Vre%5Cu0107ari%20107%2C%2052231%20Nede%5Cu0161%5Cu0107ina%2C%20HR%22%2C%22infoSite%22%3A%22%22%2C%22infoPhone%22%3A%22%22%2C%22infoEmail%22%3A%22%22%2C%22infoWorkingHours%22%3A%22%22%2C%22infoWindowOpenedByDefault%22%3Atrue%2C%22markerClickAction%22%3A%22infoWindow%22%2C%22animation%22%3A%22none%22%2C%22linkUrl%22%3A%22%22%2C%22category%22%3A%22%22%7D%2C%7B%22position%22%3A%2245.22999283026027%2C%2013.612652082372659%22%2C%22coordinates%22%3A%2245.22999283026027%2C%2013.612652082372659%22%2C%22icon%22%3A%22%22%2C%22iconUrl%22%3A%22%22%2C%22infoWindow%22%3Atrue%2C%22infoTitle%22%3A%22POSLOVNICA%20PORE%5Cu010c%20%28IZLO%5Cu017dBENI%20SALON%29%22%2C%22infoDescription%22%3A%22%22%2C%22infoImage%22%3Anull%2C%22infoAddress%22%3A%22ul.%20Mate%20Vla%5Cu0161i%5Cu0107a%2026%5C%2F50%2C%2052440%20Pore%5Cu010d%2C%20HR%22%2C%22infoSite%22%3A%22%22%2C%22infoPhone%22%3A%22%22%2C%22infoEmail%22%3A%22%22%2C%22infoWorkingHours%22%3A%22%22%2C%22infoWindowOpenedByDefault%22%3Atrue%2C%22markerClickAction%22%3A%22infoWindow%22%2C%22animation%22%3A%22none%22%2C%22linkUrl%22%3A%22%22%2C%22category%22%3A%22%22%2C%22id%22%3A%225734cdee-6c50-4672-89d1-90afa129614f%22%7D%2C%7B%22position%22%3A%2244.879285975873316%2C%2013.867277298299074%22%2C%22coordinates%22%3A%2244.879285975873316%2C%2013.867277298299074%22%2C%22icon%22%3A%22%22%2C%22iconUrl%22%3A%22%22%2C%22infoWindow%22%3Atrue%2C%22infoTitle%22%3A%22POSLOVNICA%20PULA%20%28IZLO%5Cu017dBENI%20SALON%29%22%2C%22infoDescription%22%3A%22%22%2C%22infoImage%22%3Anull%2C%22infoAddress%22%3A%22Ul.%20Ante%20Duki%5Cu0107a%205%2C%2052100%20Pula%2C%20HR%22%2C%22infoSite%22%3A%22%22%2C%22infoPhone%22%3A%22%22%2C%22infoEmail%22%3A%22%22%2C%22infoWorkingHours%22%3A%22%22%2C%22infoWindowOpenedByDefault%22%3Atrue%2C%22markerClickAction%22%3A%22infoWindow%22%2C%22animation%22%3A%22none%22%2C%22linkUrl%22%3A%22%22%2C%22category%22%3A%22%22%2C%22id%22%3A%2230c5c43f-22e7-4a08-8bc6-81200db6c125%22%7D%5D%2C%22mapType%22%3A%22roadmap%22%2C%22center%22%3A%22auto%22%2C%22zoom%22%3A%22auto%22%2C%22controls%22%3A%5B%22zoom%22%2C%22mapType%22%2C%22scale%22%2C%22streetView%22%2C%22rotate%22%2C%22fullScreen%22%5D%2C%22markerClusterEnabled%22%3Atrue%2C%22markerClusterZoom%22%3Atrue%2C%22markerClusterMin%22%3A2%2C%22markerClusterIcon%22%3A%22default%22%2C%22markerClusterIconColor%22%3A%22%22%2C%22markerClusterIconUrl%22%3Anull%2C%22markerClusterSize%22%3A52%2C%22infoDirections%22%3Atrue%2C%22directionsTarget%22%3A%22inline%22%2C%22scrollwheel%22%3Afalse%2C%22draggable%22%3Atrue%2C%22layers%22%3A%5B%5D%2C%22width%22%3A%22auto%22%2C%22height%22%3A%22700%22%2C%22panelEnabled%22%3Atrue%2C%22panelOpenByDefault%22%3Atrue%2C%22panelSearchVisible%22%3Afalse%2C%22panelSearchBy%22%3A%22markers%22%2C%22panelSearchPlaceholder%22%3A%22%22%2C%22panelListItemElements%22%3A%5B%22title%22%2C%22category%22%2C%22image%22%2C%22address%22%2C%22phone%22%2C%22workingHours%22%5D%2C%22mainColor%22%3A%22rgb%2866%2C%20133%2C%20244%29%22%2C%22style%22%3A%22default%22%2C%22colorGeometry%22%3A%22%22%2C%22colorLabelsTextFill%22%3A%22%22%2C%22colorLabelsTextStroke%22%3A%22%22%2C%22colorAdministrativeGeometryStroke%22%3A%22%22%2C%22colorAdministrativeLandParcel%22%3A%22%22%2C%22colorLandscapeNaturalGeometry%22%3A%22%22%2C%22colorPoiGeometry%22%3A%22%22%2C%22colorPoiLabelsTextFill%22%3A%22%22%2C%22colorPoiParkGeometryFill%22%3A%22%22%2C%22colorPoiParkLabelsTextFill%22%3A%22%22%2C%22colorRoadGeometry%22%3A%22%22%2C%22colorRoadArterial%22%3A%22%22%2C%22colorRoadHighway%22%3A%22%22%2C%22colorRoadHighwayGeometryStroke%22%3A%22%22%2C%22colorRoadHighwayControlledAccessGeometry%22%3A%22%22%2C%22colorRoadHighwayControlledAccessGeometryStroke%22%3A%22%22%2C%22colorRoadLocalLabelsTextFill%22%3A%22%22%2C%22colorTransitLineGeometry%22%3A%22%22%2C%22colorTransitLineLabelsTextFill%22%3A%22%22%2C%22colorTransitLineLabelsTextStroke%22%3A%22%22%2C%22colorTransitStationGeometry%22%3A%22%22%2C%22colorWaterGeometryFill%22%3A%22%22%2C%22colorWaterLabelTextFill%22%3A%22%22%2C%22customGoogleMapsStyles%22%3A%22%22%2C%22apiKey%22%3A%22AIzaSyA74p_WSwS5ELJ86ixVITSIJ-_4eqCFGpM%22%2C%22widgetId%22%3A%221%22%7D\" \n                data-elfsight-google-maps-version=\"2.4.2\"\n                data-elfsight-widget-id=\"elfsight-google-maps-1\">\n            <\/div>\n            \n\t\t\t\t\t\t\t\t<\/div>\n\t\t\t\t<\/div>\n\t\t\t\t\t<\/div>\n\t\t\t\t<\/div>\n\t\t\t\t<\/div>\n\t\t","protected":false},"excerpt":{"rendered":"<p>KONTAKT INFO: Sehr geehrte Kunden, f\u00fcr weitere Fragen und Informationen stehen wir Ihnen gerne zur Verf\u00fcgung. Wir werden Ihnen so schnell wie m\u00f6glich antworten. Wir freuen uns auf die Zusammenarbeit mit Ihnen! Produktionswerk und Ausstellungssalon Adresa: Vre\u0107ari [&hellip;]<\/p>\n","protected":false},"author":1,"featured_media":0,"parent":0,"menu_order":0,"comment_status":"closed","ping_status":"closed","template":"","meta":{"footnotes":""},"class_list":["post-11626","page","type-page","status-publish","hentry"],"yoast_head":"<!-- This site is optimized with the Yoast SEO plugin v25.4 - https:\/\/yoast.com\/wordpress\/plugins\/seo\/ -->\n<title>Kontakt - Roplast<\/title>\n<meta name=\"robots\" content=\"index, follow, max-snippet:-1, max-image-preview:large, max-video-preview:-1\" \/>\n<link rel=\"canonical\" href=\"https:\/\/www.roplast.hr\/de\/kontakt\/\" \/>\n<meta property=\"og:locale\" content=\"de_DE\" \/>\n<meta property=\"og:type\" content=\"article\" \/>\n<meta property=\"og:title\" content=\"Kontakt - Roplast\" \/>\n<meta property=\"og:description\" content=\"KONTAKT INFO: Sehr geehrte Kunden, f\u00fcr weitere Fragen und Informationen stehen wir Ihnen gerne zur Verf\u00fcgung. Wir werden Ihnen so schnell wie m\u00f6glich antworten. Wir freuen uns auf die Zusammenarbeit mit Ihnen! Produktionswerk und Ausstellungssalon Adresa: Vre\u0107ari [&hellip;]\" \/>\n<meta property=\"og:url\" content=\"https:\/\/www.roplast.hr\/de\/kontakt\/\" \/>\n<meta property=\"og:site_name\" content=\"Roplast\" \/>\n<meta property=\"article:modified_time\" content=\"2025-03-25T18:49:35+00:00\" \/>\n<meta name=\"twitter:card\" content=\"summary_large_image\" \/>\n<meta name=\"twitter:label1\" content=\"Gesch\u00e4tzte Lesezeit\" \/>\n\t<meta name=\"twitter:data1\" content=\"2\u00a0Minuten\" \/>\n<script type=\"application\/ld+json\" class=\"yoast-schema-graph\">{\"@context\":\"https:\/\/schema.org\",\"@graph\":[{\"@type\":\"WebPage\",\"@id\":\"https:\/\/www.roplast.hr\/de\/kontakt\/\",\"url\":\"https:\/\/www.roplast.hr\/de\/kontakt\/\",\"name\":\"Kontakt - Roplast\",\"isPartOf\":{\"@id\":\"https:\/\/www.roplast.hr\/de\/#website\"},\"datePublished\":\"2024-07-22T15:09:50+00:00\",\"dateModified\":\"2025-03-25T18:49:35+00:00\",\"breadcrumb\":{\"@id\":\"https:\/\/www.roplast.hr\/de\/kontakt\/#breadcrumb\"},\"inLanguage\":\"de\",\"potentialAction\":[{\"@type\":\"ReadAction\",\"target\":[\"https:\/\/www.roplast.hr\/de\/kontakt\/\"]}]},{\"@type\":\"BreadcrumbList\",\"@id\":\"https:\/\/www.roplast.hr\/de\/kontakt\/#breadcrumb\",\"itemListElement\":[{\"@type\":\"ListItem\",\"position\":1,\"name\":\"Po\u010detna stranica\",\"item\":\"https:\/\/www.roplast.hr\/de\/\"},{\"@type\":\"ListItem\",\"position\":2,\"name\":\"Kontakt\"}]},{\"@type\":\"WebSite\",\"@id\":\"https:\/\/www.roplast.hr\/de\/#website\",\"url\":\"https:\/\/www.roplast.hr\/de\/\",\"name\":\"Roplast\",\"description\":\"Izra\u0111eni za stil, stvoreni za trajnost!\",\"potentialAction\":[{\"@type\":\"SearchAction\",\"target\":{\"@type\":\"EntryPoint\",\"urlTemplate\":\"https:\/\/www.roplast.hr\/de\/?s={search_term_string}\"},\"query-input\":{\"@type\":\"PropertyValueSpecification\",\"valueRequired\":true,\"valueName\":\"search_term_string\"}}],\"inLanguage\":\"de\"}]}<\/script>\n<!-- \/ Yoast SEO plugin. -->","yoast_head_json":{"title":"Kontakt - Roplast","robots":{"index":"index","follow":"follow","max-snippet":"max-snippet:-1","max-image-preview":"max-image-preview:large","max-video-preview":"max-video-preview:-1"},"canonical":"https:\/\/www.roplast.hr\/de\/kontakt\/","og_locale":"de_DE","og_type":"article","og_title":"Kontakt - Roplast","og_description":"KONTAKT INFO: Sehr geehrte Kunden, f\u00fcr weitere Fragen und Informationen stehen wir Ihnen gerne zur Verf\u00fcgung. Wir werden Ihnen so schnell wie m\u00f6glich antworten. Wir freuen uns auf die Zusammenarbeit mit Ihnen! Produktionswerk und Ausstellungssalon Adresa: Vre\u0107ari [&hellip;]","og_url":"https:\/\/www.roplast.hr\/de\/kontakt\/","og_site_name":"Roplast","article_modified_time":"2025-03-25T18:49:35+00:00","twitter_card":"summary_large_image","twitter_misc":{"Gesch\u00e4tzte Lesezeit":"2\u00a0Minuten"},"schema":{"@context":"https:\/\/schema.org","@graph":[{"@type":"WebPage","@id":"https:\/\/www.roplast.hr\/de\/kontakt\/","url":"https:\/\/www.roplast.hr\/de\/kontakt\/","name":"Kontakt - Roplast","isPartOf":{"@id":"https:\/\/www.roplast.hr\/de\/#website"},"datePublished":"2024-07-22T15:09:50+00:00","dateModified":"2025-03-25T18:49:35+00:00","breadcrumb":{"@id":"https:\/\/www.roplast.hr\/de\/kontakt\/#breadcrumb"},"inLanguage":"de","potentialAction":[{"@type":"ReadAction","target":["https:\/\/www.roplast.hr\/de\/kontakt\/"]}]},{"@type":"BreadcrumbList","@id":"https:\/\/www.roplast.hr\/de\/kontakt\/#breadcrumb","itemListElement":[{"@type":"ListItem","position":1,"name":"Po\u010detna stranica","item":"https:\/\/www.roplast.hr\/de\/"},{"@type":"ListItem","position":2,"name":"Kontakt"}]},{"@type":"WebSite","@id":"https:\/\/www.roplast.hr\/de\/#website","url":"https:\/\/www.roplast.hr\/de\/","name":"Roplast","description":"Izra\u0111eni za stil, stvoreni za trajnost!","potentialAction":[{"@type":"SearchAction","target":{"@type":"EntryPoint","urlTemplate":"https:\/\/www.roplast.hr\/de\/?s={search_term_string}"},"query-input":{"@type":"PropertyValueSpecification","valueRequired":true,"valueName":"search_term_string"}}],"inLanguage":"de"}]}},"_links":{"self":[{"href":"https:\/\/www.roplast.hr\/de\/wp-json\/wp\/v2\/pages\/11626","targetHints":{"allow":["GET"]}}],"collection":[{"href":"https:\/\/www.roplast.hr\/de\/wp-json\/wp\/v2\/pages"}],"about":[{"href":"https:\/\/www.roplast.hr\/de\/wp-json\/wp\/v2\/types\/page"}],"author":[{"embeddable":true,"href":"https:\/\/www.roplast.hr\/de\/wp-json\/wp\/v2\/users\/1"}],"replies":[{"embeddable":true,"href":"https:\/\/www.roplast.hr\/de\/wp-json\/wp\/v2\/comments?post=11626"}],"version-history":[{"count":10,"href":"https:\/\/www.roplast.hr\/de\/wp-json\/wp\/v2\/pages\/11626\/revisions"}],"predecessor-version":[{"id":12849,"href":"https:\/\/www.roplast.hr\/de\/wp-json\/wp\/v2\/pages\/11626\/revisions\/12849"}],"wp:attachment":[{"href":"https:\/\/www.roplast.hr\/de\/wp-json\/wp\/v2\/media?parent=11626"}],"curies":[{"name":"wp","href":"https:\/\/api.w.org\/{rel}","templated":true}]}}