{"id":11868,"date":"2024-10-18T17:58:26","date_gmt":"2024-10-18T17:58:26","guid":{"rendered":"https:\/\/www.roplast.hr\/angebot\/dimmsysteme\/jalousinen\/jalousien-mit-ueberfenster-unterfassadenkasten\/"},"modified":"2025-01-08T13:24:46","modified_gmt":"2025-01-08T13:24:46","slug":"jalousien-mit-ueberfenster-unterfassadenkasten","status":"publish","type":"page","link":"https:\/\/www.roplast.hr\/de\/angebot\/dimmsysteme\/jalousinen\/jalousien-mit-ueberfenster-unterfassadenkasten\/","title":{"rendered":"JALOUSIEN MIT \u00dcBERFENSTER-UNTERFASSADENKASTEN"},"content":{"rendered":"\t\t<div data-elementor-type=\"wp-post\" data-elementor-id=\"11868\" class=\"elementor elementor-11868 elementor-8848\">\n\t\t\t\t<div class=\"elementor-element elementor-element-00a6ef8 e-flex e-con-boxed e-con e-parent\" data-id=\"00a6ef8\" data-element_type=\"container\">\n\t\t\t\t\t<div class=\"e-con-inner\">\n\t\t\t\t<div class=\"elementor-element elementor-element-9c9c54d elementor-widget elementor-widget-text-editor\" data-id=\"9c9c54d\" data-element_type=\"widget\" data-widget_type=\"text-editor.default\">\n\t\t\t\t<div class=\"elementor-widget-container\">\n\t\t\t\t\t\t\t\t\t<p>ROPLAST bietet eine breite Palette an Beschattungssystemen, die sich ideal f\u00fcr alle Arten von Geb\u00e4uden eignen, vom Wohn- bis zum Gewerbegeb\u00e4ude. Wir bieten Produkte von h\u00f6chster Qualit\u00e4t, darunter Jalousien, Jalousien, Jalousien und andere innovative Systeme, die perfekten Sonnenschutz und Privatsph\u00e4re bieten. Verschiedene Modelle erm\u00f6glichen die Anpassung an unterschiedliche Bed\u00fcrfnisse und \u00e4sthetische Vorlieben, w\u00e4hrend das moderne Design f\u00fcr Langlebigkeit und Funktionalit\u00e4t sorgt. Unabh\u00e4ngig von der Art des Geb\u00e4udes garantiert ROPLAST L\u00f6sungen, die h\u00f6chsten Anspr\u00fcchen an Qualit\u00e4t und \u00c4sthetik gen\u00fcgen.   <\/p>\n\t\t\t\t\t\t\t\t<\/div>\n\t\t\t\t<\/div>\n\t\t\t\t\t<\/div>\n\t\t\t\t<\/div>\n\t\t<div class=\"elementor-element elementor-element-7b7d02e e-flex e-con-boxed e-con e-parent\" data-id=\"7b7d02e\" data-element_type=\"container\">\n\t\t\t\t\t<div class=\"e-con-inner\">\n\t\t<div class=\"elementor-element elementor-element-224fc19 e-con-full e-flex e-con e-child\" data-id=\"224fc19\" data-element_type=\"container\">\n\t\t\t\t<div class=\"elementor-element elementor-element-8fdcb77 elementor-widget elementor-widget-image\" data-id=\"8fdcb77\" data-element_type=\"widget\" data-widget_type=\"image.default\">\n\t\t\t\t<div class=\"elementor-widget-container\">\n\t\t\t\t\t\t\t\t\t\t\t\t\t\t\t<img fetchpriority=\"high\" decoding=\"async\" width=\"600\" height=\"400\" src=\"https:\/\/www.roplast.hr\/wp-content\/uploads\/2024\/10\/VOD.jpg\" class=\"attachment-large size-large wp-image-8859\" alt=\"\" srcset=\"https:\/\/www.roplast.hr\/wp-content\/uploads\/2024\/10\/VOD.jpg 600w, https:\/\/www.roplast.hr\/wp-content\/uploads\/2024\/10\/VOD-300x200.jpg 300w\" sizes=\"(max-width: 600px) 100vw, 600px\" \/>\t\t\t\t\t\t\t\t\t\t\t\t\t\t\t<\/div>\n\t\t\t\t<\/div>\n\t\t\t\t<div class=\"elementor-element elementor-element-481ef3e elementor-widget elementor-widget-image\" data-id=\"481ef3e\" data-element_type=\"widget\" data-widget_type=\"image.default\">\n\t\t\t\t<div class=\"elementor-widget-container\">\n\t\t\t\t\t\t\t\t\t\t\t\t\t\t\t<img decoding=\"async\" width=\"600\" height=\"600\" src=\"https:\/\/www.roplast.hr\/wp-content\/uploads\/2024\/10\/NADPROZORSKA-PODFASADNA.jpg\" class=\"attachment-large size-large wp-image-8855\" alt=\"\" srcset=\"https:\/\/www.roplast.hr\/wp-content\/uploads\/2024\/10\/NADPROZORSKA-PODFASADNA.jpg 600w, https:\/\/www.roplast.hr\/wp-content\/uploads\/2024\/10\/NADPROZORSKA-PODFASADNA-300x300.jpg 300w, https:\/\/www.roplast.hr\/wp-content\/uploads\/2024\/10\/NADPROZORSKA-PODFASADNA-150x150.jpg 150w\" sizes=\"(max-width: 600px) 100vw, 600px\" \/>\t\t\t\t\t\t\t\t\t\t\t\t\t\t\t<\/div>\n\t\t\t\t<\/div>\n\t\t\t\t<\/div>\n\t\t<div class=\"elementor-element elementor-element-6ad4b86 e-con-full e-flex e-con e-child\" data-id=\"6ad4b86\" data-element_type=\"container\">\n\t\t\t\t<div class=\"elementor-element elementor-element-424b1e0 elementor-widget elementor-widget-heading\" data-id=\"424b1e0\" data-element_type=\"widget\" data-widget_type=\"heading.default\">\n\t\t\t\t<div class=\"elementor-widget-container\">\n\t\t\t\t\t<h2 class=\"elementor-heading-title elementor-size-default\">JALOUSIEN MIT \u00dcBERFENSTER-UNTERFASSADENKASTEN<\/h2>\t\t\t\t<\/div>\n\t\t\t\t<\/div>\n\t\t\t\t<div class=\"elementor-element elementor-element-f51bdaa elementor-widget elementor-widget-text-editor\" data-id=\"f51bdaa\" data-element_type=\"widget\" data-widget_type=\"text-editor.default\">\n\t\t\t\t<div class=\"elementor-widget-container\">\n\t\t\t\t\t\t\t\t\t<p>Jalousien mit \u00dcberfenster-Unterfassadenkasten werden im privaten und gewerblichen Baubereich eingesetzt, insbesondere f\u00fcr Neubauten. Sie werden mit dem Fenster verbunden und zusammen mit diesem als ein Element in die \u00d6ffnungen eingebaut. Aufgrund dieser Eigenschaft werden sie sp\u00e4ter am Objekt nahezu unsichtbar.  <\/p>\n\t\t\t\t\t\t\t\t<\/div>\n\t\t\t\t<\/div>\n\t\t\t\t<div class=\"elementor-element elementor-element-03970e2 elementor-tabs-view-horizontal elementor-widget elementor-widget-tabs\" data-id=\"03970e2\" data-element_type=\"widget\" data-widget_type=\"tabs.default\">\n\t\t\t\t<div class=\"elementor-widget-container\">\n\t\t\t\t\t\t\t<div class=\"elementor-tabs\">\n\t\t\t<div class=\"elementor-tabs-wrapper\" role=\"tablist\" >\n\t\t\t\t\t\t\t\t\t<div id=\"elementor-tab-title-3761\" class=\"elementor-tab-title elementor-tab-desktop-title\" aria-selected=\"true\" data-tab=\"1\" role=\"tab\" tabindex=\"0\" aria-controls=\"elementor-tab-content-3761\" aria-expanded=\"false\">Beschreibung<\/div>\n\t\t\t\t\t\t\t\t\t<div id=\"elementor-tab-title-3762\" class=\"elementor-tab-title elementor-tab-desktop-title\" aria-selected=\"false\" data-tab=\"2\" role=\"tab\" tabindex=\"-1\" aria-controls=\"elementor-tab-content-3762\" aria-expanded=\"false\">Vorteile<\/div>\n\t\t\t\t\t\t\t\t\t<div id=\"elementor-tab-title-3763\" class=\"elementor-tab-title elementor-tab-desktop-title\" aria-selected=\"false\" data-tab=\"3\" role=\"tab\" tabindex=\"-1\" aria-controls=\"elementor-tab-content-3763\" aria-expanded=\"false\">Foto<\/div>\n\t\t\t\t\t\t\t<\/div>\n\t\t\t<div class=\"elementor-tabs-content-wrapper\" role=\"tablist\" aria-orientation=\"vertical\">\n\t\t\t\t\t\t\t\t\t<div class=\"elementor-tab-title elementor-tab-mobile-title\" aria-selected=\"true\" data-tab=\"1\" role=\"tab\" tabindex=\"0\" aria-controls=\"elementor-tab-content-3761\" aria-expanded=\"false\">Beschreibung<\/div>\n\t\t\t\t\t<div id=\"elementor-tab-content-3761\" class=\"elementor-tab-content elementor-clearfix\" data-tab=\"1\" role=\"tabpanel\" aria-labelledby=\"elementor-tab-title-3761\" tabindex=\"0\" hidden=\"false\"><p>Lichtdurchl\u00e4ssige Box aus Polyurethanschaum hat den h\u00f6chsten Isolationsfaktor auf dem Markt und ist daher bei Niedrigenergiekonstruktionen beliebt. Die Systeme k\u00f6nnen zus\u00e4tzlich mit integrierten Moskitonetzen und Motorantrieb ausgestattet werden. <\/p>\n<p>Jede Lamelle der Lamelle ist \u00fcber die gesamte L\u00e4nge mit Gummi versehen, was Ger\u00e4usche beim Anheben und Absenken der Lamelle auch bei starkem Wind verhindert. Wenn Sie ein neues Geb\u00e4ude bauen, werden Sie von dem System der Au\u00dfenjalousien mit \u00dcberfenster-Unterfassadenkasten begeistert sein. Es handelt sich um ein System mit einer Box aus Polyurethanschaum mit hervorragenden Isoliereigenschaften.   <\/p>\n<\/div>\n\t\t\t\t\t\t\t\t\t<div class=\"elementor-tab-title elementor-tab-mobile-title\" aria-selected=\"false\" data-tab=\"2\" role=\"tab\" tabindex=\"-1\" aria-controls=\"elementor-tab-content-3762\" aria-expanded=\"false\">Vorteile<\/div>\n\t\t\t\t\t<div id=\"elementor-tab-content-3762\" class=\"elementor-tab-content elementor-clearfix\" data-tab=\"2\" role=\"tabpanel\" aria-labelledby=\"elementor-tab-title-3762\" tabindex=\"0\" hidden=\"hidden\"><ul>\n<li>Hervorragende Isolierung<\/li>\n<li>Maximaler Komfort, denn es bietet Schutz vor Insekten mit der M\u00f6glichkeit eines integrierten Moskitonetzes<\/li>\n<li>Der Rollladenkasten hat einen hohen D\u00e4mmwert und eine spezielle Oberfl\u00e4chenbehandlung mit L\u00f6chern<\/li>\n<li>Es erm\u00f6glicht eine optimale Montage ohne vorherige Bearbeitung der Dose bei der Herstellung des Fassaden- und Innenputzes<\/li>\n<li>Die Wartung erfolgt von au\u00dfen<\/li>\n<\/ul>\n<\/div>\n\t\t\t\t\t\t\t\t\t<div class=\"elementor-tab-title elementor-tab-mobile-title\" aria-selected=\"false\" data-tab=\"3\" role=\"tab\" tabindex=\"-1\" aria-controls=\"elementor-tab-content-3763\" aria-expanded=\"false\">Foto<\/div>\n\t\t\t\t\t<div id=\"elementor-tab-content-3763\" class=\"elementor-tab-content elementor-clearfix\" data-tab=\"3\" role=\"tabpanel\" aria-labelledby=\"elementor-tab-title-3763\" tabindex=\"0\" hidden=\"hidden\">\n\t\t<style type=\"text\/css\">\n\t\t\t#gallery-1 {\n\t\t\t\tmargin: auto;\n\t\t\t}\n\t\t\t#gallery-1 .gallery-item {\n\t\t\t\tfloat: left;\n\t\t\t\tmargin-top: 10px;\n\t\t\t\ttext-align: center;\n\t\t\t\twidth: 33%;\n\t\t\t}\n\t\t\t#gallery-1 img {\n\t\t\t\tborder: 2px solid #cfcfcf;\n\t\t\t}\n\t\t\t#gallery-1 .gallery-caption {\n\t\t\t\tmargin-left: 0;\n\t\t\t}\n\t\t\t\/* see gallery_shortcode() in wp-includes\/media.php *\/\n\t\t<\/style>\n\t\t<div id='gallery-1' class='gallery galleryid-11868 gallery-columns-3 gallery-size-medium'><dl class='gallery-item'>\n\t\t\t<dt class='gallery-icon landscape'>\n\t\t\t\t<a href='https:\/\/www.roplast.hr\/wp-content\/uploads\/2024\/10\/VOD.jpg'><img decoding=\"async\" width=\"300\" height=\"200\" src=\"https:\/\/www.roplast.hr\/wp-content\/uploads\/2024\/10\/VOD-300x200.jpg\" class=\"attachment-medium size-medium\" alt=\"\" srcset=\"https:\/\/www.roplast.hr\/wp-content\/uploads\/2024\/10\/VOD-300x200.jpg 300w, https:\/\/www.roplast.hr\/wp-content\/uploads\/2024\/10\/VOD.jpg 600w\" sizes=\"(max-width: 300px) 100vw, 300px\" \/><\/a>\n\t\t\t<\/dt><\/dl><dl class='gallery-item'>\n\t\t\t<dt class='gallery-icon landscape'>\n\t\t\t\t<a href='https:\/\/www.roplast.hr\/wp-content\/uploads\/2024\/10\/NADPROZORSKA-PODFASADNA.jpg'><img loading=\"lazy\" decoding=\"async\" width=\"300\" height=\"300\" src=\"https:\/\/www.roplast.hr\/wp-content\/uploads\/2024\/10\/NADPROZORSKA-PODFASADNA-300x300.jpg\" class=\"attachment-medium size-medium\" alt=\"\" srcset=\"https:\/\/www.roplast.hr\/wp-content\/uploads\/2024\/10\/NADPROZORSKA-PODFASADNA-300x300.jpg 300w, https:\/\/www.roplast.hr\/wp-content\/uploads\/2024\/10\/NADPROZORSKA-PODFASADNA-150x150.jpg 150w, https:\/\/www.roplast.hr\/wp-content\/uploads\/2024\/10\/NADPROZORSKA-PODFASADNA.jpg 600w\" sizes=\"(max-width: 300px) 100vw, 300px\" \/><\/a>\n\t\t\t<\/dt><\/dl>\n\t\t\t<br style='clear: both' \/>\n\t\t<\/div>\n\n<\/div>\n\t\t\t\t\t\t\t<\/div>\n\t\t<\/div>\n\t\t\t\t\t\t<\/div>\n\t\t\t\t<\/div>\n\t\t\t\t<div class=\"elementor-element elementor-element-6776e61 elementor-widget elementor-widget-heading\" data-id=\"6776e61\" data-element_type=\"widget\" data-widget_type=\"heading.default\">\n\t\t\t\t<div class=\"elementor-widget-container\">\n\t\t\t\t\t<h6 class=\"elementor-heading-title elementor-size-default\">Interessieren Sie sich f\u00fcr weitere Informationen \u00fcber dieses Produkt?<\/h6>\t\t\t\t<\/div>\n\t\t\t\t<\/div>\n\t\t\t\t<div class=\"elementor-element elementor-element-2ea8dba elementor-align-left elementor-widget elementor-widget-button\" data-id=\"2ea8dba\" data-element_type=\"widget\" data-widget_type=\"button.default\">\n\t\t\t\t<div class=\"elementor-widget-container\">\n\t\t\t\t\t\t\t\t\t<div class=\"elementor-button-wrapper\">\n\t\t\t\t\t<a class=\"elementor-button elementor-button-link elementor-size-sm\" href=\"https:\/\/www.roplast.hr\/de\/kontakt\/\">\n\t\t\t\t\t\t<span class=\"elementor-button-content-wrapper\">\n\t\t\t\t\t\t\t\t\t<span class=\"elementor-button-text\">SENDEN SIE EINE ANFRAGE<\/span>\n\t\t\t\t\t<\/span>\n\t\t\t\t\t<\/a>\n\t\t\t\t<\/div>\n\t\t\t\t\t\t\t\t<\/div>\n\t\t\t\t<\/div>\n\t\t\t\t<\/div>\n\t\t\t\t\t<\/div>\n\t\t\t\t<\/div>\n\t\t\t\t<\/div>\n\t\t","protected":false},"excerpt":{"rendered":"<p>ROPLAST bietet eine breite Palette an Beschattungssystemen, die sich ideal f\u00fcr alle Arten von Geb\u00e4uden eignen, vom Wohn- bis zum Gewerbegeb\u00e4ude. Wir bieten Produkte von h\u00f6chster Qualit\u00e4t, darunter Jalousien, Jalousien, Jalousien und andere innovative Systeme, die perfekten [&hellip;]<\/p>\n","protected":false},"author":1,"featured_media":6533,"parent":11860,"menu_order":0,"comment_status":"closed","ping_status":"closed","template":"","meta":{"footnotes":""},"class_list":["post-11868","page","type-page","status-publish","has-post-thumbnail","hentry"],"yoast_head":"<!-- This site is optimized with the Yoast SEO plugin v25.4 - https:\/\/yoast.com\/wordpress\/plugins\/seo\/ -->\n<title>JALOUSIEN MIT \u00dcBERFENSTER-UNTERFASSADENKASTEN - Roplast<\/title>\n<meta name=\"robots\" content=\"index, follow, max-snippet:-1, max-image-preview:large, max-video-preview:-1\" \/>\n<link rel=\"canonical\" href=\"https:\/\/www.roplast.hr\/de\/angebot\/dimmsysteme\/jalousinen\/jalousien-mit-ueberfenster-unterfassadenkasten\/\" \/>\n<meta property=\"og:locale\" content=\"de_DE\" \/>\n<meta property=\"og:type\" content=\"article\" \/>\n<meta property=\"og:title\" content=\"JALOUSIEN MIT \u00dcBERFENSTER-UNTERFASSADENKASTEN - Roplast\" \/>\n<meta property=\"og:description\" content=\"ROPLAST bietet eine breite Palette an Beschattungssystemen, die sich ideal f\u00fcr alle Arten von Geb\u00e4uden eignen, vom Wohn- bis zum Gewerbegeb\u00e4ude. Wir bieten Produkte von h\u00f6chster Qualit\u00e4t, darunter Jalousien, Jalousien, Jalousien und andere innovative Systeme, die perfekten [&hellip;]\" \/>\n<meta property=\"og:url\" content=\"https:\/\/www.roplast.hr\/de\/angebot\/dimmsysteme\/jalousinen\/jalousien-mit-ueberfenster-unterfassadenkasten\/\" \/>\n<meta property=\"og:site_name\" content=\"Roplast\" \/>\n<meta property=\"article:modified_time\" content=\"2025-01-08T13:24:46+00:00\" \/>\n<meta property=\"og:image\" content=\"https:\/\/www.roplast.hr\/wp-content\/uploads\/2024\/09\/26_91-1.png\" \/>\n\t<meta property=\"og:image:width\" content=\"766\" \/>\n\t<meta property=\"og:image:height\" content=\"875\" \/>\n\t<meta property=\"og:image:type\" content=\"image\/png\" \/>\n<meta name=\"twitter:card\" content=\"summary_large_image\" \/>\n<meta name=\"twitter:label1\" content=\"Gesch\u00e4tzte Lesezeit\" \/>\n\t<meta name=\"twitter:data1\" content=\"2\u00a0Minuten\" \/>\n<script type=\"application\/ld+json\" class=\"yoast-schema-graph\">{\"@context\":\"https:\/\/schema.org\",\"@graph\":[{\"@type\":\"WebPage\",\"@id\":\"https:\/\/www.roplast.hr\/de\/angebot\/dimmsysteme\/jalousinen\/jalousien-mit-ueberfenster-unterfassadenkasten\/\",\"url\":\"https:\/\/www.roplast.hr\/de\/angebot\/dimmsysteme\/jalousinen\/jalousien-mit-ueberfenster-unterfassadenkasten\/\",\"name\":\"JALOUSIEN MIT \u00dcBERFENSTER-UNTERFASSADENKASTEN - Roplast\",\"isPartOf\":{\"@id\":\"https:\/\/www.roplast.hr\/de\/#website\"},\"primaryImageOfPage\":{\"@id\":\"https:\/\/www.roplast.hr\/de\/angebot\/dimmsysteme\/jalousinen\/jalousien-mit-ueberfenster-unterfassadenkasten\/#primaryimage\"},\"image\":{\"@id\":\"https:\/\/www.roplast.hr\/de\/angebot\/dimmsysteme\/jalousinen\/jalousien-mit-ueberfenster-unterfassadenkasten\/#primaryimage\"},\"thumbnailUrl\":\"https:\/\/www.roplast.hr\/wp-content\/uploads\/2024\/09\/26_91-1.png\",\"datePublished\":\"2024-10-18T17:58:26+00:00\",\"dateModified\":\"2025-01-08T13:24:46+00:00\",\"breadcrumb\":{\"@id\":\"https:\/\/www.roplast.hr\/de\/angebot\/dimmsysteme\/jalousinen\/jalousien-mit-ueberfenster-unterfassadenkasten\/#breadcrumb\"},\"inLanguage\":\"de\",\"potentialAction\":[{\"@type\":\"ReadAction\",\"target\":[\"https:\/\/www.roplast.hr\/de\/angebot\/dimmsysteme\/jalousinen\/jalousien-mit-ueberfenster-unterfassadenkasten\/\"]}]},{\"@type\":\"ImageObject\",\"inLanguage\":\"de\",\"@id\":\"https:\/\/www.roplast.hr\/de\/angebot\/dimmsysteme\/jalousinen\/jalousien-mit-ueberfenster-unterfassadenkasten\/#primaryimage\",\"url\":\"https:\/\/www.roplast.hr\/wp-content\/uploads\/2024\/09\/26_91-1.png\",\"contentUrl\":\"https:\/\/www.roplast.hr\/wp-content\/uploads\/2024\/09\/26_91-1.png\",\"width\":766,\"height\":875},{\"@type\":\"BreadcrumbList\",\"@id\":\"https:\/\/www.roplast.hr\/de\/angebot\/dimmsysteme\/jalousinen\/jalousien-mit-ueberfenster-unterfassadenkasten\/#breadcrumb\",\"itemListElement\":[{\"@type\":\"ListItem\",\"position\":1,\"name\":\"Po\u010detna stranica\",\"item\":\"https:\/\/www.roplast.hr\/de\/\"},{\"@type\":\"ListItem\",\"position\":2,\"name\":\"Angebot\",\"item\":\"https:\/\/www.roplast.hr\/de\/ponuda\/\"},{\"@type\":\"ListItem\",\"position\":3,\"name\":\"Dimmsysteme\",\"item\":\"https:\/\/www.roplast.hr\/de\/ponuda\/sistemi-zatamnjivanja\/\"},{\"@type\":\"ListItem\",\"position\":4,\"name\":\"Jalousinen\",\"item\":\"https:\/\/www.roplast.hr\/de\/ponuda\/sistemi-zatamnjivanja\/zaluzine\/\"},{\"@type\":\"ListItem\",\"position\":5,\"name\":\"JALOUSIEN MIT \u00dcBERFENSTER-UNTERFASSADENKASTEN\"}]},{\"@type\":\"WebSite\",\"@id\":\"https:\/\/www.roplast.hr\/de\/#website\",\"url\":\"https:\/\/www.roplast.hr\/de\/\",\"name\":\"Roplast\",\"description\":\"Izra\u0111eni za stil, stvoreni za trajnost!\",\"potentialAction\":[{\"@type\":\"SearchAction\",\"target\":{\"@type\":\"EntryPoint\",\"urlTemplate\":\"https:\/\/www.roplast.hr\/de\/?s={search_term_string}\"},\"query-input\":{\"@type\":\"PropertyValueSpecification\",\"valueRequired\":true,\"valueName\":\"search_term_string\"}}],\"inLanguage\":\"de\"}]}<\/script>\n<!-- \/ Yoast SEO plugin. -->","yoast_head_json":{"title":"JALOUSIEN MIT \u00dcBERFENSTER-UNTERFASSADENKASTEN - Roplast","robots":{"index":"index","follow":"follow","max-snippet":"max-snippet:-1","max-image-preview":"max-image-preview:large","max-video-preview":"max-video-preview:-1"},"canonical":"https:\/\/www.roplast.hr\/de\/angebot\/dimmsysteme\/jalousinen\/jalousien-mit-ueberfenster-unterfassadenkasten\/","og_locale":"de_DE","og_type":"article","og_title":"JALOUSIEN MIT \u00dcBERFENSTER-UNTERFASSADENKASTEN - Roplast","og_description":"ROPLAST bietet eine breite Palette an Beschattungssystemen, die sich ideal f\u00fcr alle Arten von Geb\u00e4uden eignen, vom Wohn- bis zum Gewerbegeb\u00e4ude. Wir bieten Produkte von h\u00f6chster Qualit\u00e4t, darunter Jalousien, Jalousien, Jalousien und andere innovative Systeme, die perfekten [&hellip;]","og_url":"https:\/\/www.roplast.hr\/de\/angebot\/dimmsysteme\/jalousinen\/jalousien-mit-ueberfenster-unterfassadenkasten\/","og_site_name":"Roplast","article_modified_time":"2025-01-08T13:24:46+00:00","og_image":[{"width":766,"height":875,"url":"https:\/\/www.roplast.hr\/wp-content\/uploads\/2024\/09\/26_91-1.png","type":"image\/png"}],"twitter_card":"summary_large_image","twitter_misc":{"Gesch\u00e4tzte Lesezeit":"2\u00a0Minuten"},"schema":{"@context":"https:\/\/schema.org","@graph":[{"@type":"WebPage","@id":"https:\/\/www.roplast.hr\/de\/angebot\/dimmsysteme\/jalousinen\/jalousien-mit-ueberfenster-unterfassadenkasten\/","url":"https:\/\/www.roplast.hr\/de\/angebot\/dimmsysteme\/jalousinen\/jalousien-mit-ueberfenster-unterfassadenkasten\/","name":"JALOUSIEN MIT \u00dcBERFENSTER-UNTERFASSADENKASTEN - Roplast","isPartOf":{"@id":"https:\/\/www.roplast.hr\/de\/#website"},"primaryImageOfPage":{"@id":"https:\/\/www.roplast.hr\/de\/angebot\/dimmsysteme\/jalousinen\/jalousien-mit-ueberfenster-unterfassadenkasten\/#primaryimage"},"image":{"@id":"https:\/\/www.roplast.hr\/de\/angebot\/dimmsysteme\/jalousinen\/jalousien-mit-ueberfenster-unterfassadenkasten\/#primaryimage"},"thumbnailUrl":"https:\/\/www.roplast.hr\/wp-content\/uploads\/2024\/09\/26_91-1.png","datePublished":"2024-10-18T17:58:26+00:00","dateModified":"2025-01-08T13:24:46+00:00","breadcrumb":{"@id":"https:\/\/www.roplast.hr\/de\/angebot\/dimmsysteme\/jalousinen\/jalousien-mit-ueberfenster-unterfassadenkasten\/#breadcrumb"},"inLanguage":"de","potentialAction":[{"@type":"ReadAction","target":["https:\/\/www.roplast.hr\/de\/angebot\/dimmsysteme\/jalousinen\/jalousien-mit-ueberfenster-unterfassadenkasten\/"]}]},{"@type":"ImageObject","inLanguage":"de","@id":"https:\/\/www.roplast.hr\/de\/angebot\/dimmsysteme\/jalousinen\/jalousien-mit-ueberfenster-unterfassadenkasten\/#primaryimage","url":"https:\/\/www.roplast.hr\/wp-content\/uploads\/2024\/09\/26_91-1.png","contentUrl":"https:\/\/www.roplast.hr\/wp-content\/uploads\/2024\/09\/26_91-1.png","width":766,"height":875},{"@type":"BreadcrumbList","@id":"https:\/\/www.roplast.hr\/de\/angebot\/dimmsysteme\/jalousinen\/jalousien-mit-ueberfenster-unterfassadenkasten\/#breadcrumb","itemListElement":[{"@type":"ListItem","position":1,"name":"Po\u010detna stranica","item":"https:\/\/www.roplast.hr\/de\/"},{"@type":"ListItem","position":2,"name":"Angebot","item":"https:\/\/www.roplast.hr\/de\/ponuda\/"},{"@type":"ListItem","position":3,"name":"Dimmsysteme","item":"https:\/\/www.roplast.hr\/de\/ponuda\/sistemi-zatamnjivanja\/"},{"@type":"ListItem","position":4,"name":"Jalousinen","item":"https:\/\/www.roplast.hr\/de\/ponuda\/sistemi-zatamnjivanja\/zaluzine\/"},{"@type":"ListItem","position":5,"name":"JALOUSIEN MIT \u00dcBERFENSTER-UNTERFASSADENKASTEN"}]},{"@type":"WebSite","@id":"https:\/\/www.roplast.hr\/de\/#website","url":"https:\/\/www.roplast.hr\/de\/","name":"Roplast","description":"Izra\u0111eni za stil, stvoreni za trajnost!","potentialAction":[{"@type":"SearchAction","target":{"@type":"EntryPoint","urlTemplate":"https:\/\/www.roplast.hr\/de\/?s={search_term_string}"},"query-input":{"@type":"PropertyValueSpecification","valueRequired":true,"valueName":"search_term_string"}}],"inLanguage":"de"}]}},"_links":{"self":[{"href":"https:\/\/www.roplast.hr\/de\/wp-json\/wp\/v2\/pages\/11868","targetHints":{"allow":["GET"]}}],"collection":[{"href":"https:\/\/www.roplast.hr\/de\/wp-json\/wp\/v2\/pages"}],"about":[{"href":"https:\/\/www.roplast.hr\/de\/wp-json\/wp\/v2\/types\/page"}],"author":[{"embeddable":true,"href":"https:\/\/www.roplast.hr\/de\/wp-json\/wp\/v2\/users\/1"}],"replies":[{"embeddable":true,"href":"https:\/\/www.roplast.hr\/de\/wp-json\/wp\/v2\/comments?post=11868"}],"version-history":[{"count":1,"href":"https:\/\/www.roplast.hr\/de\/wp-json\/wp\/v2\/pages\/11868\/revisions"}],"predecessor-version":[{"id":11870,"href":"https:\/\/www.roplast.hr\/de\/wp-json\/wp\/v2\/pages\/11868\/revisions\/11870"}],"up":[{"embeddable":true,"href":"https:\/\/www.roplast.hr\/de\/wp-json\/wp\/v2\/pages\/11860"}],"wp:featuredmedia":[{"embeddable":true,"href":"https:\/\/www.roplast.hr\/de\/wp-json\/wp\/v2\/media\/6533"}],"wp:attachment":[{"href":"https:\/\/www.roplast.hr\/de\/wp-json\/wp\/v2\/media?parent=11868"}],"curies":[{"name":"wp","href":"https:\/\/api.w.org\/{rel}","templated":true}]}}