{"id":11887,"date":"2024-11-12T02:35:57","date_gmt":"2024-11-12T02:35:57","guid":{"rendered":"https:\/\/www.roplast.hr\/angebot\/skin-fassade\/"},"modified":"2025-01-16T10:22:08","modified_gmt":"2025-01-16T10:22:08","slug":"skin-fassade","status":"publish","type":"page","link":"https:\/\/www.roplast.hr\/de\/angebot\/skin-fassade\/","title":{"rendered":"SKIN FASSADE"},"content":{"rendered":"\t\t<div data-elementor-type=\"wp-post\" data-elementor-id=\"11887\" class=\"elementor elementor-11887 elementor-11136\">\n\t\t\t\t<div class=\"elementor-element elementor-element-00a6ef8 e-flex e-con-boxed e-con e-parent\" data-id=\"00a6ef8\" data-element_type=\"container\">\n\t\t\t\t\t<div class=\"e-con-inner\">\n\t\t\t\t<div class=\"elementor-element elementor-element-9c9c54d elementor-widget elementor-widget-text-editor\" data-id=\"9c9c54d\" data-element_type=\"widget\" data-widget_type=\"text-editor.default\">\n\t\t\t\t<div class=\"elementor-widget-container\">\n\t\t\t\t\t\t\t\t\t<p>Die Verkleidung eines Geb\u00e4udes mit Aluminium bedeutet, eine gewissenhafte und nachhaltige Entscheidung zu treffen, die die Umwelt sch\u00fctzt und den Komfort erh\u00f6ht, den \u00e4sthetischen Eindruck, die Akustik, die Isolier- und Brandschutzeigenschaften des Raums verbessert, unabh\u00e4ngig von seinem Zweck. Aluminium ist leicht, aber gleichzeitig stark, stabil und flexibel genug, um hinsichtlich Abmessungen und Form allen architektonischen Anforderungen gerecht zu werden. Es handelt sich um ein nachhaltiges Material, das ohne Qualit\u00e4tsverlust unendlich oft recycelt werden kann, best\u00e4ndig gegen F\u00e4ulnis im Laufe der Zeit ist und sich durch eine hohe Feuerbest\u00e4ndigkeit gem\u00e4\u00df den geltenden Vorschriften auszeichnet.  <\/p>\n\t\t\t\t\t\t\t\t<\/div>\n\t\t\t\t<\/div>\n\t\t\t\t\t<\/div>\n\t\t\t\t<\/div>\n\t\t<div class=\"elementor-element elementor-element-e8ed6fd e-flex e-con-boxed e-con e-parent\" data-id=\"e8ed6fd\" data-element_type=\"container\">\n\t\t\t\t\t<div class=\"e-con-inner\">\n\t\t<div class=\"elementor-element elementor-element-cd3a01a e-con-full e-flex e-con e-child\" data-id=\"cd3a01a\" data-element_type=\"container\">\n\t\t\t\t<div class=\"elementor-element elementor-element-94122f6 elementor-widget elementor-widget-image\" data-id=\"94122f6\" data-element_type=\"widget\" data-widget_type=\"image.default\">\n\t\t\t\t<div class=\"elementor-widget-container\">\n\t\t\t\t\t\t\t\t\t\t\t\t\t\t\t<img decoding=\"async\" width=\"225\" height=\"66\" src=\"https:\/\/www.roplast.hr\/wp-content\/uploads\/2024\/11\/SKIN-LOGO-1.png\" class=\"attachment-full size-full wp-image-11146\" alt=\"\" \/>\t\t\t\t\t\t\t\t\t\t\t\t\t\t\t<\/div>\n\t\t\t\t<\/div>\n\t\t\t\t<div class=\"elementor-element elementor-element-e982dd6 elementor-widget elementor-widget-text-editor\" data-id=\"e982dd6\" data-element_type=\"widget\" data-widget_type=\"text-editor.default\">\n\t\t\t\t<div class=\"elementor-widget-container\">\n\t\t\t\t\t\t\t\t\t<p>Modulare Systeme aus dekorativen Aluminiumprofilen und -verkleidungen, die Innen- und Au\u00dfenbereichen eine v\u00f6llig neue Dimension verleihen. Fortschrittliche Technologie und umweltvertr\u00e4gliche Materialien sorgen f\u00fcr einen einzigartigen \u00e4sthetischen Effekt an Fassaden und Innenw\u00e4nden. <\/p>\n<p>Die dekorativen Elemente von SKIN sorgen f\u00fcr Dynamik und definieren den Raum. Sie sind in einer breiten Palette von Farben und Ausf\u00fchrungen erh\u00e4ltlich, die nat\u00fcrliche Materialien auf stranggepresstem Aluminium originalgetreu nachbilden: Holz, Marmor, Stein, Stahl, Cortenstahl und andere Metalle.<\/p>\n\t\t\t\t\t\t\t\t<\/div>\n\t\t\t\t<\/div>\n\t\t\t\t<\/div>\n\t\t<div class=\"elementor-element elementor-element-a1a2a7b e-con-full e-flex e-con e-child\" data-id=\"a1a2a7b\" data-element_type=\"container\" data-settings=\"{&quot;background_background&quot;:&quot;classic&quot;}\">\n\t\t\t\t<div class=\"elementor-element elementor-element-4084061 banner_content_hover2 elementor-widget elementor-widget-lastudio-banner\" data-id=\"4084061\" data-element_type=\"widget\" data-widget_type=\"lastudio-banner.default\">\n\t\t\t\t<div class=\"elementor-widget-container\">\n\t\t\t\t\t<figure class=\"lastudio-banner la-lazyload-image lastudio-effect-none image-custom-height\" data-background-image=\"https:\/\/www.roplast.hr\/wp-content\/uploads\/2024\/11\/Battens-30-2.jpg\"><div class=\"lastudio-banner__overlay\"><\/div><img loading=\"lazy\" decoding=\"async\" src=\"data:image\/gif;base64,R0lGODlhAQABAIAAAP\/\/\/wAAACH5BAEAAAAALAAAAAABAAEAAAICRAEAOw==\" data-src=\"https:\/\/www.roplast.hr\/wp-content\/uploads\/2024\/11\/Battens-30-2.jpg\" alt=\"\" loading=\"lazy\" class=\"la-lazyload-image lastudio-banner__img\" width=\"1920\" height=\"1123\" srcset=\"data:image\/gif;base64,R0lGODlhAQABAIAAAP\/\/\/wAAACH5BAEAAAAALAAAAAABAAEAAAICRAEAOw==\"><figcaption class=\"lastudio-banner__content\"><div class=\"lastudio-banner__content-wrap\"><h5 class=\"lastudio-banner__title\">BATTENS 30<\/h5><\/div><a href=\"https:\/\/www.roplast.hr\/de\/angebot\/skin-fassade\/battens-30\/\" class=\"lastudio-banner__link\"><span class=\"hidden\">BATTENS 30<\/span><\/a><\/figcaption><\/figure>\t\t\t\t<\/div>\n\t\t\t\t<\/div>\n\t\t\t\t<\/div>\n\t\t<div class=\"elementor-element elementor-element-85ff68c e-con-full e-flex e-con e-child\" data-id=\"85ff68c\" data-element_type=\"container\">\n\t\t\t\t<div class=\"elementor-element elementor-element-6252114 banner_content_hover2 elementor-widget elementor-widget-lastudio-banner\" data-id=\"6252114\" data-element_type=\"widget\" data-widget_type=\"lastudio-banner.default\">\n\t\t\t\t<div class=\"elementor-widget-container\">\n\t\t\t\t\t<figure class=\"lastudio-banner la-lazyload-image lastudio-effect-none image-custom-height\" data-background-image=\"https:\/\/www.roplast.hr\/wp-content\/uploads\/2024\/11\/Battens-50-1.jpg\"><div class=\"lastudio-banner__overlay\"><\/div><img loading=\"lazy\" decoding=\"async\" src=\"data:image\/gif;base64,R0lGODlhAQABAIAAAP\/\/\/wAAACH5BAEAAAAALAAAAAABAAEAAAICRAEAOw==\" data-src=\"https:\/\/www.roplast.hr\/wp-content\/uploads\/2024\/11\/Battens-50-1.jpg\" alt=\"\" loading=\"lazy\" class=\"la-lazyload-image lastudio-banner__img\" width=\"1920\" height=\"1123\" srcset=\"data:image\/gif;base64,R0lGODlhAQABAIAAAP\/\/\/wAAACH5BAEAAAAALAAAAAABAAEAAAICRAEAOw==\"><figcaption class=\"lastudio-banner__content\"><div class=\"lastudio-banner__content-wrap\"><h5 class=\"lastudio-banner__title\">BATTENS 50<\/h5><\/div><a href=\"https:\/\/www.roplast.hr\/de\/angebot\/skin-fassade\/battens-50\/\" class=\"lastudio-banner__link\"><span class=\"hidden\">BATTENS 50<\/span><\/a><\/figcaption><\/figure>\t\t\t\t<\/div>\n\t\t\t\t<\/div>\n\t\t\t\t<\/div>\n\t\t<div class=\"elementor-element elementor-element-9d6e3ef e-con-full e-flex e-con e-child\" data-id=\"9d6e3ef\" data-element_type=\"container\">\n\t\t\t\t<div class=\"elementor-element elementor-element-9edf3ec banner_content_hover2 elementor-widget elementor-widget-lastudio-banner\" data-id=\"9edf3ec\" data-element_type=\"widget\" data-widget_type=\"lastudio-banner.default\">\n\t\t\t\t<div class=\"elementor-widget-container\">\n\t\t\t\t\t<figure class=\"lastudio-banner la-lazyload-image lastudio-effect-none image-custom-height\" data-background-image=\"https:\/\/www.roplast.hr\/wp-content\/uploads\/2024\/11\/Battens-50-Cladding-1.jpg\"><div class=\"lastudio-banner__overlay\"><\/div><img loading=\"lazy\" decoding=\"async\" src=\"data:image\/gif;base64,R0lGODlhAQABAIAAAP\/\/\/wAAACH5BAEAAAAALAAAAAABAAEAAAICRAEAOw==\" data-src=\"https:\/\/www.roplast.hr\/wp-content\/uploads\/2024\/11\/Battens-50-Cladding-1.jpg\" alt=\"\" loading=\"lazy\" class=\"la-lazyload-image lastudio-banner__img\" width=\"1920\" height=\"1123\" srcset=\"data:image\/gif;base64,R0lGODlhAQABAIAAAP\/\/\/wAAACH5BAEAAAAALAAAAAABAAEAAAICRAEAOw==\"><figcaption class=\"lastudio-banner__content\"><div class=\"lastudio-banner__content-wrap\"><h5 class=\"lastudio-banner__title\">CLADDING<\/h5><\/div><a href=\"https:\/\/www.roplast.hr\/de\/angebot\/skin-fassade\/cladding\/\" class=\"lastudio-banner__link\"><span class=\"hidden\">CLADDING<\/span><\/a><\/figcaption><\/figure>\t\t\t\t<\/div>\n\t\t\t\t<\/div>\n\t\t\t\t<\/div>\n\t\t\t\t\t<\/div>\n\t\t\t\t<\/div>\n\t\t\t\t<\/div>\n\t\t","protected":false},"excerpt":{"rendered":"<p>Die Verkleidung eines Geb\u00e4udes mit Aluminium bedeutet, eine gewissenhafte und nachhaltige Entscheidung zu treffen, die die Umwelt sch\u00fctzt und den Komfort erh\u00f6ht, den \u00e4sthetischen Eindruck, die Akustik, die Isolier- und Brandschutzeigenschaften des Raums verbessert, unabh\u00e4ngig von seinem [&hellip;]<\/p>\n","protected":false},"author":1,"featured_media":0,"parent":11473,"menu_order":0,"comment_status":"closed","ping_status":"closed","template":"","meta":{"footnotes":""},"class_list":["post-11887","page","type-page","status-publish","hentry"],"yoast_head":"<!-- This site is optimized with the Yoast SEO plugin v25.4 - https:\/\/yoast.com\/wordpress\/plugins\/seo\/ -->\n<title>SKIN FASSADE - Roplast<\/title>\n<meta name=\"robots\" content=\"index, follow, max-snippet:-1, max-image-preview:large, max-video-preview:-1\" \/>\n<link rel=\"canonical\" href=\"https:\/\/www.roplast.hr\/de\/angebot\/skin-fassade\/\" \/>\n<meta property=\"og:locale\" content=\"de_DE\" \/>\n<meta property=\"og:type\" content=\"article\" \/>\n<meta property=\"og:title\" content=\"SKIN FASSADE - Roplast\" \/>\n<meta property=\"og:description\" content=\"Die Verkleidung eines Geb\u00e4udes mit Aluminium bedeutet, eine gewissenhafte und nachhaltige Entscheidung zu treffen, die die Umwelt sch\u00fctzt und den Komfort erh\u00f6ht, den \u00e4sthetischen Eindruck, die Akustik, die Isolier- und Brandschutzeigenschaften des Raums verbessert, unabh\u00e4ngig von seinem [&hellip;]\" \/>\n<meta property=\"og:url\" content=\"https:\/\/www.roplast.hr\/de\/angebot\/skin-fassade\/\" \/>\n<meta property=\"og:site_name\" content=\"Roplast\" \/>\n<meta property=\"article:modified_time\" content=\"2025-01-16T10:22:08+00:00\" \/>\n<meta property=\"og:image\" content=\"https:\/\/www.roplast.hr\/wp-content\/uploads\/2024\/11\/SKIN-LOGO-1.png\" \/>\n\t<meta property=\"og:image:width\" content=\"225\" \/>\n\t<meta property=\"og:image:height\" content=\"66\" \/>\n\t<meta property=\"og:image:type\" content=\"image\/png\" \/>\n<meta name=\"twitter:card\" content=\"summary_large_image\" \/>\n<meta name=\"twitter:label1\" content=\"Gesch\u00e4tzte Lesezeit\" \/>\n\t<meta name=\"twitter:data1\" content=\"2\u00a0Minuten\" \/>\n<script type=\"application\/ld+json\" class=\"yoast-schema-graph\">{\"@context\":\"https:\/\/schema.org\",\"@graph\":[{\"@type\":\"WebPage\",\"@id\":\"https:\/\/www.roplast.hr\/de\/angebot\/skin-fassade\/\",\"url\":\"https:\/\/www.roplast.hr\/de\/angebot\/skin-fassade\/\",\"name\":\"SKIN FASSADE - Roplast\",\"isPartOf\":{\"@id\":\"https:\/\/www.roplast.hr\/de\/#website\"},\"primaryImageOfPage\":{\"@id\":\"https:\/\/www.roplast.hr\/de\/angebot\/skin-fassade\/#primaryimage\"},\"image\":{\"@id\":\"https:\/\/www.roplast.hr\/de\/angebot\/skin-fassade\/#primaryimage\"},\"thumbnailUrl\":\"https:\/\/www.roplast.hr\/wp-content\/uploads\/2024\/11\/SKIN-LOGO-1.png\",\"datePublished\":\"2024-11-12T02:35:57+00:00\",\"dateModified\":\"2025-01-16T10:22:08+00:00\",\"breadcrumb\":{\"@id\":\"https:\/\/www.roplast.hr\/de\/angebot\/skin-fassade\/#breadcrumb\"},\"inLanguage\":\"de\",\"potentialAction\":[{\"@type\":\"ReadAction\",\"target\":[\"https:\/\/www.roplast.hr\/de\/angebot\/skin-fassade\/\"]}]},{\"@type\":\"ImageObject\",\"inLanguage\":\"de\",\"@id\":\"https:\/\/www.roplast.hr\/de\/angebot\/skin-fassade\/#primaryimage\",\"url\":\"https:\/\/www.roplast.hr\/wp-content\/uploads\/2024\/11\/SKIN-LOGO-1.png\",\"contentUrl\":\"https:\/\/www.roplast.hr\/wp-content\/uploads\/2024\/11\/SKIN-LOGO-1.png\"},{\"@type\":\"BreadcrumbList\",\"@id\":\"https:\/\/www.roplast.hr\/de\/angebot\/skin-fassade\/#breadcrumb\",\"itemListElement\":[{\"@type\":\"ListItem\",\"position\":1,\"name\":\"Po\u010detna stranica\",\"item\":\"https:\/\/www.roplast.hr\/de\/\"},{\"@type\":\"ListItem\",\"position\":2,\"name\":\"Angebot\",\"item\":\"https:\/\/www.roplast.hr\/de\/ponuda\/\"},{\"@type\":\"ListItem\",\"position\":3,\"name\":\"SKIN FASSADE\"}]},{\"@type\":\"WebSite\",\"@id\":\"https:\/\/www.roplast.hr\/de\/#website\",\"url\":\"https:\/\/www.roplast.hr\/de\/\",\"name\":\"Roplast\",\"description\":\"Izra\u0111eni za stil, stvoreni za trajnost!\",\"potentialAction\":[{\"@type\":\"SearchAction\",\"target\":{\"@type\":\"EntryPoint\",\"urlTemplate\":\"https:\/\/www.roplast.hr\/de\/?s={search_term_string}\"},\"query-input\":{\"@type\":\"PropertyValueSpecification\",\"valueRequired\":true,\"valueName\":\"search_term_string\"}}],\"inLanguage\":\"de\"}]}<\/script>\n<!-- \/ Yoast SEO plugin. -->","yoast_head_json":{"title":"SKIN FASSADE - Roplast","robots":{"index":"index","follow":"follow","max-snippet":"max-snippet:-1","max-image-preview":"max-image-preview:large","max-video-preview":"max-video-preview:-1"},"canonical":"https:\/\/www.roplast.hr\/de\/angebot\/skin-fassade\/","og_locale":"de_DE","og_type":"article","og_title":"SKIN FASSADE - Roplast","og_description":"Die Verkleidung eines Geb\u00e4udes mit Aluminium bedeutet, eine gewissenhafte und nachhaltige Entscheidung zu treffen, die die Umwelt sch\u00fctzt und den Komfort erh\u00f6ht, den \u00e4sthetischen Eindruck, die Akustik, die Isolier- und Brandschutzeigenschaften des Raums verbessert, unabh\u00e4ngig von seinem [&hellip;]","og_url":"https:\/\/www.roplast.hr\/de\/angebot\/skin-fassade\/","og_site_name":"Roplast","article_modified_time":"2025-01-16T10:22:08+00:00","og_image":[{"width":225,"height":66,"url":"https:\/\/www.roplast.hr\/wp-content\/uploads\/2024\/11\/SKIN-LOGO-1.png","type":"image\/png"}],"twitter_card":"summary_large_image","twitter_misc":{"Gesch\u00e4tzte Lesezeit":"2\u00a0Minuten"},"schema":{"@context":"https:\/\/schema.org","@graph":[{"@type":"WebPage","@id":"https:\/\/www.roplast.hr\/de\/angebot\/skin-fassade\/","url":"https:\/\/www.roplast.hr\/de\/angebot\/skin-fassade\/","name":"SKIN FASSADE - Roplast","isPartOf":{"@id":"https:\/\/www.roplast.hr\/de\/#website"},"primaryImageOfPage":{"@id":"https:\/\/www.roplast.hr\/de\/angebot\/skin-fassade\/#primaryimage"},"image":{"@id":"https:\/\/www.roplast.hr\/de\/angebot\/skin-fassade\/#primaryimage"},"thumbnailUrl":"https:\/\/www.roplast.hr\/wp-content\/uploads\/2024\/11\/SKIN-LOGO-1.png","datePublished":"2024-11-12T02:35:57+00:00","dateModified":"2025-01-16T10:22:08+00:00","breadcrumb":{"@id":"https:\/\/www.roplast.hr\/de\/angebot\/skin-fassade\/#breadcrumb"},"inLanguage":"de","potentialAction":[{"@type":"ReadAction","target":["https:\/\/www.roplast.hr\/de\/angebot\/skin-fassade\/"]}]},{"@type":"ImageObject","inLanguage":"de","@id":"https:\/\/www.roplast.hr\/de\/angebot\/skin-fassade\/#primaryimage","url":"https:\/\/www.roplast.hr\/wp-content\/uploads\/2024\/11\/SKIN-LOGO-1.png","contentUrl":"https:\/\/www.roplast.hr\/wp-content\/uploads\/2024\/11\/SKIN-LOGO-1.png"},{"@type":"BreadcrumbList","@id":"https:\/\/www.roplast.hr\/de\/angebot\/skin-fassade\/#breadcrumb","itemListElement":[{"@type":"ListItem","position":1,"name":"Po\u010detna stranica","item":"https:\/\/www.roplast.hr\/de\/"},{"@type":"ListItem","position":2,"name":"Angebot","item":"https:\/\/www.roplast.hr\/de\/ponuda\/"},{"@type":"ListItem","position":3,"name":"SKIN FASSADE"}]},{"@type":"WebSite","@id":"https:\/\/www.roplast.hr\/de\/#website","url":"https:\/\/www.roplast.hr\/de\/","name":"Roplast","description":"Izra\u0111eni za stil, stvoreni za trajnost!","potentialAction":[{"@type":"SearchAction","target":{"@type":"EntryPoint","urlTemplate":"https:\/\/www.roplast.hr\/de\/?s={search_term_string}"},"query-input":{"@type":"PropertyValueSpecification","valueRequired":true,"valueName":"search_term_string"}}],"inLanguage":"de"}]}},"_links":{"self":[{"href":"https:\/\/www.roplast.hr\/de\/wp-json\/wp\/v2\/pages\/11887","targetHints":{"allow":["GET"]}}],"collection":[{"href":"https:\/\/www.roplast.hr\/de\/wp-json\/wp\/v2\/pages"}],"about":[{"href":"https:\/\/www.roplast.hr\/de\/wp-json\/wp\/v2\/types\/page"}],"author":[{"embeddable":true,"href":"https:\/\/www.roplast.hr\/de\/wp-json\/wp\/v2\/users\/1"}],"replies":[{"embeddable":true,"href":"https:\/\/www.roplast.hr\/de\/wp-json\/wp\/v2\/comments?post=11887"}],"version-history":[{"count":6,"href":"https:\/\/www.roplast.hr\/de\/wp-json\/wp\/v2\/pages\/11887\/revisions"}],"predecessor-version":[{"id":12345,"href":"https:\/\/www.roplast.hr\/de\/wp-json\/wp\/v2\/pages\/11887\/revisions\/12345"}],"up":[{"embeddable":true,"href":"https:\/\/www.roplast.hr\/de\/wp-json\/wp\/v2\/pages\/11473"}],"wp:attachment":[{"href":"https:\/\/www.roplast.hr\/de\/wp-json\/wp\/v2\/media?parent=11887"}],"curies":[{"name":"wp","href":"https:\/\/api.w.org\/{rel}","templated":true}]}}