{"id":11986,"date":"2024-06-11T17:26:16","date_gmt":"2024-06-11T17:26:16","guid":{"rendered":"https:\/\/www.roplast.hr\/datenschutzbestimmungen\/"},"modified":"2025-01-09T11:11:59","modified_gmt":"2025-01-09T11:11:59","slug":"datenschutzbestimmungen","status":"publish","type":"page","link":"https:\/\/www.roplast.hr\/de\/datenschutzbestimmungen\/","title":{"rendered":"Datenschutzbestimmungen"},"content":{"rendered":"\n<div class=\"wp-block-group\"><div class=\"wp-block-group__inner-container is-layout-constrained wp-block-group-is-layout-constrained\">\n<p>Der Zweck dieser Datenschutzrichtlinie ist es, Kunden, potenzielle Kunden oder Besucher der Website https:\/\/roplast.hr \u00fcber die Zwecke und Grundlagen der Verarbeitung personenbezogener Daten durch ROPLAST, ein Unternehmen f\u00fcr die Herstellung von PVC- und ALU-Tischlerei, Inhaber Roland Runko, Vre\u0107ari, Vre\u0107ari 107, (im Folgenden: ROPLAST) zu informieren. <\/p>\n\n\n\n<p>Bei ROPLAST sch\u00e4tzen wir Ihre Privatsph\u00e4re und behandeln all Ihre pers\u00f6nlichen Daten streng vertraulich.<\/p>\n\n\n\n<p>Alle unsere Online-Aktivit\u00e4ten entsprechen den europ\u00e4ischen Gesetzen (Verordnung (EU) 2016\/697 zum Schutz der Verbraucher im Zusammenhang mit der Verarbeitung personenbezogener Daten und der Nutzung solcher Daten (Allgemeine Datenschutzverordnung oder GDPR)), den Konventionen (ETS Nr. 108, ETS Nr. 181, ETS Nr. 185, ETS Nr. 189)) sowie den nationalen Gesetzen der Republik Kroatien (Gesetz zum Schutz personenbezogener Daten (ZVOP-1, Amtsblatt der Republik Kroatien, Nr. 94\/07), Gesetz \u00fcber den elektronischen Gesch\u00e4ftsverkehr (ZEPT, Amtsblatt der Republik Kroatien, Nr. 96\/09 und 19\/15) usw.).<\/p>\n\n\n\n<p>Die Datenschutzrichtlinie regelt die Verwendung der Informationen, die ROPLAST von Ihnen erh\u00e4lt, wenn Sie die ROPLAST-Website besuchen, sich registrieren, einen Kauf t\u00e4tigen oder Daten, die Sie mit dem ROPLAST-Kundendienst teilen, wenn Sie uns telefonisch kontaktieren.<\/p>\n\n\n\n<p><strong>Verantwortlicher und Datenschutzbeauftragter<\/strong><\/p>\n\n\n\n<p>Der Verantwortliche f\u00fcr personenbezogene Daten ist das Unternehmen ROPLAST, ein Betrieb zur Herstellung von PVC- und ALU-Tischlerei, Inhaber Roland Runko, Vre\u0107ari, Vre\u0107ari 107. <\/p>\n\n\n\n<p><strong>Personenbezogene Daten<\/strong><\/p>\n\n\n\n<p>Personenbezogene Daten sind alle Informationen, die sich auf eine identifizierte oder identifizierbare nat\u00fcrliche Person beziehen; eine identifizierbare Person ist eine Person, deren Identit\u00e4t direkt oder indirekt festgestellt werden kann, insbesondere anhand einer Identifikationsnummer oder eines oder mehrerer Merkmale, die f\u00fcr ihre physische, psychologische, geistige, wirtschaftliche, kulturelle oder soziale Identit\u00e4t spezifisch sind.<\/p>\n\n\n\n<p>ROPLAST erhebt gem\u00e4\u00df den nachstehenden Zwecken und der Datenschutzrichtlinie die folgenden personenbezogenen Daten:<\/p>\n\n\n\n<ul class=\"wp-block-list\">\n<li>Grundlegende Benutzerinformationen (Vor- und Nachname, Adresse, Geburtsdatum, Lieferadresse);<\/li>\n\n\n\n<li>Kontaktinformationen und Daten \u00fcber Ihre Kommunikation mit ROPLAST (E-Mail-Adresse, Telefonnummer, Datum, Uhrzeit und Inhalt der Post- oder E-Mail-Kommunikation, Datum und Uhrzeit);<\/li>\n\n\n\n<li>Kanal und Kampagne \u2013 die Quelle, \u00fcber die der Benutzer\/Kunde mit ROPLAST in Kontakt gekommen ist (Website und Werbekampagne bzw. Aktion, Callcenter);<\/li>\n\n\n\n<li>Daten zu den Bestellungen des Benutzers und ausgestellten Rechnungen (Datum des Eingangs und der Ausf\u00fchrung der Bestellung, gekaufte Produkte, Preise der gekauften Produkte, endg\u00fcltige Auswahl der Bestellung, Zahlungsmethode, Lieferadresse, Rechnungsnummer und -datum, Kennzeichnung der Person, die die Rechnung ausgestellt hat, usw.) sowie Daten zur Bearbeitung von Produktbeschwerden;<\/li>\n\n\n\n<li>Daten aus freiwillig ausgef\u00fcllten Formularen seitens des Benutzers, z. B. im Rahmen von Gewinnspielen.  <\/li>\n\n\n\n<li>Andere Daten, die der Benutzer freiwillig bei Anfragen nach bestimmten Dienstleistungen angibt, die diese Daten erfordern.<\/li>\n\n\n\n<li>ROPLAST erhebt und verarbeitet Ihre personenbezogenen Daten nur, wenn Sie dies erm\u00f6glichen, d.h. wenn Sie Ihre Einwilligung dazu erteilen, z.B. bei der Bestellung von Produkten oder Dienstleistungen, wenn Sie sich f\u00fcr den Erhalt von E-Mail-Benachrichtigungen anmelden, an einem Gewinnspiel teilnehmen usw., oder wenn eine gesetzliche Grundlage f\u00fcr die Erhebung personenbezogener Daten besteht oder ROPLAST ein berechtigtes Interesse an der Verarbeitung hat.<\/li>\n<\/ul>\n\n\n\n<p><strong>Zweck der Verarbeitung und Grundlage f\u00fcr die Datenverarbeitung<\/strong><\/p>\n\n\n\n<p>ROPLAST erhebt und verarbeitet Ihre personenbezogenen Daten auf der Grundlage der folgenden rechtlichen Grundlagen:<\/p>\n\n\n\n<ul class=\"wp-block-list\">\n<li>Gesetzliche und vertragliche Beziehungen<\/li>\n\n\n\n<li>Gesetzliches (berechtigtes) Interesse<\/li>\n\n\n\n<li>Einwilligung der betroffenen Person bzw. des K\u00e4ufers <\/li>\n<\/ul>\n\n\n\n<p><strong>Datenverarbeitung auf Grundlage des Gesetzes und vertraglicher Verpflichtungen<\/strong><\/p>\n\n\n\n<p>In Situationen, in denen die Bereitstellung personenbezogener Daten eine vertragliche Verpflichtung darstellt, die f\u00fcr den Abschluss und die Ausf\u00fchrung eines Vertrages mit ROPLAST erforderlich ist, oder eine gesetzliche Verpflichtung besteht, m\u00fcssen Sie personenbezogene Daten bereitstellen:<\/p>\n\n\n\n<p>Beispielsweise, wenn Sie ROPLAST keine personenbezogenen Daten (Name, Nachname, Lieferadresse, Telefonnummer) zur Verf\u00fcgung stellen, wird ROPLAST nicht in der Lage sein, mit Ihnen einen Fernabsatzvertrag abzuschlie\u00dfen, d.h. eine Bestellung von Produkten aufzugeben, und wird daher das Produkt\/die Produkte nicht liefern k\u00f6nnen, da keine Daten \u00fcber den Besteller und die Lieferadresse vorliegen.<\/p>\n\n\n\n<figure class=\"wp-block-table\"><table><tbody><tr><td>Zweck der Datenverarbeitung<\/td><td>Detaillierte Erl\u00e4uterung<\/td><\/tr><tr><td>Er\u00f6ffnung eines Benutzerkontos<\/td><td>Um die ROPLAST-Plattform zu nutzen und Bestellungen dar\u00fcber zu t\u00e4tigen, m\u00fcssen Sie sich als Benutzer registrieren. F\u00fcr die Registrierung sind die folgenden personenbezogenen Daten erforderlich \u2013 E-Mail-Adresse, Benutzername und Passwort f\u00fcr den Zugriff auf die Seite. <\/td><\/tr><tr><td>Abschluss eines Fernabsatzvertrags<\/td><td>F\u00fcr den Abschluss eines Fernabsatzvertrags m\u00fcssen die Lieferdaten f\u00fcr das Produkt angegeben werden. Wenn der Benutzer die Zahlungsoption per Kreditkarte w\u00e4hlt, m\u00fcssen auf den Seiten des T-Com PayWay-Systems auch die Kartendaten eingegeben werden. ROPLAST hat keinen Zugriff auf Ihre Kartendaten. ROPLAST erh\u00e4lt nur von dem PayWay-System die Information, ob Ihr Kauf vom Kartenaussteller genehmigt wurde oder nicht.    <\/td><\/tr><\/tbody><\/table><\/figure>\n\n\n\n<p><strong><br\/><\/strong><strong>Datenverarbeitung auf Grundlage des berechtigten Interesses<\/strong><\/p>\n\n\n\n<p>ROPLAST kann Daten auch auf Grundlage eines berechtigten Interesses verarbeiten, das f\u00fcr eine bessere Erbringung von Dienstleistungen erforderlich ist, es sei denn, die Interessen oder Grundrechte und Freiheiten der betroffenen Person, auf die sich die personenbezogenen Daten beziehen, \u00fcberwiegen, wodurch ein Schutz der personenbezogenen Daten erforderlich wird.<\/p>\n\n\n\n<p>Im Fall der Nutzung des berechtigten Interesses wird ROPLAST stets gem\u00e4\u00df der Allgemeinen Datenschutzverordnung entscheiden.<\/p>\n\n\n\n<figure class=\"wp-block-table\"><table><tbody><tr><td>Zweck der Verarbeitung<\/td><td>Detaillierte Erl\u00e4uterung<\/td><\/tr><tr><td>Allgemeine statistische Verarbeitung von Kundendaten und deren Bestellungen sowie potenziellen Kunden (Kontakten) f\u00fcr interne Verkaufsanalysen, Folgebestellungen, aggregiertes Kundenverhalten, Optimierung der Werbung und Gesch\u00e4ftsoptimierung.<\/td><td>Im Unternehmen ROPLAST f\u00fchren wir allgemeine statistische Datenverarbeitung \u00fcber Kunden und deren Bestellungen sowie potenzielle Kunden (Kontakte) durch, auf deren Grundlage wir interne Verkaufsanalysen, Wiederbestellungen und aggregiertes Kundenverhalten durchf\u00fchren und unsere Gesch\u00e4ftseffizienz sowie Werbung optimieren.<\/td><\/tr><tr><td>Daten \u00fcber Ihre bisherigen Bestellungen<\/td><td>Wenn Sie den ROPLAST-Kundensupport kontaktieren, k\u00f6nnen unsere Mitarbeiter Zugriff auf Ihre bisherigen Bestellungen und Bestellhistorie haben, um Ihnen einen besseren Service bieten zu k\u00f6nnen.<\/td><\/tr><tr><td>Datenverarbeitung \u00fcber nicht abgeholte Fernbestellungen zum Zwecke der Betrugspr\u00e4vention<\/td><td>Aufgrund unseres berechtigten Interesses verarbeiten wir Daten \u00fcber versandte und nicht abgeholte Fernbestellungen, mit dem Ziel, Kunden zu identifizieren, die \u00fcberdurchschnittlich h\u00e4ufig Produkte mit Zahlung bei Lieferung bestellen und diese dann nicht abholen, wodurch uns ein gesch\u00e4ftlicher Schaden entsteht, den wir verhindern m\u00f6chten. Wenn wir solche Kunden identifizieren, sperren wir ihnen die M\u00f6glichkeit, Produkte mit Zahlung bei Lieferung zu bestellen, erlauben ihnen jedoch weiterhin, Produkte mit Vorauszahlung per \u00dcberweisung, Kreditkarte oder PayPal zu bestellen.<\/td><\/tr><tr><td>Automatische E-Mail-Kommunikation mit dem Benutzer basierend auf einer unvollst\u00e4ndigen Bestellung<\/td><td>Aufgrund unseres berechtigten Interesses senden wir potenziellen Kunden, die Produkte in den Warenkorb gelegt, aber die Bestellung nicht abgeschlossen haben, gelegentlich E-Mail-Benachrichtigungen zur unerledigten Bestellung, um Unterst\u00fctzung oder Informationen anzubieten.<\/td><\/tr><tr><td>Personalisierte Kommunikation (per E-Mail, SMS, Benachrichtigungen \u00fcber den Webbrowser, Informationen auf der Website, in sozialen Netzwerken) mit personalisierten Rabatten, Angeboten und Inhalten<\/td><td>Gelegentlich pr\u00e4sentieren wir unseren Benutzern passende Angebote, Rabatte und andere Inhalte, die auf Ihren bisherigen Interaktionen basieren und von Interesse sein k\u00f6nnten.<\/td><\/tr><tr><td>\u00a0<\/td><td>\u00a0<\/td><\/tr><\/tbody><\/table><\/figure>\n\n\n\n<p><strong>Datenverarbeitung auf Grundlage Ihrer Einwilligung<\/strong><\/p>\n\n\n\n<p>ROPLAST erhebt (verwendet) Ihre personenbezogenen Daten nur, wenn Sie dies erm\u00f6glichen, d.h. wenn Sie ausdr\u00fccklich Ihre Einwilligung erteilen: <\/p>\n\n\n\n<ul class=\"wp-block-list\">\n<li>um Ihnen die Nutzung Ihres ROPLAST-Benutzerkontos und den Einkauf auf der Website https:\/\/roplast.hr zu erm\u00f6glichen sowie f\u00fcr die technische Verwaltung der ROPLAST-Website.<\/li>\n\n\n\n<li>um Ihnen den Zugang zu speziellen Informationen zu erm\u00f6glichen, die auf der ROPLAST-Website und Ihrem Benutzerkonto\/profil verf\u00fcgbar sind, das Ihnen der Verk\u00e4ufer zur Verf\u00fcgung stellt.<\/li>\n\n\n\n<li>Vorbereitung und Versand personalisierter E-Mail-Nachrichten, nur wenn Sie sich f\u00fcr den Erhalt von Werbe-E-Mails angemeldet haben.<\/li>\n\n\n\n<li>slanje reklamnih obavijesti i drugih sadr\u017eaja preko elektronske po\u0161te, SMS poruka, redovne po\u0161te kada ste tome dali suglasnost,<\/li>\n\n\n\n<li>Alle anderen spezifischen Zwecke, mit denen Sie einverstanden sind, im Rahmen der Gesch\u00e4ftsbeziehung mit ROPLAST.<\/li>\n<\/ul>\n\n\n\n<p><strong>Vertragliche Verarbeitung personenbezogener Daten<\/strong><\/p>\n\n\n\n<p>Als Einzelperson sind Sie dar\u00fcber informiert und stimmen zu, dass der Verk\u00e4ufer bestimmte Aktivit\u00e4ten, die Ihre personenbezogenen Daten beinhalten, an Dritte (vertragliche Auftragsverarbeiter) delegieren kann. Vertragliche Auftragsverarbeiter d\u00fcrfen vertrauliche Daten ausschlie\u00dflich im Auftrag des Verk\u00e4ufers und im Rahmen der vom Verk\u00e4ufer erteilten Befugnisse (in einem schriftlichen Vertrag oder einem anderen rechtlichen Akt) und gem\u00e4\u00df den in dieser Datenschutzerkl\u00e4rung festgelegten Zwecken verarbeiten. <\/p>\n\n\n\n<p>Vertragliche Auftragsverarbeiter, mit denen ROPLAST bestimmte Daten teilt, sind:<\/p>\n\n\n\n<ul class=\"wp-block-list\">\n<li>Buchhaltungsdienste, Anwaltskanzleien und andere Anbieter rechtlicher Beratung.<\/li>\n\n\n\n<li>Lieferdienste<\/li>\n\n\n\n<li>Anbieter von Datenverarbeitung und Analyse.<\/li>\n\n\n\n<li>Anbieter von E-Mail-Versand (Mailchimp).<\/li>\n\n\n\n<li>Anbieter von Zahlungssystemen, wie z.B. WSPay, PayPal, Solo.<\/li>\n\n\n\n<li>Anbieter von L\u00f6sungen f\u00fcr Online-Werbung (z.B. Google, Facebook).<\/li>\n<\/ul>\n\n\n\n<p><strong>Automatische Erfassung von Informationen (nicht personenbezogene Daten)<\/strong><\/p>\n\n\n\n<p>Wenn Sie auf die Website zugreifen, werden allgemeine, nicht personenbezogene Daten (Anzahl der Besuche, durchschnittliche Besuchszeit auf der Seite, besuchte Seiten) automatisch erfasst (nicht im Rahmen der Anmeldung). Diese Daten k\u00f6nnen wir nicht mit Ihren personenbezogenen Daten verkn\u00fcpfen und sie sind vollst\u00e4ndig nicht personenbezogen. Wir verwenden diese Informationen zur Messung der Attraktivit\u00e4t unserer Website und zur Verbesserung des Inhalts und der Benutzerfreundlichkeit der Seite. Wir verwenden Ihre Daten nicht f\u00fcr andere Zwecke und geben sie nicht an Dritte weiter.   <\/p>\n\n\n\n<p><strong>Cookies<\/strong><\/p>\n\n\n\n<p>Cookies sind unsichtbare Dokumente, die derzeit auf Ihrer Festplatte gespeichert sind und es dem Verk\u00e4ufer erm\u00f6glichen, Ihren Computer bei einem n\u00e4chsten Besuch der Website wiederzuerkennen. Der Verk\u00e4ufer verwendet Cookies nur, um Informationen zu sammeln, die f\u00fcr die Nutzung der Website und die Optimierung seiner Online-Werbeaktivit\u00e4ten verwendet werden. <\/p>\n\n\n\n<p>Wir k\u00f6nnen Cookies in zwei Gruppen unterteilen: essentielle Cookies (ohne diese Cookies ist es nicht m\u00f6glich, die ROPLAST-Website zu nutzen, da eine Registrierung oder das Hinzuf\u00fcgen von Produkten zum Warenkorb nicht m\u00f6glich ist) und Werbe-Cookies (Cookies, die die Nutzung der Website verfolgen, um die Servicequalit\u00e4t zu verbessern).<\/p>\n\n\n\n<p>Die Cookie-Einstellungen k\u00f6nnen in Ihrem Internetbrowser definiert werden, wobei zu beachten ist, dass die ROPLAST-Website ohne die grundlegenden Cookies nicht funktioniert. Sie k\u00f6nnen das Angebot nicht durchsuchen, Produkte zum Warenkorb hinzuf\u00fcgen, sich registrieren oder einen Kauf t\u00e4tigen. Werbe-Cookies k\u00f6nnen jederzeit in Ihrem Internetbrowser deaktiviert werden. <\/p>\n\n\n\n<p>Mehr \u00fcber Cookies finden Sie unter dem Link: <a href=\"https:\/\/bazzar.hr\/pages\/cookie-policy\">Cookie-Richtlinie.<\/a><\/p>\n\n\n\n<p><strong>Sicherheit<\/strong><\/p>\n\n\n\n<p>Der Verk\u00e4ufer ergreift alle notwendigen Ma\u00dfnahmen, um die Sicherheit Ihrer personenbezogenen Daten zu gew\u00e4hrleisten. Ihre Daten sind jederzeit vor Verlust, Zerst\u00f6rung, F\u00e4lschung, Manipulation sowie unbefugtem Zugriff oder unbefugter Offenlegung gesch\u00fctzt. <\/p>\n\n\n\n<p><strong>\u00c4nderungen<\/strong><\/p>\n\n\n\n<p>Diese Datenschutzrichtlinie kann jederzeit ohne vorherige Ank\u00fcndigung oder Benachrichtigung ge\u00e4ndert oder erg\u00e4nzt werden. Durch die Nutzung der Website des Verk\u00e4ufers nach einer \u00c4nderung oder Erg\u00e4nzung best\u00e4tigt der Benutzer, dass er mit den \u00c4nderungen und Erg\u00e4nzungen einverstanden ist.<\/p>\n<\/div><\/div>\n","protected":false},"excerpt":{"rendered":"<p>Der Zweck dieser Datenschutzrichtlinie ist es, Kunden, potenzielle Kunden oder Besucher der Website https:\/\/roplast.hr \u00fcber die Zwecke und Grundlagen der Verarbeitung personenbezogener Daten durch ROPLAST, ein Unternehmen f\u00fcr die Herstellung von PVC- und ALU-Tischlerei, Inhaber Roland Runko, [&hellip;]<\/p>\n","protected":false},"author":1,"featured_media":0,"parent":0,"menu_order":0,"comment_status":"closed","ping_status":"closed","template":"","meta":{"footnotes":""},"class_list":["post-11986","page","type-page","status-publish","hentry"],"yoast_head":"<!-- This site is optimized with the Yoast SEO plugin v25.4 - https:\/\/yoast.com\/wordpress\/plugins\/seo\/ -->\n<title>Datenschutzbestimmungen - Roplast<\/title>\n<meta name=\"robots\" content=\"index, follow, max-snippet:-1, max-image-preview:large, max-video-preview:-1\" \/>\n<link rel=\"canonical\" href=\"https:\/\/www.roplast.hr\/de\/datenschutzbestimmungen\/\" \/>\n<meta property=\"og:locale\" content=\"de_DE\" \/>\n<meta property=\"og:type\" content=\"article\" \/>\n<meta property=\"og:title\" content=\"Datenschutzbestimmungen - Roplast\" \/>\n<meta property=\"og:description\" content=\"Der Zweck dieser Datenschutzrichtlinie ist es, Kunden, potenzielle Kunden oder Besucher der Website https:\/\/roplast.hr \u00fcber die Zwecke und Grundlagen der Verarbeitung personenbezogener Daten durch ROPLAST, ein Unternehmen f\u00fcr die Herstellung von PVC- und ALU-Tischlerei, Inhaber Roland Runko, [&hellip;]\" \/>\n<meta property=\"og:url\" content=\"https:\/\/www.roplast.hr\/de\/datenschutzbestimmungen\/\" \/>\n<meta property=\"og:site_name\" content=\"Roplast\" \/>\n<meta property=\"article:modified_time\" content=\"2025-01-09T11:11:59+00:00\" \/>\n<meta name=\"twitter:card\" content=\"summary_large_image\" \/>\n<meta name=\"twitter:label1\" content=\"Gesch\u00e4tzte Lesezeit\" \/>\n\t<meta name=\"twitter:data1\" content=\"8\u00a0Minuten\" \/>\n<script type=\"application\/ld+json\" class=\"yoast-schema-graph\">{\"@context\":\"https:\/\/schema.org\",\"@graph\":[{\"@type\":\"WebPage\",\"@id\":\"https:\/\/www.roplast.hr\/de\/datenschutzbestimmungen\/\",\"url\":\"https:\/\/www.roplast.hr\/de\/datenschutzbestimmungen\/\",\"name\":\"Datenschutzbestimmungen - Roplast\",\"isPartOf\":{\"@id\":\"https:\/\/www.roplast.hr\/de\/#website\"},\"datePublished\":\"2024-06-11T17:26:16+00:00\",\"dateModified\":\"2025-01-09T11:11:59+00:00\",\"breadcrumb\":{\"@id\":\"https:\/\/www.roplast.hr\/de\/datenschutzbestimmungen\/#breadcrumb\"},\"inLanguage\":\"de\",\"potentialAction\":[{\"@type\":\"ReadAction\",\"target\":[\"https:\/\/www.roplast.hr\/de\/datenschutzbestimmungen\/\"]}]},{\"@type\":\"BreadcrumbList\",\"@id\":\"https:\/\/www.roplast.hr\/de\/datenschutzbestimmungen\/#breadcrumb\",\"itemListElement\":[{\"@type\":\"ListItem\",\"position\":1,\"name\":\"Po\u010detna stranica\",\"item\":\"https:\/\/www.roplast.hr\/de\/\"},{\"@type\":\"ListItem\",\"position\":2,\"name\":\"Datenschutzbestimmungen\"}]},{\"@type\":\"WebSite\",\"@id\":\"https:\/\/www.roplast.hr\/de\/#website\",\"url\":\"https:\/\/www.roplast.hr\/de\/\",\"name\":\"Roplast\",\"description\":\"Izra\u0111eni za stil, stvoreni za trajnost!\",\"potentialAction\":[{\"@type\":\"SearchAction\",\"target\":{\"@type\":\"EntryPoint\",\"urlTemplate\":\"https:\/\/www.roplast.hr\/de\/?s={search_term_string}\"},\"query-input\":{\"@type\":\"PropertyValueSpecification\",\"valueRequired\":true,\"valueName\":\"search_term_string\"}}],\"inLanguage\":\"de\"}]}<\/script>\n<!-- \/ Yoast SEO plugin. -->","yoast_head_json":{"title":"Datenschutzbestimmungen - Roplast","robots":{"index":"index","follow":"follow","max-snippet":"max-snippet:-1","max-image-preview":"max-image-preview:large","max-video-preview":"max-video-preview:-1"},"canonical":"https:\/\/www.roplast.hr\/de\/datenschutzbestimmungen\/","og_locale":"de_DE","og_type":"article","og_title":"Datenschutzbestimmungen - Roplast","og_description":"Der Zweck dieser Datenschutzrichtlinie ist es, Kunden, potenzielle Kunden oder Besucher der Website https:\/\/roplast.hr \u00fcber die Zwecke und Grundlagen der Verarbeitung personenbezogener Daten durch ROPLAST, ein Unternehmen f\u00fcr die Herstellung von PVC- und ALU-Tischlerei, Inhaber Roland Runko, [&hellip;]","og_url":"https:\/\/www.roplast.hr\/de\/datenschutzbestimmungen\/","og_site_name":"Roplast","article_modified_time":"2025-01-09T11:11:59+00:00","twitter_card":"summary_large_image","twitter_misc":{"Gesch\u00e4tzte Lesezeit":"8\u00a0Minuten"},"schema":{"@context":"https:\/\/schema.org","@graph":[{"@type":"WebPage","@id":"https:\/\/www.roplast.hr\/de\/datenschutzbestimmungen\/","url":"https:\/\/www.roplast.hr\/de\/datenschutzbestimmungen\/","name":"Datenschutzbestimmungen - Roplast","isPartOf":{"@id":"https:\/\/www.roplast.hr\/de\/#website"},"datePublished":"2024-06-11T17:26:16+00:00","dateModified":"2025-01-09T11:11:59+00:00","breadcrumb":{"@id":"https:\/\/www.roplast.hr\/de\/datenschutzbestimmungen\/#breadcrumb"},"inLanguage":"de","potentialAction":[{"@type":"ReadAction","target":["https:\/\/www.roplast.hr\/de\/datenschutzbestimmungen\/"]}]},{"@type":"BreadcrumbList","@id":"https:\/\/www.roplast.hr\/de\/datenschutzbestimmungen\/#breadcrumb","itemListElement":[{"@type":"ListItem","position":1,"name":"Po\u010detna stranica","item":"https:\/\/www.roplast.hr\/de\/"},{"@type":"ListItem","position":2,"name":"Datenschutzbestimmungen"}]},{"@type":"WebSite","@id":"https:\/\/www.roplast.hr\/de\/#website","url":"https:\/\/www.roplast.hr\/de\/","name":"Roplast","description":"Izra\u0111eni za stil, stvoreni za trajnost!","potentialAction":[{"@type":"SearchAction","target":{"@type":"EntryPoint","urlTemplate":"https:\/\/www.roplast.hr\/de\/?s={search_term_string}"},"query-input":{"@type":"PropertyValueSpecification","valueRequired":true,"valueName":"search_term_string"}}],"inLanguage":"de"}]}},"_links":{"self":[{"href":"https:\/\/www.roplast.hr\/de\/wp-json\/wp\/v2\/pages\/11986","targetHints":{"allow":["GET"]}}],"collection":[{"href":"https:\/\/www.roplast.hr\/de\/wp-json\/wp\/v2\/pages"}],"about":[{"href":"https:\/\/www.roplast.hr\/de\/wp-json\/wp\/v2\/types\/page"}],"author":[{"embeddable":true,"href":"https:\/\/www.roplast.hr\/de\/wp-json\/wp\/v2\/users\/1"}],"replies":[{"embeddable":true,"href":"https:\/\/www.roplast.hr\/de\/wp-json\/wp\/v2\/comments?post=11986"}],"version-history":[{"count":1,"href":"https:\/\/www.roplast.hr\/de\/wp-json\/wp\/v2\/pages\/11986\/revisions"}],"predecessor-version":[{"id":11987,"href":"https:\/\/www.roplast.hr\/de\/wp-json\/wp\/v2\/pages\/11986\/revisions\/11987"}],"wp:attachment":[{"href":"https:\/\/www.roplast.hr\/de\/wp-json\/wp\/v2\/media?parent=11986"}],"curies":[{"name":"wp","href":"https:\/\/api.w.org\/{rel}","templated":true}]}}