{"id":12823,"date":"2024-10-23T12:34:40","date_gmt":"2024-10-23T12:34:40","guid":{"rendered":"https:\/\/www.roplast.hr\/angebot\/fassadensysteme\/sl-50-bandfassade\/"},"modified":"2025-01-31T17:58:37","modified_gmt":"2025-01-31T17:58:37","slug":"sl-50-bandfassade","status":"publish","type":"page","link":"https:\/\/www.roplast.hr\/de\/angebot\/fassadensysteme\/sl-50-bandfassade\/","title":{"rendered":"SL 50 BANDFASSADE"},"content":{"rendered":"\t\t<div data-elementor-type=\"wp-post\" data-elementor-id=\"12823\" class=\"elementor elementor-12823 elementor-9329\">\n\t\t\t\t<div class=\"elementor-element elementor-element-00a6ef8 e-flex e-con-boxed e-con e-parent\" data-id=\"00a6ef8\" data-element_type=\"container\">\n\t\t\t\t\t<div class=\"e-con-inner\">\n\t\t\t\t<div class=\"elementor-element elementor-element-9c9c54d elementor-widget elementor-widget-text-editor\" data-id=\"9c9c54d\" data-element_type=\"widget\" data-widget_type=\"text-editor.default\">\n\t\t\t\t<div class=\"elementor-widget-container\">\n\t\t\t\t\t\t\t\t\t<p>ROPLAST bietet Top-Glasfassadensysteme der renommierten Marken Sch\u00fcco und AluK, die innovative Technologien und Top-Design kombinieren, um den Anforderungen zeitgen\u00f6ssischer Architektur gerecht zu werden. Diese fortschrittlichen Systeme erm\u00f6glichen den Bau von Geb\u00e4uden mit gro\u00dfen Glasfl\u00e4chen, die f\u00fcr nat\u00fcrliches Licht sorgen und gleichzeitig eine hervorragende W\u00e4rme- und Schalld\u00e4mmung bieten. <\/p>\n\t\t\t\t\t\t\t\t<\/div>\n\t\t\t\t<\/div>\n\t\t\t\t\t<\/div>\n\t\t\t\t<\/div>\n\t\t<div class=\"elementor-element elementor-element-7b7d02e e-flex e-con-boxed e-con e-parent\" data-id=\"7b7d02e\" data-element_type=\"container\">\n\t\t\t\t\t<div class=\"e-con-inner\">\n\t\t<div class=\"elementor-element elementor-element-224fc19 e-con-full e-flex e-con e-child\" data-id=\"224fc19\" data-element_type=\"container\">\n\t\t\t\t<div class=\"elementor-element elementor-element-8fdcb77 elementor-widget elementor-widget-image\" data-id=\"8fdcb77\" data-element_type=\"widget\" data-widget_type=\"image.default\">\n\t\t\t\t<div class=\"elementor-widget-container\">\n\t\t\t\t\t\t\t\t\t\t\t\t\t\t\t<img fetchpriority=\"high\" decoding=\"async\" width=\"612\" height=\"459\" src=\"https:\/\/www.roplast.hr\/wp-content\/uploads\/2024\/10\/b_prodotti-8789-relfc3a934a05434e21872359aaad1c7557.jpg\" class=\"attachment-large size-large wp-image-9333\" alt=\"\" srcset=\"https:\/\/www.roplast.hr\/wp-content\/uploads\/2024\/10\/b_prodotti-8789-relfc3a934a05434e21872359aaad1c7557.jpg 612w, https:\/\/www.roplast.hr\/wp-content\/uploads\/2024\/10\/b_prodotti-8789-relfc3a934a05434e21872359aaad1c7557-300x225.jpg 300w\" sizes=\"(max-width: 612px) 100vw, 612px\" \/>\t\t\t\t\t\t\t\t\t\t\t\t\t\t\t<\/div>\n\t\t\t\t<\/div>\n\t\t\t\t<div class=\"elementor-element elementor-element-a753648 elementor-widget elementor-widget-image\" data-id=\"a753648\" data-element_type=\"widget\" data-widget_type=\"image.default\">\n\t\t\t\t<div class=\"elementor-widget-container\">\n\t\t\t\t\t\t\t\t\t\t\t\t\t\t\t<img decoding=\"async\" width=\"1024\" height=\"678\" src=\"https:\/\/www.roplast.hr\/wp-content\/uploads\/2024\/10\/MI-Cartier-1-4_1280x848-1024x678.jpg\" class=\"attachment-large size-large wp-image-9366\" alt=\"\" srcset=\"https:\/\/www.roplast.hr\/wp-content\/uploads\/2024\/10\/MI-Cartier-1-4_1280x848-1024x678.jpg 1024w, https:\/\/www.roplast.hr\/wp-content\/uploads\/2024\/10\/MI-Cartier-1-4_1280x848-300x199.jpg 300w, https:\/\/www.roplast.hr\/wp-content\/uploads\/2024\/10\/MI-Cartier-1-4_1280x848-768x509.jpg 768w, https:\/\/www.roplast.hr\/wp-content\/uploads\/2024\/10\/MI-Cartier-1-4_1280x848.jpg 1280w\" sizes=\"(max-width: 1024px) 100vw, 1024px\" \/>\t\t\t\t\t\t\t\t\t\t\t\t\t\t\t<\/div>\n\t\t\t\t<\/div>\n\t\t\t\t<\/div>\n\t\t<div class=\"elementor-element elementor-element-6ad4b86 e-con-full e-flex e-con e-child\" data-id=\"6ad4b86\" data-element_type=\"container\">\n\t\t\t\t<div class=\"elementor-element elementor-element-424b1e0 elementor-widget elementor-widget-heading\" data-id=\"424b1e0\" data-element_type=\"widget\" data-widget_type=\"heading.default\">\n\t\t\t\t<div class=\"elementor-widget-container\">\n\t\t\t\t\t<h2 class=\"elementor-heading-title elementor-size-default\">SL 50 BANDFASSADE<\/h2>\t\t\t\t<\/div>\n\t\t\t\t<\/div>\n\t\t\t\t<div class=\"elementor-element elementor-element-f51bdaa elementor-widget elementor-widget-text-editor\" data-id=\"f51bdaa\" data-element_type=\"widget\" data-widget_type=\"text-editor.default\">\n\t\t\t\t<div class=\"elementor-widget-container\">\n\t\t\t\t\t\t\t\t\t<p>Die Profilserie SL50 ist f\u00fcr die Erstellung durchgehender vertikaler Fassaden, gerader oder polygonaler Linien, mit einer inneren und \u00e4u\u00dferen sichtbaren Profilbreite von 50 mm konzipiert. Dieses System ist eine ideale Kombination aus Design und Funktionalit\u00e4t.  <\/p>\n\t\t\t\t\t\t\t\t<\/div>\n\t\t\t\t<\/div>\n\t\t\t\t<div class=\"elementor-element elementor-element-03970e2 elementor-tabs-view-horizontal elementor-widget elementor-widget-tabs\" data-id=\"03970e2\" data-element_type=\"widget\" data-widget_type=\"tabs.default\">\n\t\t\t\t<div class=\"elementor-widget-container\">\n\t\t\t\t\t\t\t<div class=\"elementor-tabs\">\n\t\t\t<div class=\"elementor-tabs-wrapper\" role=\"tablist\" >\n\t\t\t\t\t\t\t\t\t<div id=\"elementor-tab-title-3761\" class=\"elementor-tab-title elementor-tab-desktop-title\" aria-selected=\"true\" data-tab=\"1\" role=\"tab\" tabindex=\"0\" aria-controls=\"elementor-tab-content-3761\" aria-expanded=\"false\">Beschreibung<\/div>\n\t\t\t\t\t\t\t\t\t<div id=\"elementor-tab-title-3762\" class=\"elementor-tab-title elementor-tab-desktop-title\" aria-selected=\"false\" data-tab=\"2\" role=\"tab\" tabindex=\"-1\" aria-controls=\"elementor-tab-content-3762\" aria-expanded=\"false\">TECHNISCHE DATEN<\/div>\n\t\t\t\t\t\t\t\t\t<div id=\"elementor-tab-title-3763\" class=\"elementor-tab-title elementor-tab-desktop-title\" aria-selected=\"false\" data-tab=\"3\" role=\"tab\" tabindex=\"-1\" aria-controls=\"elementor-tab-content-3763\" aria-expanded=\"false\">Foto<\/div>\n\t\t\t\t\t\t\t\t\t<div id=\"elementor-tab-title-3764\" class=\"elementor-tab-title elementor-tab-desktop-title\" aria-selected=\"false\" data-tab=\"4\" role=\"tab\" tabindex=\"-1\" aria-controls=\"elementor-tab-content-3764\" aria-expanded=\"false\">KATALOGE<\/div>\n\t\t\t\t\t\t\t<\/div>\n\t\t\t<div class=\"elementor-tabs-content-wrapper\" role=\"tablist\" aria-orientation=\"vertical\">\n\t\t\t\t\t\t\t\t\t<div class=\"elementor-tab-title elementor-tab-mobile-title\" aria-selected=\"true\" data-tab=\"1\" role=\"tab\" tabindex=\"0\" aria-controls=\"elementor-tab-content-3761\" aria-expanded=\"false\">Beschreibung<\/div>\n\t\t\t\t\t<div id=\"elementor-tab-content-3761\" class=\"elementor-tab-content elementor-clearfix\" data-tab=\"1\" role=\"tabpanel\" aria-labelledby=\"elementor-tab-title-3761\" tabindex=\"0\" hidden=\"false\"><p>Dank seiner Robustheit, Stabilit\u00e4t und technischen Eigenschaften lassen sich auch gro\u00dfformatige Konstruktionen realisieren, w\u00e4hrend die hochwertigen Materialien die Langlebigkeit des Systems und seine Widerstandsf\u00e4higkeit gegen \u00e4u\u00dfere Einfl\u00fcsse gew\u00e4hrleisten. Sichtbare Aluminiumelemente (Kappen) sind in mehreren Gr\u00f6\u00dfen und einer breiten Farbpalette erh\u00e4ltlich. Als \u00d6ffnungspositionen kommen speziell konstruierte Fassadenfenster mit Innen- oder Au\u00dfen\u00f6ffnung zum Einsatz. Je nach Projektanforderung kann die Fassade mit anderen ALUK-Systemen kombiniert werden.   <\/p>\n<\/div>\n\t\t\t\t\t\t\t\t\t<div class=\"elementor-tab-title elementor-tab-mobile-title\" aria-selected=\"false\" data-tab=\"2\" role=\"tab\" tabindex=\"-1\" aria-controls=\"elementor-tab-content-3762\" aria-expanded=\"false\">TECHNISCHE DATEN<\/div>\n\t\t\t\t\t<div id=\"elementor-tab-content-3762\" class=\"elementor-tab-content elementor-clearfix\" data-tab=\"2\" role=\"tabpanel\" aria-labelledby=\"elementor-tab-title-3762\" tabindex=\"0\" hidden=\"hidden\"><p><strong>TECHNISCHE DATEN SL50:<\/strong><\/p>\n<ul>\n<li>U-Wert (Doppelverglasung) (Ug = 1,0 W\/m2K) 1,4 W\/m2K<\/li>\n<li>U-Wert (3-fach Verglasung) (Ug=0.6 W\/m2K) &lt;1.0 W\/m2K<\/li>\n<li>Luftdurchl\u00e4ssigkeit (Festfeld EN12152) A4<\/li>\n<li>Luftdurchl\u00e4ssigkeit (\u00d6ffnungen EN12207) Klasse 4<\/li>\n<li>Wasserdichtigkeit RE1500<\/li>\n<li>Windlastwiderstand 2000 Pa<\/li>\n<li>Feuerwiderstand EI30<\/li>\n<li>Schalld\u00e4mmung 46 dB<\/li>\n<li>Diebstahlschutzzertifikat RC3<\/li>\n<\/ul>\n<p><strong><br \/>ABMESSUNGEN:<\/strong><\/p>\n<ul>\n<li>Profilbreite 50mm<\/li>\n<li>Minimale vertikale Tiefe 55 mm<\/li>\n<li>Maximale vertikale Tiefe 330 mm<\/li>\n<li>Minimale horizontale Tiefe 35 mm<\/li>\n<li>Maximale horizontale Tiefe 210 mm<\/li>\n<li>Maximalgewicht (Tragkraft der Armaturen) 690 kg<\/li>\n<\/ul>\n<p><strong>GLAS:<\/strong><\/p>\n<ul>\n<li>Verglasung &#8211; von au\u00dfen<\/li>\n<li>Glasdicke 6mm-60mm<\/li>\n<\/ul>\n<p><strong>VEREDELUNG:<\/strong><\/p>\n<ul>\n<li>Einfarbig (Kunststoffbeschichtung\/Eloxierung)<\/li>\n<li>Zweifarbig (Kunststoffbeschichtung\/Eloxierung)<\/li>\n<\/ul>\n<\/div>\n\t\t\t\t\t\t\t\t\t<div class=\"elementor-tab-title elementor-tab-mobile-title\" aria-selected=\"false\" data-tab=\"3\" role=\"tab\" tabindex=\"-1\" aria-controls=\"elementor-tab-content-3763\" aria-expanded=\"false\">Foto<\/div>\n\t\t\t\t\t<div id=\"elementor-tab-content-3763\" class=\"elementor-tab-content elementor-clearfix\" data-tab=\"3\" role=\"tabpanel\" aria-labelledby=\"elementor-tab-title-3763\" tabindex=\"0\" hidden=\"hidden\">\n\t\t<style type=\"text\/css\">\n\t\t\t#gallery-1 {\n\t\t\t\tmargin: auto;\n\t\t\t}\n\t\t\t#gallery-1 .gallery-item {\n\t\t\t\tfloat: left;\n\t\t\t\tmargin-top: 10px;\n\t\t\t\ttext-align: center;\n\t\t\t\twidth: 33%;\n\t\t\t}\n\t\t\t#gallery-1 img {\n\t\t\t\tborder: 2px solid #cfcfcf;\n\t\t\t}\n\t\t\t#gallery-1 .gallery-caption {\n\t\t\t\tmargin-left: 0;\n\t\t\t}\n\t\t\t\/* see gallery_shortcode() in wp-includes\/media.php *\/\n\t\t<\/style>\n\t\t<div id='gallery-1' class='gallery galleryid-12823 gallery-columns-3 gallery-size-thumbnail'><dl class='gallery-item'>\n\t\t\t<dt class='gallery-icon landscape'>\n\t\t\t\t<a href='https:\/\/www.roplast.hr\/wp-content\/uploads\/2024\/10\/b_prodotti-8789-relfc3a934a05434e21872359aaad1c7557-1.jpg'><img decoding=\"async\" width=\"150\" height=\"150\" src=\"https:\/\/www.roplast.hr\/wp-content\/uploads\/2024\/10\/b_prodotti-8789-relfc3a934a05434e21872359aaad1c7557-1-150x150.jpg\" class=\"attachment-thumbnail size-thumbnail\" alt=\"\" \/><\/a>\n\t\t\t<\/dt><\/dl><dl class='gallery-item'>\n\t\t\t<dt class='gallery-icon landscape'>\n\t\t\t\t<a href='https:\/\/www.roplast.hr\/wp-content\/uploads\/2024\/10\/MI-Cartier-1-4_1280x848.jpg'><img loading=\"lazy\" decoding=\"async\" width=\"150\" height=\"150\" src=\"https:\/\/www.roplast.hr\/wp-content\/uploads\/2024\/10\/MI-Cartier-1-4_1280x848-150x150.jpg\" class=\"attachment-thumbnail size-thumbnail\" alt=\"\" \/><\/a>\n\t\t\t<\/dt><\/dl><dl class='gallery-item'>\n\t\t\t<dt class='gallery-icon landscape'>\n\t\t\t\t<a href='https:\/\/www.roplast.hr\/wp-content\/uploads\/2024\/10\/20200625_115135_1280x960.jpg'><img loading=\"lazy\" decoding=\"async\" width=\"150\" height=\"150\" src=\"https:\/\/www.roplast.hr\/wp-content\/uploads\/2024\/10\/20200625_115135_1280x960-150x150.jpg\" class=\"attachment-thumbnail size-thumbnail\" alt=\"\" \/><\/a>\n\t\t\t<\/dt><\/dl><br style=\"clear: both\" \/><dl class='gallery-item'>\n\t\t\t<dt class='gallery-icon portrait'>\n\t\t\t\t<a href='https:\/\/www.roplast.hr\/wp-content\/uploads\/2024\/10\/20200625_115150_1280x960-rotated.jpg'><img loading=\"lazy\" decoding=\"async\" width=\"150\" height=\"150\" src=\"https:\/\/www.roplast.hr\/wp-content\/uploads\/2024\/10\/20200625_115150_1280x960-150x150.jpg\" class=\"attachment-thumbnail size-thumbnail\" alt=\"\" \/><\/a>\n\t\t\t<\/dt><\/dl><dl class='gallery-item'>\n\t\t\t<dt class='gallery-icon portrait'>\n\t\t\t\t<a href='https:\/\/www.roplast.hr\/wp-content\/uploads\/2024\/10\/20200625_115213_1280x960-rotated.jpg'><img loading=\"lazy\" decoding=\"async\" width=\"150\" height=\"150\" src=\"https:\/\/www.roplast.hr\/wp-content\/uploads\/2024\/10\/20200625_115213_1280x960-150x150.jpg\" class=\"attachment-thumbnail size-thumbnail\" alt=\"\" \/><\/a>\n\t\t\t<\/dt><\/dl>\n\t\t\t<br style='clear: both' \/>\n\t\t<\/div>\n\n<\/div>\n\t\t\t\t\t\t\t\t\t<div class=\"elementor-tab-title elementor-tab-mobile-title\" aria-selected=\"false\" data-tab=\"4\" role=\"tab\" tabindex=\"-1\" aria-controls=\"elementor-tab-content-3764\" aria-expanded=\"false\">KATALOGE<\/div>\n\t\t\t\t\t<div id=\"elementor-tab-content-3764\" class=\"elementor-tab-content elementor-clearfix\" data-tab=\"4\" role=\"tabpanel\" aria-labelledby=\"elementor-tab-title-3764\" tabindex=\"0\" hidden=\"hidden\"><ul>\n<li><a href=\"https:\/\/www.roplast.hr\/wp-content\/uploads\/2024\/10\/ALUK-SL50-tehnicki-list.pdf\" target=\"_blank\" rel=\"noopener\">TECHNISCHES DATENBLATT ALUK SL50<\/a> <\/li>\n<\/ul>\n<\/div>\n\t\t\t\t\t\t\t<\/div>\n\t\t<\/div>\n\t\t\t\t\t\t<\/div>\n\t\t\t\t<\/div>\n\t\t\t\t<div class=\"elementor-element elementor-element-6776e61 elementor-widget elementor-widget-heading\" data-id=\"6776e61\" data-element_type=\"widget\" data-widget_type=\"heading.default\">\n\t\t\t\t<div class=\"elementor-widget-container\">\n\t\t\t\t\t<h6 class=\"elementor-heading-title elementor-size-default\">Interessieren Sie sich f\u00fcr mehr Informationen \u00fcber dieses Produkt?<\/h6>\t\t\t\t<\/div>\n\t\t\t\t<\/div>\n\t\t\t\t<div class=\"elementor-element elementor-element-2ea8dba elementor-align-left elementor-widget elementor-widget-button\" data-id=\"2ea8dba\" data-element_type=\"widget\" data-widget_type=\"button.default\">\n\t\t\t\t<div class=\"elementor-widget-container\">\n\t\t\t\t\t\t\t\t\t<div class=\"elementor-button-wrapper\">\n\t\t\t\t\t<a class=\"elementor-button elementor-button-link elementor-size-sm\" href=\"https:\/\/www.roplast.hr\/de\/kontakt\/\">\n\t\t\t\t\t\t<span class=\"elementor-button-content-wrapper\">\n\t\t\t\t\t\t\t\t\t<span class=\"elementor-button-text\">SENDEN SIE EINE ANFRAGE<\/span>\n\t\t\t\t\t<\/span>\n\t\t\t\t\t<\/a>\n\t\t\t\t<\/div>\n\t\t\t\t\t\t\t\t<\/div>\n\t\t\t\t<\/div>\n\t\t\t\t<\/div>\n\t\t\t\t\t<\/div>\n\t\t\t\t<\/div>\n\t\t\t\t<\/div>\n\t\t","protected":false},"excerpt":{"rendered":"<p>ROPLAST bietet Top-Glasfassadensysteme der renommierten Marken Sch\u00fcco und AluK, die innovative Technologien und Top-Design kombinieren, um den Anforderungen zeitgen\u00f6ssischer Architektur gerecht zu werden. Diese fortschrittlichen Systeme erm\u00f6glichen den Bau von Geb\u00e4uden mit gro\u00dfen Glasfl\u00e4chen, die f\u00fcr nat\u00fcrliches [&hellip;]<\/p>\n","protected":false},"author":1,"featured_media":6533,"parent":11540,"menu_order":0,"comment_status":"closed","ping_status":"closed","template":"","meta":{"footnotes":""},"class_list":["post-12823","page","type-page","status-publish","has-post-thumbnail","hentry"],"yoast_head":"<!-- This site is optimized with the Yoast SEO plugin v25.4 - https:\/\/yoast.com\/wordpress\/plugins\/seo\/ -->\n<title>SL 50 BANDFASSADE - Roplast<\/title>\n<meta name=\"robots\" content=\"index, follow, max-snippet:-1, max-image-preview:large, max-video-preview:-1\" \/>\n<link rel=\"canonical\" href=\"https:\/\/www.roplast.hr\/de\/angebot\/fassadensysteme\/sl-50-bandfassade\/\" \/>\n<meta property=\"og:locale\" content=\"de_DE\" \/>\n<meta property=\"og:type\" content=\"article\" \/>\n<meta property=\"og:title\" content=\"SL 50 BANDFASSADE - Roplast\" \/>\n<meta property=\"og:description\" content=\"ROPLAST bietet Top-Glasfassadensysteme der renommierten Marken Sch\u00fcco und AluK, die innovative Technologien und Top-Design kombinieren, um den Anforderungen zeitgen\u00f6ssischer Architektur gerecht zu werden. Diese fortschrittlichen Systeme erm\u00f6glichen den Bau von Geb\u00e4uden mit gro\u00dfen Glasfl\u00e4chen, die f\u00fcr nat\u00fcrliches [&hellip;]\" \/>\n<meta property=\"og:url\" content=\"https:\/\/www.roplast.hr\/de\/angebot\/fassadensysteme\/sl-50-bandfassade\/\" \/>\n<meta property=\"og:site_name\" content=\"Roplast\" \/>\n<meta property=\"article:modified_time\" content=\"2025-01-31T17:58:37+00:00\" \/>\n<meta property=\"og:image\" content=\"https:\/\/www.roplast.hr\/wp-content\/uploads\/2024\/09\/26_91-1.png\" \/>\n\t<meta property=\"og:image:width\" content=\"766\" \/>\n\t<meta property=\"og:image:height\" content=\"875\" \/>\n\t<meta property=\"og:image:type\" content=\"image\/png\" \/>\n<meta name=\"twitter:card\" content=\"summary_large_image\" \/>\n<meta name=\"twitter:label1\" content=\"Gesch\u00e4tzte Lesezeit\" \/>\n\t<meta name=\"twitter:data1\" content=\"1\u00a0Minute\" \/>\n<script type=\"application\/ld+json\" class=\"yoast-schema-graph\">{\"@context\":\"https:\/\/schema.org\",\"@graph\":[{\"@type\":\"WebPage\",\"@id\":\"https:\/\/www.roplast.hr\/de\/angebot\/fassadensysteme\/sl-50-bandfassade\/\",\"url\":\"https:\/\/www.roplast.hr\/de\/angebot\/fassadensysteme\/sl-50-bandfassade\/\",\"name\":\"SL 50 BANDFASSADE - Roplast\",\"isPartOf\":{\"@id\":\"https:\/\/www.roplast.hr\/de\/#website\"},\"primaryImageOfPage\":{\"@id\":\"https:\/\/www.roplast.hr\/de\/angebot\/fassadensysteme\/sl-50-bandfassade\/#primaryimage\"},\"image\":{\"@id\":\"https:\/\/www.roplast.hr\/de\/angebot\/fassadensysteme\/sl-50-bandfassade\/#primaryimage\"},\"thumbnailUrl\":\"https:\/\/www.roplast.hr\/wp-content\/uploads\/2024\/09\/26_91-1.png\",\"datePublished\":\"2024-10-23T12:34:40+00:00\",\"dateModified\":\"2025-01-31T17:58:37+00:00\",\"breadcrumb\":{\"@id\":\"https:\/\/www.roplast.hr\/de\/angebot\/fassadensysteme\/sl-50-bandfassade\/#breadcrumb\"},\"inLanguage\":\"de\",\"potentialAction\":[{\"@type\":\"ReadAction\",\"target\":[\"https:\/\/www.roplast.hr\/de\/angebot\/fassadensysteme\/sl-50-bandfassade\/\"]}]},{\"@type\":\"ImageObject\",\"inLanguage\":\"de\",\"@id\":\"https:\/\/www.roplast.hr\/de\/angebot\/fassadensysteme\/sl-50-bandfassade\/#primaryimage\",\"url\":\"https:\/\/www.roplast.hr\/wp-content\/uploads\/2024\/09\/26_91-1.png\",\"contentUrl\":\"https:\/\/www.roplast.hr\/wp-content\/uploads\/2024\/09\/26_91-1.png\",\"width\":766,\"height\":875},{\"@type\":\"BreadcrumbList\",\"@id\":\"https:\/\/www.roplast.hr\/de\/angebot\/fassadensysteme\/sl-50-bandfassade\/#breadcrumb\",\"itemListElement\":[{\"@type\":\"ListItem\",\"position\":1,\"name\":\"Po\u010detna stranica\",\"item\":\"https:\/\/www.roplast.hr\/de\/\"},{\"@type\":\"ListItem\",\"position\":2,\"name\":\"Angebot\",\"item\":\"https:\/\/www.roplast.hr\/de\/ponuda\/\"},{\"@type\":\"ListItem\",\"position\":3,\"name\":\"Fassadensysteme\",\"item\":\"https:\/\/www.roplast.hr\/de\/ponuda\/fasadni-sistemi\/\"},{\"@type\":\"ListItem\",\"position\":4,\"name\":\"SL 50 BANDFASSADE\"}]},{\"@type\":\"WebSite\",\"@id\":\"https:\/\/www.roplast.hr\/de\/#website\",\"url\":\"https:\/\/www.roplast.hr\/de\/\",\"name\":\"Roplast\",\"description\":\"Izra\u0111eni za stil, stvoreni za trajnost!\",\"potentialAction\":[{\"@type\":\"SearchAction\",\"target\":{\"@type\":\"EntryPoint\",\"urlTemplate\":\"https:\/\/www.roplast.hr\/de\/?s={search_term_string}\"},\"query-input\":{\"@type\":\"PropertyValueSpecification\",\"valueRequired\":true,\"valueName\":\"search_term_string\"}}],\"inLanguage\":\"de\"}]}<\/script>\n<!-- \/ Yoast SEO plugin. -->","yoast_head_json":{"title":"SL 50 BANDFASSADE - Roplast","robots":{"index":"index","follow":"follow","max-snippet":"max-snippet:-1","max-image-preview":"max-image-preview:large","max-video-preview":"max-video-preview:-1"},"canonical":"https:\/\/www.roplast.hr\/de\/angebot\/fassadensysteme\/sl-50-bandfassade\/","og_locale":"de_DE","og_type":"article","og_title":"SL 50 BANDFASSADE - Roplast","og_description":"ROPLAST bietet Top-Glasfassadensysteme der renommierten Marken Sch\u00fcco und AluK, die innovative Technologien und Top-Design kombinieren, um den Anforderungen zeitgen\u00f6ssischer Architektur gerecht zu werden. Diese fortschrittlichen Systeme erm\u00f6glichen den Bau von Geb\u00e4uden mit gro\u00dfen Glasfl\u00e4chen, die f\u00fcr nat\u00fcrliches [&hellip;]","og_url":"https:\/\/www.roplast.hr\/de\/angebot\/fassadensysteme\/sl-50-bandfassade\/","og_site_name":"Roplast","article_modified_time":"2025-01-31T17:58:37+00:00","og_image":[{"width":766,"height":875,"url":"https:\/\/www.roplast.hr\/wp-content\/uploads\/2024\/09\/26_91-1.png","type":"image\/png"}],"twitter_card":"summary_large_image","twitter_misc":{"Gesch\u00e4tzte Lesezeit":"1\u00a0Minute"},"schema":{"@context":"https:\/\/schema.org","@graph":[{"@type":"WebPage","@id":"https:\/\/www.roplast.hr\/de\/angebot\/fassadensysteme\/sl-50-bandfassade\/","url":"https:\/\/www.roplast.hr\/de\/angebot\/fassadensysteme\/sl-50-bandfassade\/","name":"SL 50 BANDFASSADE - Roplast","isPartOf":{"@id":"https:\/\/www.roplast.hr\/de\/#website"},"primaryImageOfPage":{"@id":"https:\/\/www.roplast.hr\/de\/angebot\/fassadensysteme\/sl-50-bandfassade\/#primaryimage"},"image":{"@id":"https:\/\/www.roplast.hr\/de\/angebot\/fassadensysteme\/sl-50-bandfassade\/#primaryimage"},"thumbnailUrl":"https:\/\/www.roplast.hr\/wp-content\/uploads\/2024\/09\/26_91-1.png","datePublished":"2024-10-23T12:34:40+00:00","dateModified":"2025-01-31T17:58:37+00:00","breadcrumb":{"@id":"https:\/\/www.roplast.hr\/de\/angebot\/fassadensysteme\/sl-50-bandfassade\/#breadcrumb"},"inLanguage":"de","potentialAction":[{"@type":"ReadAction","target":["https:\/\/www.roplast.hr\/de\/angebot\/fassadensysteme\/sl-50-bandfassade\/"]}]},{"@type":"ImageObject","inLanguage":"de","@id":"https:\/\/www.roplast.hr\/de\/angebot\/fassadensysteme\/sl-50-bandfassade\/#primaryimage","url":"https:\/\/www.roplast.hr\/wp-content\/uploads\/2024\/09\/26_91-1.png","contentUrl":"https:\/\/www.roplast.hr\/wp-content\/uploads\/2024\/09\/26_91-1.png","width":766,"height":875},{"@type":"BreadcrumbList","@id":"https:\/\/www.roplast.hr\/de\/angebot\/fassadensysteme\/sl-50-bandfassade\/#breadcrumb","itemListElement":[{"@type":"ListItem","position":1,"name":"Po\u010detna stranica","item":"https:\/\/www.roplast.hr\/de\/"},{"@type":"ListItem","position":2,"name":"Angebot","item":"https:\/\/www.roplast.hr\/de\/ponuda\/"},{"@type":"ListItem","position":3,"name":"Fassadensysteme","item":"https:\/\/www.roplast.hr\/de\/ponuda\/fasadni-sistemi\/"},{"@type":"ListItem","position":4,"name":"SL 50 BANDFASSADE"}]},{"@type":"WebSite","@id":"https:\/\/www.roplast.hr\/de\/#website","url":"https:\/\/www.roplast.hr\/de\/","name":"Roplast","description":"Izra\u0111eni za stil, stvoreni za trajnost!","potentialAction":[{"@type":"SearchAction","target":{"@type":"EntryPoint","urlTemplate":"https:\/\/www.roplast.hr\/de\/?s={search_term_string}"},"query-input":{"@type":"PropertyValueSpecification","valueRequired":true,"valueName":"search_term_string"}}],"inLanguage":"de"}]}},"_links":{"self":[{"href":"https:\/\/www.roplast.hr\/de\/wp-json\/wp\/v2\/pages\/12823","targetHints":{"allow":["GET"]}}],"collection":[{"href":"https:\/\/www.roplast.hr\/de\/wp-json\/wp\/v2\/pages"}],"about":[{"href":"https:\/\/www.roplast.hr\/de\/wp-json\/wp\/v2\/types\/page"}],"author":[{"embeddable":true,"href":"https:\/\/www.roplast.hr\/de\/wp-json\/wp\/v2\/users\/1"}],"replies":[{"embeddable":true,"href":"https:\/\/www.roplast.hr\/de\/wp-json\/wp\/v2\/comments?post=12823"}],"version-history":[{"count":1,"href":"https:\/\/www.roplast.hr\/de\/wp-json\/wp\/v2\/pages\/12823\/revisions"}],"predecessor-version":[{"id":12824,"href":"https:\/\/www.roplast.hr\/de\/wp-json\/wp\/v2\/pages\/12823\/revisions\/12824"}],"up":[{"embeddable":true,"href":"https:\/\/www.roplast.hr\/de\/wp-json\/wp\/v2\/pages\/11540"}],"wp:featuredmedia":[{"embeddable":true,"href":"https:\/\/www.roplast.hr\/de\/wp-json\/wp\/v2\/media\/6533"}],"wp:attachment":[{"href":"https:\/\/www.roplast.hr\/de\/wp-json\/wp\/v2\/media?parent=12823"}],"curies":[{"name":"wp","href":"https:\/\/api.w.org\/{rel}","templated":true}]}}