{"id":11748,"date":"2024-09-07T05:54:29","date_gmt":"2024-09-07T05:54:29","guid":{"rendered":"https:\/\/www.roplast.hr\/offerta\/sistemi-di-facciata\/"},"modified":"2025-01-16T10:50:27","modified_gmt":"2025-01-16T10:50:27","slug":"sistemi-di-facciata","status":"publish","type":"page","link":"https:\/\/www.roplast.hr\/it\/offerta\/sistemi-di-facciata\/","title":{"rendered":"Sistemi di facciata"},"content":{"rendered":"\t\t<div data-elementor-type=\"wp-post\" data-elementor-id=\"11748\" class=\"elementor elementor-11748 elementor-6103\">\n\t\t\t\t<div class=\"elementor-element elementor-element-00a6ef8 e-flex e-con-boxed e-con e-parent\" data-id=\"00a6ef8\" data-element_type=\"container\">\n\t\t\t\t\t<div class=\"e-con-inner\">\n\t\t\t\t<div class=\"elementor-element elementor-element-9c9c54d elementor-widget elementor-widget-text-editor\" data-id=\"9c9c54d\" data-element_type=\"widget\" data-widget_type=\"text-editor.default\">\n\t\t\t\t<div class=\"elementor-widget-container\">\n\t\t\t\t\t\t\t\t\t<p>ROPLAST offre una gamma top di sistemi per facciate dei rinomati marchi Sch\u00fcco e AluK, che combinano la massima tecnologia, eleganza estetica ed efficienza energetica. Questi sistemi di facciata consentono una protezione moderna e duratura degli edifici, con isolamento superiore, resistenza agli agenti atmosferici e uso ottimale della luce naturale. I sistemi per facciate Sch\u00fcco e AluK sono noti per le soluzioni innovative che forniscono eccezionali prestazioni di isolamento termico e acustico, consentendo allo stesso tempo libert\u00e0 creativa nella progettazione degli edifici. ROPLAST ti offre opzioni personalizzabili di questi prestigiosi marchi, garantendo la durata e l&#8217;aspetto di alta qualit\u00e0 della tua struttura.   <\/p>\n\t\t\t\t\t\t\t\t<\/div>\n\t\t\t\t<\/div>\n\t\t\t\t\t<\/div>\n\t\t\t\t<\/div>\n\t\t<div class=\"elementor-element elementor-element-e8ed6fd e-flex e-con-boxed e-con e-parent\" data-id=\"e8ed6fd\" data-element_type=\"container\">\n\t\t\t\t\t<div class=\"e-con-inner\">\n\t\t<div class=\"elementor-element elementor-element-cd3a01a e-con-full e-flex e-con e-child\" data-id=\"cd3a01a\" data-element_type=\"container\">\n\t\t\t\t<div class=\"elementor-element elementor-element-94122f6 elementor-widget elementor-widget-image\" data-id=\"94122f6\" data-element_type=\"widget\" data-widget_type=\"image.default\">\n\t\t\t\t<div class=\"elementor-widget-container\">\n\t\t\t\t\t\t\t\t\t\t\t\t\t\t\t<img fetchpriority=\"high\" decoding=\"async\" width=\"500\" height=\"232\" src=\"https:\/\/www.roplast.hr\/wp-content\/uploads\/2024\/08\/Schuco.jpg\" class=\"attachment-full size-full wp-image-3496\" alt=\"\" srcset=\"https:\/\/www.roplast.hr\/wp-content\/uploads\/2024\/08\/Schuco.jpg 500w, https:\/\/www.roplast.hr\/wp-content\/uploads\/2024\/08\/Schuco-300x139.jpg 300w\" sizes=\"(max-width: 500px) 100vw, 500px\" \/>\t\t\t\t\t\t\t\t\t\t\t\t\t\t\t<\/div>\n\t\t\t\t<\/div>\n\t\t\t\t<div class=\"elementor-element elementor-element-e982dd6 elementor-widget elementor-widget-text-editor\" data-id=\"e982dd6\" data-element_type=\"widget\" data-widget_type=\"text-editor.default\">\n\t\t\t\t<div class=\"elementor-widget-container\">\n\t\t\t\t\t\t\t\t\t<p>Il marchio &#8220;Sch\u00fcco&#8221; \u00e8 diventato sinonimo di finestre, porte e sistemi facciata innovativi che soddisfano i pi\u00f9 alti standard in termini di design, comfort e sicurezza, stabilendo nuovi standard nell&#8217;efficienza energetica. Sch\u00fcco si concentra sulla costruzione sostenibile orientata alle persone e alle loro esigenze, in armonia con l&#8217;ambiente naturale e le tecnologie moderne.  Questo marchio offre prodotti personalizzati per nuove costruzioni e ristrutturazioni, progettati per soddisfare le esigenze individuali degli utenti in tutte le zone climatiche.<\/p>\n\t\t\t\t\t\t\t\t<\/div>\n\t\t\t\t<\/div>\n\t\t\t\t<\/div>\n\t\t<div class=\"elementor-element elementor-element-a1a2a7b e-con-full e-flex e-con e-child\" data-id=\"a1a2a7b\" data-element_type=\"container\" data-settings=\"{&quot;background_background&quot;:&quot;classic&quot;}\">\n\t\t\t\t<div class=\"elementor-element elementor-element-4084061 banner_content_hover2 elementor-widget elementor-widget-lastudio-banner\" data-id=\"4084061\" data-element_type=\"widget\" data-widget_type=\"lastudio-banner.default\">\n\t\t\t\t<div class=\"elementor-widget-container\">\n\t\t\t\t\t<figure class=\"lastudio-banner la-lazyload-image lastudio-effect-none image-custom-height\" data-background-image=\"https:\/\/www.roplast.hr\/wp-content\/uploads\/2024\/10\/FWS-50_k_horizontaler-Schwerpunkt_32mm-1_1086x960-1024x905-1.jpg\"><div class=\"lastudio-banner__overlay\"><\/div><img loading=\"lazy\" decoding=\"async\" src=\"data:image\/gif;base64,R0lGODlhAQABAIAAAP\/\/\/wAAACH5BAEAAAAALAAAAAABAAEAAAICRAEAOw==\" data-src=\"https:\/\/www.roplast.hr\/wp-content\/uploads\/2024\/10\/FWS-50_k_horizontaler-Schwerpunkt_32mm-1_1086x960-1024x905-1.jpg\" alt=\"\" loading=\"lazy\" class=\"la-lazyload-image lastudio-banner__img\" width=\"1024\" height=\"905\" srcset=\"data:image\/gif;base64,R0lGODlhAQABAIAAAP\/\/\/wAAACH5BAEAAAAALAAAAAABAAEAAAICRAEAOw==\"><figcaption class=\"lastudio-banner__content\"><div class=\"lastudio-banner__content-wrap\"><h5 class=\"lastudio-banner__title\">FACCIATA CONTINUA FWS 50 <\/h5><\/div><a href=\"https:\/\/www.roplast.hr\/it\/offerta\/sistemi-di-facciata\/fws-50-facciata-continua\/\" class=\"lastudio-banner__link\"><span class=\"hidden\">FACCIATA CONTINUA FWS 50<\/span><\/a><\/figcaption><\/figure>\t\t\t\t<\/div>\n\t\t\t\t<\/div>\n\t\t\t\t<\/div>\n\t\t<div class=\"elementor-element elementor-element-74cb0d3 e-con-full e-flex e-con e-child\" data-id=\"74cb0d3\" data-element_type=\"container\" data-settings=\"{&quot;background_background&quot;:&quot;classic&quot;}\">\n\t\t\t\t<div class=\"elementor-element elementor-element-6fa38a5 banner_content_hover2 elementor-widget elementor-widget-lastudio-banner\" data-id=\"6fa38a5\" data-element_type=\"widget\" data-widget_type=\"lastudio-banner.default\">\n\t\t\t\t<div class=\"elementor-widget-container\">\n\t\t\t\t\t<figure class=\"lastudio-banner la-lazyload-image lastudio-effect-none image-custom-height\" data-background-image=\"https:\/\/www.roplast.hr\/wp-content\/uploads\/2024\/10\/FW_50_plus_SG_SI_k_flaechenbuendige_Dichtung_AWS_114-1024x1024-1.jpg\"><div class=\"lastudio-banner__overlay\"><\/div><img loading=\"lazy\" decoding=\"async\" src=\"data:image\/gif;base64,R0lGODlhAQABAIAAAP\/\/\/wAAACH5BAEAAAAALAAAAAABAAEAAAICRAEAOw==\" data-src=\"https:\/\/www.roplast.hr\/wp-content\/uploads\/2024\/10\/FW_50_plus_SG_SI_k_flaechenbuendige_Dichtung_AWS_114-1024x1024-1.jpg\" alt=\"\" loading=\"lazy\" class=\"la-lazyload-image lastudio-banner__img\" width=\"1024\" height=\"1024\" srcset=\"data:image\/gif;base64,R0lGODlhAQABAIAAAP\/\/\/wAAACH5BAEAAAAALAAAAAABAAEAAAICRAEAOw==\"><figcaption class=\"lastudio-banner__content\"><div class=\"lastudio-banner__content-wrap\"><h5 class=\"lastudio-banner__title\">FACCIATA STRUTTURALE FWS 50 SG<\/h5><\/div><a href=\"https:\/\/www.roplast.hr\/it\/offerta\/sistemi-di-facciata\/facciata-strutturale-fws-50-sg\/\" class=\"lastudio-banner__link\"><span class=\"hidden\">FACCIATA STRUTTURALE FWS 50 SG<\/span><\/a><\/figcaption><\/figure>\t\t\t\t<\/div>\n\t\t\t\t<\/div>\n\t\t\t\t<\/div>\n\t\t\t\t\t<\/div>\n\t\t\t\t<\/div>\n\t\t<div class=\"elementor-element elementor-element-1893226 e-flex e-con-boxed e-con e-parent\" data-id=\"1893226\" data-element_type=\"container\">\n\t\t\t\t\t<div class=\"e-con-inner\">\n\t\t<div class=\"elementor-element elementor-element-6dff83e e-con-full e-flex e-con e-child\" data-id=\"6dff83e\" data-element_type=\"container\">\n\t\t\t\t<div class=\"elementor-element elementor-element-6ff3543 elementor-widget elementor-widget-image\" data-id=\"6ff3543\" data-element_type=\"widget\" data-widget_type=\"image.default\">\n\t\t\t\t<div class=\"elementor-widget-container\">\n\t\t\t\t\t\t\t\t\t\t\t\t\t\t\t<img decoding=\"async\" width=\"500\" height=\"206\" src=\"https:\/\/www.roplast.hr\/wp-content\/uploads\/2024\/08\/AluK.jpg\" class=\"attachment-full size-full wp-image-3488\" alt=\"\" srcset=\"https:\/\/www.roplast.hr\/wp-content\/uploads\/2024\/08\/AluK.jpg 500w, https:\/\/www.roplast.hr\/wp-content\/uploads\/2024\/08\/AluK-300x124.jpg 300w\" sizes=\"(max-width: 500px) 100vw, 500px\" \/>\t\t\t\t\t\t\t\t\t\t\t\t\t\t\t<\/div>\n\t\t\t\t<\/div>\n\t\t\t\t<div class=\"elementor-element elementor-element-d9e4fbb elementor-widget elementor-widget-text-editor\" data-id=\"d9e4fbb\" data-element_type=\"widget\" data-widget_type=\"text-editor.default\">\n\t\t\t\t<div class=\"elementor-widget-container\">\n\t\t\t\t\t\t\t\t\t<p>I sistemi AluK sono tra le soluzioni pi\u00f9 diffuse e affidabili per la realizzazione di infissi in alluminio. Certificati secondo i pi\u00f9 alti standard delle istituzioni italiane ed europee, questi sistemi di ampio utilizzo vengono installati in edifici industriali, commerciali e pubblici, ma anche in edifici residenziali e case private. I sistemi AluK sono resistenti a quasi tutte le condizioni climatiche, al forte vento, all&#8217;effetto del sale, rendendoli la soluzione ottimale per edifici situati vicino alla costa.  <\/p>\n\t\t\t\t\t\t\t\t<\/div>\n\t\t\t\t<\/div>\n\t\t\t\t<\/div>\n\t\t<div class=\"elementor-element elementor-element-89b0a67 e-con-full e-flex e-con e-child\" data-id=\"89b0a67\" data-element_type=\"container\" data-settings=\"{&quot;background_background&quot;:&quot;classic&quot;}\">\n\t\t\t\t<div class=\"elementor-element elementor-element-84efd6f banner_content_hover2 elementor-widget elementor-widget-lastudio-banner\" data-id=\"84efd6f\" data-element_type=\"widget\" data-widget_type=\"lastudio-banner.default\">\n\t\t\t\t<div class=\"elementor-widget-container\">\n\t\t\t\t\t<figure class=\"lastudio-banner la-lazyload-image lastudio-effect-none image-custom-height\" data-background-image=\"https:\/\/www.roplast.hr\/wp-content\/uploads\/2024\/10\/b_prodotti-8789-relfc3a934a05434e21872359aaad1c7557-2.jpg\"><div class=\"lastudio-banner__overlay\"><\/div><img loading=\"lazy\" decoding=\"async\" src=\"data:image\/gif;base64,R0lGODlhAQABAIAAAP\/\/\/wAAACH5BAEAAAAALAAAAAABAAEAAAICRAEAOw==\" data-src=\"https:\/\/www.roplast.hr\/wp-content\/uploads\/2024\/10\/b_prodotti-8789-relfc3a934a05434e21872359aaad1c7557-2.jpg\" alt=\"\" loading=\"lazy\" class=\"la-lazyload-image lastudio-banner__img\" width=\"612\" height=\"459\" srcset=\"data:image\/gif;base64,R0lGODlhAQABAIAAAP\/\/\/wAAACH5BAEAAAAALAAAAAABAAEAAAICRAEAOw==\"><figcaption class=\"lastudio-banner__content\"><div class=\"lastudio-banner__content-wrap\"><h5 class=\"lastudio-banner__title\">SL 50 FACCIATA CONTINUA<\/h5><\/div><a href=\"https:\/\/www.roplast.hr\/it\/offerta\/sistemi-di-facciata\/sl-50-facciata-continua\/\" class=\"lastudio-banner__link\"><span class=\"hidden\">SL 50 FACCIATA CONTINUA<\/span><\/a><\/figcaption><\/figure>\t\t\t\t<\/div>\n\t\t\t\t<\/div>\n\t\t\t\t<\/div>\n\t\t\t\t\t<\/div>\n\t\t\t\t<\/div>\n\t\t\t\t<\/div>\n\t\t","protected":false},"excerpt":{"rendered":"<p>ROPLAST offre una gamma top di sistemi per facciate dei rinomati marchi Sch\u00fcco e AluK, che combinano la massima tecnologia, eleganza estetica ed efficienza energetica. Questi sistemi di facciata consentono una protezione moderna e duratura degli edifici, [&hellip;]<\/p>\n","protected":false},"author":1,"featured_media":0,"parent":11663,"menu_order":0,"comment_status":"closed","ping_status":"closed","template":"","meta":{"footnotes":""},"class_list":["post-11748","page","type-page","status-publish","hentry"],"yoast_head":"<!-- This site is optimized with the Yoast SEO plugin v25.4 - https:\/\/yoast.com\/wordpress\/plugins\/seo\/ -->\n<title>Sistemi di facciata - Roplast<\/title>\n<meta name=\"robots\" content=\"index, follow, max-snippet:-1, max-image-preview:large, max-video-preview:-1\" \/>\n<link rel=\"canonical\" href=\"https:\/\/www.roplast.hr\/it\/offerta\/sistemi-di-facciata\/\" \/>\n<meta property=\"og:locale\" content=\"it_IT\" \/>\n<meta property=\"og:type\" content=\"article\" \/>\n<meta property=\"og:title\" content=\"Sistemi di facciata - Roplast\" \/>\n<meta property=\"og:description\" content=\"ROPLAST offre una gamma top di sistemi per facciate dei rinomati marchi Sch\u00fcco e AluK, che combinano la massima tecnologia, eleganza estetica ed efficienza energetica. Questi sistemi di facciata consentono una protezione moderna e duratura degli edifici, [&hellip;]\" \/>\n<meta property=\"og:url\" content=\"https:\/\/www.roplast.hr\/it\/offerta\/sistemi-di-facciata\/\" \/>\n<meta property=\"og:site_name\" content=\"Roplast\" \/>\n<meta property=\"article:modified_time\" content=\"2025-01-16T10:50:27+00:00\" \/>\n<meta property=\"og:image\" content=\"https:\/\/www.roplast.hr\/wp-content\/uploads\/2024\/08\/Schuco.jpg\" \/>\n\t<meta property=\"og:image:width\" content=\"500\" \/>\n\t<meta property=\"og:image:height\" content=\"232\" \/>\n\t<meta property=\"og:image:type\" content=\"image\/jpeg\" \/>\n<meta name=\"twitter:card\" content=\"summary_large_image\" \/>\n<meta name=\"twitter:label1\" content=\"Tempo di lettura stimato\" \/>\n\t<meta name=\"twitter:data1\" content=\"3 minuti\" \/>\n<script type=\"application\/ld+json\" class=\"yoast-schema-graph\">{\"@context\":\"https:\/\/schema.org\",\"@graph\":[{\"@type\":\"WebPage\",\"@id\":\"https:\/\/www.roplast.hr\/it\/offerta\/sistemi-di-facciata\/\",\"url\":\"https:\/\/www.roplast.hr\/it\/offerta\/sistemi-di-facciata\/\",\"name\":\"Sistemi di facciata - Roplast\",\"isPartOf\":{\"@id\":\"https:\/\/www.roplast.hr\/it\/#website\"},\"primaryImageOfPage\":{\"@id\":\"https:\/\/www.roplast.hr\/it\/offerta\/sistemi-di-facciata\/#primaryimage\"},\"image\":{\"@id\":\"https:\/\/www.roplast.hr\/it\/offerta\/sistemi-di-facciata\/#primaryimage\"},\"thumbnailUrl\":\"https:\/\/www.roplast.hr\/wp-content\/uploads\/2024\/08\/Schuco.jpg\",\"datePublished\":\"2024-09-07T05:54:29+00:00\",\"dateModified\":\"2025-01-16T10:50:27+00:00\",\"breadcrumb\":{\"@id\":\"https:\/\/www.roplast.hr\/it\/offerta\/sistemi-di-facciata\/#breadcrumb\"},\"inLanguage\":\"it-IT\",\"potentialAction\":[{\"@type\":\"ReadAction\",\"target\":[\"https:\/\/www.roplast.hr\/it\/offerta\/sistemi-di-facciata\/\"]}]},{\"@type\":\"ImageObject\",\"inLanguage\":\"it-IT\",\"@id\":\"https:\/\/www.roplast.hr\/it\/offerta\/sistemi-di-facciata\/#primaryimage\",\"url\":\"https:\/\/www.roplast.hr\/wp-content\/uploads\/2024\/08\/Schuco.jpg\",\"contentUrl\":\"https:\/\/www.roplast.hr\/wp-content\/uploads\/2024\/08\/Schuco.jpg\"},{\"@type\":\"BreadcrumbList\",\"@id\":\"https:\/\/www.roplast.hr\/it\/offerta\/sistemi-di-facciata\/#breadcrumb\",\"itemListElement\":[{\"@type\":\"ListItem\",\"position\":1,\"name\":\"Po\u010detna stranica\",\"item\":\"https:\/\/www.roplast.hr\/it\/\"},{\"@type\":\"ListItem\",\"position\":2,\"name\":\"Offerta\",\"item\":\"https:\/\/www.roplast.hr\/it\/offerta\/\"},{\"@type\":\"ListItem\",\"position\":3,\"name\":\"Sistemi di facciata\"}]},{\"@type\":\"WebSite\",\"@id\":\"https:\/\/www.roplast.hr\/it\/#website\",\"url\":\"https:\/\/www.roplast.hr\/it\/\",\"name\":\"Roplast\",\"description\":\"Izra\u0111eni za stil, stvoreni za trajnost!\",\"potentialAction\":[{\"@type\":\"SearchAction\",\"target\":{\"@type\":\"EntryPoint\",\"urlTemplate\":\"https:\/\/www.roplast.hr\/it\/?s={search_term_string}\"},\"query-input\":{\"@type\":\"PropertyValueSpecification\",\"valueRequired\":true,\"valueName\":\"search_term_string\"}}],\"inLanguage\":\"it-IT\"}]}<\/script>\n<!-- \/ Yoast SEO plugin. -->","yoast_head_json":{"title":"Sistemi di facciata - Roplast","robots":{"index":"index","follow":"follow","max-snippet":"max-snippet:-1","max-image-preview":"max-image-preview:large","max-video-preview":"max-video-preview:-1"},"canonical":"https:\/\/www.roplast.hr\/it\/offerta\/sistemi-di-facciata\/","og_locale":"it_IT","og_type":"article","og_title":"Sistemi di facciata - Roplast","og_description":"ROPLAST offre una gamma top di sistemi per facciate dei rinomati marchi Sch\u00fcco e AluK, che combinano la massima tecnologia, eleganza estetica ed efficienza energetica. Questi sistemi di facciata consentono una protezione moderna e duratura degli edifici, [&hellip;]","og_url":"https:\/\/www.roplast.hr\/it\/offerta\/sistemi-di-facciata\/","og_site_name":"Roplast","article_modified_time":"2025-01-16T10:50:27+00:00","og_image":[{"width":500,"height":232,"url":"https:\/\/www.roplast.hr\/wp-content\/uploads\/2024\/08\/Schuco.jpg","type":"image\/jpeg"}],"twitter_card":"summary_large_image","twitter_misc":{"Tempo di lettura stimato":"3 minuti"},"schema":{"@context":"https:\/\/schema.org","@graph":[{"@type":"WebPage","@id":"https:\/\/www.roplast.hr\/it\/offerta\/sistemi-di-facciata\/","url":"https:\/\/www.roplast.hr\/it\/offerta\/sistemi-di-facciata\/","name":"Sistemi di facciata - Roplast","isPartOf":{"@id":"https:\/\/www.roplast.hr\/it\/#website"},"primaryImageOfPage":{"@id":"https:\/\/www.roplast.hr\/it\/offerta\/sistemi-di-facciata\/#primaryimage"},"image":{"@id":"https:\/\/www.roplast.hr\/it\/offerta\/sistemi-di-facciata\/#primaryimage"},"thumbnailUrl":"https:\/\/www.roplast.hr\/wp-content\/uploads\/2024\/08\/Schuco.jpg","datePublished":"2024-09-07T05:54:29+00:00","dateModified":"2025-01-16T10:50:27+00:00","breadcrumb":{"@id":"https:\/\/www.roplast.hr\/it\/offerta\/sistemi-di-facciata\/#breadcrumb"},"inLanguage":"it-IT","potentialAction":[{"@type":"ReadAction","target":["https:\/\/www.roplast.hr\/it\/offerta\/sistemi-di-facciata\/"]}]},{"@type":"ImageObject","inLanguage":"it-IT","@id":"https:\/\/www.roplast.hr\/it\/offerta\/sistemi-di-facciata\/#primaryimage","url":"https:\/\/www.roplast.hr\/wp-content\/uploads\/2024\/08\/Schuco.jpg","contentUrl":"https:\/\/www.roplast.hr\/wp-content\/uploads\/2024\/08\/Schuco.jpg"},{"@type":"BreadcrumbList","@id":"https:\/\/www.roplast.hr\/it\/offerta\/sistemi-di-facciata\/#breadcrumb","itemListElement":[{"@type":"ListItem","position":1,"name":"Po\u010detna stranica","item":"https:\/\/www.roplast.hr\/it\/"},{"@type":"ListItem","position":2,"name":"Offerta","item":"https:\/\/www.roplast.hr\/it\/offerta\/"},{"@type":"ListItem","position":3,"name":"Sistemi di facciata"}]},{"@type":"WebSite","@id":"https:\/\/www.roplast.hr\/it\/#website","url":"https:\/\/www.roplast.hr\/it\/","name":"Roplast","description":"Izra\u0111eni za stil, stvoreni za trajnost!","potentialAction":[{"@type":"SearchAction","target":{"@type":"EntryPoint","urlTemplate":"https:\/\/www.roplast.hr\/it\/?s={search_term_string}"},"query-input":{"@type":"PropertyValueSpecification","valueRequired":true,"valueName":"search_term_string"}}],"inLanguage":"it-IT"}]}},"_links":{"self":[{"href":"https:\/\/www.roplast.hr\/it\/wp-json\/wp\/v2\/pages\/11748","targetHints":{"allow":["GET"]}}],"collection":[{"href":"https:\/\/www.roplast.hr\/it\/wp-json\/wp\/v2\/pages"}],"about":[{"href":"https:\/\/www.roplast.hr\/it\/wp-json\/wp\/v2\/types\/page"}],"author":[{"embeddable":true,"href":"https:\/\/www.roplast.hr\/it\/wp-json\/wp\/v2\/users\/1"}],"replies":[{"embeddable":true,"href":"https:\/\/www.roplast.hr\/it\/wp-json\/wp\/v2\/comments?post=11748"}],"version-history":[{"count":7,"href":"https:\/\/www.roplast.hr\/it\/wp-json\/wp\/v2\/pages\/11748\/revisions"}],"predecessor-version":[{"id":12438,"href":"https:\/\/www.roplast.hr\/it\/wp-json\/wp\/v2\/pages\/11748\/revisions\/12438"}],"up":[{"embeddable":true,"href":"https:\/\/www.roplast.hr\/it\/wp-json\/wp\/v2\/pages\/11663"}],"wp:attachment":[{"href":"https:\/\/www.roplast.hr\/it\/wp-json\/wp\/v2\/media?parent=11748"}],"curies":[{"name":"wp","href":"https:\/\/api.w.org\/{rel}","templated":true}]}}