{"id":11792,"date":"2024-06-11T17:26:16","date_gmt":"2024-06-11T17:26:16","guid":{"rendered":"https:\/\/www.roplast.hr\/politica-sulla-riservatezza\/"},"modified":"2025-01-06T21:18:39","modified_gmt":"2025-01-06T21:18:39","slug":"politica-sulla-riservatezza","status":"publish","type":"page","link":"https:\/\/www.roplast.hr\/it\/politica-sulla-riservatezza\/","title":{"rendered":"Politica sulla riservatezza"},"content":{"rendered":"\n<div class=\"wp-block-group\"><div class=\"wp-block-group__inner-container is-layout-constrained wp-block-group-is-layout-constrained\">\n<p>Lo scopo della presente informativa sulla privacy \u00e8 informare i clienti, potenziali clienti o visitatori del sito web https:\/\/roplast.hr sugli scopi e sui fondamenti del trattamento dei dati personali da parte della societ\u00e0 di produzione di serramenti ROPLAST, PVC e ALU, vl. Roland Runko, Vre\u0107ari, Vre\u0107ari 107, (di seguito: ROPLAST). <\/p>\n\n\n\n<p>Noi di ROPLAST diamo valore alla tua privacy, motivo per cui manteniamo tutti i tuoi dati personali strettamente confidenziali.<\/p>\n\n\n\n<p>Tutte le nostre attivit\u00e0 online sono conformi alle leggi europee (Regolamento (UE) 2016\/697 sulla tutela dei consumatori con riguardo al trattamento dei dati personali e all&#8217;uso di tali dati (Regolamento generale sulla protezione dei dati o GDPR), alle convenzioni (STE n. 108, ETS 181, STE n. 185, STE n. 189) e le leggi della Repubblica di Croazia (Legge sulla protezione dei dati personali (ZVOP-1, Reg. l. RS, n. 94\/07), la Legge sul commercio elettronico sul mercato (ZEPT, Reg. l. RS, n. 96\/09 e 19\/15) ecc.)).<\/p>\n\n\n\n<p>L&#8217;informativa sulla privacy determina l&#8217;uso delle informazioni che ROPLAST ricever\u00e0 da te quando visiti il sito web di ROPLAST, ti registri ed effettui un acquisto, o le informazioni che condividerai con il servizio clienti ROPLAST se ci contatti telefonicamente.<\/p>\n\n\n\n<p><strong>Responsabile e soggetto autorizzato alla protezione dei dati<\/strong><\/p>\n\n\n\n<p>Il responsabile del trattamento dei dati personali \u00e8 la ditta ROPLAST, ditta per la produzione di carpenteria in PVC e ALU, vl. Roland Runko, Vre\u0107ari, Vre\u0107ari 107. <\/p>\n\n\n\n<p><strong>Dati personali<\/strong><\/p>\n\n\n\n<p>Per dato personale si intende qualunque informazione relativa a persona fisica identificata o identificabile; una persona identificabile \u00e8 una persona la cui identit\u00e0 pu\u00f2 essere determinata direttamente o indirettamente, segnatamente sulla base di un numero di identificazione o di una o pi\u00f9 caratteristiche specifiche della sua identit\u00e0 fisica, psicologica, mentale, economica, culturale o sociale.<\/p>\n\n\n\n<p>ROPLAST, in conformit\u00e0 con le finalit\u00e0 di seguito elencate e l&#8217;informativa sulla privacy, raccoglie i seguenti dati personali:<\/p>\n\n\n\n<ul class=\"wp-block-list\">\n<li>informazioni di base sull&#8217;utente (nome e cognome, indirizzo, data di nascita, indirizzo di consegna);<\/li>\n\n\n\n<li>informazioni di contatto e informazioni sulla tua comunicazione con ROPLAST (indirizzo e-mail, numero di telefono, data, ora e contenuto della comunicazione postale o e-mail, data e ora);<\/li>\n\n\n\n<li>canale e campagna \u2013 la fonte attraverso la quale il cliente-utente \u00e8 entrato in contatto con ROPLAST (sito web e campagna pubblicitaria, ovvero azione, call center);<\/li>\n\n\n\n<li>dati sugli ordini dell&#8217;utente e sulle fatture emesse (data di ricezione ed esecuzione dell&#8217;ordine, prodotti acquistati, prezzi dei prodotti acquistati, selezione finale dell&#8217;ordine, modalit\u00e0 di pagamento, indirizzo di consegna, numero e data della fattura, identificazione della persona che ha emesso la fattura, ecc.) .) e dati sulla risoluzione dei reclami sui prodotti;<\/li>\n\n\n\n<li>dati provenienti da moduli compilati volontariamente dall&#8217;utente, ad es. nell&#8217;ambito dei giochi a premi  <\/li>\n\n\n\n<li>altri dati che l&#8217;utente inserisce volontariamente al momento della richiesta di determinati servizi che richiedono questi dati.<\/li>\n\n\n\n<li>ROPLAST non raccoglie e tratta i tuoi dati personali, tranne quando tu lo consenti, ad es. dai il tuo consenso a tal fine, ad es. quando si ordinano prodotti o servizi, quando ci si iscrive per ricevere notifiche via e-mail, si partecipa a un gioco a premi, ecc., o quando esiste una base legale per la raccolta di dati personali o ROPLAST ha un interesse legittimo al trattamento.<\/li>\n<\/ul>\n\n\n\n<p><strong>Finalit\u00e0 del trattamento e base del trattamento dei dati<\/strong><\/p>\n\n\n\n<p>ROPLAST raccoglie e tratta i tuoi dati personali sulla base delle seguenti basi giuridiche:<\/p>\n\n\n\n<ul class=\"wp-block-list\">\n<li>diritto e rapporti contrattuali<\/li>\n\n\n\n<li>interesse legale (legittimo).<\/li>\n\n\n\n<li>il consenso dell&#8217;individuo, ad es. cliente <\/li>\n<\/ul>\n\n\n\n<p><strong>Trattamento dei dati basato su obblighi di legge e contrattuali<\/strong><\/p>\n\n\n\n<p>Nelle situazioni in cui la fornitura di dati personali \u00e8 un obbligo contrattuale, un obbligo necessario per la conclusione e l&#8217;esecuzione di un contratto con ROPLAST, o un obbligo legale, \u00e8 necessario fornire i dati personali:<\/p>\n\n\n\n<p>Ad esempio, se non condividi i tuoi dati personali con ROPLAST (nome, cognome, indirizzo di consegna, numero di telefono), ROPLAST non sar\u00e0 in grado di concludere un contratto di vendita di beni a distanza, ovvero un ordine di prodotti, e di conseguenza non sar\u00e0 in grado di consegnare il\/i prodotto\/i perch\u00e9 non disporr\u00e0 dei dati del cliente e dell&#8217;indirizzo di consegna.<\/p>\n\n\n\n<figure class=\"wp-block-table\"><table><tbody><tr><td>Finalit\u00e0 del trattamento dei dati<\/td><td>Spiegazione dettagliata<\/td><\/tr><tr><td>Apertura di un account utente<\/td><td>Per utilizzare la piattaforma ROPLAST ed effettuare ordini tramite essa \u00e8 necessario registrarsi come Utente. Per la registrazione sono richiesti i seguenti dati personali: indirizzo email, nome utente e password per accedere alla pagina. <\/td><\/tr><tr><td>Conclusione di contratti a distanza<\/td><td>Per concludere un contratto a distanza \u00e8 necessario inserire i dati per la consegna del prodotto. Se l&#8217;Utente sceglie l&#8217;opzione di pagamento con carta di credito, \u00e8 necessario inserire i dati della carta nelle pagine del sistema T-Com PayWay. ROPLAST non ha accesso ai dati della tua carta. ROPLAST riceve informazioni dal sistema Pay Way solo se il tuo acquisto \u00e8 stato approvato dal titolare della carta o meno.    <\/td><\/tr><\/tbody><\/table><\/figure>\n\n\n\n<p><strong><br\/><\/strong><strong>Trattamento basato sul legittimo interesse<\/strong><\/p>\n\n\n\n<p>ROPLAST pu\u00f2 trattare i dati anche sulla base di interessi legittimi, necessari per una migliore fornitura del servizio, salvo quando tali interessi prevalgono sugli interessi o sui diritti e sulle libert\u00e0 fondamentali della persona fisica cui si riferiscono i dati personali, che richiedono la protezione dei dati personali. dati.<\/p>\n\n\n\n<p>Nell&#8217;esempio dell&#8217;uso dell&#8217;interesse legale, ROPLAST regoler\u00e0 sempre in conformit\u00e0 con il Regolamento generale sulla protezione dei dati.<\/p>\n\n\n\n<figure class=\"wp-block-table\"><table><tbody><tr><td>Finalit\u00e0 del trattamento<\/td><td>Spiegazione dettagliata<\/td><\/tr><tr><td>Elaborazione statistica generale dei dati sui clienti e sui loro ordini e potenziali clienti (contatti) ai fini dell&#8217;analisi delle vendite interne, degli ordini ripetuti, del comportamento aggregato dei clienti, dell&#8217;ottimizzazione pubblicitaria e dell&#8217;ottimizzazione aziendale<\/td><td>Presso la societ\u00e0 ROPLAST effettuiamo l&#8217;elaborazione statistica generale dei dati sui clienti, sui loro ordini e sui potenziali clienti (contatti), in base alla quale eseguiamo analisi interne delle vendite, degli ordini ripetuti e del comportamento aggregato dei clienti, oltre a monitorare e ottimizzare la nostra efficienza aziendale e ottimizzare la nostra pubblicit\u00e0.<\/td><\/tr><tr><td>Informazioni sui tuoi ordini precedenti<\/td><td>Se contatti l&#8217;assistenza clienti ROPLAST, i nostri dipendenti potrebbero avere accesso ai tuoi ordini precedenti e alla cronologia degli ordini, in modo che possano offrirti un servizio migliore.<\/td><\/tr><tr><td>Trattamento dei dati relativi agli ordini a distanza non ritirati con l&#8217;obiettivo di prevenire le frodi<\/td><td>Sulla base del nostro legittimo interesse, elaboriamo a distanza i dati sugli ordini inviati e non ritirati, con l&#8217;obiettivo di identificare i clienti che ordinano prodotti superiori alla media con pagamento al ritiro e poi non ritirano questi prodotti, il che causa danni aziendali che vogliamo prevenire Quando identifichiamo tali clienti, impediamo loro di ordinare prodotti con pagamento al ritiro, ma possono comunque ordinare prodotti con pagamento anticipato tramite Virman, carte di credito o PayPal.<\/td><\/tr><tr><td>Comunicazione automatica via email con l&#8217;Utente in base ad un ordine non completato<\/td><td>Sulla base del nostro legittimo interesse, inviamo occasionalmente notifiche via e-mail relative a ordini non evasi a potenziali clienti, che hanno aggiunto prodotti al carrello ma non hanno completato l&#8217;ordine, con l&#8217;obiettivo di offrire aiuto o informazioni.<\/td><\/tr><tr><td>Comunicazione personalizzata (via e-mail, SMS, notifiche tramite browser internet, informazioni sul sito, social network) con sconti, offerte e contenuti personalizzati<\/td><td>Di tanto in tanto presentiamo ai nostri Utenti offerte, sconti e altri contenuti adeguati, che potrebbero essere interessanti in base alle vostre precedenti interazioni.<\/td><\/tr><tr><td>\u00a0<\/td><td>\u00a0<\/td><\/tr><\/tbody><\/table><\/figure>\n\n\n\n<p><strong>Trattamento basato sul tuo consenso<\/strong><\/p>\n\n\n\n<p>ROPLAST raccoglie (utilizza) i tuoi dati personali solo quando lo abiliti, cio\u00e8 quando dai il tuo consenso esplicito, vale a dire consenso: <\/p>\n\n\n\n<ul class=\"wp-block-list\">\n<li>per consentirti di utilizzare il tuo account utente ROPLAST e fare acquisti sul sito web https:\/\/roplast.hr e per scopi di amministrazione tecnica sul sito web ROPLAST,<\/li>\n\n\n\n<li>per fornirti l&#8217;accesso a informazioni speciali disponibili sul sito web ROPLAST e sul tuo account\/profilo utente fornito dal venditore,<\/li>\n\n\n\n<li>preparazione e invio di messaggi di posta elettronica personalizzati, solo se sei iscritto per ricevere messaggi di posta elettronica promozionali<\/li>\n\n\n\n<li>invio di avvisi pubblicitari e altri contenuti tramite e-mail, messaggi SMS, posta ordinaria previo consenso,<\/li>\n\n\n\n<li>tutti gli altri scopi specifici con i quali accetti allo scopo di fare affari con ROPLAST<\/li>\n<\/ul>\n\n\n\n<p><strong>Trattamento contrattuale dei dati personali<\/strong><\/p>\n\n\n\n<p>Come individuo, sei consapevole e accetti che il venditore possa affidare determinate attivit\u00e0, tra cui i tuoi dati personali, ad altri soggetti (responsabili contrattuali del trattamento). I responsabili contrattuali del trattamento dei dati possono trattare i dati riservati esclusivamente per conto del venditore e nei limiti dei poteri conferiti dal venditore (in un contratto scritto o in un altro atto giuridico) e in conformit\u00e0 con le finalit\u00e0 definite nella presente informativa sulla privacy. <\/p>\n\n\n\n<p>I responsabili contrattuali del trattamento con cui ROPLAST condivide alcuni dati sono:<\/p>\n\n\n\n<ul class=\"wp-block-list\">\n<li>servizi di contabilit\u00e0, studi legali e altri fornitori di consulenza legale,<\/li>\n\n\n\n<li>servizi di consegna<\/li>\n\n\n\n<li>fornitori di elaborazione e analisi dei dati,<\/li>\n\n\n\n<li>provider di posta elettronica (Mailchimp)<\/li>\n\n\n\n<li>fornitori di sistemi di pagamento, quali: WSPay, PayPal, Solo<\/li>\n\n\n\n<li>Fornitori di soluzioni pubblicitarie su Internet (ad es. Google, Facebook)<\/li>\n<\/ul>\n\n\n\n<p><strong>Registrazione automatica delle informazioni (dati non personali)<\/strong><\/p>\n\n\n\n<p>Quando si accede al sito web, vengono registrati automaticamente (non come parte dell&#8217;applicazione) dati generali, non personali (numero di visite, tempo medio trascorso sulla pagina, pagine visitate). Non possiamo collegare queste informazioni alle tue informazioni personali e sono completamente non personali. Utilizziamo queste informazioni per misurare l&#8217;attrattiva del nostro sito web e per migliorare il contenuto e l&#8217;usabilit\u00e0 del sito web stesso. Non utilizziamo i tuoi dati per altri scopi e non li trasmettiamo a terzi.   <\/p>\n\n\n\n<p><strong>Biscotti<\/strong><\/p>\n\n\n\n<p>I cookie sono documenti invisibili che vengono attualmente salvati sul tuo disco rigido e consentono al venditore di riconoscere il tuo computer la prossima volta che visiti il sito web. Il venditore utilizza i cookie solo per raccogliere informazioni utilizzate per utilizzare il sito Web e per ottimizzare le proprie attivit\u00e0 pubblicitarie online. <\/p>\n\n\n\n<p>I cookie possono essere suddivisi in due gruppi: base (senza i cookie citati non \u00e8 possibile utilizzare il sito ROPLAST perch\u00e9 non \u00e8 possibile registrarsi, n\u00e9 \u00e8 possibile aggiungere prodotti al carrello) e promozionali (cookie che tracciano l&#8217;utilizzo del sito sito web al fine di migliorare la qualit\u00e0 del servizio).<\/p>\n\n\n\n<p>Puoi definire le impostazioni dei cookie nel tuo browser Internet, tenendo presente che disattivando i cookie di base, il sito ROPLAST non funzioner\u00e0, non sarai in grado di cercare l&#8217;offerta, aggiungere prodotti al carrello, registrarti o effettuare un acquisto. Puoi disattivare i cookie promozionali in qualsiasi momento nel tuo browser Internet. <\/p>\n\n\n\n<p>Maggiori informazioni sui cookie al link: <a href=\"https:\/\/bazzar.hr\/pages\/cookie-policy\">Politica sui cookie<\/a><\/p>\n\n\n\n<p><strong>Sicurezza<\/strong><\/p>\n\n\n\n<p>Il venditore adotta tutte le misure necessarie per garantire la sicurezza dei tuoi dati personali. Le tue informazioni sono protette in ogni momento contro la perdita, la distruzione, la falsificazione, la manipolazione e l&#8217;accesso o la divulgazione non autorizzati. <\/p>\n\n\n\n<p><strong>Cambiamenti<\/strong><\/p>\n\n\n\n<p>La presente informativa sulla privacy pu\u00f2 essere modificata o aggiornata in qualsiasi momento senza preavviso o notifica. Utilizzando il sito web del venditore dopo la modifica o l&#8217;aggiornamento, l&#8217;utente conferma di essere d&#8217;accordo con le modifiche e gli aggiornamenti.<\/p>\n<\/div><\/div>\n","protected":false},"excerpt":{"rendered":"<p>Lo scopo della presente informativa sulla privacy \u00e8 informare i clienti, potenziali clienti o visitatori del sito web https:\/\/roplast.hr sugli scopi e sui fondamenti del trattamento dei dati personali da parte della societ\u00e0 di produzione di serramenti [&hellip;]<\/p>\n","protected":false},"author":1,"featured_media":0,"parent":0,"menu_order":0,"comment_status":"closed","ping_status":"closed","template":"","meta":{"footnotes":""},"class_list":["post-11792","page","type-page","status-publish","hentry"],"yoast_head":"<!-- This site is optimized with the Yoast SEO plugin v25.4 - https:\/\/yoast.com\/wordpress\/plugins\/seo\/ -->\n<title>Politica sulla riservatezza - Roplast<\/title>\n<meta name=\"robots\" content=\"index, follow, max-snippet:-1, max-image-preview:large, max-video-preview:-1\" \/>\n<link rel=\"canonical\" href=\"https:\/\/www.roplast.hr\/it\/politica-sulla-riservatezza\/\" \/>\n<meta property=\"og:locale\" content=\"it_IT\" \/>\n<meta property=\"og:type\" content=\"article\" \/>\n<meta property=\"og:title\" content=\"Politica sulla riservatezza - Roplast\" \/>\n<meta property=\"og:description\" content=\"Lo scopo della presente informativa sulla privacy \u00e8 informare i clienti, potenziali clienti o visitatori del sito web https:\/\/roplast.hr sugli scopi e sui fondamenti del trattamento dei dati personali da parte della societ\u00e0 di produzione di serramenti [&hellip;]\" \/>\n<meta property=\"og:url\" content=\"https:\/\/www.roplast.hr\/it\/politica-sulla-riservatezza\/\" \/>\n<meta property=\"og:site_name\" content=\"Roplast\" \/>\n<meta property=\"article:modified_time\" content=\"2025-01-06T21:18:39+00:00\" \/>\n<meta name=\"twitter:card\" content=\"summary_large_image\" \/>\n<meta name=\"twitter:label1\" content=\"Tempo di lettura stimato\" \/>\n\t<meta name=\"twitter:data1\" content=\"9 minuti\" \/>\n<script type=\"application\/ld+json\" class=\"yoast-schema-graph\">{\"@context\":\"https:\/\/schema.org\",\"@graph\":[{\"@type\":\"WebPage\",\"@id\":\"https:\/\/www.roplast.hr\/it\/politica-sulla-riservatezza\/\",\"url\":\"https:\/\/www.roplast.hr\/it\/politica-sulla-riservatezza\/\",\"name\":\"Politica sulla riservatezza - Roplast\",\"isPartOf\":{\"@id\":\"https:\/\/www.roplast.hr\/it\/#website\"},\"datePublished\":\"2024-06-11T17:26:16+00:00\",\"dateModified\":\"2025-01-06T21:18:39+00:00\",\"breadcrumb\":{\"@id\":\"https:\/\/www.roplast.hr\/it\/politica-sulla-riservatezza\/#breadcrumb\"},\"inLanguage\":\"it-IT\",\"potentialAction\":[{\"@type\":\"ReadAction\",\"target\":[\"https:\/\/www.roplast.hr\/it\/politica-sulla-riservatezza\/\"]}]},{\"@type\":\"BreadcrumbList\",\"@id\":\"https:\/\/www.roplast.hr\/it\/politica-sulla-riservatezza\/#breadcrumb\",\"itemListElement\":[{\"@type\":\"ListItem\",\"position\":1,\"name\":\"Po\u010detna stranica\",\"item\":\"https:\/\/www.roplast.hr\/it\/\"},{\"@type\":\"ListItem\",\"position\":2,\"name\":\"Politica sulla riservatezza\"}]},{\"@type\":\"WebSite\",\"@id\":\"https:\/\/www.roplast.hr\/it\/#website\",\"url\":\"https:\/\/www.roplast.hr\/it\/\",\"name\":\"Roplast\",\"description\":\"Izra\u0111eni za stil, stvoreni za trajnost!\",\"potentialAction\":[{\"@type\":\"SearchAction\",\"target\":{\"@type\":\"EntryPoint\",\"urlTemplate\":\"https:\/\/www.roplast.hr\/it\/?s={search_term_string}\"},\"query-input\":{\"@type\":\"PropertyValueSpecification\",\"valueRequired\":true,\"valueName\":\"search_term_string\"}}],\"inLanguage\":\"it-IT\"}]}<\/script>\n<!-- \/ Yoast SEO plugin. -->","yoast_head_json":{"title":"Politica sulla riservatezza - Roplast","robots":{"index":"index","follow":"follow","max-snippet":"max-snippet:-1","max-image-preview":"max-image-preview:large","max-video-preview":"max-video-preview:-1"},"canonical":"https:\/\/www.roplast.hr\/it\/politica-sulla-riservatezza\/","og_locale":"it_IT","og_type":"article","og_title":"Politica sulla riservatezza - Roplast","og_description":"Lo scopo della presente informativa sulla privacy \u00e8 informare i clienti, potenziali clienti o visitatori del sito web https:\/\/roplast.hr sugli scopi e sui fondamenti del trattamento dei dati personali da parte della societ\u00e0 di produzione di serramenti [&hellip;]","og_url":"https:\/\/www.roplast.hr\/it\/politica-sulla-riservatezza\/","og_site_name":"Roplast","article_modified_time":"2025-01-06T21:18:39+00:00","twitter_card":"summary_large_image","twitter_misc":{"Tempo di lettura stimato":"9 minuti"},"schema":{"@context":"https:\/\/schema.org","@graph":[{"@type":"WebPage","@id":"https:\/\/www.roplast.hr\/it\/politica-sulla-riservatezza\/","url":"https:\/\/www.roplast.hr\/it\/politica-sulla-riservatezza\/","name":"Politica sulla riservatezza - Roplast","isPartOf":{"@id":"https:\/\/www.roplast.hr\/it\/#website"},"datePublished":"2024-06-11T17:26:16+00:00","dateModified":"2025-01-06T21:18:39+00:00","breadcrumb":{"@id":"https:\/\/www.roplast.hr\/it\/politica-sulla-riservatezza\/#breadcrumb"},"inLanguage":"it-IT","potentialAction":[{"@type":"ReadAction","target":["https:\/\/www.roplast.hr\/it\/politica-sulla-riservatezza\/"]}]},{"@type":"BreadcrumbList","@id":"https:\/\/www.roplast.hr\/it\/politica-sulla-riservatezza\/#breadcrumb","itemListElement":[{"@type":"ListItem","position":1,"name":"Po\u010detna stranica","item":"https:\/\/www.roplast.hr\/it\/"},{"@type":"ListItem","position":2,"name":"Politica sulla riservatezza"}]},{"@type":"WebSite","@id":"https:\/\/www.roplast.hr\/it\/#website","url":"https:\/\/www.roplast.hr\/it\/","name":"Roplast","description":"Izra\u0111eni za stil, stvoreni za trajnost!","potentialAction":[{"@type":"SearchAction","target":{"@type":"EntryPoint","urlTemplate":"https:\/\/www.roplast.hr\/it\/?s={search_term_string}"},"query-input":{"@type":"PropertyValueSpecification","valueRequired":true,"valueName":"search_term_string"}}],"inLanguage":"it-IT"}]}},"_links":{"self":[{"href":"https:\/\/www.roplast.hr\/it\/wp-json\/wp\/v2\/pages\/11792","targetHints":{"allow":["GET"]}}],"collection":[{"href":"https:\/\/www.roplast.hr\/it\/wp-json\/wp\/v2\/pages"}],"about":[{"href":"https:\/\/www.roplast.hr\/it\/wp-json\/wp\/v2\/types\/page"}],"author":[{"embeddable":true,"href":"https:\/\/www.roplast.hr\/it\/wp-json\/wp\/v2\/users\/1"}],"replies":[{"embeddable":true,"href":"https:\/\/www.roplast.hr\/it\/wp-json\/wp\/v2\/comments?post=11792"}],"version-history":[{"count":1,"href":"https:\/\/www.roplast.hr\/it\/wp-json\/wp\/v2\/pages\/11792\/revisions"}],"predecessor-version":[{"id":11793,"href":"https:\/\/www.roplast.hr\/it\/wp-json\/wp\/v2\/pages\/11792\/revisions\/11793"}],"wp:attachment":[{"href":"https:\/\/www.roplast.hr\/it\/wp-json\/wp\/v2\/media?parent=11792"}],"curies":[{"name":"wp","href":"https:\/\/api.w.org\/{rel}","templated":true}]}}