{"id":11802,"date":"2024-09-07T05:57:41","date_gmt":"2024-09-07T05:57:41","guid":{"rendered":"https:\/\/www.roplast.hr\/offerta\/sistemi-di-oscuramento\/"},"modified":"2025-01-16T11:25:05","modified_gmt":"2025-01-16T11:25:05","slug":"sistemi-di-oscuramento","status":"publish","type":"page","link":"https:\/\/www.roplast.hr\/it\/offerta\/sistemi-di-oscuramento\/","title":{"rendered":"Sistemi di oscuramento"},"content":{"rendered":"\t\t<div data-elementor-type=\"wp-post\" data-elementor-id=\"11802\" class=\"elementor elementor-11802 elementor-6113\">\n\t\t\t\t<div class=\"elementor-element elementor-element-00a6ef8 e-flex e-con-boxed e-con e-parent\" data-id=\"00a6ef8\" data-element_type=\"container\">\n\t\t\t\t\t<div class=\"e-con-inner\">\n\t\t\t\t<div class=\"elementor-element elementor-element-9c9c54d elementor-widget elementor-widget-text-editor\" data-id=\"9c9c54d\" data-element_type=\"widget\" data-widget_type=\"text-editor.default\">\n\t\t\t\t<div class=\"elementor-widget-container\">\n\t\t\t\t\t\t\t\t\t<p>ROPLAST offre una vasta gamma di sistemi di oscuramento ideali per tutti i tipi di edifici, dalle abitazioni private agli edifici commerciali. L&#8217;offerta include prodotti di alta qualit\u00e0, tra cui tapparelle, veneziane, persiane e altri sistemi innovativi, che offrono una protezione perfetta contro il sole e garantiscono la privacy. I modelli variegati consentono di adattarsi alle diverse esigenze e preferenze estetiche, mentre il design moderno garantisce durabilit\u00e0 e funzionalit\u00e0. Indipendentemente dal tipo di edificio, ROPLAST garantisce soluzioni che soddisfano i pi\u00f9 alti standard di qualit\u00e0 ed estetica.   <\/p>\n\t\t\t\t\t\t\t\t<\/div>\n\t\t\t\t<\/div>\n\t\t\t\t\t<\/div>\n\t\t\t\t<\/div>\n\t\t<div class=\"elementor-element elementor-element-e8ed6fd e-flex e-con-boxed e-con e-parent\" data-id=\"e8ed6fd\" data-element_type=\"container\">\n\t\t\t\t\t<div class=\"e-con-inner\">\n\t\t<div class=\"elementor-element elementor-element-85ff68c e-con-full e-flex e-con e-child\" data-id=\"85ff68c\" data-element_type=\"container\">\n\t\t\t\t<div class=\"elementor-element elementor-element-3fb2de5 banner_content_hover2 elementor-widget elementor-widget-lastudio-banner\" data-id=\"3fb2de5\" data-element_type=\"widget\" data-widget_type=\"lastudio-banner.default\">\n\t\t\t\t<div class=\"elementor-widget-container\">\n\t\t\t\t\t<figure class=\"lastudio-banner la-lazyload-image lastudio-effect-none image-custom-height\" data-background-image=\"https:\/\/www.roplast.hr\/wp-content\/uploads\/2024\/10\/JPG.jpg\"><div class=\"lastudio-banner__overlay\"><\/div><img loading=\"lazy\" decoding=\"async\" src=\"data:image\/gif;base64,R0lGODlhAQABAIAAAP\/\/\/wAAACH5BAEAAAAALAAAAAABAAEAAAICRAEAOw==\" data-src=\"https:\/\/www.roplast.hr\/wp-content\/uploads\/2024\/10\/JPG.jpg\" alt=\"\" loading=\"lazy\" class=\"la-lazyload-image lastudio-banner__img\" width=\"918\" height=\"1224\" srcset=\"data:image\/gif;base64,R0lGODlhAQABAIAAAP\/\/\/wAAACH5BAEAAAAALAAAAAABAAEAAAICRAEAOw==\"><figcaption class=\"lastudio-banner__content\"><div class=\"lastudio-banner__content-wrap\"><h5 class=\"lastudio-banner__title\">GRIGLIE<\/h5><\/div><a href=\"https:\/\/www.roplast.hr\/it\/offerta\/sistemi-di-oscuramento\/griglie\/\" class=\"lastudio-banner__link\"><span class=\"hidden\">GRIGLIE<\/span><\/a><\/figcaption><\/figure>\t\t\t\t<\/div>\n\t\t\t\t<\/div>\n\t\t\t\t<div class=\"elementor-element elementor-element-4084061 banner_content_hover2 elementor-widget elementor-widget-lastudio-banner\" data-id=\"4084061\" data-element_type=\"widget\" data-widget_type=\"lastudio-banner.default\">\n\t\t\t\t<div class=\"elementor-widget-container\">\n\t\t\t\t\t<figure class=\"lastudio-banner la-lazyload-image lastudio-effect-none image-custom-height\" data-background-image=\"https:\/\/www.roplast.hr\/wp-content\/uploads\/2024\/09\/screen-1_640x960.jpg\"><div class=\"lastudio-banner__overlay\"><\/div><img loading=\"lazy\" decoding=\"async\" src=\"data:image\/gif;base64,R0lGODlhAQABAIAAAP\/\/\/wAAACH5BAEAAAAALAAAAAABAAEAAAICRAEAOw==\" data-src=\"https:\/\/www.roplast.hr\/wp-content\/uploads\/2024\/09\/screen-1_640x960.jpg\" alt=\"\" loading=\"lazy\" class=\"la-lazyload-image lastudio-banner__img\" width=\"640\" height=\"960\" srcset=\"data:image\/gif;base64,R0lGODlhAQABAIAAAP\/\/\/wAAACH5BAEAAAAALAAAAAABAAEAAAICRAEAOw==\"><figcaption class=\"lastudio-banner__content\"><div class=\"lastudio-banner__content-wrap\"><h5 class=\"lastudio-banner__title\">SCREEN SHADES<\/h5><\/div><a href=\"https:\/\/www.roplast.hr\/it\/offerta\/sistemi-di-oscuramento\/screen-shades\/\" class=\"lastudio-banner__link\"><span class=\"hidden\">SCREEN SHADES<\/span><\/a><\/figcaption><\/figure>\t\t\t\t<\/div>\n\t\t\t\t<\/div>\n\t\t\t\t<\/div>\n\t\t<div class=\"elementor-element elementor-element-a1a2a7b e-con-full e-flex e-con e-child\" data-id=\"a1a2a7b\" data-element_type=\"container\" data-settings=\"{&quot;background_background&quot;:&quot;classic&quot;}\">\n\t\t\t\t<div class=\"elementor-element elementor-element-5ffb6e0 banner_content_hover2 elementor-widget elementor-widget-lastudio-banner\" data-id=\"5ffb6e0\" data-element_type=\"widget\" data-widget_type=\"lastudio-banner.default\">\n\t\t\t\t<div class=\"elementor-widget-container\">\n\t\t\t\t\t<figure class=\"lastudio-banner la-lazyload-image lastudio-effect-none image-custom-height\" data-background-image=\"https:\/\/www.roplast.hr\/wp-content\/uploads\/2024\/10\/t34-4.jpg\"><div class=\"lastudio-banner__overlay\"><\/div><img loading=\"lazy\" decoding=\"async\" src=\"data:image\/gif;base64,R0lGODlhAQABAIAAAP\/\/\/wAAACH5BAEAAAAALAAAAAABAAEAAAICRAEAOw==\" data-src=\"https:\/\/www.roplast.hr\/wp-content\/uploads\/2024\/10\/t34-4.jpg\" alt=\"\" loading=\"lazy\" class=\"la-lazyload-image lastudio-banner__img\" width=\"1780\" height=\"1000\" srcset=\"data:image\/gif;base64,R0lGODlhAQABAIAAAP\/\/\/wAAACH5BAEAAAAALAAAAAABAAEAAAICRAEAOw==\"><figcaption class=\"lastudio-banner__content\"><div class=\"lastudio-banner__content-wrap\"><h5 class=\"lastudio-banner__title\">SERRANDE<\/h5><\/div><a href=\"https:\/\/www.roplast.hr\/it\/offerta\/sistemi-di-oscuramento\/serrande\/\" class=\"lastudio-banner__link\"><span class=\"hidden\">SERRANDE<\/span><\/a><\/figcaption><\/figure>\t\t\t\t<\/div>\n\t\t\t\t<\/div>\n\t\t\t\t<div class=\"elementor-element elementor-element-131483a banner_content_hover2 elementor-widget elementor-widget-lastudio-banner\" data-id=\"131483a\" data-element_type=\"widget\" data-widget_type=\"lastudio-banner.default\">\n\t\t\t\t<div class=\"elementor-widget-container\">\n\t\t\t\t\t<figure class=\"lastudio-banner la-lazyload-image lastudio-effect-none image-custom-height\" data-background-image=\"https:\/\/www.roplast.hr\/wp-content\/uploads\/2024\/10\/BRISOLEJI-2.jpg\"><div class=\"lastudio-banner__overlay\"><\/div><img loading=\"lazy\" decoding=\"async\" src=\"data:image\/gif;base64,R0lGODlhAQABAIAAAP\/\/\/wAAACH5BAEAAAAALAAAAAABAAEAAAICRAEAOw==\" data-src=\"https:\/\/www.roplast.hr\/wp-content\/uploads\/2024\/10\/BRISOLEJI-2.jpg\" alt=\"\" loading=\"lazy\" class=\"la-lazyload-image lastudio-banner__img\" width=\"1024\" height=\"683\" srcset=\"data:image\/gif;base64,R0lGODlhAQABAIAAAP\/\/\/wAAACH5BAEAAAAALAAAAAABAAEAAAICRAEAOw==\"><figcaption class=\"lastudio-banner__content\"><div class=\"lastudio-banner__content-wrap\"><h5 class=\"lastudio-banner__title\">BRISE SOLEIL<\/h5><\/div><a href=\"https:\/\/www.roplast.hr\/it\/offerta\/sistemi-di-oscuramento\/brise-soleil\/\" class=\"lastudio-banner__link\"><span class=\"hidden\">BRISE SOLEIL<\/span><\/a><\/figcaption><\/figure>\t\t\t\t<\/div>\n\t\t\t\t<\/div>\n\t\t\t\t<\/div>\n\t\t<div class=\"elementor-element elementor-element-75f8e90 e-con-full e-flex e-con e-child\" data-id=\"75f8e90\" data-element_type=\"container\">\n\t\t\t\t<div class=\"elementor-element elementor-element-44ff4a4 banner_content_hover2 elementor-widget elementor-widget-lastudio-banner\" data-id=\"44ff4a4\" data-element_type=\"widget\" data-widget_type=\"lastudio-banner.default\">\n\t\t\t\t<div class=\"elementor-widget-container\">\n\t\t\t\t\t<figure class=\"lastudio-banner la-lazyload-image lastudio-effect-none image-custom-height\" data-background-image=\"https:\/\/www.roplast.hr\/wp-content\/uploads\/2024\/10\/DECEUNINCK-podzbukni-render-SA-POZADINOM-1-1.png\"><div class=\"lastudio-banner__overlay\"><\/div><img loading=\"lazy\" decoding=\"async\" src=\"data:image\/gif;base64,R0lGODlhAQABAIAAAP\/\/\/wAAACH5BAEAAAAALAAAAAABAAEAAAICRAEAOw==\" data-src=\"https:\/\/www.roplast.hr\/wp-content\/uploads\/2024\/10\/DECEUNINCK-podzbukni-render-SA-POZADINOM-1-1.png\" alt=\"\" loading=\"lazy\" class=\"la-lazyload-image lastudio-banner__img\" width=\"600\" height=\"800\" srcset=\"data:image\/gif;base64,R0lGODlhAQABAIAAAP\/\/\/wAAACH5BAEAAAAALAAAAAABAAEAAAICRAEAOw==\"><figcaption class=\"lastudio-banner__content\"><div class=\"lastudio-banner__content-wrap\"><h5 class=\"lastudio-banner__title\">PERSIANE<\/h5><\/div><a href=\"https:\/\/www.roplast.hr\/it\/offerta\/sistemi-di-oscuramento\/persiane-2\/\" class=\"lastudio-banner__link\"><span class=\"hidden\">PERSIANE<\/span><\/a><\/figcaption><\/figure>\t\t\t\t<\/div>\n\t\t\t\t<\/div>\n\t\t\t\t<div class=\"elementor-element elementor-element-e52d8d9 banner_content_hover2 elementor-widget elementor-widget-lastudio-banner\" data-id=\"e52d8d9\" data-element_type=\"widget\" data-widget_type=\"lastudio-banner.default\">\n\t\t\t\t<div class=\"elementor-widget-container\">\n\t\t\t\t\t<figure class=\"lastudio-banner la-lazyload-image lastudio-effect-none image-custom-height\" data-background-image=\"https:\/\/www.roplast.hr\/wp-content\/uploads\/2024\/10\/VENECIJANER-3.jpg\"><div class=\"lastudio-banner__overlay\"><\/div><img loading=\"lazy\" decoding=\"async\" src=\"data:image\/gif;base64,R0lGODlhAQABAIAAAP\/\/\/wAAACH5BAEAAAAALAAAAAABAAEAAAICRAEAOw==\" data-src=\"https:\/\/www.roplast.hr\/wp-content\/uploads\/2024\/10\/VENECIJANER-3.jpg\" alt=\"\" loading=\"lazy\" class=\"la-lazyload-image lastudio-banner__img\" width=\"2048\" height=\"1236\" srcset=\"data:image\/gif;base64,R0lGODlhAQABAIAAAP\/\/\/wAAACH5BAEAAAAALAAAAAABAAEAAAICRAEAOw==\"><figcaption class=\"lastudio-banner__content\"><div class=\"lastudio-banner__content-wrap\"><h5 class=\"lastudio-banner__title\">LE VENEZIANE<\/h5><\/div><a href=\"https:\/\/www.roplast.hr\/it\/offerta\/sistemi-di-oscuramento\/le-veneziane-2\/\" class=\"lastudio-banner__link\"><span class=\"hidden\">LE VENEZIANE<\/span><\/a><\/figcaption><\/figure>\t\t\t\t<\/div>\n\t\t\t\t<\/div>\n\t\t\t\t<\/div>\n\t\t<div class=\"elementor-element elementor-element-12565f6 e-con-full e-flex e-con e-child\" data-id=\"12565f6\" data-element_type=\"container\">\n\t\t\t\t<div class=\"elementor-element elementor-element-6f2b036 banner_content_hover2 elementor-widget elementor-widget-lastudio-banner\" data-id=\"6f2b036\" data-element_type=\"widget\" data-widget_type=\"lastudio-banner.default\">\n\t\t\t\t<div class=\"elementor-widget-container\">\n\t\t\t\t\t<figure class=\"lastudio-banner la-lazyload-image lastudio-effect-none image-custom-height\" data-background-image=\"https:\/\/www.roplast.hr\/wp-content\/uploads\/2024\/10\/1.jpg\"><div class=\"lastudio-banner__overlay\"><\/div><img loading=\"lazy\" decoding=\"async\" src=\"data:image\/gif;base64,R0lGODlhAQABAIAAAP\/\/\/wAAACH5BAEAAAAALAAAAAABAAEAAAICRAEAOw==\" data-src=\"https:\/\/www.roplast.hr\/wp-content\/uploads\/2024\/10\/1.jpg\" alt=\"\" loading=\"lazy\" class=\"la-lazyload-image lastudio-banner__img\" width=\"600\" height=\"400\" srcset=\"data:image\/gif;base64,R0lGODlhAQABAIAAAP\/\/\/wAAACH5BAEAAAAALAAAAAABAAEAAAICRAEAOw==\"><figcaption class=\"lastudio-banner__content\"><div class=\"lastudio-banner__content-wrap\"><h5 class=\"lastudio-banner__title\">PERSIANE<\/h5><\/div><a href=\"https:\/\/www.roplast.hr\/it\/offerta\/sistemi-di-oscuramento\/persiane-3\/\" class=\"lastudio-banner__link\"><span class=\"hidden\">PERSIANE<\/span><\/a><\/figcaption><\/figure>\t\t\t\t<\/div>\n\t\t\t\t<\/div>\n\t\t\t\t<\/div>\n\t\t\t\t\t<\/div>\n\t\t\t\t<\/div>\n\t\t\t\t<\/div>\n\t\t","protected":false},"excerpt":{"rendered":"<p>ROPLAST offre una vasta gamma di sistemi di oscuramento ideali per tutti i tipi di edifici, dalle abitazioni private agli edifici commerciali. L&#8217;offerta include prodotti di alta qualit\u00e0, tra cui tapparelle, veneziane, persiane e altri sistemi innovativi, [&hellip;]<\/p>\n","protected":false},"author":1,"featured_media":0,"parent":11663,"menu_order":0,"comment_status":"closed","ping_status":"closed","template":"","meta":{"footnotes":""},"class_list":["post-11802","page","type-page","status-publish","hentry"],"yoast_head":"<!-- This site is optimized with the Yoast SEO plugin v25.4 - https:\/\/yoast.com\/wordpress\/plugins\/seo\/ -->\n<title>Sistemi di oscuramento - Roplast<\/title>\n<meta name=\"robots\" content=\"index, follow, max-snippet:-1, max-image-preview:large, max-video-preview:-1\" \/>\n<link rel=\"canonical\" href=\"https:\/\/www.roplast.hr\/it\/offerta\/sistemi-di-oscuramento\/\" \/>\n<meta property=\"og:locale\" content=\"it_IT\" \/>\n<meta property=\"og:type\" content=\"article\" \/>\n<meta property=\"og:title\" content=\"Sistemi di oscuramento - Roplast\" \/>\n<meta property=\"og:description\" content=\"ROPLAST offre una vasta gamma di sistemi di oscuramento ideali per tutti i tipi di edifici, dalle abitazioni private agli edifici commerciali. L&#8217;offerta include prodotti di alta qualit\u00e0, tra cui tapparelle, veneziane, persiane e altri sistemi innovativi, [&hellip;]\" \/>\n<meta property=\"og:url\" content=\"https:\/\/www.roplast.hr\/it\/offerta\/sistemi-di-oscuramento\/\" \/>\n<meta property=\"og:site_name\" content=\"Roplast\" \/>\n<meta property=\"article:modified_time\" content=\"2025-01-16T11:25:05+00:00\" \/>\n<meta name=\"twitter:card\" content=\"summary_large_image\" \/>\n<meta name=\"twitter:label1\" content=\"Tempo di lettura stimato\" \/>\n\t<meta name=\"twitter:data1\" content=\"2 minuti\" \/>\n<script type=\"application\/ld+json\" class=\"yoast-schema-graph\">{\"@context\":\"https:\/\/schema.org\",\"@graph\":[{\"@type\":\"WebPage\",\"@id\":\"https:\/\/www.roplast.hr\/it\/offerta\/sistemi-di-oscuramento\/\",\"url\":\"https:\/\/www.roplast.hr\/it\/offerta\/sistemi-di-oscuramento\/\",\"name\":\"Sistemi di oscuramento - Roplast\",\"isPartOf\":{\"@id\":\"https:\/\/www.roplast.hr\/it\/#website\"},\"datePublished\":\"2024-09-07T05:57:41+00:00\",\"dateModified\":\"2025-01-16T11:25:05+00:00\",\"breadcrumb\":{\"@id\":\"https:\/\/www.roplast.hr\/it\/offerta\/sistemi-di-oscuramento\/#breadcrumb\"},\"inLanguage\":\"it-IT\",\"potentialAction\":[{\"@type\":\"ReadAction\",\"target\":[\"https:\/\/www.roplast.hr\/it\/offerta\/sistemi-di-oscuramento\/\"]}]},{\"@type\":\"BreadcrumbList\",\"@id\":\"https:\/\/www.roplast.hr\/it\/offerta\/sistemi-di-oscuramento\/#breadcrumb\",\"itemListElement\":[{\"@type\":\"ListItem\",\"position\":1,\"name\":\"Po\u010detna stranica\",\"item\":\"https:\/\/www.roplast.hr\/it\/\"},{\"@type\":\"ListItem\",\"position\":2,\"name\":\"Offerta\",\"item\":\"https:\/\/www.roplast.hr\/it\/offerta\/\"},{\"@type\":\"ListItem\",\"position\":3,\"name\":\"Sistemi di oscuramento\"}]},{\"@type\":\"WebSite\",\"@id\":\"https:\/\/www.roplast.hr\/it\/#website\",\"url\":\"https:\/\/www.roplast.hr\/it\/\",\"name\":\"Roplast\",\"description\":\"Izra\u0111eni za stil, stvoreni za trajnost!\",\"potentialAction\":[{\"@type\":\"SearchAction\",\"target\":{\"@type\":\"EntryPoint\",\"urlTemplate\":\"https:\/\/www.roplast.hr\/it\/?s={search_term_string}\"},\"query-input\":{\"@type\":\"PropertyValueSpecification\",\"valueRequired\":true,\"valueName\":\"search_term_string\"}}],\"inLanguage\":\"it-IT\"}]}<\/script>\n<!-- \/ Yoast SEO plugin. -->","yoast_head_json":{"title":"Sistemi di oscuramento - Roplast","robots":{"index":"index","follow":"follow","max-snippet":"max-snippet:-1","max-image-preview":"max-image-preview:large","max-video-preview":"max-video-preview:-1"},"canonical":"https:\/\/www.roplast.hr\/it\/offerta\/sistemi-di-oscuramento\/","og_locale":"it_IT","og_type":"article","og_title":"Sistemi di oscuramento - Roplast","og_description":"ROPLAST offre una vasta gamma di sistemi di oscuramento ideali per tutti i tipi di edifici, dalle abitazioni private agli edifici commerciali. L&#8217;offerta include prodotti di alta qualit\u00e0, tra cui tapparelle, veneziane, persiane e altri sistemi innovativi, [&hellip;]","og_url":"https:\/\/www.roplast.hr\/it\/offerta\/sistemi-di-oscuramento\/","og_site_name":"Roplast","article_modified_time":"2025-01-16T11:25:05+00:00","twitter_card":"summary_large_image","twitter_misc":{"Tempo di lettura stimato":"2 minuti"},"schema":{"@context":"https:\/\/schema.org","@graph":[{"@type":"WebPage","@id":"https:\/\/www.roplast.hr\/it\/offerta\/sistemi-di-oscuramento\/","url":"https:\/\/www.roplast.hr\/it\/offerta\/sistemi-di-oscuramento\/","name":"Sistemi di oscuramento - Roplast","isPartOf":{"@id":"https:\/\/www.roplast.hr\/it\/#website"},"datePublished":"2024-09-07T05:57:41+00:00","dateModified":"2025-01-16T11:25:05+00:00","breadcrumb":{"@id":"https:\/\/www.roplast.hr\/it\/offerta\/sistemi-di-oscuramento\/#breadcrumb"},"inLanguage":"it-IT","potentialAction":[{"@type":"ReadAction","target":["https:\/\/www.roplast.hr\/it\/offerta\/sistemi-di-oscuramento\/"]}]},{"@type":"BreadcrumbList","@id":"https:\/\/www.roplast.hr\/it\/offerta\/sistemi-di-oscuramento\/#breadcrumb","itemListElement":[{"@type":"ListItem","position":1,"name":"Po\u010detna stranica","item":"https:\/\/www.roplast.hr\/it\/"},{"@type":"ListItem","position":2,"name":"Offerta","item":"https:\/\/www.roplast.hr\/it\/offerta\/"},{"@type":"ListItem","position":3,"name":"Sistemi di oscuramento"}]},{"@type":"WebSite","@id":"https:\/\/www.roplast.hr\/it\/#website","url":"https:\/\/www.roplast.hr\/it\/","name":"Roplast","description":"Izra\u0111eni za stil, stvoreni za trajnost!","potentialAction":[{"@type":"SearchAction","target":{"@type":"EntryPoint","urlTemplate":"https:\/\/www.roplast.hr\/it\/?s={search_term_string}"},"query-input":{"@type":"PropertyValueSpecification","valueRequired":true,"valueName":"search_term_string"}}],"inLanguage":"it-IT"}]}},"_links":{"self":[{"href":"https:\/\/www.roplast.hr\/it\/wp-json\/wp\/v2\/pages\/11802","targetHints":{"allow":["GET"]}}],"collection":[{"href":"https:\/\/www.roplast.hr\/it\/wp-json\/wp\/v2\/pages"}],"about":[{"href":"https:\/\/www.roplast.hr\/it\/wp-json\/wp\/v2\/types\/page"}],"author":[{"embeddable":true,"href":"https:\/\/www.roplast.hr\/it\/wp-json\/wp\/v2\/users\/1"}],"replies":[{"embeddable":true,"href":"https:\/\/www.roplast.hr\/it\/wp-json\/wp\/v2\/comments?post=11802"}],"version-history":[{"count":28,"href":"https:\/\/www.roplast.hr\/it\/wp-json\/wp\/v2\/pages\/11802\/revisions"}],"predecessor-version":[{"id":12527,"href":"https:\/\/www.roplast.hr\/it\/wp-json\/wp\/v2\/pages\/11802\/revisions\/12527"}],"up":[{"embeddable":true,"href":"https:\/\/www.roplast.hr\/it\/wp-json\/wp\/v2\/pages\/11663"}],"wp:attachment":[{"href":"https:\/\/www.roplast.hr\/it\/wp-json\/wp\/v2\/media?parent=11802"}],"curies":[{"name":"wp","href":"https:\/\/api.w.org\/{rel}","templated":true}]}}