{"id":11806,"date":"2024-10-15T18:57:06","date_gmt":"2024-10-15T18:57:06","guid":{"rendered":"https:\/\/www.roplast.hr\/offerta\/sistemi-di-oscuramento\/persiane\/griglia-facciata-in-alluminio\/"},"modified":"2025-01-08T12:13:19","modified_gmt":"2025-01-08T12:13:19","slug":"griglia-facciata-in-alluminio","status":"publish","type":"page","link":"https:\/\/www.roplast.hr\/it\/offerta\/sistemi-di-oscuramento\/griglie\/griglia-facciata-in-alluminio\/","title":{"rendered":"Griglia facciata in alluminio"},"content":{"rendered":"\t\t<div data-elementor-type=\"wp-post\" data-elementor-id=\"11806\" class=\"elementor elementor-11806 elementor-8660\">\n\t\t\t\t<div class=\"elementor-element elementor-element-00a6ef8 e-flex e-con-boxed e-con e-parent\" data-id=\"00a6ef8\" data-element_type=\"container\">\n\t\t\t\t\t<div class=\"e-con-inner\">\n\t\t\t\t<div class=\"elementor-element elementor-element-9c9c54d elementor-widget elementor-widget-text-editor\" data-id=\"9c9c54d\" data-element_type=\"widget\" data-widget_type=\"text-editor.default\">\n\t\t\t\t<div class=\"elementor-widget-container\">\n\t\t\t\t\t\t\t\t\t<p>Le persiane, come uno dei sistemi di oscuramento, offrono numerosi vantaggi. Sono resistenti a tutte le condizioni atmosferiche, hanno un design moderno, sono stabili e facili da maneggiare e, oltre a fornire oscuramento, svolgono anche un&#8217;importante funzione estetica e di protezione contro le effrazioni nella vostra casa. Le persiane sono una parte esterna degli infissi, quindi sono esposte a numerosi agenti esterni. Proteggono la vostra casa da neve, sole, ghiaccio, vento, freddo e pioggia, motivo per cui la realizzazione delle persiane \u00e8 fondamentale per soddisfare pienamente le loro funzioni.   <\/p>\n\t\t\t\t\t\t\t\t<\/div>\n\t\t\t\t<\/div>\n\t\t\t\t\t<\/div>\n\t\t\t\t<\/div>\n\t\t<div class=\"elementor-element elementor-element-7b7d02e e-flex e-con-boxed e-con e-parent\" data-id=\"7b7d02e\" data-element_type=\"container\">\n\t\t\t\t\t<div class=\"e-con-inner\">\n\t\t<div class=\"elementor-element elementor-element-224fc19 e-con-full e-flex e-con e-child\" data-id=\"224fc19\" data-element_type=\"container\">\n\t\t\t\t<div class=\"elementor-element elementor-element-8fdcb77 elementor-widget elementor-widget-image\" data-id=\"8fdcb77\" data-element_type=\"widget\" data-widget_type=\"image.default\">\n\t\t\t\t<div class=\"elementor-widget-container\">\n\t\t\t\t\t\t\t\t\t\t\t\t\t\t\t<img fetchpriority=\"high\" decoding=\"async\" width=\"800\" height=\"964\" src=\"https:\/\/www.roplast.hr\/wp-content\/uploads\/2024\/10\/ALU-GRILJE-1.jpg\" class=\"attachment-large size-large wp-image-8665\" alt=\"\" srcset=\"https:\/\/www.roplast.hr\/wp-content\/uploads\/2024\/10\/ALU-GRILJE-1.jpg 800w, https:\/\/www.roplast.hr\/wp-content\/uploads\/2024\/10\/ALU-GRILJE-1-249x300.jpg 249w, https:\/\/www.roplast.hr\/wp-content\/uploads\/2024\/10\/ALU-GRILJE-1-768x925.jpg 768w\" sizes=\"(max-width: 800px) 100vw, 800px\" \/>\t\t\t\t\t\t\t\t\t\t\t\t\t\t\t<\/div>\n\t\t\t\t<\/div>\n\t\t\t\t<div class=\"elementor-element elementor-element-481ef3e elementor-widget elementor-widget-image\" data-id=\"481ef3e\" data-element_type=\"widget\" data-widget_type=\"image.default\">\n\t\t\t\t<div class=\"elementor-widget-container\">\n\t\t\t\t\t\t\t\t\t\t\t\t\t\t\t<img decoding=\"async\" width=\"1024\" height=\"768\" src=\"https:\/\/www.roplast.hr\/wp-content\/uploads\/2024\/10\/ALU-GRILJE-22.jpg\" class=\"attachment-large size-large wp-image-8677\" alt=\"\" srcset=\"https:\/\/www.roplast.hr\/wp-content\/uploads\/2024\/10\/ALU-GRILJE-22.jpg 1024w, https:\/\/www.roplast.hr\/wp-content\/uploads\/2024\/10\/ALU-GRILJE-22-300x225.jpg 300w, https:\/\/www.roplast.hr\/wp-content\/uploads\/2024\/10\/ALU-GRILJE-22-768x576.jpg 768w\" sizes=\"(max-width: 1024px) 100vw, 1024px\" \/>\t\t\t\t\t\t\t\t\t\t\t\t\t\t\t<\/div>\n\t\t\t\t<\/div>\n\t\t\t\t<div class=\"elementor-element elementor-element-d6a27f2 elementor-widget elementor-widget-image\" data-id=\"d6a27f2\" data-element_type=\"widget\" data-widget_type=\"image.default\">\n\t\t\t\t<div class=\"elementor-widget-container\">\n\t\t\t\t\t\t\t\t\t\t\t\t\t\t\t<img decoding=\"async\" width=\"1024\" height=\"576\" src=\"https:\/\/www.roplast.hr\/wp-content\/uploads\/2024\/10\/PREKLOPNE-GRILJE-1024x576.jpg\" class=\"attachment-large size-large wp-image-8685\" alt=\"\" srcset=\"https:\/\/www.roplast.hr\/wp-content\/uploads\/2024\/10\/PREKLOPNE-GRILJE-1024x576.jpg 1024w, https:\/\/www.roplast.hr\/wp-content\/uploads\/2024\/10\/PREKLOPNE-GRILJE-300x169.jpg 300w, https:\/\/www.roplast.hr\/wp-content\/uploads\/2024\/10\/PREKLOPNE-GRILJE-768x432.jpg 768w, https:\/\/www.roplast.hr\/wp-content\/uploads\/2024\/10\/PREKLOPNE-GRILJE-1536x864.jpg 1536w, https:\/\/www.roplast.hr\/wp-content\/uploads\/2024\/10\/PREKLOPNE-GRILJE.jpg 2048w\" sizes=\"(max-width: 1024px) 100vw, 1024px\" \/>\t\t\t\t\t\t\t\t\t\t\t\t\t\t\t<\/div>\n\t\t\t\t<\/div>\n\t\t\t\t<\/div>\n\t\t<div class=\"elementor-element elementor-element-6ad4b86 e-con-full e-flex e-con e-child\" data-id=\"6ad4b86\" data-element_type=\"container\">\n\t\t\t\t<div class=\"elementor-element elementor-element-424b1e0 elementor-widget elementor-widget-heading\" data-id=\"424b1e0\" data-element_type=\"widget\" data-widget_type=\"heading.default\">\n\t\t\t\t<div class=\"elementor-widget-container\">\n\t\t\t\t\t<h2 class=\"elementor-heading-title elementor-size-default\">Griglia facciata in alluminio<\/h2>\t\t\t\t<\/div>\n\t\t\t\t<\/div>\n\t\t\t\t<div class=\"elementor-element elementor-element-f51bdaa elementor-widget elementor-widget-text-editor\" data-id=\"f51bdaa\" data-element_type=\"widget\" data-widget_type=\"text-editor.default\">\n\t\t\t\t<div class=\"elementor-widget-container\">\n\t\t\t\t\t\t\t\t\t<p>La nostra persiana in alluminio ROPLAST \u00e8 progettata per soddisfare molteplici esigenze estetiche e funzionali, in conformit\u00e0 con le tradizionali costruzioni applicate in alcune aree. La persiana pu\u00f2 essere realizzata come a un&#8217;anta, a due ante o con pi\u00f9 ante, ed \u00e8 adatta sia per la ristrutturazione di edifici storici che per nuovi edifici. La persiana in alluminio per facciata rappresenta un modello le cui linee rette si adattano perfettamente a vari stili architettonici. <span style=\"color: var( --e-global-color-secondary ); text-align: var(--text-align); background-color: var( --e-global-color-4e190ba );\"><strong>Questo modello di persiana viene installato sul bordo della facciata insieme al telaio della facciata.<\/strong><\/span> <\/p>\n\t\t\t\t\t\t\t\t<\/div>\n\t\t\t\t<\/div>\n\t\t\t\t<div class=\"elementor-element elementor-element-03970e2 elementor-tabs-view-horizontal elementor-widget elementor-widget-tabs\" data-id=\"03970e2\" data-element_type=\"widget\" data-widget_type=\"tabs.default\">\n\t\t\t\t<div class=\"elementor-widget-container\">\n\t\t\t\t\t\t\t<div class=\"elementor-tabs\">\n\t\t\t<div class=\"elementor-tabs-wrapper\" role=\"tablist\" >\n\t\t\t\t\t\t\t\t\t<div id=\"elementor-tab-title-3761\" class=\"elementor-tab-title elementor-tab-desktop-title\" aria-selected=\"true\" data-tab=\"1\" role=\"tab\" tabindex=\"0\" aria-controls=\"elementor-tab-content-3761\" aria-expanded=\"false\">Descrizione<\/div>\n\t\t\t\t\t\t\t\t\t<div id=\"elementor-tab-title-3762\" class=\"elementor-tab-title elementor-tab-desktop-title\" aria-selected=\"false\" data-tab=\"2\" role=\"tab\" tabindex=\"-1\" aria-controls=\"elementor-tab-content-3762\" aria-expanded=\"false\">Vantaggi:<\/div>\n\t\t\t\t\t\t\t\t\t<div id=\"elementor-tab-title-3763\" class=\"elementor-tab-title elementor-tab-desktop-title\" aria-selected=\"false\" data-tab=\"3\" role=\"tab\" tabindex=\"-1\" aria-controls=\"elementor-tab-content-3763\" aria-expanded=\"false\">Foto<\/div>\n\t\t\t\t\t\t\t<\/div>\n\t\t\t<div class=\"elementor-tabs-content-wrapper\" role=\"tablist\" aria-orientation=\"vertical\">\n\t\t\t\t\t\t\t\t\t<div class=\"elementor-tab-title elementor-tab-mobile-title\" aria-selected=\"true\" data-tab=\"1\" role=\"tab\" tabindex=\"0\" aria-controls=\"elementor-tab-content-3761\" aria-expanded=\"false\">Descrizione<\/div>\n\t\t\t\t\t<div id=\"elementor-tab-content-3761\" class=\"elementor-tab-content elementor-clearfix\" data-tab=\"1\" role=\"tabpanel\" aria-labelledby=\"elementor-tab-title-3761\" tabindex=\"0\" hidden=\"false\"><p>Esistono due tipi di persiane:<\/p>\n<ul>\n<li>Con lamelle mobili &#8211; consentono di regolare l&#8217;ingresso della luce nell&#8217;ambiente tramite l&#8217;apertura e la chiusura delle stesse<\/li>\n<li>Con lamelle fisse\n<\/li>\n<\/ul>\n<p>Nella nostra offerta puoi trovare persiane in alluminio nelle seguenti versioni:<\/p>\n<ul>\n<li>Persiane a lamelle orientabili<\/li>\n<li>Persiane a lamelle pieghevoli<\/li>\n<\/ul>\n<\/div>\n\t\t\t\t\t\t\t\t\t<div class=\"elementor-tab-title elementor-tab-mobile-title\" aria-selected=\"false\" data-tab=\"2\" role=\"tab\" tabindex=\"-1\" aria-controls=\"elementor-tab-content-3762\" aria-expanded=\"false\">Vantaggi:<\/div>\n\t\t\t\t\t<div id=\"elementor-tab-content-3762\" class=\"elementor-tab-content elementor-clearfix\" data-tab=\"2\" role=\"tabpanel\" aria-labelledby=\"elementor-tab-title-3762\" tabindex=\"0\" hidden=\"hidden\"><p>Le persiane, come uno dei sistemi di oscuramento, offrono numerosi vantaggi:<\/p>\n<ul>\n<li>Sono resistenti a tutte le condizioni climatiche<\/li>\n<li>Hanno un design moderno<\/li>\n<li>Sono stabili e facili da maneggiare.<\/li>\n<li>Oltre a fornire oscuramento, svolgono un importante ruolo estetico e offrono protezione contro le effrazioni nella tua casa.<\/li>\n<\/ul>\n<\/div>\n\t\t\t\t\t\t\t\t\t<div class=\"elementor-tab-title elementor-tab-mobile-title\" aria-selected=\"false\" data-tab=\"3\" role=\"tab\" tabindex=\"-1\" aria-controls=\"elementor-tab-content-3763\" aria-expanded=\"false\">Foto<\/div>\n\t\t\t\t\t<div id=\"elementor-tab-content-3763\" class=\"elementor-tab-content elementor-clearfix\" data-tab=\"3\" role=\"tabpanel\" aria-labelledby=\"elementor-tab-title-3763\" tabindex=\"0\" hidden=\"hidden\">\n\t\t<style type=\"text\/css\">\n\t\t\t#gallery-1 {\n\t\t\t\tmargin: auto;\n\t\t\t}\n\t\t\t#gallery-1 .gallery-item {\n\t\t\t\tfloat: left;\n\t\t\t\tmargin-top: 10px;\n\t\t\t\ttext-align: center;\n\t\t\t\twidth: 33%;\n\t\t\t}\n\t\t\t#gallery-1 img {\n\t\t\t\tborder: 2px solid #cfcfcf;\n\t\t\t}\n\t\t\t#gallery-1 .gallery-caption {\n\t\t\t\tmargin-left: 0;\n\t\t\t}\n\t\t\t\/* see gallery_shortcode() in wp-includes\/media.php *\/\n\t\t<\/style>\n\t\t<div id='gallery-1' class='gallery galleryid-11806 gallery-columns-3 gallery-size-medium'><dl class='gallery-item'>\n\t\t\t<dt class='gallery-icon portrait'>\n\t\t\t\t<a href='https:\/\/www.roplast.hr\/wp-content\/uploads\/2024\/10\/ALU-GRILJE-1.jpg'><img loading=\"lazy\" decoding=\"async\" width=\"249\" height=\"300\" src=\"https:\/\/www.roplast.hr\/wp-content\/uploads\/2024\/10\/ALU-GRILJE-1-249x300.jpg\" class=\"attachment-medium size-medium\" alt=\"\" srcset=\"https:\/\/www.roplast.hr\/wp-content\/uploads\/2024\/10\/ALU-GRILJE-1-249x300.jpg 249w, https:\/\/www.roplast.hr\/wp-content\/uploads\/2024\/10\/ALU-GRILJE-1-768x925.jpg 768w, https:\/\/www.roplast.hr\/wp-content\/uploads\/2024\/10\/ALU-GRILJE-1.jpg 800w\" sizes=\"(max-width: 249px) 100vw, 249px\" \/><\/a>\n\t\t\t<\/dt><\/dl><dl class='gallery-item'>\n\t\t\t<dt class='gallery-icon landscape'>\n\t\t\t\t<a href='https:\/\/www.roplast.hr\/wp-content\/uploads\/2024\/10\/ALU-GRILJE-18.jpg'><img loading=\"lazy\" decoding=\"async\" width=\"300\" height=\"169\" src=\"https:\/\/www.roplast.hr\/wp-content\/uploads\/2024\/10\/ALU-GRILJE-18-300x169.jpg\" class=\"attachment-medium size-medium\" alt=\"\" srcset=\"https:\/\/www.roplast.hr\/wp-content\/uploads\/2024\/10\/ALU-GRILJE-18-300x169.jpg 300w, https:\/\/www.roplast.hr\/wp-content\/uploads\/2024\/10\/ALU-GRILJE-18-768x432.jpg 768w, https:\/\/www.roplast.hr\/wp-content\/uploads\/2024\/10\/ALU-GRILJE-18.jpg 1024w\" sizes=\"(max-width: 300px) 100vw, 300px\" \/><\/a>\n\t\t\t<\/dt><\/dl><dl class='gallery-item'>\n\t\t\t<dt class='gallery-icon portrait'>\n\t\t\t\t<a href='https:\/\/www.roplast.hr\/wp-content\/uploads\/2024\/10\/ALU-GRILJE-21.jpg'><img loading=\"lazy\" decoding=\"async\" width=\"225\" height=\"300\" src=\"https:\/\/www.roplast.hr\/wp-content\/uploads\/2024\/10\/ALU-GRILJE-21-225x300.jpg\" class=\"attachment-medium size-medium\" alt=\"\" srcset=\"https:\/\/www.roplast.hr\/wp-content\/uploads\/2024\/10\/ALU-GRILJE-21-225x300.jpg 225w, https:\/\/www.roplast.hr\/wp-content\/uploads\/2024\/10\/ALU-GRILJE-21-768x1024.jpg 768w, https:\/\/www.roplast.hr\/wp-content\/uploads\/2024\/10\/ALU-GRILJE-21.jpg 1024w\" sizes=\"(max-width: 225px) 100vw, 225px\" \/><\/a>\n\t\t\t<\/dt><\/dl><br style=\"clear: both\" \/><dl class='gallery-item'>\n\t\t\t<dt class='gallery-icon landscape'>\n\t\t\t\t<a href='https:\/\/www.roplast.hr\/wp-content\/uploads\/2024\/10\/ALU-GRILJE-22.jpg'><img loading=\"lazy\" decoding=\"async\" width=\"300\" height=\"225\" src=\"https:\/\/www.roplast.hr\/wp-content\/uploads\/2024\/10\/ALU-GRILJE-22-300x225.jpg\" class=\"attachment-medium size-medium\" alt=\"\" srcset=\"https:\/\/www.roplast.hr\/wp-content\/uploads\/2024\/10\/ALU-GRILJE-22-300x225.jpg 300w, https:\/\/www.roplast.hr\/wp-content\/uploads\/2024\/10\/ALU-GRILJE-22-768x576.jpg 768w, https:\/\/www.roplast.hr\/wp-content\/uploads\/2024\/10\/ALU-GRILJE-22.jpg 1024w\" sizes=\"(max-width: 300px) 100vw, 300px\" \/><\/a>\n\t\t\t<\/dt><\/dl><dl class='gallery-item'>\n\t\t\t<dt class='gallery-icon landscape'>\n\t\t\t\t<a href='https:\/\/www.roplast.hr\/wp-content\/uploads\/2024\/10\/PREKLOPNE-GRILJE-2.jpg'><img loading=\"lazy\" decoding=\"async\" width=\"300\" height=\"169\" src=\"https:\/\/www.roplast.hr\/wp-content\/uploads\/2024\/10\/PREKLOPNE-GRILJE-2-300x169.jpg\" class=\"attachment-medium size-medium\" alt=\"\" srcset=\"https:\/\/www.roplast.hr\/wp-content\/uploads\/2024\/10\/PREKLOPNE-GRILJE-2-300x169.jpg 300w, https:\/\/www.roplast.hr\/wp-content\/uploads\/2024\/10\/PREKLOPNE-GRILJE-2-1024x576.jpg 1024w, https:\/\/www.roplast.hr\/wp-content\/uploads\/2024\/10\/PREKLOPNE-GRILJE-2-768x432.jpg 768w, https:\/\/www.roplast.hr\/wp-content\/uploads\/2024\/10\/PREKLOPNE-GRILJE-2-1536x864.jpg 1536w, https:\/\/www.roplast.hr\/wp-content\/uploads\/2024\/10\/PREKLOPNE-GRILJE-2.jpg 2048w\" sizes=\"(max-width: 300px) 100vw, 300px\" \/><\/a>\n\t\t\t<\/dt><\/dl><dl class='gallery-item'>\n\t\t\t<dt class='gallery-icon landscape'>\n\t\t\t\t<a href='https:\/\/www.roplast.hr\/wp-content\/uploads\/2024\/10\/PREKLOPNE-GRILJE.jpg'><img loading=\"lazy\" decoding=\"async\" width=\"300\" height=\"169\" src=\"https:\/\/www.roplast.hr\/wp-content\/uploads\/2024\/10\/PREKLOPNE-GRILJE-300x169.jpg\" class=\"attachment-medium size-medium\" alt=\"\" srcset=\"https:\/\/www.roplast.hr\/wp-content\/uploads\/2024\/10\/PREKLOPNE-GRILJE-300x169.jpg 300w, https:\/\/www.roplast.hr\/wp-content\/uploads\/2024\/10\/PREKLOPNE-GRILJE-1024x576.jpg 1024w, https:\/\/www.roplast.hr\/wp-content\/uploads\/2024\/10\/PREKLOPNE-GRILJE-768x432.jpg 768w, https:\/\/www.roplast.hr\/wp-content\/uploads\/2024\/10\/PREKLOPNE-GRILJE-1536x864.jpg 1536w, https:\/\/www.roplast.hr\/wp-content\/uploads\/2024\/10\/PREKLOPNE-GRILJE.jpg 2048w\" sizes=\"(max-width: 300px) 100vw, 300px\" \/><\/a>\n\t\t\t<\/dt><\/dl><br style=\"clear: both\" \/><dl class='gallery-item'>\n\t\t\t<dt class='gallery-icon landscape'>\n\t\t\t\t<a href='https:\/\/www.roplast.hr\/wp-content\/uploads\/2024\/10\/ZAOKRETNE-GRILJE.jpg'><img loading=\"lazy\" decoding=\"async\" width=\"300\" height=\"225\" src=\"https:\/\/www.roplast.hr\/wp-content\/uploads\/2024\/10\/ZAOKRETNE-GRILJE-300x225.jpg\" class=\"attachment-medium size-medium\" alt=\"\" srcset=\"https:\/\/www.roplast.hr\/wp-content\/uploads\/2024\/10\/ZAOKRETNE-GRILJE-300x225.jpg 300w, https:\/\/www.roplast.hr\/wp-content\/uploads\/2024\/10\/ZAOKRETNE-GRILJE-768x576.jpg 768w, https:\/\/www.roplast.hr\/wp-content\/uploads\/2024\/10\/ZAOKRETNE-GRILJE.jpg 1024w\" sizes=\"(max-width: 300px) 100vw, 300px\" \/><\/a>\n\t\t\t<\/dt><\/dl>\n\t\t\t<br style='clear: both' \/>\n\t\t<\/div>\n\n<\/div>\n\t\t\t\t\t\t\t<\/div>\n\t\t<\/div>\n\t\t\t\t\t\t<\/div>\n\t\t\t\t<\/div>\n\t\t\t\t<div class=\"elementor-element elementor-element-6776e61 elementor-widget elementor-widget-heading\" data-id=\"6776e61\" data-element_type=\"widget\" data-widget_type=\"heading.default\">\n\t\t\t\t<div class=\"elementor-widget-container\">\n\t\t\t\t\t<h6 class=\"elementor-heading-title elementor-size-default\">Vuoi saperne di pi\u00f9 su questo prodotto?<\/h6>\t\t\t\t<\/div>\n\t\t\t\t<\/div>\n\t\t\t\t<div class=\"elementor-element elementor-element-2ea8dba elementor-align-left elementor-widget elementor-widget-button\" data-id=\"2ea8dba\" data-element_type=\"widget\" data-widget_type=\"button.default\">\n\t\t\t\t<div class=\"elementor-widget-container\">\n\t\t\t\t\t\t\t\t\t<div class=\"elementor-button-wrapper\">\n\t\t\t\t\t<a class=\"elementor-button elementor-button-link elementor-size-sm\" href=\"https:\/\/www.roplast.hr\/it\/contatto\/\">\n\t\t\t\t\t\t<span class=\"elementor-button-content-wrapper\">\n\t\t\t\t\t\t\t\t\t<span class=\"elementor-button-text\">INVIA UNA RICHIESTA<\/span>\n\t\t\t\t\t<\/span>\n\t\t\t\t\t<\/a>\n\t\t\t\t<\/div>\n\t\t\t\t\t\t\t\t<\/div>\n\t\t\t\t<\/div>\n\t\t\t\t<\/div>\n\t\t\t\t\t<\/div>\n\t\t\t\t<\/div>\n\t\t\t\t<\/div>\n\t\t","protected":false},"excerpt":{"rendered":"<p>Le persiane, come uno dei sistemi di oscuramento, offrono numerosi vantaggi. Sono resistenti a tutte le condizioni atmosferiche, hanno un design moderno, sono stabili e facili da maneggiare e, oltre a fornire oscuramento, svolgono anche un&#8217;importante funzione [&hellip;]<\/p>\n","protected":false},"author":1,"featured_media":6534,"parent":11804,"menu_order":0,"comment_status":"closed","ping_status":"closed","template":"","meta":{"footnotes":""},"class_list":["post-11806","page","type-page","status-publish","has-post-thumbnail","hentry"],"yoast_head":"<!-- This site is optimized with the Yoast SEO plugin v25.4 - https:\/\/yoast.com\/wordpress\/plugins\/seo\/ -->\n<title>Griglia facciata in alluminio - Roplast<\/title>\n<meta name=\"robots\" content=\"index, follow, max-snippet:-1, max-image-preview:large, max-video-preview:-1\" \/>\n<link rel=\"canonical\" href=\"https:\/\/www.roplast.hr\/it\/offerta\/sistemi-di-oscuramento\/griglie\/griglia-facciata-in-alluminio\/\" \/>\n<meta property=\"og:locale\" content=\"it_IT\" \/>\n<meta property=\"og:type\" content=\"article\" \/>\n<meta property=\"og:title\" content=\"Griglia facciata in alluminio - Roplast\" \/>\n<meta property=\"og:description\" content=\"Le persiane, come uno dei sistemi di oscuramento, offrono numerosi vantaggi. Sono resistenti a tutte le condizioni atmosferiche, hanno un design moderno, sono stabili e facili da maneggiare e, oltre a fornire oscuramento, svolgono anche un&#8217;importante funzione [&hellip;]\" \/>\n<meta property=\"og:url\" content=\"https:\/\/www.roplast.hr\/it\/offerta\/sistemi-di-oscuramento\/griglie\/griglia-facciata-in-alluminio\/\" \/>\n<meta property=\"og:site_name\" content=\"Roplast\" \/>\n<meta property=\"article:modified_time\" content=\"2025-01-08T12:13:19+00:00\" \/>\n<meta property=\"og:image\" content=\"https:\/\/www.roplast.hr\/wp-content\/uploads\/2024\/09\/26_91-1.png\" \/>\n\t<meta property=\"og:image:width\" content=\"766\" \/>\n\t<meta property=\"og:image:height\" content=\"875\" \/>\n\t<meta property=\"og:image:type\" content=\"image\/png\" \/>\n<meta name=\"twitter:card\" content=\"summary_large_image\" \/>\n<meta name=\"twitter:label1\" content=\"Tempo di lettura stimato\" \/>\n\t<meta name=\"twitter:data1\" content=\"1 minuto\" \/>\n<script type=\"application\/ld+json\" class=\"yoast-schema-graph\">{\"@context\":\"https:\/\/schema.org\",\"@graph\":[{\"@type\":\"WebPage\",\"@id\":\"https:\/\/www.roplast.hr\/it\/offerta\/sistemi-di-oscuramento\/griglie\/griglia-facciata-in-alluminio\/\",\"url\":\"https:\/\/www.roplast.hr\/it\/offerta\/sistemi-di-oscuramento\/griglie\/griglia-facciata-in-alluminio\/\",\"name\":\"Griglia facciata in alluminio - Roplast\",\"isPartOf\":{\"@id\":\"https:\/\/www.roplast.hr\/it\/#website\"},\"primaryImageOfPage\":{\"@id\":\"https:\/\/www.roplast.hr\/it\/offerta\/sistemi-di-oscuramento\/griglie\/griglia-facciata-in-alluminio\/#primaryimage\"},\"image\":{\"@id\":\"https:\/\/www.roplast.hr\/it\/offerta\/sistemi-di-oscuramento\/griglie\/griglia-facciata-in-alluminio\/#primaryimage\"},\"thumbnailUrl\":\"https:\/\/www.roplast.hr\/wp-content\/uploads\/2024\/09\/26_91-1.png\",\"datePublished\":\"2024-10-15T18:57:06+00:00\",\"dateModified\":\"2025-01-08T12:13:19+00:00\",\"breadcrumb\":{\"@id\":\"https:\/\/www.roplast.hr\/it\/offerta\/sistemi-di-oscuramento\/griglie\/griglia-facciata-in-alluminio\/#breadcrumb\"},\"inLanguage\":\"it-IT\",\"potentialAction\":[{\"@type\":\"ReadAction\",\"target\":[\"https:\/\/www.roplast.hr\/it\/offerta\/sistemi-di-oscuramento\/griglie\/griglia-facciata-in-alluminio\/\"]}]},{\"@type\":\"ImageObject\",\"inLanguage\":\"it-IT\",\"@id\":\"https:\/\/www.roplast.hr\/it\/offerta\/sistemi-di-oscuramento\/griglie\/griglia-facciata-in-alluminio\/#primaryimage\",\"url\":\"https:\/\/www.roplast.hr\/wp-content\/uploads\/2024\/09\/26_91-1.png\",\"contentUrl\":\"https:\/\/www.roplast.hr\/wp-content\/uploads\/2024\/09\/26_91-1.png\",\"width\":766,\"height\":875},{\"@type\":\"BreadcrumbList\",\"@id\":\"https:\/\/www.roplast.hr\/it\/offerta\/sistemi-di-oscuramento\/griglie\/griglia-facciata-in-alluminio\/#breadcrumb\",\"itemListElement\":[{\"@type\":\"ListItem\",\"position\":1,\"name\":\"Po\u010detna stranica\",\"item\":\"https:\/\/www.roplast.hr\/it\/\"},{\"@type\":\"ListItem\",\"position\":2,\"name\":\"Offerta\",\"item\":\"https:\/\/www.roplast.hr\/it\/offerta\/\"},{\"@type\":\"ListItem\",\"position\":3,\"name\":\"Sistemi di oscuramento\",\"item\":\"https:\/\/www.roplast.hr\/it\/offerta\/sistemi-di-oscuramento\/\"},{\"@type\":\"ListItem\",\"position\":4,\"name\":\"GRIGLIE\",\"item\":\"https:\/\/www.roplast.hr\/it\/offerta\/sistemi-di-oscuramento\/griglie\/\"},{\"@type\":\"ListItem\",\"position\":5,\"name\":\"Griglia facciata in alluminio\"}]},{\"@type\":\"WebSite\",\"@id\":\"https:\/\/www.roplast.hr\/it\/#website\",\"url\":\"https:\/\/www.roplast.hr\/it\/\",\"name\":\"Roplast\",\"description\":\"Izra\u0111eni za stil, stvoreni za trajnost!\",\"potentialAction\":[{\"@type\":\"SearchAction\",\"target\":{\"@type\":\"EntryPoint\",\"urlTemplate\":\"https:\/\/www.roplast.hr\/it\/?s={search_term_string}\"},\"query-input\":{\"@type\":\"PropertyValueSpecification\",\"valueRequired\":true,\"valueName\":\"search_term_string\"}}],\"inLanguage\":\"it-IT\"}]}<\/script>\n<!-- \/ Yoast SEO plugin. -->","yoast_head_json":{"title":"Griglia facciata in alluminio - Roplast","robots":{"index":"index","follow":"follow","max-snippet":"max-snippet:-1","max-image-preview":"max-image-preview:large","max-video-preview":"max-video-preview:-1"},"canonical":"https:\/\/www.roplast.hr\/it\/offerta\/sistemi-di-oscuramento\/griglie\/griglia-facciata-in-alluminio\/","og_locale":"it_IT","og_type":"article","og_title":"Griglia facciata in alluminio - Roplast","og_description":"Le persiane, come uno dei sistemi di oscuramento, offrono numerosi vantaggi. Sono resistenti a tutte le condizioni atmosferiche, hanno un design moderno, sono stabili e facili da maneggiare e, oltre a fornire oscuramento, svolgono anche un&#8217;importante funzione [&hellip;]","og_url":"https:\/\/www.roplast.hr\/it\/offerta\/sistemi-di-oscuramento\/griglie\/griglia-facciata-in-alluminio\/","og_site_name":"Roplast","article_modified_time":"2025-01-08T12:13:19+00:00","og_image":[{"width":766,"height":875,"url":"https:\/\/www.roplast.hr\/wp-content\/uploads\/2024\/09\/26_91-1.png","type":"image\/png"}],"twitter_card":"summary_large_image","twitter_misc":{"Tempo di lettura stimato":"1 minuto"},"schema":{"@context":"https:\/\/schema.org","@graph":[{"@type":"WebPage","@id":"https:\/\/www.roplast.hr\/it\/offerta\/sistemi-di-oscuramento\/griglie\/griglia-facciata-in-alluminio\/","url":"https:\/\/www.roplast.hr\/it\/offerta\/sistemi-di-oscuramento\/griglie\/griglia-facciata-in-alluminio\/","name":"Griglia facciata in alluminio - Roplast","isPartOf":{"@id":"https:\/\/www.roplast.hr\/it\/#website"},"primaryImageOfPage":{"@id":"https:\/\/www.roplast.hr\/it\/offerta\/sistemi-di-oscuramento\/griglie\/griglia-facciata-in-alluminio\/#primaryimage"},"image":{"@id":"https:\/\/www.roplast.hr\/it\/offerta\/sistemi-di-oscuramento\/griglie\/griglia-facciata-in-alluminio\/#primaryimage"},"thumbnailUrl":"https:\/\/www.roplast.hr\/wp-content\/uploads\/2024\/09\/26_91-1.png","datePublished":"2024-10-15T18:57:06+00:00","dateModified":"2025-01-08T12:13:19+00:00","breadcrumb":{"@id":"https:\/\/www.roplast.hr\/it\/offerta\/sistemi-di-oscuramento\/griglie\/griglia-facciata-in-alluminio\/#breadcrumb"},"inLanguage":"it-IT","potentialAction":[{"@type":"ReadAction","target":["https:\/\/www.roplast.hr\/it\/offerta\/sistemi-di-oscuramento\/griglie\/griglia-facciata-in-alluminio\/"]}]},{"@type":"ImageObject","inLanguage":"it-IT","@id":"https:\/\/www.roplast.hr\/it\/offerta\/sistemi-di-oscuramento\/griglie\/griglia-facciata-in-alluminio\/#primaryimage","url":"https:\/\/www.roplast.hr\/wp-content\/uploads\/2024\/09\/26_91-1.png","contentUrl":"https:\/\/www.roplast.hr\/wp-content\/uploads\/2024\/09\/26_91-1.png","width":766,"height":875},{"@type":"BreadcrumbList","@id":"https:\/\/www.roplast.hr\/it\/offerta\/sistemi-di-oscuramento\/griglie\/griglia-facciata-in-alluminio\/#breadcrumb","itemListElement":[{"@type":"ListItem","position":1,"name":"Po\u010detna stranica","item":"https:\/\/www.roplast.hr\/it\/"},{"@type":"ListItem","position":2,"name":"Offerta","item":"https:\/\/www.roplast.hr\/it\/offerta\/"},{"@type":"ListItem","position":3,"name":"Sistemi di oscuramento","item":"https:\/\/www.roplast.hr\/it\/offerta\/sistemi-di-oscuramento\/"},{"@type":"ListItem","position":4,"name":"GRIGLIE","item":"https:\/\/www.roplast.hr\/it\/offerta\/sistemi-di-oscuramento\/griglie\/"},{"@type":"ListItem","position":5,"name":"Griglia facciata in alluminio"}]},{"@type":"WebSite","@id":"https:\/\/www.roplast.hr\/it\/#website","url":"https:\/\/www.roplast.hr\/it\/","name":"Roplast","description":"Izra\u0111eni za stil, stvoreni za trajnost!","potentialAction":[{"@type":"SearchAction","target":{"@type":"EntryPoint","urlTemplate":"https:\/\/www.roplast.hr\/it\/?s={search_term_string}"},"query-input":{"@type":"PropertyValueSpecification","valueRequired":true,"valueName":"search_term_string"}}],"inLanguage":"it-IT"}]}},"_links":{"self":[{"href":"https:\/\/www.roplast.hr\/it\/wp-json\/wp\/v2\/pages\/11806","targetHints":{"allow":["GET"]}}],"collection":[{"href":"https:\/\/www.roplast.hr\/it\/wp-json\/wp\/v2\/pages"}],"about":[{"href":"https:\/\/www.roplast.hr\/it\/wp-json\/wp\/v2\/types\/page"}],"author":[{"embeddable":true,"href":"https:\/\/www.roplast.hr\/it\/wp-json\/wp\/v2\/users\/1"}],"replies":[{"embeddable":true,"href":"https:\/\/www.roplast.hr\/it\/wp-json\/wp\/v2\/comments?post=11806"}],"version-history":[{"count":1,"href":"https:\/\/www.roplast.hr\/it\/wp-json\/wp\/v2\/pages\/11806\/revisions"}],"predecessor-version":[{"id":11807,"href":"https:\/\/www.roplast.hr\/it\/wp-json\/wp\/v2\/pages\/11806\/revisions\/11807"}],"up":[{"embeddable":true,"href":"https:\/\/www.roplast.hr\/it\/wp-json\/wp\/v2\/pages\/11804"}],"wp:featuredmedia":[{"embeddable":true,"href":"https:\/\/www.roplast.hr\/it\/wp-json\/wp\/v2\/media\/6534"}],"wp:attachment":[{"href":"https:\/\/www.roplast.hr\/it\/wp-json\/wp\/v2\/media?parent=11806"}],"curies":[{"name":"wp","href":"https:\/\/api.w.org\/{rel}","templated":true}]}}