{"id":11810,"date":"2024-09-07T05:58:55","date_gmt":"2024-09-07T05:58:55","guid":{"rendered":"https:\/\/www.roplast.hr\/offerta\/sistemi-di-oscuramento\/persiane-2\/"},"modified":"2025-01-16T11:19:26","modified_gmt":"2025-01-16T11:19:26","slug":"persiane-2","status":"publish","type":"page","link":"https:\/\/www.roplast.hr\/it\/offerta\/sistemi-di-oscuramento\/persiane-2\/","title":{"rendered":"Persiane"},"content":{"rendered":"\t\t<div data-elementor-type=\"wp-post\" data-elementor-id=\"11810\" class=\"elementor elementor-11810 elementor-6119\">\n\t\t\t\t<div class=\"elementor-element elementor-element-00a6ef8 e-flex e-con-boxed e-con e-parent\" data-id=\"00a6ef8\" data-element_type=\"container\">\n\t\t\t\t\t<div class=\"e-con-inner\">\n\t\t\t\t<div class=\"elementor-element elementor-element-9c9c54d elementor-widget elementor-widget-text-editor\" data-id=\"9c9c54d\" data-element_type=\"widget\" data-widget_type=\"text-editor.default\">\n\t\t\t\t<div class=\"elementor-widget-container\">\n\t\t\t\t\t\t\t\t\t<p>ROPLAST offre un&#8217;ampia gamma di sistemi ombreggianti ideali per tutte le tipologie di edifici, da quelli residenziali a quelli commerciali. Offriamo prodotti di altissima qualit\u00e0, tra cui tende, veneziane, avvolgibili e altri sistemi innovativi, che garantiscono una perfetta protezione dal sole e dalla privacy. Vari modelli consentono l&#8217;adattamento a diverse esigenze e preferenze estetiche, mentre il design moderno garantisce durata e funzionalit\u00e0. Indipendentemente dalla tipologia di edificio, ROPLAST garantisce soluzioni che soddisfano i pi\u00f9 alti standard di qualit\u00e0 ed estetica.    <\/p>\n\t\t\t\t\t\t\t\t<\/div>\n\t\t\t\t<\/div>\n\t\t\t\t\t<\/div>\n\t\t\t\t<\/div>\n\t\t<div class=\"elementor-element elementor-element-e8ed6fd e-flex e-con-boxed e-con e-parent\" data-id=\"e8ed6fd\" data-element_type=\"container\">\n\t\t\t\t\t<div class=\"e-con-inner\">\n\t\t<div class=\"elementor-element elementor-element-a1a2a7b e-con-full e-flex e-con e-child\" data-id=\"a1a2a7b\" data-element_type=\"container\" data-settings=\"{&quot;background_background&quot;:&quot;classic&quot;}\">\n\t\t\t\t<div class=\"elementor-element elementor-element-4084061 banner_content_hover2 elementor-widget elementor-widget-lastudio-banner\" data-id=\"4084061\" data-element_type=\"widget\" data-widget_type=\"lastudio-banner.default\">\n\t\t\t\t<div class=\"elementor-widget-container\">\n\t\t\t\t\t<figure class=\"lastudio-banner la-lazyload-image lastudio-effect-none image-custom-height\" data-background-image=\"https:\/\/www.roplast.hr\/wp-content\/uploads\/2024\/10\/DECEUNINCK-podzbukni-render-SA-POZADINOM-1-1.png\"><div class=\"lastudio-banner__overlay\"><\/div><img loading=\"lazy\" decoding=\"async\" src=\"data:image\/gif;base64,R0lGODlhAQABAIAAAP\/\/\/wAAACH5BAEAAAAALAAAAAABAAEAAAICRAEAOw==\" data-src=\"https:\/\/www.roplast.hr\/wp-content\/uploads\/2024\/10\/DECEUNINCK-podzbukni-render-SA-POZADINOM-1-1.png\" alt=\"\" loading=\"lazy\" class=\"la-lazyload-image lastudio-banner__img\" width=\"600\" height=\"800\" srcset=\"data:image\/gif;base64,R0lGODlhAQABAIAAAP\/\/\/wAAACH5BAEAAAAALAAAAAABAAEAAAICRAEAOw==\"><figcaption class=\"lastudio-banner__content\"><div class=\"lastudio-banner__content-wrap\"><h5 class=\"lastudio-banner__title\">PERSIANE INTERNE<\/h5><\/div><a href=\"https:\/\/www.roplast.hr\/it\/offerta\/sistemi-di-oscuramento\/persiane-2\/persiane-interne\/\" class=\"lastudio-banner__link\"><span class=\"hidden\">PERSIANE INTERNE<\/span><\/a><\/figcaption><\/figure>\t\t\t\t<\/div>\n\t\t\t\t<\/div>\n\t\t\t\t<\/div>\n\t\t<div class=\"elementor-element elementor-element-85ff68c e-con-full e-flex e-con e-child\" data-id=\"85ff68c\" data-element_type=\"container\">\n\t\t\t\t<div class=\"elementor-element elementor-element-6252114 banner_content_hover2 elementor-widget elementor-widget-lastudio-banner\" data-id=\"6252114\" data-element_type=\"widget\" data-widget_type=\"lastudio-banner.default\">\n\t\t\t\t<div class=\"elementor-widget-container\">\n\t\t\t\t\t<figure class=\"lastudio-banner la-lazyload-image lastudio-effect-none image-custom-height\" data-background-image=\"\"><div class=\"lastudio-banner__overlay\"><\/div><figcaption class=\"lastudio-banner__content\"><div class=\"lastudio-banner__content-wrap\"><h5 class=\"lastudio-banner__title\">PERSIANE ESTERNE<\/h5><\/div><a href=\"https:\/\/www.roplast.hr\/it\/offerta\/sistemi-di-oscuramento\/persiane-2\/persiane-esterne\/\" class=\"lastudio-banner__link\"><span class=\"hidden\">PERSIANE ESTERNE<\/span><\/a><\/figcaption><\/figure>\t\t\t\t<\/div>\n\t\t\t\t<\/div>\n\t\t\t\t<\/div>\n\t\t<div class=\"elementor-element elementor-element-9d6e3ef e-con-full e-flex e-con e-child\" data-id=\"9d6e3ef\" data-element_type=\"container\">\n\t\t\t\t<\/div>\n\t\t\t\t\t<\/div>\n\t\t\t\t<\/div>\n\t\t\t\t<\/div>\n\t\t","protected":false},"excerpt":{"rendered":"<p>ROPLAST offre un&#8217;ampia gamma di sistemi ombreggianti ideali per tutte le tipologie di edifici, da quelli residenziali a quelli commerciali. Offriamo prodotti di altissima qualit\u00e0, tra cui tende, veneziane, avvolgibili e altri sistemi innovativi, che garantiscono una [&hellip;]<\/p>\n","protected":false},"author":1,"featured_media":0,"parent":11802,"menu_order":0,"comment_status":"closed","ping_status":"closed","template":"","meta":{"footnotes":""},"class_list":["post-11810","page","type-page","status-publish","hentry"],"yoast_head":"<!-- This site is optimized with the Yoast SEO plugin v25.4 - https:\/\/yoast.com\/wordpress\/plugins\/seo\/ -->\n<title>Persiane - Roplast<\/title>\n<meta name=\"robots\" content=\"index, follow, max-snippet:-1, max-image-preview:large, max-video-preview:-1\" \/>\n<link rel=\"canonical\" href=\"https:\/\/www.roplast.hr\/it\/offerta\/sistemi-di-oscuramento\/persiane-2\/\" \/>\n<meta property=\"og:locale\" content=\"it_IT\" \/>\n<meta property=\"og:type\" content=\"article\" \/>\n<meta property=\"og:title\" content=\"Persiane - Roplast\" \/>\n<meta property=\"og:description\" content=\"ROPLAST offre un&#8217;ampia gamma di sistemi ombreggianti ideali per tutte le tipologie di edifici, da quelli residenziali a quelli commerciali. Offriamo prodotti di altissima qualit\u00e0, tra cui tende, veneziane, avvolgibili e altri sistemi innovativi, che garantiscono una [&hellip;]\" \/>\n<meta property=\"og:url\" content=\"https:\/\/www.roplast.hr\/it\/offerta\/sistemi-di-oscuramento\/persiane-2\/\" \/>\n<meta property=\"og:site_name\" content=\"Roplast\" \/>\n<meta property=\"article:modified_time\" content=\"2025-01-16T11:19:26+00:00\" \/>\n<meta name=\"twitter:card\" content=\"summary_large_image\" \/>\n<meta name=\"twitter:label1\" content=\"Tempo di lettura stimato\" \/>\n\t<meta name=\"twitter:data1\" content=\"1 minuto\" \/>\n<script type=\"application\/ld+json\" class=\"yoast-schema-graph\">{\"@context\":\"https:\/\/schema.org\",\"@graph\":[{\"@type\":\"WebPage\",\"@id\":\"https:\/\/www.roplast.hr\/it\/offerta\/sistemi-di-oscuramento\/persiane-2\/\",\"url\":\"https:\/\/www.roplast.hr\/it\/offerta\/sistemi-di-oscuramento\/persiane-2\/\",\"name\":\"Persiane - Roplast\",\"isPartOf\":{\"@id\":\"https:\/\/www.roplast.hr\/it\/#website\"},\"datePublished\":\"2024-09-07T05:58:55+00:00\",\"dateModified\":\"2025-01-16T11:19:26+00:00\",\"breadcrumb\":{\"@id\":\"https:\/\/www.roplast.hr\/it\/offerta\/sistemi-di-oscuramento\/persiane-2\/#breadcrumb\"},\"inLanguage\":\"it-IT\",\"potentialAction\":[{\"@type\":\"ReadAction\",\"target\":[\"https:\/\/www.roplast.hr\/it\/offerta\/sistemi-di-oscuramento\/persiane-2\/\"]}]},{\"@type\":\"BreadcrumbList\",\"@id\":\"https:\/\/www.roplast.hr\/it\/offerta\/sistemi-di-oscuramento\/persiane-2\/#breadcrumb\",\"itemListElement\":[{\"@type\":\"ListItem\",\"position\":1,\"name\":\"Po\u010detna stranica\",\"item\":\"https:\/\/www.roplast.hr\/it\/\"},{\"@type\":\"ListItem\",\"position\":2,\"name\":\"Offerta\",\"item\":\"https:\/\/www.roplast.hr\/it\/offerta\/\"},{\"@type\":\"ListItem\",\"position\":3,\"name\":\"Sistemi di oscuramento\",\"item\":\"https:\/\/www.roplast.hr\/it\/offerta\/sistemi-di-oscuramento\/\"},{\"@type\":\"ListItem\",\"position\":4,\"name\":\"Persiane\"}]},{\"@type\":\"WebSite\",\"@id\":\"https:\/\/www.roplast.hr\/it\/#website\",\"url\":\"https:\/\/www.roplast.hr\/it\/\",\"name\":\"Roplast\",\"description\":\"Izra\u0111eni za stil, stvoreni za trajnost!\",\"potentialAction\":[{\"@type\":\"SearchAction\",\"target\":{\"@type\":\"EntryPoint\",\"urlTemplate\":\"https:\/\/www.roplast.hr\/it\/?s={search_term_string}\"},\"query-input\":{\"@type\":\"PropertyValueSpecification\",\"valueRequired\":true,\"valueName\":\"search_term_string\"}}],\"inLanguage\":\"it-IT\"}]}<\/script>\n<!-- \/ Yoast SEO plugin. -->","yoast_head_json":{"title":"Persiane - Roplast","robots":{"index":"index","follow":"follow","max-snippet":"max-snippet:-1","max-image-preview":"max-image-preview:large","max-video-preview":"max-video-preview:-1"},"canonical":"https:\/\/www.roplast.hr\/it\/offerta\/sistemi-di-oscuramento\/persiane-2\/","og_locale":"it_IT","og_type":"article","og_title":"Persiane - Roplast","og_description":"ROPLAST offre un&#8217;ampia gamma di sistemi ombreggianti ideali per tutte le tipologie di edifici, da quelli residenziali a quelli commerciali. Offriamo prodotti di altissima qualit\u00e0, tra cui tende, veneziane, avvolgibili e altri sistemi innovativi, che garantiscono una [&hellip;]","og_url":"https:\/\/www.roplast.hr\/it\/offerta\/sistemi-di-oscuramento\/persiane-2\/","og_site_name":"Roplast","article_modified_time":"2025-01-16T11:19:26+00:00","twitter_card":"summary_large_image","twitter_misc":{"Tempo di lettura stimato":"1 minuto"},"schema":{"@context":"https:\/\/schema.org","@graph":[{"@type":"WebPage","@id":"https:\/\/www.roplast.hr\/it\/offerta\/sistemi-di-oscuramento\/persiane-2\/","url":"https:\/\/www.roplast.hr\/it\/offerta\/sistemi-di-oscuramento\/persiane-2\/","name":"Persiane - Roplast","isPartOf":{"@id":"https:\/\/www.roplast.hr\/it\/#website"},"datePublished":"2024-09-07T05:58:55+00:00","dateModified":"2025-01-16T11:19:26+00:00","breadcrumb":{"@id":"https:\/\/www.roplast.hr\/it\/offerta\/sistemi-di-oscuramento\/persiane-2\/#breadcrumb"},"inLanguage":"it-IT","potentialAction":[{"@type":"ReadAction","target":["https:\/\/www.roplast.hr\/it\/offerta\/sistemi-di-oscuramento\/persiane-2\/"]}]},{"@type":"BreadcrumbList","@id":"https:\/\/www.roplast.hr\/it\/offerta\/sistemi-di-oscuramento\/persiane-2\/#breadcrumb","itemListElement":[{"@type":"ListItem","position":1,"name":"Po\u010detna stranica","item":"https:\/\/www.roplast.hr\/it\/"},{"@type":"ListItem","position":2,"name":"Offerta","item":"https:\/\/www.roplast.hr\/it\/offerta\/"},{"@type":"ListItem","position":3,"name":"Sistemi di oscuramento","item":"https:\/\/www.roplast.hr\/it\/offerta\/sistemi-di-oscuramento\/"},{"@type":"ListItem","position":4,"name":"Persiane"}]},{"@type":"WebSite","@id":"https:\/\/www.roplast.hr\/it\/#website","url":"https:\/\/www.roplast.hr\/it\/","name":"Roplast","description":"Izra\u0111eni za stil, stvoreni za trajnost!","potentialAction":[{"@type":"SearchAction","target":{"@type":"EntryPoint","urlTemplate":"https:\/\/www.roplast.hr\/it\/?s={search_term_string}"},"query-input":{"@type":"PropertyValueSpecification","valueRequired":true,"valueName":"search_term_string"}}],"inLanguage":"it-IT"}]}},"_links":{"self":[{"href":"https:\/\/www.roplast.hr\/it\/wp-json\/wp\/v2\/pages\/11810","targetHints":{"allow":["GET"]}}],"collection":[{"href":"https:\/\/www.roplast.hr\/it\/wp-json\/wp\/v2\/pages"}],"about":[{"href":"https:\/\/www.roplast.hr\/it\/wp-json\/wp\/v2\/types\/page"}],"author":[{"embeddable":true,"href":"https:\/\/www.roplast.hr\/it\/wp-json\/wp\/v2\/users\/1"}],"replies":[{"embeddable":true,"href":"https:\/\/www.roplast.hr\/it\/wp-json\/wp\/v2\/comments?post=11810"}],"version-history":[{"count":4,"href":"https:\/\/www.roplast.hr\/it\/wp-json\/wp\/v2\/pages\/11810\/revisions"}],"predecessor-version":[{"id":12512,"href":"https:\/\/www.roplast.hr\/it\/wp-json\/wp\/v2\/pages\/11810\/revisions\/12512"}],"up":[{"embeddable":true,"href":"https:\/\/www.roplast.hr\/it\/wp-json\/wp\/v2\/pages\/11802"}],"wp:attachment":[{"href":"https:\/\/www.roplast.hr\/it\/wp-json\/wp\/v2\/media?parent=11810"}],"curies":[{"name":"wp","href":"https:\/\/api.w.org\/{rel}","templated":true}]}}