{"id":11818,"date":"2024-10-11T04:54:13","date_gmt":"2024-10-11T04:54:13","guid":{"rendered":"https:\/\/www.roplast.hr\/offerta\/carpenteria-in-pvc\/porte-dingresso-deceuninck\/deceuninck-elegant\/"},"modified":"2025-01-08T12:45:33","modified_gmt":"2025-01-08T12:45:33","slug":"deceuninck-elegant","status":"publish","type":"page","link":"https:\/\/www.roplast.hr\/it\/offerta\/carpenteria-in-pvc\/porte-dingresso-deceuninck\/deceuninck-elegant\/","title":{"rendered":"Deceuninck ELEGANT"},"content":{"rendered":"\t\t<div data-elementor-type=\"wp-post\" data-elementor-id=\"11818\" class=\"elementor elementor-11818 elementor-7971\">\n\t\t\t\t<div class=\"elementor-element elementor-element-00a6ef8 e-flex e-con-boxed e-con e-parent\" data-id=\"00a6ef8\" data-element_type=\"container\">\n\t\t\t\t\t<div class=\"e-con-inner\">\n\t\t\t\t<div class=\"elementor-element elementor-element-9c9c54d elementor-widget elementor-widget-text-editor\" data-id=\"9c9c54d\" data-element_type=\"widget\" data-widget_type=\"text-editor.default\">\n\t\t\t\t<div class=\"elementor-widget-container\">\n\t\t\t\t\t\t\t\t\t<p>La nostra offerta di infissi in PVC ROPLAST di alta qualit\u00e0 del rinomato marchio Deceuninck offre qualit\u00e0 eccezionale, design moderno e durata. Offriamo una vasta gamma di prodotti, tra cui finestre, porte e sistemi per pareti scorrevoli, realizzati con materiali di altissima qualit\u00e0. Gli infissi in PVC offrono un isolamento superiore, resistenza agli agenti atmosferici e una manutenzione minima, il che li rende la scelta ideale per edifici residenziali e commerciali. Adattiamo ciascuno dei nostri prodotti alle esigenze e ai desideri specifici dei nostri clienti, fornendo una perfetta combinazione di estetica e funzionalit\u00e0.   <\/p>\n\t\t\t\t\t\t\t\t<\/div>\n\t\t\t\t<\/div>\n\t\t\t\t\t<\/div>\n\t\t\t\t<\/div>\n\t\t<div class=\"elementor-element elementor-element-7b7d02e e-flex e-con-boxed e-con e-parent\" data-id=\"7b7d02e\" data-element_type=\"container\">\n\t\t\t\t\t<div class=\"e-con-inner\">\n\t\t<div class=\"elementor-element elementor-element-224fc19 e-con-full e-flex e-con e-child\" data-id=\"224fc19\" data-element_type=\"container\">\n\t\t\t\t<div class=\"elementor-element elementor-element-8fdcb77 elementor-widget elementor-widget-image\" data-id=\"8fdcb77\" data-element_type=\"widget\" data-widget_type=\"image.default\">\n\t\t\t\t<div class=\"elementor-widget-container\">\n\t\t\t\t\t\t\t\t\t\t\t\t\t\t\t<img fetchpriority=\"high\" decoding=\"async\" width=\"594\" height=\"446\" src=\"https:\/\/www.roplast.hr\/wp-content\/uploads\/2024\/10\/Untitled-1.jpg\" class=\"attachment-large size-large wp-image-8074\" alt=\"\" srcset=\"https:\/\/www.roplast.hr\/wp-content\/uploads\/2024\/10\/Untitled-1.jpg 594w, https:\/\/www.roplast.hr\/wp-content\/uploads\/2024\/10\/Untitled-1-300x225.jpg 300w\" sizes=\"(max-width: 594px) 100vw, 594px\" \/>\t\t\t\t\t\t\t\t\t\t\t\t\t\t\t<\/div>\n\t\t\t\t<\/div>\n\t\t\t\t<\/div>\n\t\t<div class=\"elementor-element elementor-element-6ad4b86 e-con-full e-flex e-con e-child\" data-id=\"6ad4b86\" data-element_type=\"container\">\n\t\t\t\t<div class=\"elementor-element elementor-element-424b1e0 elementor-widget elementor-widget-heading\" data-id=\"424b1e0\" data-element_type=\"widget\" data-widget_type=\"heading.default\">\n\t\t\t\t<div class=\"elementor-widget-container\">\n\t\t\t\t\t<h2 class=\"elementor-heading-title elementor-size-default\">Deceuninck ELEGANT<\/h2>\t\t\t\t<\/div>\n\t\t\t\t<\/div>\n\t\t\t\t<div class=\"elementor-element elementor-element-f51bdaa elementor-widget elementor-widget-text-editor\" data-id=\"f51bdaa\" data-element_type=\"widget\" data-widget_type=\"text-editor.default\">\n\t\t\t\t<div class=\"elementor-widget-container\">\n\t\t\t\t\t\t\t\t\t<p>Le porte d&#8217;ingresso danno la prima e pi\u00f9 importante impressione della casa. Le porte d&#8217;ingresso Deceuninck, con le loro diverse varianti di design e numerosi colori, offrono possibilit\u00e0 quasi illimitate per modellare l&#8217;ingresso della tua casa secondo i tuoi desideri. Gli angoli dei profili rinforzati con metallo aumentano ulteriormente la robustezza della stabile costruzione del telaio.  <\/p>\n\t\t\t\t\t\t\t\t<\/div>\n\t\t\t\t<\/div>\n\t\t\t\t<div class=\"elementor-element elementor-element-03970e2 elementor-tabs-view-horizontal elementor-widget elementor-widget-tabs\" data-id=\"03970e2\" data-element_type=\"widget\" data-widget_type=\"tabs.default\">\n\t\t\t\t<div class=\"elementor-widget-container\">\n\t\t\t\t\t\t\t<div class=\"elementor-tabs\">\n\t\t\t<div class=\"elementor-tabs-wrapper\" role=\"tablist\" >\n\t\t\t\t\t\t\t\t\t<div id=\"elementor-tab-title-3761\" class=\"elementor-tab-title elementor-tab-desktop-title\" aria-selected=\"true\" data-tab=\"1\" role=\"tab\" tabindex=\"0\" aria-controls=\"elementor-tab-content-3761\" aria-expanded=\"false\">Descrizione<\/div>\n\t\t\t\t\t\t\t\t\t<div id=\"elementor-tab-title-3762\" class=\"elementor-tab-title elementor-tab-desktop-title\" aria-selected=\"false\" data-tab=\"2\" role=\"tab\" tabindex=\"-1\" aria-controls=\"elementor-tab-content-3762\" aria-expanded=\"false\">Caratteristiche<\/div>\n\t\t\t\t\t\t\t\t\t<div id=\"elementor-tab-title-3763\" class=\"elementor-tab-title elementor-tab-desktop-title\" aria-selected=\"false\" data-tab=\"3\" role=\"tab\" tabindex=\"-1\" aria-controls=\"elementor-tab-content-3763\" aria-expanded=\"false\">Cataloghi<\/div>\n\t\t\t\t\t\t\t\t\t<div id=\"elementor-tab-title-3764\" class=\"elementor-tab-title elementor-tab-desktop-title\" aria-selected=\"false\" data-tab=\"4\" role=\"tab\" tabindex=\"-1\" aria-controls=\"elementor-tab-content-3764\" aria-expanded=\"false\">FOTO<\/div>\n\t\t\t\t\t\t\t<\/div>\n\t\t\t<div class=\"elementor-tabs-content-wrapper\" role=\"tablist\" aria-orientation=\"vertical\">\n\t\t\t\t\t\t\t\t\t<div class=\"elementor-tab-title elementor-tab-mobile-title\" aria-selected=\"true\" data-tab=\"1\" role=\"tab\" tabindex=\"0\" aria-controls=\"elementor-tab-content-3761\" aria-expanded=\"false\">Descrizione<\/div>\n\t\t\t\t\t<div id=\"elementor-tab-content-3761\" class=\"elementor-tab-content elementor-clearfix\" data-tab=\"1\" role=\"tabpanel\" aria-labelledby=\"elementor-tab-title-3761\" tabindex=\"0\" hidden=\"false\"><p>Le porte d&#8217;ingresso sono il centro creativo di ogni spazio di ingresso. A seconda dell&#8217;architettura e dei desideri individuali, <strong>le porte d&#8217;ingresso in PVC<\/strong> caratterizzano l&#8217;aspetto dell&#8217;edificio e sono la prima cosa con cui i residenti e gli ospiti entrano in contatto. <\/p>\n<p>Per questo \u00e8 fondamentale che il sistema della porta d&#8217;ingresso soddisfi tutte le vostre aspettative:<\/p>\n<ul>\n<li>possibilit\u00e0 di design individuali<\/li>\n<li>design sofisticato<\/li>\n<li>protezione ottimale contro le intemperie e il rumore <\/li>\n<li>alta stabilit\u00e0, durata e protezione contro le effrazioni <\/li>\n<li>eccellente valore di isolamento termico <\/li>\n<\/ul>\n<p>Altrettanto importante \u00e8 la qualit\u00e0 dei materiali e della lavorazione. Poich\u00e9 la porta d&#8217;ingresso \u00e8 sottoposta a requisiti molto particolari, deve funzionare in modo impeccabile. <strong>Le nostre porte d&#8217;ingresso in PVC<\/strong> offrono tutto ci\u00f2, con alti standard di qualit\u00e0 e possibilit\u00e0 di design personalizzate. <\/p>\n<p>Sono disponibili in diverse forme, finiture e opzioni di colore. Possono essere equipaggiate con tutte le opzioni disponibili di riempimenti in plastica, vetro e alluminio, e pongono un accento elegante in tutte le nuove costruzioni, mentre possono essere facilmente integrate nelle facciate degli edifici storici grazie a varie opzioni di montaggio. <\/p>\n<\/div>\n\t\t\t\t\t\t\t\t\t<div class=\"elementor-tab-title elementor-tab-mobile-title\" aria-selected=\"false\" data-tab=\"2\" role=\"tab\" tabindex=\"-1\" aria-controls=\"elementor-tab-content-3762\" aria-expanded=\"false\">Caratteristiche<\/div>\n\t\t\t\t\t<div id=\"elementor-tab-content-3762\" class=\"elementor-tab-content elementor-clearfix\" data-tab=\"2\" role=\"tabpanel\" aria-labelledby=\"elementor-tab-title-3762\" tabindex=\"0\" hidden=\"hidden\"><ul>\n<li>La solidit\u00e0 della struttura stabile pu\u00f2 essere ulteriormente aumentata con giunti angolari in metallo.<\/li>\n<li>Dotata di serrature a pi\u00f9 punti e giunzioni speciali, consente di ottenere una protezione molto elevata contro le effrazioni in conformit\u00e0 con la norma DIN-ENV 1627.<\/li>\n<li>Tutte le nostre porte d&#8217;ingresso in PVC soddisfano i criteri dell&#8217;attuale regolamento sull&#8217;efficienza energetica EnEV 2014.<\/li>\n<li>Vita senza barriere: La soglia universale in alluminio da 20 mm riduce il rischio di cadute e, grazie al suo design piatto, consente una vita senza barriere.<\/li>\n<li>Garantita la migliore isolamento termico<\/li>\n<\/ul>\n<\/div>\n\t\t\t\t\t\t\t\t\t<div class=\"elementor-tab-title elementor-tab-mobile-title\" aria-selected=\"false\" data-tab=\"3\" role=\"tab\" tabindex=\"-1\" aria-controls=\"elementor-tab-content-3763\" aria-expanded=\"false\">Cataloghi<\/div>\n\t\t\t\t\t<div id=\"elementor-tab-content-3763\" class=\"elementor-tab-content elementor-clearfix\" data-tab=\"3\" role=\"tabpanel\" aria-labelledby=\"elementor-tab-title-3763\" tabindex=\"0\" hidden=\"hidden\"><ul>\n<li><a href=\"https:\/\/www.roplast.hr\/wp-content\/uploads\/2024\/10\/Elegant-ulazna-vrata.pdf\" target=\"_blank\" rel=\"noopener\">Porta d&#8217;ingresso Elegant<\/a><\/li>\n<\/ul>\n<\/div>\n\t\t\t\t\t\t\t\t\t<div class=\"elementor-tab-title elementor-tab-mobile-title\" aria-selected=\"false\" data-tab=\"4\" role=\"tab\" tabindex=\"-1\" aria-controls=\"elementor-tab-content-3764\" aria-expanded=\"false\">FOTO<\/div>\n\t\t\t\t\t<div id=\"elementor-tab-content-3764\" class=\"elementor-tab-content elementor-clearfix\" data-tab=\"4\" role=\"tabpanel\" aria-labelledby=\"elementor-tab-title-3764\" tabindex=\"0\" hidden=\"hidden\">\n\t\t<style type=\"text\/css\">\n\t\t\t#gallery-1 {\n\t\t\t\tmargin: auto;\n\t\t\t}\n\t\t\t#gallery-1 .gallery-item {\n\t\t\t\tfloat: left;\n\t\t\t\tmargin-top: 10px;\n\t\t\t\ttext-align: center;\n\t\t\t\twidth: 33%;\n\t\t\t}\n\t\t\t#gallery-1 img {\n\t\t\t\tborder: 2px solid #cfcfcf;\n\t\t\t}\n\t\t\t#gallery-1 .gallery-caption {\n\t\t\t\tmargin-left: 0;\n\t\t\t}\n\t\t\t\/* see gallery_shortcode() in wp-includes\/media.php *\/\n\t\t<\/style>\n\t\t<div id='gallery-1' class='gallery galleryid-11818 gallery-columns-3 gallery-size-medium'><dl class='gallery-item'>\n\t\t\t<dt class='gallery-icon landscape'>\n\t\t\t\t<a href='https:\/\/www.roplast.hr\/wp-content\/uploads\/2024\/10\/Untitled-1.jpg'><img decoding=\"async\" width=\"300\" height=\"225\" src=\"https:\/\/www.roplast.hr\/wp-content\/uploads\/2024\/10\/Untitled-1-300x225.jpg\" class=\"attachment-medium size-medium\" alt=\"\" srcset=\"https:\/\/www.roplast.hr\/wp-content\/uploads\/2024\/10\/Untitled-1-300x225.jpg 300w, https:\/\/www.roplast.hr\/wp-content\/uploads\/2024\/10\/Untitled-1.jpg 594w\" sizes=\"(max-width: 300px) 100vw, 300px\" \/><\/a>\n\t\t\t<\/dt><\/dl>\n\t\t\t<br style='clear: both' \/>\n\t\t<\/div>\n\n<\/div>\n\t\t\t\t\t\t\t<\/div>\n\t\t<\/div>\n\t\t\t\t\t\t<\/div>\n\t\t\t\t<\/div>\n\t\t\t\t<div class=\"elementor-element elementor-element-6776e61 elementor-widget elementor-widget-heading\" data-id=\"6776e61\" data-element_type=\"widget\" data-widget_type=\"heading.default\">\n\t\t\t\t<div class=\"elementor-widget-container\">\n\t\t\t\t\t<h6 class=\"elementor-heading-title elementor-size-default\">Vuoi saperne di pi\u00f9 su questo prodotto?<\/h6>\t\t\t\t<\/div>\n\t\t\t\t<\/div>\n\t\t\t\t<div class=\"elementor-element elementor-element-2ea8dba elementor-align-left elementor-widget elementor-widget-button\" data-id=\"2ea8dba\" data-element_type=\"widget\" data-widget_type=\"button.default\">\n\t\t\t\t<div class=\"elementor-widget-container\">\n\t\t\t\t\t\t\t\t\t<div class=\"elementor-button-wrapper\">\n\t\t\t\t\t<a class=\"elementor-button elementor-button-link elementor-size-sm\" href=\"https:\/\/www.roplast.hr\/it\/contatto\/\">\n\t\t\t\t\t\t<span class=\"elementor-button-content-wrapper\">\n\t\t\t\t\t\t\t\t\t<span class=\"elementor-button-text\">INVIA UNA RICHIESTA<\/span>\n\t\t\t\t\t<\/span>\n\t\t\t\t\t<\/a>\n\t\t\t\t<\/div>\n\t\t\t\t\t\t\t\t<\/div>\n\t\t\t\t<\/div>\n\t\t\t\t<\/div>\n\t\t\t\t\t<\/div>\n\t\t\t\t<\/div>\n\t\t\t\t<\/div>\n\t\t","protected":false},"excerpt":{"rendered":"<p>La nostra offerta di infissi in PVC ROPLAST di alta qualit\u00e0 del rinomato marchio Deceuninck offre qualit\u00e0 eccezionale, design moderno e durata. Offriamo una vasta gamma di prodotti, tra cui finestre, porte e sistemi per pareti scorrevoli, [&hellip;]<\/p>\n","protected":false},"author":1,"featured_media":7975,"parent":11816,"menu_order":0,"comment_status":"closed","ping_status":"closed","template":"","meta":{"footnotes":""},"class_list":["post-11818","page","type-page","status-publish","has-post-thumbnail","hentry"],"yoast_head":"<!-- This site is optimized with the Yoast SEO plugin v25.4 - https:\/\/yoast.com\/wordpress\/plugins\/seo\/ -->\n<title>Deceuninck ELEGANT - Roplast<\/title>\n<meta name=\"robots\" content=\"index, follow, max-snippet:-1, max-image-preview:large, max-video-preview:-1\" \/>\n<link rel=\"canonical\" href=\"https:\/\/www.roplast.hr\/it\/offerta\/carpenteria-in-pvc\/porte-dingresso-deceuninck\/deceuninck-elegant\/\" \/>\n<meta property=\"og:locale\" content=\"it_IT\" \/>\n<meta property=\"og:type\" content=\"article\" \/>\n<meta property=\"og:title\" content=\"Deceuninck ELEGANT - Roplast\" \/>\n<meta property=\"og:description\" content=\"La nostra offerta di infissi in PVC ROPLAST di alta qualit\u00e0 del rinomato marchio Deceuninck offre qualit\u00e0 eccezionale, design moderno e durata. Offriamo una vasta gamma di prodotti, tra cui finestre, porte e sistemi per pareti scorrevoli, [&hellip;]\" \/>\n<meta property=\"og:url\" content=\"https:\/\/www.roplast.hr\/it\/offerta\/carpenteria-in-pvc\/porte-dingresso-deceuninck\/deceuninck-elegant\/\" \/>\n<meta property=\"og:site_name\" content=\"Roplast\" \/>\n<meta property=\"article:modified_time\" content=\"2025-01-08T12:45:33+00:00\" \/>\n<meta property=\"og:image\" content=\"https:\/\/www.roplast.hr\/wp-content\/uploads\/2024\/10\/Large-Elegant-Infinity-76-1.jpg\" \/>\n\t<meta property=\"og:image:width\" content=\"1600\" \/>\n\t<meta property=\"og:image:height\" content=\"1200\" \/>\n\t<meta property=\"og:image:type\" content=\"image\/jpeg\" \/>\n<meta name=\"twitter:card\" content=\"summary_large_image\" \/>\n<meta name=\"twitter:label1\" content=\"Tempo di lettura stimato\" \/>\n\t<meta name=\"twitter:data1\" content=\"2 minuti\" \/>\n<script type=\"application\/ld+json\" class=\"yoast-schema-graph\">{\"@context\":\"https:\/\/schema.org\",\"@graph\":[{\"@type\":\"WebPage\",\"@id\":\"https:\/\/www.roplast.hr\/it\/offerta\/carpenteria-in-pvc\/porte-dingresso-deceuninck\/deceuninck-elegant\/\",\"url\":\"https:\/\/www.roplast.hr\/it\/offerta\/carpenteria-in-pvc\/porte-dingresso-deceuninck\/deceuninck-elegant\/\",\"name\":\"Deceuninck ELEGANT - Roplast\",\"isPartOf\":{\"@id\":\"https:\/\/www.roplast.hr\/it\/#website\"},\"primaryImageOfPage\":{\"@id\":\"https:\/\/www.roplast.hr\/it\/offerta\/carpenteria-in-pvc\/porte-dingresso-deceuninck\/deceuninck-elegant\/#primaryimage\"},\"image\":{\"@id\":\"https:\/\/www.roplast.hr\/it\/offerta\/carpenteria-in-pvc\/porte-dingresso-deceuninck\/deceuninck-elegant\/#primaryimage\"},\"thumbnailUrl\":\"https:\/\/www.roplast.hr\/wp-content\/uploads\/2024\/10\/Large-Elegant-Infinity-76-1.jpg\",\"datePublished\":\"2024-10-11T04:54:13+00:00\",\"dateModified\":\"2025-01-08T12:45:33+00:00\",\"breadcrumb\":{\"@id\":\"https:\/\/www.roplast.hr\/it\/offerta\/carpenteria-in-pvc\/porte-dingresso-deceuninck\/deceuninck-elegant\/#breadcrumb\"},\"inLanguage\":\"it-IT\",\"potentialAction\":[{\"@type\":\"ReadAction\",\"target\":[\"https:\/\/www.roplast.hr\/it\/offerta\/carpenteria-in-pvc\/porte-dingresso-deceuninck\/deceuninck-elegant\/\"]}]},{\"@type\":\"ImageObject\",\"inLanguage\":\"it-IT\",\"@id\":\"https:\/\/www.roplast.hr\/it\/offerta\/carpenteria-in-pvc\/porte-dingresso-deceuninck\/deceuninck-elegant\/#primaryimage\",\"url\":\"https:\/\/www.roplast.hr\/wp-content\/uploads\/2024\/10\/Large-Elegant-Infinity-76-1.jpg\",\"contentUrl\":\"https:\/\/www.roplast.hr\/wp-content\/uploads\/2024\/10\/Large-Elegant-Infinity-76-1.jpg\",\"width\":1600,\"height\":1200},{\"@type\":\"BreadcrumbList\",\"@id\":\"https:\/\/www.roplast.hr\/it\/offerta\/carpenteria-in-pvc\/porte-dingresso-deceuninck\/deceuninck-elegant\/#breadcrumb\",\"itemListElement\":[{\"@type\":\"ListItem\",\"position\":1,\"name\":\"Po\u010detna stranica\",\"item\":\"https:\/\/www.roplast.hr\/it\/\"},{\"@type\":\"ListItem\",\"position\":2,\"name\":\"Offerta\",\"item\":\"https:\/\/www.roplast.hr\/it\/offerta\/\"},{\"@type\":\"ListItem\",\"position\":3,\"name\":\"Carpenteria in PVC\",\"item\":\"https:\/\/www.roplast.hr\/it\/offerta\/carpenteria-in-pvc\/\"},{\"@type\":\"ListItem\",\"position\":4,\"name\":\"Porte d&#8217;ingresso Deceuninck\",\"item\":\"https:\/\/www.roplast.hr\/it\/offerta\/carpenteria-in-pvc\/porte-dingresso-deceuninck\/\"},{\"@type\":\"ListItem\",\"position\":5,\"name\":\"Deceuninck ELEGANT\"}]},{\"@type\":\"WebSite\",\"@id\":\"https:\/\/www.roplast.hr\/it\/#website\",\"url\":\"https:\/\/www.roplast.hr\/it\/\",\"name\":\"Roplast\",\"description\":\"Izra\u0111eni za stil, stvoreni za trajnost!\",\"potentialAction\":[{\"@type\":\"SearchAction\",\"target\":{\"@type\":\"EntryPoint\",\"urlTemplate\":\"https:\/\/www.roplast.hr\/it\/?s={search_term_string}\"},\"query-input\":{\"@type\":\"PropertyValueSpecification\",\"valueRequired\":true,\"valueName\":\"search_term_string\"}}],\"inLanguage\":\"it-IT\"}]}<\/script>\n<!-- \/ Yoast SEO plugin. -->","yoast_head_json":{"title":"Deceuninck ELEGANT - Roplast","robots":{"index":"index","follow":"follow","max-snippet":"max-snippet:-1","max-image-preview":"max-image-preview:large","max-video-preview":"max-video-preview:-1"},"canonical":"https:\/\/www.roplast.hr\/it\/offerta\/carpenteria-in-pvc\/porte-dingresso-deceuninck\/deceuninck-elegant\/","og_locale":"it_IT","og_type":"article","og_title":"Deceuninck ELEGANT - Roplast","og_description":"La nostra offerta di infissi in PVC ROPLAST di alta qualit\u00e0 del rinomato marchio Deceuninck offre qualit\u00e0 eccezionale, design moderno e durata. Offriamo una vasta gamma di prodotti, tra cui finestre, porte e sistemi per pareti scorrevoli, [&hellip;]","og_url":"https:\/\/www.roplast.hr\/it\/offerta\/carpenteria-in-pvc\/porte-dingresso-deceuninck\/deceuninck-elegant\/","og_site_name":"Roplast","article_modified_time":"2025-01-08T12:45:33+00:00","og_image":[{"width":1600,"height":1200,"url":"https:\/\/www.roplast.hr\/wp-content\/uploads\/2024\/10\/Large-Elegant-Infinity-76-1.jpg","type":"image\/jpeg"}],"twitter_card":"summary_large_image","twitter_misc":{"Tempo di lettura stimato":"2 minuti"},"schema":{"@context":"https:\/\/schema.org","@graph":[{"@type":"WebPage","@id":"https:\/\/www.roplast.hr\/it\/offerta\/carpenteria-in-pvc\/porte-dingresso-deceuninck\/deceuninck-elegant\/","url":"https:\/\/www.roplast.hr\/it\/offerta\/carpenteria-in-pvc\/porte-dingresso-deceuninck\/deceuninck-elegant\/","name":"Deceuninck ELEGANT - Roplast","isPartOf":{"@id":"https:\/\/www.roplast.hr\/it\/#website"},"primaryImageOfPage":{"@id":"https:\/\/www.roplast.hr\/it\/offerta\/carpenteria-in-pvc\/porte-dingresso-deceuninck\/deceuninck-elegant\/#primaryimage"},"image":{"@id":"https:\/\/www.roplast.hr\/it\/offerta\/carpenteria-in-pvc\/porte-dingresso-deceuninck\/deceuninck-elegant\/#primaryimage"},"thumbnailUrl":"https:\/\/www.roplast.hr\/wp-content\/uploads\/2024\/10\/Large-Elegant-Infinity-76-1.jpg","datePublished":"2024-10-11T04:54:13+00:00","dateModified":"2025-01-08T12:45:33+00:00","breadcrumb":{"@id":"https:\/\/www.roplast.hr\/it\/offerta\/carpenteria-in-pvc\/porte-dingresso-deceuninck\/deceuninck-elegant\/#breadcrumb"},"inLanguage":"it-IT","potentialAction":[{"@type":"ReadAction","target":["https:\/\/www.roplast.hr\/it\/offerta\/carpenteria-in-pvc\/porte-dingresso-deceuninck\/deceuninck-elegant\/"]}]},{"@type":"ImageObject","inLanguage":"it-IT","@id":"https:\/\/www.roplast.hr\/it\/offerta\/carpenteria-in-pvc\/porte-dingresso-deceuninck\/deceuninck-elegant\/#primaryimage","url":"https:\/\/www.roplast.hr\/wp-content\/uploads\/2024\/10\/Large-Elegant-Infinity-76-1.jpg","contentUrl":"https:\/\/www.roplast.hr\/wp-content\/uploads\/2024\/10\/Large-Elegant-Infinity-76-1.jpg","width":1600,"height":1200},{"@type":"BreadcrumbList","@id":"https:\/\/www.roplast.hr\/it\/offerta\/carpenteria-in-pvc\/porte-dingresso-deceuninck\/deceuninck-elegant\/#breadcrumb","itemListElement":[{"@type":"ListItem","position":1,"name":"Po\u010detna stranica","item":"https:\/\/www.roplast.hr\/it\/"},{"@type":"ListItem","position":2,"name":"Offerta","item":"https:\/\/www.roplast.hr\/it\/offerta\/"},{"@type":"ListItem","position":3,"name":"Carpenteria in PVC","item":"https:\/\/www.roplast.hr\/it\/offerta\/carpenteria-in-pvc\/"},{"@type":"ListItem","position":4,"name":"Porte d&#8217;ingresso Deceuninck","item":"https:\/\/www.roplast.hr\/it\/offerta\/carpenteria-in-pvc\/porte-dingresso-deceuninck\/"},{"@type":"ListItem","position":5,"name":"Deceuninck ELEGANT"}]},{"@type":"WebSite","@id":"https:\/\/www.roplast.hr\/it\/#website","url":"https:\/\/www.roplast.hr\/it\/","name":"Roplast","description":"Izra\u0111eni za stil, stvoreni za trajnost!","potentialAction":[{"@type":"SearchAction","target":{"@type":"EntryPoint","urlTemplate":"https:\/\/www.roplast.hr\/it\/?s={search_term_string}"},"query-input":{"@type":"PropertyValueSpecification","valueRequired":true,"valueName":"search_term_string"}}],"inLanguage":"it-IT"}]}},"_links":{"self":[{"href":"https:\/\/www.roplast.hr\/it\/wp-json\/wp\/v2\/pages\/11818","targetHints":{"allow":["GET"]}}],"collection":[{"href":"https:\/\/www.roplast.hr\/it\/wp-json\/wp\/v2\/pages"}],"about":[{"href":"https:\/\/www.roplast.hr\/it\/wp-json\/wp\/v2\/types\/page"}],"author":[{"embeddable":true,"href":"https:\/\/www.roplast.hr\/it\/wp-json\/wp\/v2\/users\/1"}],"replies":[{"embeddable":true,"href":"https:\/\/www.roplast.hr\/it\/wp-json\/wp\/v2\/comments?post=11818"}],"version-history":[{"count":1,"href":"https:\/\/www.roplast.hr\/it\/wp-json\/wp\/v2\/pages\/11818\/revisions"}],"predecessor-version":[{"id":11819,"href":"https:\/\/www.roplast.hr\/it\/wp-json\/wp\/v2\/pages\/11818\/revisions\/11819"}],"up":[{"embeddable":true,"href":"https:\/\/www.roplast.hr\/it\/wp-json\/wp\/v2\/pages\/11816"}],"wp:featuredmedia":[{"embeddable":true,"href":"https:\/\/www.roplast.hr\/it\/wp-json\/wp\/v2\/media\/7975"}],"wp:attachment":[{"href":"https:\/\/www.roplast.hr\/it\/wp-json\/wp\/v2\/media?parent=11818"}],"curies":[{"name":"wp","href":"https:\/\/api.w.org\/{rel}","templated":true}]}}