{"id":11866,"date":"2024-10-18T17:58:26","date_gmt":"2024-10-18T17:58:26","guid":{"rendered":"https:\/\/www.roplast.hr\/offerta\/sistemi-di-oscuramento\/persiane-3\/persiane-con-cassonetto-soprafinestra-sottofacciata\/"},"modified":"2025-01-08T13:24:45","modified_gmt":"2025-01-08T13:24:45","slug":"persiane-con-cassonetto-soprafinestra-sottofacciata","status":"publish","type":"page","link":"https:\/\/www.roplast.hr\/it\/offerta\/sistemi-di-oscuramento\/persiane-3\/persiane-con-cassonetto-soprafinestra-sottofacciata\/","title":{"rendered":"PERSIANE CON CASSONETTO SOPRAFINESTRA SOTTOFACCIATA"},"content":{"rendered":"\t\t<div data-elementor-type=\"wp-post\" data-elementor-id=\"11866\" class=\"elementor elementor-11866 elementor-8848\">\n\t\t\t\t<div class=\"elementor-element elementor-element-00a6ef8 e-flex e-con-boxed e-con e-parent\" data-id=\"00a6ef8\" data-element_type=\"container\">\n\t\t\t\t\t<div class=\"e-con-inner\">\n\t\t\t\t<div class=\"elementor-element elementor-element-9c9c54d elementor-widget elementor-widget-text-editor\" data-id=\"9c9c54d\" data-element_type=\"widget\" data-widget_type=\"text-editor.default\">\n\t\t\t\t<div class=\"elementor-widget-container\">\n\t\t\t\t\t\t\t\t\t<p>ROPLAST offre un&#8217;ampia gamma di sistemi ombreggianti ideali per tutte le tipologie di edifici, da quelli residenziali a quelli commerciali. Offriamo prodotti di altissima qualit\u00e0, tra cui tende, veneziane, avvolgibili e altri sistemi innovativi, che garantiscono una perfetta protezione dal sole e dalla privacy. Vari modelli consentono l&#8217;adattamento a diverse esigenze e preferenze estetiche, mentre il design moderno garantisce durata e funzionalit\u00e0. Indipendentemente dalla tipologia di edificio, ROPLAST garantisce soluzioni che soddisfano i pi\u00f9 alti standard di qualit\u00e0 ed estetica.   <\/p>\n\t\t\t\t\t\t\t\t<\/div>\n\t\t\t\t<\/div>\n\t\t\t\t\t<\/div>\n\t\t\t\t<\/div>\n\t\t<div class=\"elementor-element elementor-element-7b7d02e e-flex e-con-boxed e-con e-parent\" data-id=\"7b7d02e\" data-element_type=\"container\">\n\t\t\t\t\t<div class=\"e-con-inner\">\n\t\t<div class=\"elementor-element elementor-element-224fc19 e-con-full e-flex e-con e-child\" data-id=\"224fc19\" data-element_type=\"container\">\n\t\t\t\t<div class=\"elementor-element elementor-element-8fdcb77 elementor-widget elementor-widget-image\" data-id=\"8fdcb77\" data-element_type=\"widget\" data-widget_type=\"image.default\">\n\t\t\t\t<div class=\"elementor-widget-container\">\n\t\t\t\t\t\t\t\t\t\t\t\t\t\t\t<img fetchpriority=\"high\" decoding=\"async\" width=\"600\" height=\"400\" src=\"https:\/\/www.roplast.hr\/wp-content\/uploads\/2024\/10\/VOD.jpg\" class=\"attachment-large size-large wp-image-8860\" alt=\"\" srcset=\"https:\/\/www.roplast.hr\/wp-content\/uploads\/2024\/10\/VOD.jpg 600w, https:\/\/www.roplast.hr\/wp-content\/uploads\/2024\/10\/VOD-300x200.jpg 300w\" sizes=\"(max-width: 600px) 100vw, 600px\" \/>\t\t\t\t\t\t\t\t\t\t\t\t\t\t\t<\/div>\n\t\t\t\t<\/div>\n\t\t\t\t<div class=\"elementor-element elementor-element-481ef3e elementor-widget elementor-widget-image\" data-id=\"481ef3e\" data-element_type=\"widget\" data-widget_type=\"image.default\">\n\t\t\t\t<div class=\"elementor-widget-container\">\n\t\t\t\t\t\t\t\t\t\t\t\t\t\t\t<img decoding=\"async\" width=\"600\" height=\"600\" src=\"https:\/\/www.roplast.hr\/wp-content\/uploads\/2024\/10\/NADPROZORSKA-PODFASADNA.jpg\" class=\"attachment-large size-large wp-image-8856\" alt=\"\" srcset=\"https:\/\/www.roplast.hr\/wp-content\/uploads\/2024\/10\/NADPROZORSKA-PODFASADNA.jpg 600w, https:\/\/www.roplast.hr\/wp-content\/uploads\/2024\/10\/NADPROZORSKA-PODFASADNA-300x300.jpg 300w, https:\/\/www.roplast.hr\/wp-content\/uploads\/2024\/10\/NADPROZORSKA-PODFASADNA-150x150.jpg 150w\" sizes=\"(max-width: 600px) 100vw, 600px\" \/>\t\t\t\t\t\t\t\t\t\t\t\t\t\t\t<\/div>\n\t\t\t\t<\/div>\n\t\t\t\t<\/div>\n\t\t<div class=\"elementor-element elementor-element-6ad4b86 e-con-full e-flex e-con e-child\" data-id=\"6ad4b86\" data-element_type=\"container\">\n\t\t\t\t<div class=\"elementor-element elementor-element-424b1e0 elementor-widget elementor-widget-heading\" data-id=\"424b1e0\" data-element_type=\"widget\" data-widget_type=\"heading.default\">\n\t\t\t\t<div class=\"elementor-widget-container\">\n\t\t\t\t\t<h2 class=\"elementor-heading-title elementor-size-default\">PERSIANE CON CASSONETTO SOPRAFINESTRA SOTTOFACCIATA<\/h2>\t\t\t\t<\/div>\n\t\t\t\t<\/div>\n\t\t\t\t<div class=\"elementor-element elementor-element-f51bdaa elementor-widget elementor-widget-text-editor\" data-id=\"f51bdaa\" data-element_type=\"widget\" data-widget_type=\"text-editor.default\">\n\t\t\t\t<div class=\"elementor-widget-container\">\n\t\t\t\t\t\t\t\t\t<p>Le persiane con cassonetto sottofacciata sopra la finestra vengono utilizzate nell&#8217;edilizia privata e commerciale, soprattutto per le nuove costruzioni. Sono collegati alla finestra e insieme ad essa sono installati nelle aperture come un unico elemento. A causa di questa propriet\u00e0, in seguito diventano quasi invisibili sull&#8217;oggetto.  <\/p>\n\t\t\t\t\t\t\t\t<\/div>\n\t\t\t\t<\/div>\n\t\t\t\t<div class=\"elementor-element elementor-element-03970e2 elementor-tabs-view-horizontal elementor-widget elementor-widget-tabs\" data-id=\"03970e2\" data-element_type=\"widget\" data-widget_type=\"tabs.default\">\n\t\t\t\t<div class=\"elementor-widget-container\">\n\t\t\t\t\t\t\t<div class=\"elementor-tabs\">\n\t\t\t<div class=\"elementor-tabs-wrapper\" role=\"tablist\" >\n\t\t\t\t\t\t\t\t\t<div id=\"elementor-tab-title-3761\" class=\"elementor-tab-title elementor-tab-desktop-title\" aria-selected=\"true\" data-tab=\"1\" role=\"tab\" tabindex=\"0\" aria-controls=\"elementor-tab-content-3761\" aria-expanded=\"false\">Descrizione<\/div>\n\t\t\t\t\t\t\t\t\t<div id=\"elementor-tab-title-3762\" class=\"elementor-tab-title elementor-tab-desktop-title\" aria-selected=\"false\" data-tab=\"2\" role=\"tab\" tabindex=\"-1\" aria-controls=\"elementor-tab-content-3762\" aria-expanded=\"false\">Vantaggi:<\/div>\n\t\t\t\t\t\t\t\t\t<div id=\"elementor-tab-title-3763\" class=\"elementor-tab-title elementor-tab-desktop-title\" aria-selected=\"false\" data-tab=\"3\" role=\"tab\" tabindex=\"-1\" aria-controls=\"elementor-tab-content-3763\" aria-expanded=\"false\">Foto<\/div>\n\t\t\t\t\t\t\t<\/div>\n\t\t\t<div class=\"elementor-tabs-content-wrapper\" role=\"tablist\" aria-orientation=\"vertical\">\n\t\t\t\t\t\t\t\t\t<div class=\"elementor-tab-title elementor-tab-mobile-title\" aria-selected=\"true\" data-tab=\"1\" role=\"tab\" tabindex=\"0\" aria-controls=\"elementor-tab-content-3761\" aria-expanded=\"false\">Descrizione<\/div>\n\t\t\t\t\t<div id=\"elementor-tab-content-3761\" class=\"elementor-tab-content elementor-clearfix\" data-tab=\"1\" role=\"tabpanel\" aria-labelledby=\"elementor-tab-title-3761\" tabindex=\"0\" hidden=\"false\"><p>La scatola traslucida in schiuma di poliuretano ha il pi\u00f9 alto fattore di isolamento sul mercato ed \u00e8 quindi apprezzata nelle costruzioni a basso consumo energetico. I sistemi possono essere inoltre dotati di zanzariere integrate e azionamento a motore. <\/p>\n<p>Ciascuna lamella della feritoia \u00e8 dotata di gomma su tutta la sua lunghezza, che impedisce il rumore durante il sollevamento e l&#8217;abbassamento della feritoia, anche in caso di vento forte. Se state costruendo un nuovo edificio, rimarrete colpiti dal sistema di tende esterne con cassonetto soprafinestra sottofacciata. \u00c8 un sistema con box in poliuretano espanso con propriet\u00e0 isolanti superiori.   <\/p>\n<\/div>\n\t\t\t\t\t\t\t\t\t<div class=\"elementor-tab-title elementor-tab-mobile-title\" aria-selected=\"false\" data-tab=\"2\" role=\"tab\" tabindex=\"-1\" aria-controls=\"elementor-tab-content-3762\" aria-expanded=\"false\">Vantaggi:<\/div>\n\t\t\t\t\t<div id=\"elementor-tab-content-3762\" class=\"elementor-tab-content elementor-clearfix\" data-tab=\"2\" role=\"tabpanel\" aria-labelledby=\"elementor-tab-title-3762\" tabindex=\"0\" hidden=\"hidden\"><ul>\n<li>Isolamento superiore<\/li>\n<li>Massimo comfort, perch\u00e9 protegge dagli insetti con la possibilit\u00e0 di zanzariera integrata<\/li>\n<li>Il cassonetto ha un elevato potere isolante ed uno speciale trattamento superficiale forato<\/li>\n<li>Permette un&#8217;installazione ottimale senza lavorazione preventiva della scatola durante la realizzazione dell&#8217;intonaco della facciata e degli interni<\/li>\n<li>La manutenzione viene effettuata dall&#8217;esterno<\/li>\n<\/ul>\n<\/div>\n\t\t\t\t\t\t\t\t\t<div class=\"elementor-tab-title elementor-tab-mobile-title\" aria-selected=\"false\" data-tab=\"3\" role=\"tab\" tabindex=\"-1\" aria-controls=\"elementor-tab-content-3763\" aria-expanded=\"false\">Foto<\/div>\n\t\t\t\t\t<div id=\"elementor-tab-content-3763\" class=\"elementor-tab-content elementor-clearfix\" data-tab=\"3\" role=\"tabpanel\" aria-labelledby=\"elementor-tab-title-3763\" tabindex=\"0\" hidden=\"hidden\">\n\t\t<style type=\"text\/css\">\n\t\t\t#gallery-1 {\n\t\t\t\tmargin: auto;\n\t\t\t}\n\t\t\t#gallery-1 .gallery-item {\n\t\t\t\tfloat: left;\n\t\t\t\tmargin-top: 10px;\n\t\t\t\ttext-align: center;\n\t\t\t\twidth: 33%;\n\t\t\t}\n\t\t\t#gallery-1 img {\n\t\t\t\tborder: 2px solid #cfcfcf;\n\t\t\t}\n\t\t\t#gallery-1 .gallery-caption {\n\t\t\t\tmargin-left: 0;\n\t\t\t}\n\t\t\t\/* see gallery_shortcode() in wp-includes\/media.php *\/\n\t\t<\/style>\n\t\t<div id='gallery-1' class='gallery galleryid-11866 gallery-columns-3 gallery-size-medium'><dl class='gallery-item'>\n\t\t\t<dt class='gallery-icon landscape'>\n\t\t\t\t<a href='https:\/\/www.roplast.hr\/wp-content\/uploads\/2024\/10\/VOD.jpg'><img decoding=\"async\" width=\"300\" height=\"200\" src=\"https:\/\/www.roplast.hr\/wp-content\/uploads\/2024\/10\/VOD-300x200.jpg\" class=\"attachment-medium size-medium\" alt=\"\" srcset=\"https:\/\/www.roplast.hr\/wp-content\/uploads\/2024\/10\/VOD-300x200.jpg 300w, https:\/\/www.roplast.hr\/wp-content\/uploads\/2024\/10\/VOD.jpg 600w\" sizes=\"(max-width: 300px) 100vw, 300px\" \/><\/a>\n\t\t\t<\/dt><\/dl><dl class='gallery-item'>\n\t\t\t<dt class='gallery-icon landscape'>\n\t\t\t\t<a href='https:\/\/www.roplast.hr\/wp-content\/uploads\/2024\/10\/NADPROZORSKA-PODFASADNA.jpg'><img loading=\"lazy\" decoding=\"async\" width=\"300\" height=\"300\" src=\"https:\/\/www.roplast.hr\/wp-content\/uploads\/2024\/10\/NADPROZORSKA-PODFASADNA-300x300.jpg\" class=\"attachment-medium size-medium\" alt=\"\" srcset=\"https:\/\/www.roplast.hr\/wp-content\/uploads\/2024\/10\/NADPROZORSKA-PODFASADNA-300x300.jpg 300w, https:\/\/www.roplast.hr\/wp-content\/uploads\/2024\/10\/NADPROZORSKA-PODFASADNA-150x150.jpg 150w, https:\/\/www.roplast.hr\/wp-content\/uploads\/2024\/10\/NADPROZORSKA-PODFASADNA.jpg 600w\" sizes=\"(max-width: 300px) 100vw, 300px\" \/><\/a>\n\t\t\t<\/dt><\/dl>\n\t\t\t<br style='clear: both' \/>\n\t\t<\/div>\n\n<\/div>\n\t\t\t\t\t\t\t<\/div>\n\t\t<\/div>\n\t\t\t\t\t\t<\/div>\n\t\t\t\t<\/div>\n\t\t\t\t<div class=\"elementor-element elementor-element-6776e61 elementor-widget elementor-widget-heading\" data-id=\"6776e61\" data-element_type=\"widget\" data-widget_type=\"heading.default\">\n\t\t\t\t<div class=\"elementor-widget-container\">\n\t\t\t\t\t<h6 class=\"elementor-heading-title elementor-size-default\">Vuoi saperne di pi\u00f9 su questo prodotto?<\/h6>\t\t\t\t<\/div>\n\t\t\t\t<\/div>\n\t\t\t\t<div class=\"elementor-element elementor-element-2ea8dba elementor-align-left elementor-widget elementor-widget-button\" data-id=\"2ea8dba\" data-element_type=\"widget\" data-widget_type=\"button.default\">\n\t\t\t\t<div class=\"elementor-widget-container\">\n\t\t\t\t\t\t\t\t\t<div class=\"elementor-button-wrapper\">\n\t\t\t\t\t<a class=\"elementor-button elementor-button-link elementor-size-sm\" href=\"https:\/\/www.roplast.hr\/it\/contatto\/\">\n\t\t\t\t\t\t<span class=\"elementor-button-content-wrapper\">\n\t\t\t\t\t\t\t\t\t<span class=\"elementor-button-text\">INVIA UNA RICHIESTA<\/span>\n\t\t\t\t\t<\/span>\n\t\t\t\t\t<\/a>\n\t\t\t\t<\/div>\n\t\t\t\t\t\t\t\t<\/div>\n\t\t\t\t<\/div>\n\t\t\t\t<\/div>\n\t\t\t\t\t<\/div>\n\t\t\t\t<\/div>\n\t\t\t\t<\/div>\n\t\t","protected":false},"excerpt":{"rendered":"<p>ROPLAST offre un&#8217;ampia gamma di sistemi ombreggianti ideali per tutte le tipologie di edifici, da quelli residenziali a quelli commerciali. Offriamo prodotti di altissima qualit\u00e0, tra cui tende, veneziane, avvolgibili e altri sistemi innovativi, che garantiscono una [&hellip;]<\/p>\n","protected":false},"author":1,"featured_media":6534,"parent":11864,"menu_order":0,"comment_status":"closed","ping_status":"closed","template":"","meta":{"footnotes":""},"class_list":["post-11866","page","type-page","status-publish","has-post-thumbnail","hentry"],"yoast_head":"<!-- This site is optimized with the Yoast SEO plugin v25.4 - https:\/\/yoast.com\/wordpress\/plugins\/seo\/ -->\n<title>PERSIANE CON CASSONETTO SOPRAFINESTRA SOTTOFACCIATA - Roplast<\/title>\n<meta name=\"robots\" content=\"index, follow, max-snippet:-1, max-image-preview:large, max-video-preview:-1\" \/>\n<link rel=\"canonical\" href=\"https:\/\/www.roplast.hr\/it\/offerta\/sistemi-di-oscuramento\/persiane-3\/persiane-con-cassonetto-soprafinestra-sottofacciata\/\" \/>\n<meta property=\"og:locale\" content=\"it_IT\" \/>\n<meta property=\"og:type\" content=\"article\" \/>\n<meta property=\"og:title\" content=\"PERSIANE CON CASSONETTO SOPRAFINESTRA SOTTOFACCIATA - Roplast\" \/>\n<meta property=\"og:description\" content=\"ROPLAST offre un&#8217;ampia gamma di sistemi ombreggianti ideali per tutte le tipologie di edifici, da quelli residenziali a quelli commerciali. Offriamo prodotti di altissima qualit\u00e0, tra cui tende, veneziane, avvolgibili e altri sistemi innovativi, che garantiscono una [&hellip;]\" \/>\n<meta property=\"og:url\" content=\"https:\/\/www.roplast.hr\/it\/offerta\/sistemi-di-oscuramento\/persiane-3\/persiane-con-cassonetto-soprafinestra-sottofacciata\/\" \/>\n<meta property=\"og:site_name\" content=\"Roplast\" \/>\n<meta property=\"article:modified_time\" content=\"2025-01-08T13:24:45+00:00\" \/>\n<meta property=\"og:image\" content=\"https:\/\/www.roplast.hr\/wp-content\/uploads\/2024\/09\/26_91-1.png\" \/>\n\t<meta property=\"og:image:width\" content=\"766\" \/>\n\t<meta property=\"og:image:height\" content=\"875\" \/>\n\t<meta property=\"og:image:type\" content=\"image\/png\" \/>\n<meta name=\"twitter:card\" content=\"summary_large_image\" \/>\n<meta name=\"twitter:label1\" content=\"Tempo di lettura stimato\" \/>\n\t<meta name=\"twitter:data1\" content=\"1 minuto\" \/>\n<script type=\"application\/ld+json\" class=\"yoast-schema-graph\">{\"@context\":\"https:\/\/schema.org\",\"@graph\":[{\"@type\":\"WebPage\",\"@id\":\"https:\/\/www.roplast.hr\/it\/offerta\/sistemi-di-oscuramento\/persiane-3\/persiane-con-cassonetto-soprafinestra-sottofacciata\/\",\"url\":\"https:\/\/www.roplast.hr\/it\/offerta\/sistemi-di-oscuramento\/persiane-3\/persiane-con-cassonetto-soprafinestra-sottofacciata\/\",\"name\":\"PERSIANE CON CASSONETTO SOPRAFINESTRA SOTTOFACCIATA - Roplast\",\"isPartOf\":{\"@id\":\"https:\/\/www.roplast.hr\/it\/#website\"},\"primaryImageOfPage\":{\"@id\":\"https:\/\/www.roplast.hr\/it\/offerta\/sistemi-di-oscuramento\/persiane-3\/persiane-con-cassonetto-soprafinestra-sottofacciata\/#primaryimage\"},\"image\":{\"@id\":\"https:\/\/www.roplast.hr\/it\/offerta\/sistemi-di-oscuramento\/persiane-3\/persiane-con-cassonetto-soprafinestra-sottofacciata\/#primaryimage\"},\"thumbnailUrl\":\"https:\/\/www.roplast.hr\/wp-content\/uploads\/2024\/09\/26_91-1.png\",\"datePublished\":\"2024-10-18T17:58:26+00:00\",\"dateModified\":\"2025-01-08T13:24:45+00:00\",\"breadcrumb\":{\"@id\":\"https:\/\/www.roplast.hr\/it\/offerta\/sistemi-di-oscuramento\/persiane-3\/persiane-con-cassonetto-soprafinestra-sottofacciata\/#breadcrumb\"},\"inLanguage\":\"it-IT\",\"potentialAction\":[{\"@type\":\"ReadAction\",\"target\":[\"https:\/\/www.roplast.hr\/it\/offerta\/sistemi-di-oscuramento\/persiane-3\/persiane-con-cassonetto-soprafinestra-sottofacciata\/\"]}]},{\"@type\":\"ImageObject\",\"inLanguage\":\"it-IT\",\"@id\":\"https:\/\/www.roplast.hr\/it\/offerta\/sistemi-di-oscuramento\/persiane-3\/persiane-con-cassonetto-soprafinestra-sottofacciata\/#primaryimage\",\"url\":\"https:\/\/www.roplast.hr\/wp-content\/uploads\/2024\/09\/26_91-1.png\",\"contentUrl\":\"https:\/\/www.roplast.hr\/wp-content\/uploads\/2024\/09\/26_91-1.png\",\"width\":766,\"height\":875},{\"@type\":\"BreadcrumbList\",\"@id\":\"https:\/\/www.roplast.hr\/it\/offerta\/sistemi-di-oscuramento\/persiane-3\/persiane-con-cassonetto-soprafinestra-sottofacciata\/#breadcrumb\",\"itemListElement\":[{\"@type\":\"ListItem\",\"position\":1,\"name\":\"Po\u010detna stranica\",\"item\":\"https:\/\/www.roplast.hr\/it\/\"},{\"@type\":\"ListItem\",\"position\":2,\"name\":\"Offerta\",\"item\":\"https:\/\/www.roplast.hr\/it\/offerta\/\"},{\"@type\":\"ListItem\",\"position\":3,\"name\":\"Sistemi di oscuramento\",\"item\":\"https:\/\/www.roplast.hr\/it\/offerta\/sistemi-di-oscuramento\/\"},{\"@type\":\"ListItem\",\"position\":4,\"name\":\"Persiane\",\"item\":\"https:\/\/www.roplast.hr\/it\/offerta\/sistemi-di-oscuramento\/persiane-3\/\"},{\"@type\":\"ListItem\",\"position\":5,\"name\":\"PERSIANE CON CASSONETTO SOPRAFINESTRA SOTTOFACCIATA\"}]},{\"@type\":\"WebSite\",\"@id\":\"https:\/\/www.roplast.hr\/it\/#website\",\"url\":\"https:\/\/www.roplast.hr\/it\/\",\"name\":\"Roplast\",\"description\":\"Izra\u0111eni za stil, stvoreni za trajnost!\",\"potentialAction\":[{\"@type\":\"SearchAction\",\"target\":{\"@type\":\"EntryPoint\",\"urlTemplate\":\"https:\/\/www.roplast.hr\/it\/?s={search_term_string}\"},\"query-input\":{\"@type\":\"PropertyValueSpecification\",\"valueRequired\":true,\"valueName\":\"search_term_string\"}}],\"inLanguage\":\"it-IT\"}]}<\/script>\n<!-- \/ Yoast SEO plugin. -->","yoast_head_json":{"title":"PERSIANE CON CASSONETTO SOPRAFINESTRA SOTTOFACCIATA - Roplast","robots":{"index":"index","follow":"follow","max-snippet":"max-snippet:-1","max-image-preview":"max-image-preview:large","max-video-preview":"max-video-preview:-1"},"canonical":"https:\/\/www.roplast.hr\/it\/offerta\/sistemi-di-oscuramento\/persiane-3\/persiane-con-cassonetto-soprafinestra-sottofacciata\/","og_locale":"it_IT","og_type":"article","og_title":"PERSIANE CON CASSONETTO SOPRAFINESTRA SOTTOFACCIATA - Roplast","og_description":"ROPLAST offre un&#8217;ampia gamma di sistemi ombreggianti ideali per tutte le tipologie di edifici, da quelli residenziali a quelli commerciali. Offriamo prodotti di altissima qualit\u00e0, tra cui tende, veneziane, avvolgibili e altri sistemi innovativi, che garantiscono una [&hellip;]","og_url":"https:\/\/www.roplast.hr\/it\/offerta\/sistemi-di-oscuramento\/persiane-3\/persiane-con-cassonetto-soprafinestra-sottofacciata\/","og_site_name":"Roplast","article_modified_time":"2025-01-08T13:24:45+00:00","og_image":[{"width":766,"height":875,"url":"https:\/\/www.roplast.hr\/wp-content\/uploads\/2024\/09\/26_91-1.png","type":"image\/png"}],"twitter_card":"summary_large_image","twitter_misc":{"Tempo di lettura stimato":"1 minuto"},"schema":{"@context":"https:\/\/schema.org","@graph":[{"@type":"WebPage","@id":"https:\/\/www.roplast.hr\/it\/offerta\/sistemi-di-oscuramento\/persiane-3\/persiane-con-cassonetto-soprafinestra-sottofacciata\/","url":"https:\/\/www.roplast.hr\/it\/offerta\/sistemi-di-oscuramento\/persiane-3\/persiane-con-cassonetto-soprafinestra-sottofacciata\/","name":"PERSIANE CON CASSONETTO SOPRAFINESTRA SOTTOFACCIATA - Roplast","isPartOf":{"@id":"https:\/\/www.roplast.hr\/it\/#website"},"primaryImageOfPage":{"@id":"https:\/\/www.roplast.hr\/it\/offerta\/sistemi-di-oscuramento\/persiane-3\/persiane-con-cassonetto-soprafinestra-sottofacciata\/#primaryimage"},"image":{"@id":"https:\/\/www.roplast.hr\/it\/offerta\/sistemi-di-oscuramento\/persiane-3\/persiane-con-cassonetto-soprafinestra-sottofacciata\/#primaryimage"},"thumbnailUrl":"https:\/\/www.roplast.hr\/wp-content\/uploads\/2024\/09\/26_91-1.png","datePublished":"2024-10-18T17:58:26+00:00","dateModified":"2025-01-08T13:24:45+00:00","breadcrumb":{"@id":"https:\/\/www.roplast.hr\/it\/offerta\/sistemi-di-oscuramento\/persiane-3\/persiane-con-cassonetto-soprafinestra-sottofacciata\/#breadcrumb"},"inLanguage":"it-IT","potentialAction":[{"@type":"ReadAction","target":["https:\/\/www.roplast.hr\/it\/offerta\/sistemi-di-oscuramento\/persiane-3\/persiane-con-cassonetto-soprafinestra-sottofacciata\/"]}]},{"@type":"ImageObject","inLanguage":"it-IT","@id":"https:\/\/www.roplast.hr\/it\/offerta\/sistemi-di-oscuramento\/persiane-3\/persiane-con-cassonetto-soprafinestra-sottofacciata\/#primaryimage","url":"https:\/\/www.roplast.hr\/wp-content\/uploads\/2024\/09\/26_91-1.png","contentUrl":"https:\/\/www.roplast.hr\/wp-content\/uploads\/2024\/09\/26_91-1.png","width":766,"height":875},{"@type":"BreadcrumbList","@id":"https:\/\/www.roplast.hr\/it\/offerta\/sistemi-di-oscuramento\/persiane-3\/persiane-con-cassonetto-soprafinestra-sottofacciata\/#breadcrumb","itemListElement":[{"@type":"ListItem","position":1,"name":"Po\u010detna stranica","item":"https:\/\/www.roplast.hr\/it\/"},{"@type":"ListItem","position":2,"name":"Offerta","item":"https:\/\/www.roplast.hr\/it\/offerta\/"},{"@type":"ListItem","position":3,"name":"Sistemi di oscuramento","item":"https:\/\/www.roplast.hr\/it\/offerta\/sistemi-di-oscuramento\/"},{"@type":"ListItem","position":4,"name":"Persiane","item":"https:\/\/www.roplast.hr\/it\/offerta\/sistemi-di-oscuramento\/persiane-3\/"},{"@type":"ListItem","position":5,"name":"PERSIANE CON CASSONETTO SOPRAFINESTRA SOTTOFACCIATA"}]},{"@type":"WebSite","@id":"https:\/\/www.roplast.hr\/it\/#website","url":"https:\/\/www.roplast.hr\/it\/","name":"Roplast","description":"Izra\u0111eni za stil, stvoreni za trajnost!","potentialAction":[{"@type":"SearchAction","target":{"@type":"EntryPoint","urlTemplate":"https:\/\/www.roplast.hr\/it\/?s={search_term_string}"},"query-input":{"@type":"PropertyValueSpecification","valueRequired":true,"valueName":"search_term_string"}}],"inLanguage":"it-IT"}]}},"_links":{"self":[{"href":"https:\/\/www.roplast.hr\/it\/wp-json\/wp\/v2\/pages\/11866","targetHints":{"allow":["GET"]}}],"collection":[{"href":"https:\/\/www.roplast.hr\/it\/wp-json\/wp\/v2\/pages"}],"about":[{"href":"https:\/\/www.roplast.hr\/it\/wp-json\/wp\/v2\/types\/page"}],"author":[{"embeddable":true,"href":"https:\/\/www.roplast.hr\/it\/wp-json\/wp\/v2\/users\/1"}],"replies":[{"embeddable":true,"href":"https:\/\/www.roplast.hr\/it\/wp-json\/wp\/v2\/comments?post=11866"}],"version-history":[{"count":2,"href":"https:\/\/www.roplast.hr\/it\/wp-json\/wp\/v2\/pages\/11866\/revisions"}],"predecessor-version":[{"id":11869,"href":"https:\/\/www.roplast.hr\/it\/wp-json\/wp\/v2\/pages\/11866\/revisions\/11869"}],"up":[{"embeddable":true,"href":"https:\/\/www.roplast.hr\/it\/wp-json\/wp\/v2\/pages\/11864"}],"wp:featuredmedia":[{"embeddable":true,"href":"https:\/\/www.roplast.hr\/it\/wp-json\/wp\/v2\/media\/6534"}],"wp:attachment":[{"href":"https:\/\/www.roplast.hr\/it\/wp-json\/wp\/v2\/media?parent=11866"}],"curies":[{"name":"wp","href":"https:\/\/api.w.org\/{rel}","templated":true}]}}