{"id":11873,"date":"2024-10-18T17:45:59","date_gmt":"2024-10-18T17:45:59","guid":{"rendered":"https:\/\/www.roplast.hr\/offerta\/sistemi-di-oscuramento\/persiane-3\/persiane-con-cassonetto-finestra-sottofacciata\/"},"modified":"2025-01-08T13:29:00","modified_gmt":"2025-01-08T13:29:00","slug":"persiane-con-cassonetto-finestra-sottofacciata","status":"publish","type":"page","link":"https:\/\/www.roplast.hr\/it\/offerta\/sistemi-di-oscuramento\/persiane-3\/persiane-con-cassonetto-finestra-sottofacciata\/","title":{"rendered":"PERSIANE CON CASSONETTO FINESTRA SOTTOFACCIATA"},"content":{"rendered":"\t\t<div data-elementor-type=\"wp-post\" data-elementor-id=\"11873\" class=\"elementor elementor-11873 elementor-8824\">\n\t\t\t\t<div class=\"elementor-element elementor-element-00a6ef8 e-flex e-con-boxed e-con e-parent\" data-id=\"00a6ef8\" data-element_type=\"container\">\n\t\t\t\t\t<div class=\"e-con-inner\">\n\t\t\t\t<div class=\"elementor-element elementor-element-9c9c54d elementor-widget elementor-widget-text-editor\" data-id=\"9c9c54d\" data-element_type=\"widget\" data-widget_type=\"text-editor.default\">\n\t\t\t\t<div class=\"elementor-widget-container\">\n\t\t\t\t\t\t\t\t\t<p>ROPLAST offre un&#8217;ampia gamma di sistemi ombreggianti ideali per tutte le tipologie di edifici, da quelli residenziali a quelli commerciali. Offriamo prodotti di altissima qualit\u00e0, tra cui tende, veneziane, avvolgibili e altri sistemi innovativi, che garantiscono una perfetta protezione dal sole e dalla privacy. Vari modelli consentono l&#8217;adattamento a diverse esigenze e preferenze estetiche, mentre il design moderno garantisce durata e funzionalit\u00e0. Indipendentemente dalla tipologia di edificio, ROPLAST garantisce soluzioni che soddisfano i pi\u00f9 alti standard di qualit\u00e0 ed estetica.   <\/p>\n\t\t\t\t\t\t\t\t<\/div>\n\t\t\t\t<\/div>\n\t\t\t\t\t<\/div>\n\t\t\t\t<\/div>\n\t\t<div class=\"elementor-element elementor-element-7b7d02e e-flex e-con-boxed e-con e-parent\" data-id=\"7b7d02e\" data-element_type=\"container\">\n\t\t\t\t\t<div class=\"e-con-inner\">\n\t\t<div class=\"elementor-element elementor-element-224fc19 e-con-full e-flex e-con e-child\" data-id=\"224fc19\" data-element_type=\"container\">\n\t\t\t\t<div class=\"elementor-element elementor-element-8fdcb77 elementor-widget elementor-widget-image\" data-id=\"8fdcb77\" data-element_type=\"widget\" data-widget_type=\"image.default\">\n\t\t\t\t<div class=\"elementor-widget-container\">\n\t\t\t\t\t\t\t\t\t\t\t\t\t\t\t<img fetchpriority=\"high\" decoding=\"async\" width=\"1024\" height=\"445\" src=\"https:\/\/www.roplast.hr\/wp-content\/uploads\/2024\/10\/3-1024x445.jpg\" class=\"attachment-large size-large wp-image-8841\" alt=\"\" srcset=\"https:\/\/www.roplast.hr\/wp-content\/uploads\/2024\/10\/3-1024x445.jpg 1024w, https:\/\/www.roplast.hr\/wp-content\/uploads\/2024\/10\/3-300x131.jpg 300w, https:\/\/www.roplast.hr\/wp-content\/uploads\/2024\/10\/3-768x334.jpg 768w, https:\/\/www.roplast.hr\/wp-content\/uploads\/2024\/10\/3-1536x668.jpg 1536w, https:\/\/www.roplast.hr\/wp-content\/uploads\/2024\/10\/3.jpg 1600w\" sizes=\"(max-width: 1024px) 100vw, 1024px\" \/>\t\t\t\t\t\t\t\t\t\t\t\t\t\t\t<\/div>\n\t\t\t\t<\/div>\n\t\t\t\t<div class=\"elementor-element elementor-element-481ef3e elementor-widget elementor-widget-image\" data-id=\"481ef3e\" data-element_type=\"widget\" data-widget_type=\"image.default\">\n\t\t\t\t<div class=\"elementor-widget-container\">\n\t\t\t\t\t\t\t\t\t\t\t\t\t\t\t<img decoding=\"async\" width=\"600\" height=\"600\" src=\"https:\/\/www.roplast.hr\/wp-content\/uploads\/2024\/10\/predprozorska-podfasadna-s-kutijom.jpg\" class=\"attachment-large size-large wp-image-8837\" alt=\"\" srcset=\"https:\/\/www.roplast.hr\/wp-content\/uploads\/2024\/10\/predprozorska-podfasadna-s-kutijom.jpg 600w, https:\/\/www.roplast.hr\/wp-content\/uploads\/2024\/10\/predprozorska-podfasadna-s-kutijom-300x300.jpg 300w, https:\/\/www.roplast.hr\/wp-content\/uploads\/2024\/10\/predprozorska-podfasadna-s-kutijom-150x150.jpg 150w\" sizes=\"(max-width: 600px) 100vw, 600px\" \/>\t\t\t\t\t\t\t\t\t\t\t\t\t\t\t<\/div>\n\t\t\t\t<\/div>\n\t\t\t\t<div class=\"elementor-element elementor-element-d6a27f2 elementor-widget elementor-widget-image\" data-id=\"d6a27f2\" data-element_type=\"widget\" data-widget_type=\"image.default\">\n\t\t\t\t<div class=\"elementor-widget-container\">\n\t\t\t\t\t\t\t\t\t\t\t\t\t\t\t<img decoding=\"async\" width=\"600\" height=\"600\" src=\"https:\/\/www.roplast.hr\/wp-content\/uploads\/2024\/10\/predprozorska-podfasadna.jpg\" class=\"attachment-large size-large wp-image-8833\" alt=\"\" srcset=\"https:\/\/www.roplast.hr\/wp-content\/uploads\/2024\/10\/predprozorska-podfasadna.jpg 600w, https:\/\/www.roplast.hr\/wp-content\/uploads\/2024\/10\/predprozorska-podfasadna-300x300.jpg 300w, https:\/\/www.roplast.hr\/wp-content\/uploads\/2024\/10\/predprozorska-podfasadna-150x150.jpg 150w\" sizes=\"(max-width: 600px) 100vw, 600px\" \/>\t\t\t\t\t\t\t\t\t\t\t\t\t\t\t<\/div>\n\t\t\t\t<\/div>\n\t\t\t\t<\/div>\n\t\t<div class=\"elementor-element elementor-element-6ad4b86 e-con-full e-flex e-con e-child\" data-id=\"6ad4b86\" data-element_type=\"container\">\n\t\t\t\t<div class=\"elementor-element elementor-element-424b1e0 elementor-widget elementor-widget-heading\" data-id=\"424b1e0\" data-element_type=\"widget\" data-widget_type=\"heading.default\">\n\t\t\t\t<div class=\"elementor-widget-container\">\n\t\t\t\t\t<h2 class=\"elementor-heading-title elementor-size-default\">PERSIANE CON CASSONETTO FINESTRA SOTTOFACCIATA<\/h2>\t\t\t\t<\/div>\n\t\t\t\t<\/div>\n\t\t\t\t<div class=\"elementor-element elementor-element-f51bdaa elementor-widget elementor-widget-text-editor\" data-id=\"f51bdaa\" data-element_type=\"widget\" data-widget_type=\"text-editor.default\">\n\t\t\t\t<div class=\"elementor-widget-container\">\n\t\t\t\t\t\t\t\t\t<p>Questo nuovo sistema \u00e8 destinato principalmente a coloro che amano la perfezione tecnica, un aspetto minimalista e che attribuiscono grande importanza alle propriet\u00e0 di isolamento termico dell&#8217;oggetto.<\/p>\n<p>\u00c8 progettato in modo tale che la scatola e le guide siano completamente nascoste sotto l&#8217;intonaco, il che, oltre ad un aspetto impeccabile, impedisce la formazione di ponti termici e di condensa a contatto con il pannello.<br \/>Il coefficiente di trasmittanza termica della parte base delle guide \u00e8 dell&#8217;incredibile 0,0387 W\/mK.<\/p>\n<p>A differenza dei sistemi concorrenti, in cui l&#8217;installazione viene completata in pi\u00f9 fasi, l&#8217;installazione completa di questo sistema di tende viene eseguita in una sola visita. Il sistema con guide autoportanti viene installato insieme alla maschera e alle lamelle nell&#8217;apertura della finestra predisposta, il che semplifica notevolmente il lavoro della squadra di montaggio e dell&#8217;addetto alla facciata, e allo stesso tempo elimina la possibilit\u00e0 di errori nel processo di finitura. <\/p>\n\t\t\t\t\t\t\t\t<\/div>\n\t\t\t\t<\/div>\n\t\t\t\t<div class=\"elementor-element elementor-element-03970e2 elementor-tabs-view-horizontal elementor-widget elementor-widget-tabs\" data-id=\"03970e2\" data-element_type=\"widget\" data-widget_type=\"tabs.default\">\n\t\t\t\t<div class=\"elementor-widget-container\">\n\t\t\t\t\t\t\t<div class=\"elementor-tabs\">\n\t\t\t<div class=\"elementor-tabs-wrapper\" role=\"tablist\" >\n\t\t\t\t\t\t\t\t\t<div id=\"elementor-tab-title-3761\" class=\"elementor-tab-title elementor-tab-desktop-title\" aria-selected=\"true\" data-tab=\"1\" role=\"tab\" tabindex=\"0\" aria-controls=\"elementor-tab-content-3761\" aria-expanded=\"false\">Descrizione<\/div>\n\t\t\t\t\t\t\t\t\t<div id=\"elementor-tab-title-3762\" class=\"elementor-tab-title elementor-tab-desktop-title\" aria-selected=\"false\" data-tab=\"2\" role=\"tab\" tabindex=\"-1\" aria-controls=\"elementor-tab-content-3762\" aria-expanded=\"false\">Vantaggi:<\/div>\n\t\t\t\t\t\t\t\t\t<div id=\"elementor-tab-title-3763\" class=\"elementor-tab-title elementor-tab-desktop-title\" aria-selected=\"false\" data-tab=\"3\" role=\"tab\" tabindex=\"-1\" aria-controls=\"elementor-tab-content-3763\" aria-expanded=\"false\">Foto<\/div>\n\t\t\t\t\t\t\t<\/div>\n\t\t\t<div class=\"elementor-tabs-content-wrapper\" role=\"tablist\" aria-orientation=\"vertical\">\n\t\t\t\t\t\t\t\t\t<div class=\"elementor-tab-title elementor-tab-mobile-title\" aria-selected=\"true\" data-tab=\"1\" role=\"tab\" tabindex=\"0\" aria-controls=\"elementor-tab-content-3761\" aria-expanded=\"false\">Descrizione<\/div>\n\t\t\t\t\t<div id=\"elementor-tab-content-3761\" class=\"elementor-tab-content elementor-clearfix\" data-tab=\"1\" role=\"tabpanel\" aria-labelledby=\"elementor-tab-title-3761\" tabindex=\"0\" hidden=\"false\"><p>Il controllo pu\u00f2 avvenire tramite una corda, un motore elettrico con un pulsante o tramite un telecomando. Per le tende esterne con motore elettrico si consiglia di installare un sensore che segnaler\u00e0 automaticamente al motore elettrico di ripiegare le lamelle in un cassonetto in caso di forte vento. Questo sistema di protezione consente di preservare l&#8217;integrit\u00e0 delle tende e di prolungarne la durata.  <\/p>\n<\/div>\n\t\t\t\t\t\t\t\t\t<div class=\"elementor-tab-title elementor-tab-mobile-title\" aria-selected=\"false\" data-tab=\"2\" role=\"tab\" tabindex=\"-1\" aria-controls=\"elementor-tab-content-3762\" aria-expanded=\"false\">Vantaggi:<\/div>\n\t\t\t\t\t<div id=\"elementor-tab-content-3762\" class=\"elementor-tab-content elementor-clearfix\" data-tab=\"2\" role=\"tabpanel\" aria-labelledby=\"elementor-tab-title-3762\" tabindex=\"0\" hidden=\"hidden\"><ul>\n<li>Le tende esterne aiutano a mantenere un clima ottimale nelle stanze, bloccando fino all&#8217;80% del calore che altrimenti riscalderebbe l&#8217;interno.&nbsp;<\/li>\n<li>Diverse forme di lamelle e guide consentono soluzioni personalizzate per quasi tutti i requisiti di architettura e profilo della facciata.&nbsp;<\/li>\n<li>Il design elegante \u00e8 solo uno dei vantaggi delle tende su misura. Oltre al design classico con guide in alluminio, sono disponibili anche tende che si adattano perfettamente alla tua casa, con un&#8217;ampia gamma di colori e design. <\/li>\n<\/ul>\n<\/div>\n\t\t\t\t\t\t\t\t\t<div class=\"elementor-tab-title elementor-tab-mobile-title\" aria-selected=\"false\" data-tab=\"3\" role=\"tab\" tabindex=\"-1\" aria-controls=\"elementor-tab-content-3763\" aria-expanded=\"false\">Foto<\/div>\n\t\t\t\t\t<div id=\"elementor-tab-content-3763\" class=\"elementor-tab-content elementor-clearfix\" data-tab=\"3\" role=\"tabpanel\" aria-labelledby=\"elementor-tab-title-3763\" tabindex=\"0\" hidden=\"hidden\">\n\t\t<style type=\"text\/css\">\n\t\t\t#gallery-1 {\n\t\t\t\tmargin: auto;\n\t\t\t}\n\t\t\t#gallery-1 .gallery-item {\n\t\t\t\tfloat: left;\n\t\t\t\tmargin-top: 10px;\n\t\t\t\ttext-align: center;\n\t\t\t\twidth: 33%;\n\t\t\t}\n\t\t\t#gallery-1 img {\n\t\t\t\tborder: 2px solid #cfcfcf;\n\t\t\t}\n\t\t\t#gallery-1 .gallery-caption {\n\t\t\t\tmargin-left: 0;\n\t\t\t}\n\t\t\t\/* see gallery_shortcode() in wp-includes\/media.php *\/\n\t\t<\/style>\n\t\t<div id='gallery-1' class='gallery galleryid-11873 gallery-columns-3 gallery-size-medium'><dl class='gallery-item'>\n\t\t\t<dt class='gallery-icon landscape'>\n\t\t\t\t<a href='https:\/\/www.roplast.hr\/wp-content\/uploads\/2024\/10\/3.jpg'><img loading=\"lazy\" decoding=\"async\" width=\"300\" height=\"131\" src=\"https:\/\/www.roplast.hr\/wp-content\/uploads\/2024\/10\/3-300x131.jpg\" class=\"attachment-medium size-medium\" alt=\"\" srcset=\"https:\/\/www.roplast.hr\/wp-content\/uploads\/2024\/10\/3-300x131.jpg 300w, https:\/\/www.roplast.hr\/wp-content\/uploads\/2024\/10\/3-1024x445.jpg 1024w, https:\/\/www.roplast.hr\/wp-content\/uploads\/2024\/10\/3-768x334.jpg 768w, https:\/\/www.roplast.hr\/wp-content\/uploads\/2024\/10\/3-1536x668.jpg 1536w, https:\/\/www.roplast.hr\/wp-content\/uploads\/2024\/10\/3.jpg 1600w\" sizes=\"(max-width: 300px) 100vw, 300px\" \/><\/a>\n\t\t\t<\/dt><\/dl><dl class='gallery-item'>\n\t\t\t<dt class='gallery-icon landscape'>\n\t\t\t\t<a href='https:\/\/www.roplast.hr\/wp-content\/uploads\/2024\/10\/predprozorska-podfasadna.jpg'><img loading=\"lazy\" decoding=\"async\" width=\"300\" height=\"300\" src=\"https:\/\/www.roplast.hr\/wp-content\/uploads\/2024\/10\/predprozorska-podfasadna-300x300.jpg\" class=\"attachment-medium size-medium\" alt=\"\" srcset=\"https:\/\/www.roplast.hr\/wp-content\/uploads\/2024\/10\/predprozorska-podfasadna-300x300.jpg 300w, https:\/\/www.roplast.hr\/wp-content\/uploads\/2024\/10\/predprozorska-podfasadna-150x150.jpg 150w, https:\/\/www.roplast.hr\/wp-content\/uploads\/2024\/10\/predprozorska-podfasadna.jpg 600w\" sizes=\"(max-width: 300px) 100vw, 300px\" \/><\/a>\n\t\t\t<\/dt><\/dl><dl class='gallery-item'>\n\t\t\t<dt class='gallery-icon landscape'>\n\t\t\t\t<a href='https:\/\/www.roplast.hr\/wp-content\/uploads\/2024\/10\/predprozorska-podfasadna-s-kutijom.jpg'><img loading=\"lazy\" decoding=\"async\" width=\"300\" height=\"300\" src=\"https:\/\/www.roplast.hr\/wp-content\/uploads\/2024\/10\/predprozorska-podfasadna-s-kutijom-300x300.jpg\" class=\"attachment-medium size-medium\" alt=\"\" srcset=\"https:\/\/www.roplast.hr\/wp-content\/uploads\/2024\/10\/predprozorska-podfasadna-s-kutijom-300x300.jpg 300w, https:\/\/www.roplast.hr\/wp-content\/uploads\/2024\/10\/predprozorska-podfasadna-s-kutijom-150x150.jpg 150w, https:\/\/www.roplast.hr\/wp-content\/uploads\/2024\/10\/predprozorska-podfasadna-s-kutijom.jpg 600w\" sizes=\"(max-width: 300px) 100vw, 300px\" \/><\/a>\n\t\t\t<\/dt><\/dl><br style=\"clear: both\" \/>\n\t\t<\/div>\n\n<\/div>\n\t\t\t\t\t\t\t<\/div>\n\t\t<\/div>\n\t\t\t\t\t\t<\/div>\n\t\t\t\t<\/div>\n\t\t\t\t<div class=\"elementor-element elementor-element-6776e61 elementor-widget elementor-widget-heading\" data-id=\"6776e61\" data-element_type=\"widget\" data-widget_type=\"heading.default\">\n\t\t\t\t<div class=\"elementor-widget-container\">\n\t\t\t\t\t<h6 class=\"elementor-heading-title elementor-size-default\">Vuoi saperne di pi\u00f9 su questo prodotto?<\/h6>\t\t\t\t<\/div>\n\t\t\t\t<\/div>\n\t\t\t\t<div class=\"elementor-element elementor-element-2ea8dba elementor-align-left elementor-widget elementor-widget-button\" data-id=\"2ea8dba\" data-element_type=\"widget\" data-widget_type=\"button.default\">\n\t\t\t\t<div class=\"elementor-widget-container\">\n\t\t\t\t\t\t\t\t\t<div class=\"elementor-button-wrapper\">\n\t\t\t\t\t<a class=\"elementor-button elementor-button-link elementor-size-sm\" href=\"https:\/\/www.roplast.hr\/it\/contatto\/\">\n\t\t\t\t\t\t<span class=\"elementor-button-content-wrapper\">\n\t\t\t\t\t\t\t\t\t<span class=\"elementor-button-text\">INVIA UNA RICHIESTA<\/span>\n\t\t\t\t\t<\/span>\n\t\t\t\t\t<\/a>\n\t\t\t\t<\/div>\n\t\t\t\t\t\t\t\t<\/div>\n\t\t\t\t<\/div>\n\t\t\t\t<\/div>\n\t\t\t\t\t<\/div>\n\t\t\t\t<\/div>\n\t\t\t\t<\/div>\n\t\t","protected":false},"excerpt":{"rendered":"<p>ROPLAST offre un&#8217;ampia gamma di sistemi ombreggianti ideali per tutte le tipologie di edifici, da quelli residenziali a quelli commerciali. Offriamo prodotti di altissima qualit\u00e0, tra cui tende, veneziane, avvolgibili e altri sistemi innovativi, che garantiscono una [&hellip;]<\/p>\n","protected":false},"author":1,"featured_media":6534,"parent":11864,"menu_order":0,"comment_status":"closed","ping_status":"closed","template":"","meta":{"footnotes":""},"class_list":["post-11873","page","type-page","status-publish","has-post-thumbnail","hentry"],"yoast_head":"<!-- This site is optimized with the Yoast SEO plugin v25.4 - https:\/\/yoast.com\/wordpress\/plugins\/seo\/ -->\n<title>PERSIANE CON CASSONETTO FINESTRA SOTTOFACCIATA - Roplast<\/title>\n<meta name=\"robots\" content=\"index, follow, max-snippet:-1, max-image-preview:large, max-video-preview:-1\" \/>\n<link rel=\"canonical\" href=\"https:\/\/www.roplast.hr\/it\/offerta\/sistemi-di-oscuramento\/persiane-3\/persiane-con-cassonetto-finestra-sottofacciata\/\" \/>\n<meta property=\"og:locale\" content=\"it_IT\" \/>\n<meta property=\"og:type\" content=\"article\" \/>\n<meta property=\"og:title\" content=\"PERSIANE CON CASSONETTO FINESTRA SOTTOFACCIATA - Roplast\" \/>\n<meta property=\"og:description\" content=\"ROPLAST offre un&#8217;ampia gamma di sistemi ombreggianti ideali per tutte le tipologie di edifici, da quelli residenziali a quelli commerciali. Offriamo prodotti di altissima qualit\u00e0, tra cui tende, veneziane, avvolgibili e altri sistemi innovativi, che garantiscono una [&hellip;]\" \/>\n<meta property=\"og:url\" content=\"https:\/\/www.roplast.hr\/it\/offerta\/sistemi-di-oscuramento\/persiane-3\/persiane-con-cassonetto-finestra-sottofacciata\/\" \/>\n<meta property=\"og:site_name\" content=\"Roplast\" \/>\n<meta property=\"article:modified_time\" content=\"2025-01-08T13:29:00+00:00\" \/>\n<meta property=\"og:image\" content=\"https:\/\/www.roplast.hr\/wp-content\/uploads\/2024\/09\/26_91-1.png\" \/>\n\t<meta property=\"og:image:width\" content=\"766\" \/>\n\t<meta property=\"og:image:height\" content=\"875\" \/>\n\t<meta property=\"og:image:type\" content=\"image\/png\" \/>\n<meta name=\"twitter:card\" content=\"summary_large_image\" \/>\n<meta name=\"twitter:label1\" content=\"Tempo di lettura stimato\" \/>\n\t<meta name=\"twitter:data1\" content=\"2 minuti\" \/>\n<script type=\"application\/ld+json\" class=\"yoast-schema-graph\">{\"@context\":\"https:\/\/schema.org\",\"@graph\":[{\"@type\":\"WebPage\",\"@id\":\"https:\/\/www.roplast.hr\/it\/offerta\/sistemi-di-oscuramento\/persiane-3\/persiane-con-cassonetto-finestra-sottofacciata\/\",\"url\":\"https:\/\/www.roplast.hr\/it\/offerta\/sistemi-di-oscuramento\/persiane-3\/persiane-con-cassonetto-finestra-sottofacciata\/\",\"name\":\"PERSIANE CON CASSONETTO FINESTRA SOTTOFACCIATA - Roplast\",\"isPartOf\":{\"@id\":\"https:\/\/www.roplast.hr\/it\/#website\"},\"primaryImageOfPage\":{\"@id\":\"https:\/\/www.roplast.hr\/it\/offerta\/sistemi-di-oscuramento\/persiane-3\/persiane-con-cassonetto-finestra-sottofacciata\/#primaryimage\"},\"image\":{\"@id\":\"https:\/\/www.roplast.hr\/it\/offerta\/sistemi-di-oscuramento\/persiane-3\/persiane-con-cassonetto-finestra-sottofacciata\/#primaryimage\"},\"thumbnailUrl\":\"https:\/\/www.roplast.hr\/wp-content\/uploads\/2024\/09\/26_91-1.png\",\"datePublished\":\"2024-10-18T17:45:59+00:00\",\"dateModified\":\"2025-01-08T13:29:00+00:00\",\"breadcrumb\":{\"@id\":\"https:\/\/www.roplast.hr\/it\/offerta\/sistemi-di-oscuramento\/persiane-3\/persiane-con-cassonetto-finestra-sottofacciata\/#breadcrumb\"},\"inLanguage\":\"it-IT\",\"potentialAction\":[{\"@type\":\"ReadAction\",\"target\":[\"https:\/\/www.roplast.hr\/it\/offerta\/sistemi-di-oscuramento\/persiane-3\/persiane-con-cassonetto-finestra-sottofacciata\/\"]}]},{\"@type\":\"ImageObject\",\"inLanguage\":\"it-IT\",\"@id\":\"https:\/\/www.roplast.hr\/it\/offerta\/sistemi-di-oscuramento\/persiane-3\/persiane-con-cassonetto-finestra-sottofacciata\/#primaryimage\",\"url\":\"https:\/\/www.roplast.hr\/wp-content\/uploads\/2024\/09\/26_91-1.png\",\"contentUrl\":\"https:\/\/www.roplast.hr\/wp-content\/uploads\/2024\/09\/26_91-1.png\",\"width\":766,\"height\":875},{\"@type\":\"BreadcrumbList\",\"@id\":\"https:\/\/www.roplast.hr\/it\/offerta\/sistemi-di-oscuramento\/persiane-3\/persiane-con-cassonetto-finestra-sottofacciata\/#breadcrumb\",\"itemListElement\":[{\"@type\":\"ListItem\",\"position\":1,\"name\":\"Po\u010detna stranica\",\"item\":\"https:\/\/www.roplast.hr\/it\/\"},{\"@type\":\"ListItem\",\"position\":2,\"name\":\"Offerta\",\"item\":\"https:\/\/www.roplast.hr\/it\/offerta\/\"},{\"@type\":\"ListItem\",\"position\":3,\"name\":\"Sistemi di oscuramento\",\"item\":\"https:\/\/www.roplast.hr\/it\/offerta\/sistemi-di-oscuramento\/\"},{\"@type\":\"ListItem\",\"position\":4,\"name\":\"Persiane\",\"item\":\"https:\/\/www.roplast.hr\/it\/offerta\/sistemi-di-oscuramento\/persiane-3\/\"},{\"@type\":\"ListItem\",\"position\":5,\"name\":\"PERSIANE CON CASSONETTO FINESTRA SOTTOFACCIATA\"}]},{\"@type\":\"WebSite\",\"@id\":\"https:\/\/www.roplast.hr\/it\/#website\",\"url\":\"https:\/\/www.roplast.hr\/it\/\",\"name\":\"Roplast\",\"description\":\"Izra\u0111eni za stil, stvoreni za trajnost!\",\"potentialAction\":[{\"@type\":\"SearchAction\",\"target\":{\"@type\":\"EntryPoint\",\"urlTemplate\":\"https:\/\/www.roplast.hr\/it\/?s={search_term_string}\"},\"query-input\":{\"@type\":\"PropertyValueSpecification\",\"valueRequired\":true,\"valueName\":\"search_term_string\"}}],\"inLanguage\":\"it-IT\"}]}<\/script>\n<!-- \/ Yoast SEO plugin. -->","yoast_head_json":{"title":"PERSIANE CON CASSONETTO FINESTRA SOTTOFACCIATA - Roplast","robots":{"index":"index","follow":"follow","max-snippet":"max-snippet:-1","max-image-preview":"max-image-preview:large","max-video-preview":"max-video-preview:-1"},"canonical":"https:\/\/www.roplast.hr\/it\/offerta\/sistemi-di-oscuramento\/persiane-3\/persiane-con-cassonetto-finestra-sottofacciata\/","og_locale":"it_IT","og_type":"article","og_title":"PERSIANE CON CASSONETTO FINESTRA SOTTOFACCIATA - Roplast","og_description":"ROPLAST offre un&#8217;ampia gamma di sistemi ombreggianti ideali per tutte le tipologie di edifici, da quelli residenziali a quelli commerciali. Offriamo prodotti di altissima qualit\u00e0, tra cui tende, veneziane, avvolgibili e altri sistemi innovativi, che garantiscono una [&hellip;]","og_url":"https:\/\/www.roplast.hr\/it\/offerta\/sistemi-di-oscuramento\/persiane-3\/persiane-con-cassonetto-finestra-sottofacciata\/","og_site_name":"Roplast","article_modified_time":"2025-01-08T13:29:00+00:00","og_image":[{"width":766,"height":875,"url":"https:\/\/www.roplast.hr\/wp-content\/uploads\/2024\/09\/26_91-1.png","type":"image\/png"}],"twitter_card":"summary_large_image","twitter_misc":{"Tempo di lettura stimato":"2 minuti"},"schema":{"@context":"https:\/\/schema.org","@graph":[{"@type":"WebPage","@id":"https:\/\/www.roplast.hr\/it\/offerta\/sistemi-di-oscuramento\/persiane-3\/persiane-con-cassonetto-finestra-sottofacciata\/","url":"https:\/\/www.roplast.hr\/it\/offerta\/sistemi-di-oscuramento\/persiane-3\/persiane-con-cassonetto-finestra-sottofacciata\/","name":"PERSIANE CON CASSONETTO FINESTRA SOTTOFACCIATA - Roplast","isPartOf":{"@id":"https:\/\/www.roplast.hr\/it\/#website"},"primaryImageOfPage":{"@id":"https:\/\/www.roplast.hr\/it\/offerta\/sistemi-di-oscuramento\/persiane-3\/persiane-con-cassonetto-finestra-sottofacciata\/#primaryimage"},"image":{"@id":"https:\/\/www.roplast.hr\/it\/offerta\/sistemi-di-oscuramento\/persiane-3\/persiane-con-cassonetto-finestra-sottofacciata\/#primaryimage"},"thumbnailUrl":"https:\/\/www.roplast.hr\/wp-content\/uploads\/2024\/09\/26_91-1.png","datePublished":"2024-10-18T17:45:59+00:00","dateModified":"2025-01-08T13:29:00+00:00","breadcrumb":{"@id":"https:\/\/www.roplast.hr\/it\/offerta\/sistemi-di-oscuramento\/persiane-3\/persiane-con-cassonetto-finestra-sottofacciata\/#breadcrumb"},"inLanguage":"it-IT","potentialAction":[{"@type":"ReadAction","target":["https:\/\/www.roplast.hr\/it\/offerta\/sistemi-di-oscuramento\/persiane-3\/persiane-con-cassonetto-finestra-sottofacciata\/"]}]},{"@type":"ImageObject","inLanguage":"it-IT","@id":"https:\/\/www.roplast.hr\/it\/offerta\/sistemi-di-oscuramento\/persiane-3\/persiane-con-cassonetto-finestra-sottofacciata\/#primaryimage","url":"https:\/\/www.roplast.hr\/wp-content\/uploads\/2024\/09\/26_91-1.png","contentUrl":"https:\/\/www.roplast.hr\/wp-content\/uploads\/2024\/09\/26_91-1.png","width":766,"height":875},{"@type":"BreadcrumbList","@id":"https:\/\/www.roplast.hr\/it\/offerta\/sistemi-di-oscuramento\/persiane-3\/persiane-con-cassonetto-finestra-sottofacciata\/#breadcrumb","itemListElement":[{"@type":"ListItem","position":1,"name":"Po\u010detna stranica","item":"https:\/\/www.roplast.hr\/it\/"},{"@type":"ListItem","position":2,"name":"Offerta","item":"https:\/\/www.roplast.hr\/it\/offerta\/"},{"@type":"ListItem","position":3,"name":"Sistemi di oscuramento","item":"https:\/\/www.roplast.hr\/it\/offerta\/sistemi-di-oscuramento\/"},{"@type":"ListItem","position":4,"name":"Persiane","item":"https:\/\/www.roplast.hr\/it\/offerta\/sistemi-di-oscuramento\/persiane-3\/"},{"@type":"ListItem","position":5,"name":"PERSIANE CON CASSONETTO FINESTRA SOTTOFACCIATA"}]},{"@type":"WebSite","@id":"https:\/\/www.roplast.hr\/it\/#website","url":"https:\/\/www.roplast.hr\/it\/","name":"Roplast","description":"Izra\u0111eni za stil, stvoreni za trajnost!","potentialAction":[{"@type":"SearchAction","target":{"@type":"EntryPoint","urlTemplate":"https:\/\/www.roplast.hr\/it\/?s={search_term_string}"},"query-input":{"@type":"PropertyValueSpecification","valueRequired":true,"valueName":"search_term_string"}}],"inLanguage":"it-IT"}]}},"_links":{"self":[{"href":"https:\/\/www.roplast.hr\/it\/wp-json\/wp\/v2\/pages\/11873","targetHints":{"allow":["GET"]}}],"collection":[{"href":"https:\/\/www.roplast.hr\/it\/wp-json\/wp\/v2\/pages"}],"about":[{"href":"https:\/\/www.roplast.hr\/it\/wp-json\/wp\/v2\/types\/page"}],"author":[{"embeddable":true,"href":"https:\/\/www.roplast.hr\/it\/wp-json\/wp\/v2\/users\/1"}],"replies":[{"embeddable":true,"href":"https:\/\/www.roplast.hr\/it\/wp-json\/wp\/v2\/comments?post=11873"}],"version-history":[{"count":1,"href":"https:\/\/www.roplast.hr\/it\/wp-json\/wp\/v2\/pages\/11873\/revisions"}],"predecessor-version":[{"id":11874,"href":"https:\/\/www.roplast.hr\/it\/wp-json\/wp\/v2\/pages\/11873\/revisions\/11874"}],"up":[{"embeddable":true,"href":"https:\/\/www.roplast.hr\/it\/wp-json\/wp\/v2\/pages\/11864"}],"wp:featuredmedia":[{"embeddable":true,"href":"https:\/\/www.roplast.hr\/it\/wp-json\/wp\/v2\/media\/6534"}],"wp:attachment":[{"href":"https:\/\/www.roplast.hr\/it\/wp-json\/wp\/v2\/media?parent=11873"}],"curies":[{"name":"wp","href":"https:\/\/api.w.org\/{rel}","templated":true}]}}