{"id":11958,"date":"2024-10-23T15:14:31","date_gmt":"2024-10-23T15:14:31","guid":{"rendered":"https:\/\/www.roplast.hr\/offerta\/recinzioni-e-divisori-in-vetro\/recinzioni-in-vetro-juliet\/"},"modified":"2025-01-08T14:05:22","modified_gmt":"2025-01-08T14:05:22","slug":"recinzioni-in-vetro-juliet","status":"publish","type":"page","link":"https:\/\/www.roplast.hr\/it\/offerta\/recinzioni-e-divisori-in-vetro\/recinzioni-in-vetro-juliet\/","title":{"rendered":"RECINZIONI IN VETRO JULIET"},"content":{"rendered":"\t\t<div data-elementor-type=\"wp-post\" data-elementor-id=\"11958\" class=\"elementor elementor-11958 elementor-9756\">\n\t\t\t\t<div class=\"elementor-element elementor-element-00a6ef8 e-flex e-con-boxed e-con e-parent\" data-id=\"00a6ef8\" data-element_type=\"container\">\n\t\t\t\t\t<div class=\"e-con-inner\">\n\t\t\t\t<div class=\"elementor-element elementor-element-9c9c54d elementor-widget elementor-widget-text-editor\" data-id=\"9c9c54d\" data-element_type=\"widget\" data-widget_type=\"text-editor.default\">\n\t\t\t\t<div class=\"elementor-widget-container\">\n\t\t\t\t\t\t\t\t\t<p>ROPLAST offre la soluzione perfetta per tutti coloro che desiderano portare una dose di eleganza e funzionalit\u00e0 nel proprio spazio. La nostra offerta di pareti divisorie e recinzioni in vetro \u00e8 progettata per soddisfare i pi\u00f9 elevati standard estetici e di sicurezza, indipendentemente dal fatto che si tratti di uno spazio interno o esterno. La qualit\u00e0 e l&#8217;estetica moderna dei nostri prodotti consentono di creare spazi ariosi e luminosi, garantendo privacy e sicurezza.  <\/p>\n\t\t\t\t\t\t\t\t<\/div>\n\t\t\t\t<\/div>\n\t\t\t\t\t<\/div>\n\t\t\t\t<\/div>\n\t\t<div class=\"elementor-element elementor-element-7b7d02e e-flex e-con-boxed e-con e-parent\" data-id=\"7b7d02e\" data-element_type=\"container\">\n\t\t\t\t\t<div class=\"e-con-inner\">\n\t\t<div class=\"elementor-element elementor-element-224fc19 e-con-full e-flex e-con e-child\" data-id=\"224fc19\" data-element_type=\"container\">\n\t\t\t\t<div class=\"elementor-element elementor-element-8fdcb77 elementor-widget elementor-widget-image\" data-id=\"8fdcb77\" data-element_type=\"widget\" data-widget_type=\"image.default\">\n\t\t\t\t<div class=\"elementor-widget-container\">\n\t\t\t\t\t\t\t\t\t\t\t\t\t\t\t<img fetchpriority=\"high\" decoding=\"async\" width=\"1024\" height=\"693\" src=\"https:\/\/www.roplast.hr\/wp-content\/uploads\/2024\/11\/BARANDILLA-SUPERPUESTA-DETALLE_1280x866-1024x693.jpg\" class=\"attachment-large size-large wp-image-10627\" alt=\"\" srcset=\"https:\/\/www.roplast.hr\/wp-content\/uploads\/2024\/11\/BARANDILLA-SUPERPUESTA-DETALLE_1280x866-1024x693.jpg 1024w, https:\/\/www.roplast.hr\/wp-content\/uploads\/2024\/11\/BARANDILLA-SUPERPUESTA-DETALLE_1280x866-300x203.jpg 300w, https:\/\/www.roplast.hr\/wp-content\/uploads\/2024\/11\/BARANDILLA-SUPERPUESTA-DETALLE_1280x866-768x520.jpg 768w, https:\/\/www.roplast.hr\/wp-content\/uploads\/2024\/11\/BARANDILLA-SUPERPUESTA-DETALLE_1280x866.jpg 1280w\" sizes=\"(max-width: 1024px) 100vw, 1024px\" \/>\t\t\t\t\t\t\t\t\t\t\t\t\t\t\t<\/div>\n\t\t\t\t<\/div>\n\t\t\t\t<div class=\"elementor-element elementor-element-a753648 elementor-widget elementor-widget-image\" data-id=\"a753648\" data-element_type=\"widget\" data-widget_type=\"image.default\">\n\t\t\t\t<div class=\"elementor-widget-container\">\n\t\t\t\t\t\t\t\t\t\t\t\t\t\t\t<img decoding=\"async\" width=\"1024\" height=\"693\" src=\"https:\/\/www.roplast.hr\/wp-content\/uploads\/2024\/11\/BARANDILLA-SUPERPUESTA-VISTA-GENERAL_1280x866-1024x693.jpg\" class=\"attachment-large size-large wp-image-10631\" alt=\"\" srcset=\"https:\/\/www.roplast.hr\/wp-content\/uploads\/2024\/11\/BARANDILLA-SUPERPUESTA-VISTA-GENERAL_1280x866-1024x693.jpg 1024w, https:\/\/www.roplast.hr\/wp-content\/uploads\/2024\/11\/BARANDILLA-SUPERPUESTA-VISTA-GENERAL_1280x866-300x203.jpg 300w, https:\/\/www.roplast.hr\/wp-content\/uploads\/2024\/11\/BARANDILLA-SUPERPUESTA-VISTA-GENERAL_1280x866-768x520.jpg 768w, https:\/\/www.roplast.hr\/wp-content\/uploads\/2024\/11\/BARANDILLA-SUPERPUESTA-VISTA-GENERAL_1280x866.jpg 1280w\" sizes=\"(max-width: 1024px) 100vw, 1024px\" \/>\t\t\t\t\t\t\t\t\t\t\t\t\t\t\t<\/div>\n\t\t\t\t<\/div>\n\t\t\t\t<div class=\"elementor-element elementor-element-bf5d48d elementor-widget elementor-widget-image\" data-id=\"bf5d48d\" data-element_type=\"widget\" data-widget_type=\"image.default\">\n\t\t\t\t<div class=\"elementor-widget-container\">\n\t\t\t\t\t\t\t\t\t\t\t\t\t\t\t<img decoding=\"async\" width=\"1024\" height=\"682\" src=\"https:\/\/www.roplast.hr\/wp-content\/uploads\/2024\/11\/120-1-1024x682.jpg\" class=\"attachment-large size-large wp-image-10681\" alt=\"\" srcset=\"https:\/\/www.roplast.hr\/wp-content\/uploads\/2024\/11\/120-1-1024x682.jpg 1024w, https:\/\/www.roplast.hr\/wp-content\/uploads\/2024\/11\/120-1-300x200.jpg 300w, https:\/\/www.roplast.hr\/wp-content\/uploads\/2024\/11\/120-1-768x512.jpg 768w, https:\/\/www.roplast.hr\/wp-content\/uploads\/2024\/11\/120-1.jpg 1280w\" sizes=\"(max-width: 1024px) 100vw, 1024px\" \/>\t\t\t\t\t\t\t\t\t\t\t\t\t\t\t<\/div>\n\t\t\t\t<\/div>\n\t\t\t\t<\/div>\n\t\t<div class=\"elementor-element elementor-element-6ad4b86 e-con-full e-flex e-con e-child\" data-id=\"6ad4b86\" data-element_type=\"container\">\n\t\t\t\t<div class=\"elementor-element elementor-element-424b1e0 elementor-widget elementor-widget-heading\" data-id=\"424b1e0\" data-element_type=\"widget\" data-widget_type=\"heading.default\">\n\t\t\t\t<div class=\"elementor-widget-container\">\n\t\t\t\t\t<h2 class=\"elementor-heading-title elementor-size-default\">RECINZIONI IN VETRO JULIET<\/h2>\t\t\t\t<\/div>\n\t\t\t\t<\/div>\n\t\t\t\t<div class=\"elementor-element elementor-element-f51bdaa elementor-widget elementor-widget-text-editor\" data-id=\"f51bdaa\" data-element_type=\"widget\" data-widget_type=\"text-editor.default\">\n\t\t\t\t<div class=\"elementor-widget-container\">\n\t\t\t\t\t\t\t\t\t<p>Una soluzione complementare pensata per essere installata all&#8217;esterno della finestra tramite fissaggi nascosti. Consente l&#8217;apertura sicura di finestre e porte con una visuale libera. <\/p>\n<p><strong> <\/strong><\/p>\n\t\t\t\t\t\t\t\t<\/div>\n\t\t\t\t<\/div>\n\t\t\t\t<div class=\"elementor-element elementor-element-03970e2 elementor-tabs-view-horizontal elementor-widget elementor-widget-tabs\" data-id=\"03970e2\" data-element_type=\"widget\" data-widget_type=\"tabs.default\">\n\t\t\t\t<div class=\"elementor-widget-container\">\n\t\t\t\t\t\t\t<div class=\"elementor-tabs\">\n\t\t\t<div class=\"elementor-tabs-wrapper\" role=\"tablist\" >\n\t\t\t\t\t\t\t\t\t<div id=\"elementor-tab-title-3761\" class=\"elementor-tab-title elementor-tab-desktop-title\" aria-selected=\"true\" data-tab=\"1\" role=\"tab\" tabindex=\"0\" aria-controls=\"elementor-tab-content-3761\" aria-expanded=\"false\">DESCRIZIONE<\/div>\n\t\t\t\t\t\t\t\t\t<div id=\"elementor-tab-title-3762\" class=\"elementor-tab-title elementor-tab-desktop-title\" aria-selected=\"false\" data-tab=\"2\" role=\"tab\" tabindex=\"-1\" aria-controls=\"elementor-tab-content-3762\" aria-expanded=\"false\">Foto<\/div>\n\t\t\t\t\t\t\t\t\t<div id=\"elementor-tab-title-3763\" class=\"elementor-tab-title elementor-tab-desktop-title\" aria-selected=\"false\" data-tab=\"3\" role=\"tab\" tabindex=\"-1\" aria-controls=\"elementor-tab-content-3763\" aria-expanded=\"false\">CATALOG<\/div>\n\t\t\t\t\t\t\t<\/div>\n\t\t\t<div class=\"elementor-tabs-content-wrapper\" role=\"tablist\" aria-orientation=\"vertical\">\n\t\t\t\t\t\t\t\t\t<div class=\"elementor-tab-title elementor-tab-mobile-title\" aria-selected=\"true\" data-tab=\"1\" role=\"tab\" tabindex=\"0\" aria-controls=\"elementor-tab-content-3761\" aria-expanded=\"false\">DESCRIZIONE<\/div>\n\t\t\t\t\t<div id=\"elementor-tab-content-3761\" class=\"elementor-tab-content elementor-clearfix\" data-tab=\"1\" role=\"tabpanel\" aria-labelledby=\"elementor-tab-title-3761\" tabindex=\"0\" hidden=\"false\"><p>Il sistema di recinzioni in vetro Juliet \u00e8 la soluzione ideale per posizioni con finestre prive di parapetto e dove sono necessarie sicurezza e visuale libera.<br \/>Utilizzando vetri stratificati o temperati con stratificazione, incassati in supporti in alluminio fissati al telaio della finestra, \u00e8 garantita la massima sicurezza.<br \/>Oltre alla trasparenza, le recinzioni in vetro Juliet possono essere leggermente colorate e smaltate.<\/p>\n<\/div>\n\t\t\t\t\t\t\t\t\t<div class=\"elementor-tab-title elementor-tab-mobile-title\" aria-selected=\"false\" data-tab=\"2\" role=\"tab\" tabindex=\"-1\" aria-controls=\"elementor-tab-content-3762\" aria-expanded=\"false\">Foto<\/div>\n\t\t\t\t\t<div id=\"elementor-tab-content-3762\" class=\"elementor-tab-content elementor-clearfix\" data-tab=\"2\" role=\"tabpanel\" aria-labelledby=\"elementor-tab-title-3762\" tabindex=\"0\" hidden=\"hidden\">\n\t\t<style type=\"text\/css\">\n\t\t\t#gallery-1 {\n\t\t\t\tmargin: auto;\n\t\t\t}\n\t\t\t#gallery-1 .gallery-item {\n\t\t\t\tfloat: left;\n\t\t\t\tmargin-top: 10px;\n\t\t\t\ttext-align: center;\n\t\t\t\twidth: 33%;\n\t\t\t}\n\t\t\t#gallery-1 img {\n\t\t\t\tborder: 2px solid #cfcfcf;\n\t\t\t}\n\t\t\t#gallery-1 .gallery-caption {\n\t\t\t\tmargin-left: 0;\n\t\t\t}\n\t\t\t\/* see gallery_shortcode() in wp-includes\/media.php *\/\n\t\t<\/style>\n\t\t<div id='gallery-1' class='gallery galleryid-11958 gallery-columns-3 gallery-size-thumbnail'><dl class='gallery-item'>\n\t\t\t<dt class='gallery-icon landscape'>\n\t\t\t\t<a href='https:\/\/www.roplast.hr\/wp-content\/uploads\/2024\/11\/BARANDILLA-SUPERPUESTA-DETALLE_1280x866-1.jpg'><img loading=\"lazy\" decoding=\"async\" width=\"150\" height=\"150\" src=\"https:\/\/www.roplast.hr\/wp-content\/uploads\/2024\/11\/BARANDILLA-SUPERPUESTA-DETALLE_1280x866-1-150x150.jpg\" class=\"attachment-thumbnail size-thumbnail\" alt=\"\" srcset=\"https:\/\/www.roplast.hr\/wp-content\/uploads\/2024\/11\/BARANDILLA-SUPERPUESTA-DETALLE_1280x866-1-150x150.jpg 150w, https:\/\/www.roplast.hr\/wp-content\/uploads\/2024\/11\/BARANDILLA-SUPERPUESTA-DETALLE_1280x866-1-500x500.jpg 500w\" sizes=\"(max-width: 150px) 100vw, 150px\" \/><\/a>\n\t\t\t<\/dt><\/dl><dl class='gallery-item'>\n\t\t\t<dt class='gallery-icon landscape'>\n\t\t\t\t<a href='https:\/\/www.roplast.hr\/wp-content\/uploads\/2024\/11\/BARANDILLA-SUPERPUESTA-VISTA-GENERAL_1280x866-1.jpg'><img loading=\"lazy\" decoding=\"async\" width=\"150\" height=\"150\" src=\"https:\/\/www.roplast.hr\/wp-content\/uploads\/2024\/11\/BARANDILLA-SUPERPUESTA-VISTA-GENERAL_1280x866-1-150x150.jpg\" class=\"attachment-thumbnail size-thumbnail\" alt=\"\" srcset=\"https:\/\/www.roplast.hr\/wp-content\/uploads\/2024\/11\/BARANDILLA-SUPERPUESTA-VISTA-GENERAL_1280x866-1-150x150.jpg 150w, https:\/\/www.roplast.hr\/wp-content\/uploads\/2024\/11\/BARANDILLA-SUPERPUESTA-VISTA-GENERAL_1280x866-1-500x500.jpg 500w\" sizes=\"(max-width: 150px) 100vw, 150px\" \/><\/a>\n\t\t\t<\/dt><\/dl><dl class='gallery-item'>\n\t\t\t<dt class='gallery-icon landscape'>\n\t\t\t\t<a href='https:\/\/www.roplast.hr\/wp-content\/uploads\/2024\/11\/juliet_balcony_2_1280x928.jpg'><img loading=\"lazy\" decoding=\"async\" width=\"150\" height=\"150\" src=\"https:\/\/www.roplast.hr\/wp-content\/uploads\/2024\/11\/juliet_balcony_2_1280x928-150x150.jpg\" class=\"attachment-thumbnail size-thumbnail\" alt=\"\" srcset=\"https:\/\/www.roplast.hr\/wp-content\/uploads\/2024\/11\/juliet_balcony_2_1280x928-150x150.jpg 150w, https:\/\/www.roplast.hr\/wp-content\/uploads\/2024\/11\/juliet_balcony_2_1280x928-500x500.jpg 500w\" sizes=\"(max-width: 150px) 100vw, 150px\" \/><\/a>\n\t\t\t<\/dt><\/dl><br style=\"clear: both\" \/><dl class='gallery-item'>\n\t\t\t<dt class='gallery-icon portrait'>\n\t\t\t\t<a href='https:\/\/www.roplast.hr\/wp-content\/uploads\/2024\/11\/juliet_balcony_3_540x960.jpg'><img loading=\"lazy\" decoding=\"async\" width=\"150\" height=\"150\" src=\"https:\/\/www.roplast.hr\/wp-content\/uploads\/2024\/11\/juliet_balcony_3_540x960-150x150.jpg\" class=\"attachment-thumbnail size-thumbnail\" alt=\"\" srcset=\"https:\/\/www.roplast.hr\/wp-content\/uploads\/2024\/11\/juliet_balcony_3_540x960-150x150.jpg 150w, https:\/\/www.roplast.hr\/wp-content\/uploads\/2024\/11\/juliet_balcony_3_540x960-500x500.jpg 500w\" sizes=\"(max-width: 150px) 100vw, 150px\" \/><\/a>\n\t\t\t<\/dt><\/dl><dl class='gallery-item'>\n\t\t\t<dt class='gallery-icon portrait'>\n\t\t\t\t<a href='https:\/\/www.roplast.hr\/wp-content\/uploads\/2024\/11\/Juliet_Balcony_720x960.jpg'><img loading=\"lazy\" decoding=\"async\" width=\"150\" height=\"150\" src=\"https:\/\/www.roplast.hr\/wp-content\/uploads\/2024\/11\/Juliet_Balcony_720x960-150x150.jpg\" class=\"attachment-thumbnail size-thumbnail\" alt=\"\" srcset=\"https:\/\/www.roplast.hr\/wp-content\/uploads\/2024\/11\/Juliet_Balcony_720x960-150x150.jpg 150w, https:\/\/www.roplast.hr\/wp-content\/uploads\/2024\/11\/Juliet_Balcony_720x960-500x500.jpg 500w\" sizes=\"(max-width: 150px) 100vw, 150px\" \/><\/a>\n\t\t\t<\/dt><\/dl><dl class='gallery-item'>\n\t\t\t<dt class='gallery-icon landscape'>\n\t\t\t\t<a href='https:\/\/www.roplast.hr\/wp-content\/uploads\/2024\/11\/120-1.jpg'><img loading=\"lazy\" decoding=\"async\" width=\"150\" height=\"150\" src=\"https:\/\/www.roplast.hr\/wp-content\/uploads\/2024\/11\/120-1-150x150.jpg\" class=\"attachment-thumbnail size-thumbnail\" alt=\"\" srcset=\"https:\/\/www.roplast.hr\/wp-content\/uploads\/2024\/11\/120-1-150x150.jpg 150w, https:\/\/www.roplast.hr\/wp-content\/uploads\/2024\/11\/120-1-500x500.jpg 500w\" sizes=\"(max-width: 150px) 100vw, 150px\" \/><\/a>\n\t\t\t<\/dt><\/dl><br style=\"clear: both\" \/><dl class='gallery-item'>\n\t\t\t<dt class='gallery-icon landscape'>\n\t\t\t\t<a href='https:\/\/www.roplast.hr\/wp-content\/uploads\/2024\/11\/219.jpg'><img loading=\"lazy\" decoding=\"async\" width=\"150\" height=\"150\" src=\"https:\/\/www.roplast.hr\/wp-content\/uploads\/2024\/11\/219-150x150.jpg\" class=\"attachment-thumbnail size-thumbnail\" alt=\"\" srcset=\"https:\/\/www.roplast.hr\/wp-content\/uploads\/2024\/11\/219-150x150.jpg 150w, https:\/\/www.roplast.hr\/wp-content\/uploads\/2024\/11\/219-500x500.jpg 500w\" sizes=\"(max-width: 150px) 100vw, 150px\" \/><\/a>\n\t\t\t<\/dt><\/dl>\n\t\t\t<br style='clear: both' \/>\n\t\t<\/div>\n\n<\/div>\n\t\t\t\t\t\t\t\t\t<div class=\"elementor-tab-title elementor-tab-mobile-title\" aria-selected=\"false\" data-tab=\"3\" role=\"tab\" tabindex=\"-1\" aria-controls=\"elementor-tab-content-3763\" aria-expanded=\"false\">CATALOG<\/div>\n\t\t\t\t\t<div id=\"elementor-tab-content-3763\" class=\"elementor-tab-content elementor-clearfix\" data-tab=\"3\" role=\"tabpanel\" aria-labelledby=\"elementor-tab-title-3763\" tabindex=\"0\" hidden=\"hidden\"><ul>\n<li><a href=\"https:\/\/www.roplast.hr\/wp-content\/uploads\/2024\/11\/Juliet-Balcony.pdf\" target=\"_blank\" rel=\"noopener\">Juliet Balcony<\/a><\/li>\n<\/ul>\n<\/div>\n\t\t\t\t\t\t\t<\/div>\n\t\t<\/div>\n\t\t\t\t\t\t<\/div>\n\t\t\t\t<\/div>\n\t\t\t\t<div class=\"elementor-element elementor-element-6776e61 elementor-widget elementor-widget-heading\" data-id=\"6776e61\" data-element_type=\"widget\" data-widget_type=\"heading.default\">\n\t\t\t\t<div class=\"elementor-widget-container\">\n\t\t\t\t\t<h6 class=\"elementor-heading-title elementor-size-default\">Vuoi saperne di pi\u00f9 su questo prodotto?<\/h6>\t\t\t\t<\/div>\n\t\t\t\t<\/div>\n\t\t\t\t<div class=\"elementor-element elementor-element-2ea8dba elementor-align-left elementor-widget elementor-widget-button\" data-id=\"2ea8dba\" data-element_type=\"widget\" data-widget_type=\"button.default\">\n\t\t\t\t<div class=\"elementor-widget-container\">\n\t\t\t\t\t\t\t\t\t<div class=\"elementor-button-wrapper\">\n\t\t\t\t\t<a class=\"elementor-button elementor-button-link elementor-size-sm\" href=\"https:\/\/www.roplast.hr\/it\/contatto\/\">\n\t\t\t\t\t\t<span class=\"elementor-button-content-wrapper\">\n\t\t\t\t\t\t\t\t\t<span class=\"elementor-button-text\">INVIA UNA RICHIESTA<\/span>\n\t\t\t\t\t<\/span>\n\t\t\t\t\t<\/a>\n\t\t\t\t<\/div>\n\t\t\t\t\t\t\t\t<\/div>\n\t\t\t\t<\/div>\n\t\t\t\t<\/div>\n\t\t\t\t\t<\/div>\n\t\t\t\t<\/div>\n\t\t\t\t<\/div>\n\t\t","protected":false},"excerpt":{"rendered":"<p>ROPLAST offre la soluzione perfetta per tutti coloro che desiderano portare una dose di eleganza e funzionalit\u00e0 nel proprio spazio. La nostra offerta di pareti divisorie e recinzioni in vetro \u00e8 progettata per soddisfare i pi\u00f9 elevati [&hellip;]<\/p>\n","protected":false},"author":1,"featured_media":6534,"parent":11788,"menu_order":0,"comment_status":"closed","ping_status":"closed","template":"","meta":{"footnotes":""},"class_list":["post-11958","page","type-page","status-publish","has-post-thumbnail","hentry"],"yoast_head":"<!-- This site is optimized with the Yoast SEO plugin v25.4 - https:\/\/yoast.com\/wordpress\/plugins\/seo\/ -->\n<title>RECINZIONI IN VETRO JULIET - Roplast<\/title>\n<meta name=\"robots\" content=\"index, follow, max-snippet:-1, max-image-preview:large, max-video-preview:-1\" \/>\n<link rel=\"canonical\" href=\"https:\/\/www.roplast.hr\/it\/offerta\/recinzioni-e-divisori-in-vetro\/recinzioni-in-vetro-juliet\/\" \/>\n<meta property=\"og:locale\" content=\"it_IT\" \/>\n<meta property=\"og:type\" content=\"article\" \/>\n<meta property=\"og:title\" content=\"RECINZIONI IN VETRO JULIET - Roplast\" \/>\n<meta property=\"og:description\" content=\"ROPLAST offre la soluzione perfetta per tutti coloro che desiderano portare una dose di eleganza e funzionalit\u00e0 nel proprio spazio. La nostra offerta di pareti divisorie e recinzioni in vetro \u00e8 progettata per soddisfare i pi\u00f9 elevati [&hellip;]\" \/>\n<meta property=\"og:url\" content=\"https:\/\/www.roplast.hr\/it\/offerta\/recinzioni-e-divisori-in-vetro\/recinzioni-in-vetro-juliet\/\" \/>\n<meta property=\"og:site_name\" content=\"Roplast\" \/>\n<meta property=\"article:modified_time\" content=\"2025-01-08T14:05:22+00:00\" \/>\n<meta property=\"og:image\" content=\"https:\/\/www.roplast.hr\/wp-content\/uploads\/2024\/09\/26_91-1.png\" \/>\n\t<meta property=\"og:image:width\" content=\"766\" \/>\n\t<meta property=\"og:image:height\" content=\"875\" \/>\n\t<meta property=\"og:image:type\" content=\"image\/png\" \/>\n<meta name=\"twitter:card\" content=\"summary_large_image\" \/>\n<meta name=\"twitter:label1\" content=\"Tempo di lettura stimato\" \/>\n\t<meta name=\"twitter:data1\" content=\"1 minuto\" \/>\n<script type=\"application\/ld+json\" class=\"yoast-schema-graph\">{\"@context\":\"https:\/\/schema.org\",\"@graph\":[{\"@type\":\"WebPage\",\"@id\":\"https:\/\/www.roplast.hr\/it\/offerta\/recinzioni-e-divisori-in-vetro\/recinzioni-in-vetro-juliet\/\",\"url\":\"https:\/\/www.roplast.hr\/it\/offerta\/recinzioni-e-divisori-in-vetro\/recinzioni-in-vetro-juliet\/\",\"name\":\"RECINZIONI IN VETRO JULIET - Roplast\",\"isPartOf\":{\"@id\":\"https:\/\/www.roplast.hr\/it\/#website\"},\"primaryImageOfPage\":{\"@id\":\"https:\/\/www.roplast.hr\/it\/offerta\/recinzioni-e-divisori-in-vetro\/recinzioni-in-vetro-juliet\/#primaryimage\"},\"image\":{\"@id\":\"https:\/\/www.roplast.hr\/it\/offerta\/recinzioni-e-divisori-in-vetro\/recinzioni-in-vetro-juliet\/#primaryimage\"},\"thumbnailUrl\":\"https:\/\/www.roplast.hr\/wp-content\/uploads\/2024\/09\/26_91-1.png\",\"datePublished\":\"2024-10-23T15:14:31+00:00\",\"dateModified\":\"2025-01-08T14:05:22+00:00\",\"breadcrumb\":{\"@id\":\"https:\/\/www.roplast.hr\/it\/offerta\/recinzioni-e-divisori-in-vetro\/recinzioni-in-vetro-juliet\/#breadcrumb\"},\"inLanguage\":\"it-IT\",\"potentialAction\":[{\"@type\":\"ReadAction\",\"target\":[\"https:\/\/www.roplast.hr\/it\/offerta\/recinzioni-e-divisori-in-vetro\/recinzioni-in-vetro-juliet\/\"]}]},{\"@type\":\"ImageObject\",\"inLanguage\":\"it-IT\",\"@id\":\"https:\/\/www.roplast.hr\/it\/offerta\/recinzioni-e-divisori-in-vetro\/recinzioni-in-vetro-juliet\/#primaryimage\",\"url\":\"https:\/\/www.roplast.hr\/wp-content\/uploads\/2024\/09\/26_91-1.png\",\"contentUrl\":\"https:\/\/www.roplast.hr\/wp-content\/uploads\/2024\/09\/26_91-1.png\",\"width\":766,\"height\":875},{\"@type\":\"BreadcrumbList\",\"@id\":\"https:\/\/www.roplast.hr\/it\/offerta\/recinzioni-e-divisori-in-vetro\/recinzioni-in-vetro-juliet\/#breadcrumb\",\"itemListElement\":[{\"@type\":\"ListItem\",\"position\":1,\"name\":\"Po\u010detna stranica\",\"item\":\"https:\/\/www.roplast.hr\/it\/\"},{\"@type\":\"ListItem\",\"position\":2,\"name\":\"Offerta\",\"item\":\"https:\/\/www.roplast.hr\/it\/offerta\/\"},{\"@type\":\"ListItem\",\"position\":3,\"name\":\"Recinzioni e divisori in vetro\",\"item\":\"https:\/\/www.roplast.hr\/it\/offerta\/recinzioni-e-divisori-in-vetro\/\"},{\"@type\":\"ListItem\",\"position\":4,\"name\":\"RECINZIONI IN VETRO JULIET\"}]},{\"@type\":\"WebSite\",\"@id\":\"https:\/\/www.roplast.hr\/it\/#website\",\"url\":\"https:\/\/www.roplast.hr\/it\/\",\"name\":\"Roplast\",\"description\":\"Izra\u0111eni za stil, stvoreni za trajnost!\",\"potentialAction\":[{\"@type\":\"SearchAction\",\"target\":{\"@type\":\"EntryPoint\",\"urlTemplate\":\"https:\/\/www.roplast.hr\/it\/?s={search_term_string}\"},\"query-input\":{\"@type\":\"PropertyValueSpecification\",\"valueRequired\":true,\"valueName\":\"search_term_string\"}}],\"inLanguage\":\"it-IT\"}]}<\/script>\n<!-- \/ Yoast SEO plugin. -->","yoast_head_json":{"title":"RECINZIONI IN VETRO JULIET - Roplast","robots":{"index":"index","follow":"follow","max-snippet":"max-snippet:-1","max-image-preview":"max-image-preview:large","max-video-preview":"max-video-preview:-1"},"canonical":"https:\/\/www.roplast.hr\/it\/offerta\/recinzioni-e-divisori-in-vetro\/recinzioni-in-vetro-juliet\/","og_locale":"it_IT","og_type":"article","og_title":"RECINZIONI IN VETRO JULIET - Roplast","og_description":"ROPLAST offre la soluzione perfetta per tutti coloro che desiderano portare una dose di eleganza e funzionalit\u00e0 nel proprio spazio. La nostra offerta di pareti divisorie e recinzioni in vetro \u00e8 progettata per soddisfare i pi\u00f9 elevati [&hellip;]","og_url":"https:\/\/www.roplast.hr\/it\/offerta\/recinzioni-e-divisori-in-vetro\/recinzioni-in-vetro-juliet\/","og_site_name":"Roplast","article_modified_time":"2025-01-08T14:05:22+00:00","og_image":[{"width":766,"height":875,"url":"https:\/\/www.roplast.hr\/wp-content\/uploads\/2024\/09\/26_91-1.png","type":"image\/png"}],"twitter_card":"summary_large_image","twitter_misc":{"Tempo di lettura stimato":"1 minuto"},"schema":{"@context":"https:\/\/schema.org","@graph":[{"@type":"WebPage","@id":"https:\/\/www.roplast.hr\/it\/offerta\/recinzioni-e-divisori-in-vetro\/recinzioni-in-vetro-juliet\/","url":"https:\/\/www.roplast.hr\/it\/offerta\/recinzioni-e-divisori-in-vetro\/recinzioni-in-vetro-juliet\/","name":"RECINZIONI IN VETRO JULIET - Roplast","isPartOf":{"@id":"https:\/\/www.roplast.hr\/it\/#website"},"primaryImageOfPage":{"@id":"https:\/\/www.roplast.hr\/it\/offerta\/recinzioni-e-divisori-in-vetro\/recinzioni-in-vetro-juliet\/#primaryimage"},"image":{"@id":"https:\/\/www.roplast.hr\/it\/offerta\/recinzioni-e-divisori-in-vetro\/recinzioni-in-vetro-juliet\/#primaryimage"},"thumbnailUrl":"https:\/\/www.roplast.hr\/wp-content\/uploads\/2024\/09\/26_91-1.png","datePublished":"2024-10-23T15:14:31+00:00","dateModified":"2025-01-08T14:05:22+00:00","breadcrumb":{"@id":"https:\/\/www.roplast.hr\/it\/offerta\/recinzioni-e-divisori-in-vetro\/recinzioni-in-vetro-juliet\/#breadcrumb"},"inLanguage":"it-IT","potentialAction":[{"@type":"ReadAction","target":["https:\/\/www.roplast.hr\/it\/offerta\/recinzioni-e-divisori-in-vetro\/recinzioni-in-vetro-juliet\/"]}]},{"@type":"ImageObject","inLanguage":"it-IT","@id":"https:\/\/www.roplast.hr\/it\/offerta\/recinzioni-e-divisori-in-vetro\/recinzioni-in-vetro-juliet\/#primaryimage","url":"https:\/\/www.roplast.hr\/wp-content\/uploads\/2024\/09\/26_91-1.png","contentUrl":"https:\/\/www.roplast.hr\/wp-content\/uploads\/2024\/09\/26_91-1.png","width":766,"height":875},{"@type":"BreadcrumbList","@id":"https:\/\/www.roplast.hr\/it\/offerta\/recinzioni-e-divisori-in-vetro\/recinzioni-in-vetro-juliet\/#breadcrumb","itemListElement":[{"@type":"ListItem","position":1,"name":"Po\u010detna stranica","item":"https:\/\/www.roplast.hr\/it\/"},{"@type":"ListItem","position":2,"name":"Offerta","item":"https:\/\/www.roplast.hr\/it\/offerta\/"},{"@type":"ListItem","position":3,"name":"Recinzioni e divisori in vetro","item":"https:\/\/www.roplast.hr\/it\/offerta\/recinzioni-e-divisori-in-vetro\/"},{"@type":"ListItem","position":4,"name":"RECINZIONI IN VETRO JULIET"}]},{"@type":"WebSite","@id":"https:\/\/www.roplast.hr\/it\/#website","url":"https:\/\/www.roplast.hr\/it\/","name":"Roplast","description":"Izra\u0111eni za stil, stvoreni za trajnost!","potentialAction":[{"@type":"SearchAction","target":{"@type":"EntryPoint","urlTemplate":"https:\/\/www.roplast.hr\/it\/?s={search_term_string}"},"query-input":{"@type":"PropertyValueSpecification","valueRequired":true,"valueName":"search_term_string"}}],"inLanguage":"it-IT"}]}},"_links":{"self":[{"href":"https:\/\/www.roplast.hr\/it\/wp-json\/wp\/v2\/pages\/11958","targetHints":{"allow":["GET"]}}],"collection":[{"href":"https:\/\/www.roplast.hr\/it\/wp-json\/wp\/v2\/pages"}],"about":[{"href":"https:\/\/www.roplast.hr\/it\/wp-json\/wp\/v2\/types\/page"}],"author":[{"embeddable":true,"href":"https:\/\/www.roplast.hr\/it\/wp-json\/wp\/v2\/users\/1"}],"replies":[{"embeddable":true,"href":"https:\/\/www.roplast.hr\/it\/wp-json\/wp\/v2\/comments?post=11958"}],"version-history":[{"count":1,"href":"https:\/\/www.roplast.hr\/it\/wp-json\/wp\/v2\/pages\/11958\/revisions"}],"predecessor-version":[{"id":11961,"href":"https:\/\/www.roplast.hr\/it\/wp-json\/wp\/v2\/pages\/11958\/revisions\/11961"}],"up":[{"embeddable":true,"href":"https:\/\/www.roplast.hr\/it\/wp-json\/wp\/v2\/pages\/11788"}],"wp:featuredmedia":[{"embeddable":true,"href":"https:\/\/www.roplast.hr\/it\/wp-json\/wp\/v2\/media\/6534"}],"wp:attachment":[{"href":"https:\/\/www.roplast.hr\/it\/wp-json\/wp\/v2\/media?parent=11958"}],"curies":[{"name":"wp","href":"https:\/\/api.w.org\/{rel}","templated":true}]}}